{"id":264210,"date":"2026-04-03T15:14:23","date_gmt":"2026-04-03T22:14:23","guid":{"rendered":"https:\/\/worldimagingnewslatino.com\/?page_id=264210"},"modified":"2026-04-24T16:13:34","modified_gmt":"2026-04-24T23:13:34","slug":"sabia-usted-que","status":"publish","type":"page","link":"https:\/\/worldimagingnewslatino.com\/pt\/sabia-usted-que\/","title":{"rendered":"Landing Sabia usted Que"},"content":{"rendered":"<div data-elementor-type=\"wp-page\" data-elementor-id=\"264210\" class=\"elementor elementor-264210\" data-elementor-post-type=\"page\">\n\t\t\t\t<div class=\"elementor-element elementor-element-a27876e e-flex e-con-boxed e-con e-parent\" data-id=\"a27876e\" data-element_type=\"container\" data-e-type=\"container\">\n\t\t\t\t\t<div class=\"e-con-inner\">\n\t\t\t\t<div class=\"elementor-element elementor-element-8f35899 elementor-widget elementor-widget-image\" data-id=\"8f35899\" data-element_type=\"widget\" data-e-type=\"widget\" data-widget_type=\"image.default\">\n\t\t\t\t<div class=\"elementor-widget-container\">\n\t\t\t\t\t\t\t\t\t\t\t\t\t\t\t<img fetchpriority=\"high\" decoding=\"async\" width=\"400\" height=\"165\" src=\"https:\/\/worldimagingnewslatino.com\/wp-content\/uploads\/2026\/04\/Win-Latino-Logo-400x165.png\" class=\"attachment-large size-large wp-image-264326\" alt=\"\" srcset=\"https:\/\/worldimagingnewslatino.com\/wp-content\/uploads\/2026\/04\/Win-Latino-Logo-400x165.png 400w, https:\/\/worldimagingnewslatino.com\/wp-content\/uploads\/2026\/04\/Win-Latino-Logo-300x124.png 300w, https:\/\/worldimagingnewslatino.com\/wp-content\/uploads\/2026\/04\/Win-Latino-Logo-150x62.png 150w, https:\/\/worldimagingnewslatino.com\/wp-content\/uploads\/2026\/04\/Win-Latino-Logo-18x7.png 18w, https:\/\/worldimagingnewslatino.com\/wp-content\/uploads\/2026\/04\/Win-Latino-Logo-585x241.png 585w, https:\/\/worldimagingnewslatino.com\/wp-content\/uploads\/2026\/04\/Win-Latino-Logo.png 600w\" sizes=\"(max-width: 400px) 100vw, 400px\" \/>\t\t\t\t\t\t\t\t\t\t\t\t\t\t\t<\/div>\n\t\t\t\t<\/div>\n\t\t\t\t\t<\/div>\n\t\t\t\t<\/div>\n\t\t<div class=\"elementor-element elementor-element-3eaf9e1 e-flex e-con-boxed e-con e-parent\" data-id=\"3eaf9e1\" data-element_type=\"container\" data-e-type=\"container\" data-settings=\"{&quot;background_background&quot;:&quot;classic&quot;}\">\n\t\t\t\t\t<div class=\"e-con-inner\">\n\t\t\t\t\t<\/div>\n\t\t\t\t<\/div>\n\t\t<div class=\"elementor-element elementor-element-ac820aa e-flex e-con-boxed e-con e-parent\" data-id=\"ac820aa\" data-element_type=\"container\" data-e-type=\"container\">\n\t\t\t\t\t<div class=\"e-con-inner\">\n\t\t\t\t<div class=\"elementor-element elementor-element-624102c elementor-widget elementor-widget-penci-text-block\" data-id=\"624102c\" data-element_type=\"widget\" data-e-type=\"widget\" data-widget_type=\"penci-text-block.default\">\n\t\t\t\t<div class=\"elementor-widget-container\">\n\t\t\t\t\t\t\t<div class=\"penci-block-vc penci-text-editor\">\n\t\t\t    <div class=\"penci-border-arrow penci-homepage-title penci-home-latest-posts style-7 pcalign-left pciconp-right pcicon-right block-title-icon-left\">\n        <h3 class=\"inner-arrow\">\n        <span>\n                    <span>Sab\u00eda usted que publicar seguido hace que su alcance crezca much\u00edsimo con el tiempo?<\/a>                <\/span>\n        <\/h3>\n\t\t        <\/div>\n\t\t\t\t\t<div class=\"penci-block_content\">\n\t\t\t\t<div class=\"elementor-text-editor elementor-clearfix\"><ul><li><p data-path-to-node=\"3,0,0\">Publicar de manera constante te gana el favor del algoritmo con el tiempo, lo que aumenta gradualmente el alcance org\u00e1nico de cada post nuevo.<\/p><\/li><li><p data-path-to-node=\"3,1,0\">La constancia hace que tu audiencia se \u201cacostumbre\u201d a ver tu contenido, mejorando as\u00ed el reconocimiento de marca y las tasas de interacci\u00f3n.<\/p><\/li><li><p data-path-to-node=\"3,2,0\">A largo plazo, un ritmo de publicaci\u00f3n estable genera un efecto acumulativo en la visibilidad, logrando que los posts individuales lleguen a m\u00e1s personas que con campa\u00f1as espor\u00e1dicas.<\/p><\/li><\/ul><\/div>\n\t\t\t<\/div>\n\t\t<\/div>\n\t\t\t\t\t\t<\/div>\n\t\t\t\t<\/div>\n\t\t\t\t\t<\/div>\n\t\t\t\t<\/div>\n\t\t<div class=\"elementor-element elementor-element-b6faa38 e-flex e-con-boxed e-con e-parent\" data-id=\"b6faa38\" data-element_type=\"container\" data-e-type=\"container\">\n\t\t\t\t\t<div class=\"e-con-inner\">\n\t\t\t\t<div class=\"elementor-element elementor-element-91f8272 elementor-widget elementor-widget-penci-text-block\" data-id=\"91f8272\" data-element_type=\"widget\" data-e-type=\"widget\" data-widget_type=\"penci-text-block.default\">\n\t\t\t\t<div class=\"elementor-widget-container\">\n\t\t\t\t\t\t\t<div class=\"penci-block-vc penci-text-editor\">\n\t\t\t    <div class=\"penci-border-arrow penci-homepage-title penci-home-latest-posts style-7 pcalign-left pciconp-right pcicon-right block-title-icon-left\">\n        <h3 class=\"inner-arrow\">\n        <span>\n                    <span>Sab\u00eda usted que usar medios integrados potencia el rendimiento de cada una de sus publicaciones?<\/a>                <\/span>\n        <\/h3>\n\t\t        <\/div>\n\t\t\t\t\t<div class=\"penci-block_content\">\n\t\t\t\t<div class=\"elementor-text-editor elementor-clearfix\"><ul><li><p data-path-to-node=\"2,0,0\">Los medios integrados (redes, email, PR, video) trabajan en equipo para impulsar un mismo mensaje en varios puntos de contacto, elevando as\u00ed el rendimiento de cada publicaci\u00f3n.<\/p><\/li><li><p data-path-to-node=\"2,1,0\">Lanzar campa\u00f1as coordinadas en diferentes canales aumenta las oportunidades de generar compartidos, clics y conversiones con una sola pieza de contenido.<\/p><\/li><li><p data-path-to-node=\"2,2,0\">Cuando un canal impulsa a otro \u2014como cuando la pauta apoya a los posts org\u00e1nicos\u2014 el impacto es m\u00e1s profundo y se aprovecha al m\u00e1ximo el valor de cada contenido.<\/p><\/li><\/ul><\/div>\n\t\t\t<\/div>\n\t\t<\/div>\n\t\t\t\t\t\t<\/div>\n\t\t\t\t<\/div>\n\t\t\t\t\t<\/div>\n\t\t\t\t<\/div>\n\t\t<div class=\"elementor-element elementor-element-edfe192 e-flex e-con-boxed e-con e-parent\" data-id=\"edfe192\" data-element_type=\"container\" data-e-type=\"container\">\n\t\t\t\t\t<div class=\"e-con-inner\">\n\t\t\t\t<div class=\"elementor-element elementor-element-ffd9e86 elementor-widget elementor-widget-penci-text-block\" data-id=\"ffd9e86\" data-element_type=\"widget\" data-e-type=\"widget\" data-widget_type=\"penci-text-block.default\">\n\t\t\t\t<div class=\"elementor-widget-container\">\n\t\t\t\t\t\t\t<div class=\"penci-block-vc penci-text-editor\">\n\t\t\t    <div class=\"penci-border-arrow penci-homepage-title penci-home-latest-posts style-7 pcalign-left pciconp-right pcicon-right block-title-icon-left\">\n        <h3 class=\"inner-arrow\">\n        <span>\n                    <span>Sab\u00eda usted que las redes sociales influyen en lo que la gente compra, incluso sin necesidad de que hagan clic en el post?<\/a>                <\/span>\n        <\/h3>\n\t\t        <\/div>\n\t\t\t\t\t<div class=\"penci-block_content\">\n\t\t\t\t<div class=\"elementor-text-editor elementor-clearfix\"><ul><li><p data-path-to-node=\"3,0,0\">Las redes sociales moldean las decisiones de compra a trav\u00e9s de la exposici\u00f3n pasiva; los usuarios absorben mensajes de marca, rese\u00f1as y tendencias incluso cuando solo hacen scroll sin interactuar.<\/p><\/li><li><p data-path-to-node=\"3,1,0\">La confianza se construye en silencio: la exposici\u00f3n repetida a una marca en plataformas sociales crea familiaridad, lo que hace que los consumidores se inclinen m\u00e1s por ella cuando est\u00e1n listos para comprar.<\/p><\/li><li><p data-path-to-node=\"3,2,0\">El contenido generado por el usuario (UGC), como fotos, rese\u00f1as y testimonios, funciona como una prueba social poderosa que impulsa las decisiones de compra de forma org\u00e1nica.<\/p><\/li><li><p data-path-to-node=\"3,3,0\">Plataformas como Instagram y TikTok impulsan las compras por aspiraci\u00f3n; los consumidores ven contenido de estilo de vida y desarrollan el deseo por productos sin siquiera haber hecho clic en un anuncio.<\/p><\/li><li><p data-path-to-node=\"3,4,0\">La amplificaci\u00f3n del &#8220;boca a boca&#8221; ahora es digital: el post o lo que comparte un amigo influye m\u00e1s en la intenci\u00f3n de compra que la publicidad tradicional.<\/p><\/li><li><p data-path-to-node=\"3,5,0\">Los estudios demuestran que hasta el 74% de los consumidores dependen de las redes sociales para guiar sus decisiones de compra, incluso si la transacci\u00f3n final ocurre en otro lugar (como en una tienda f\u00edsica o mediante una b\u00fasqueda en Google).<\/p><\/li><\/ul><\/div>\n\t\t\t<\/div>\n\t\t<\/div>\n\t\t\t\t\t\t<\/div>\n\t\t\t\t<\/div>\n\t\t\t\t\t<\/div>\n\t\t\t\t<\/div>\n\t\t<div class=\"elementor-element elementor-element-c790b7a e-flex e-con-boxed e-con e-parent\" data-id=\"c790b7a\" data-element_type=\"container\" data-e-type=\"container\">\n\t\t\t\t\t<div class=\"e-con-inner\">\n\t\t\t\t<div class=\"elementor-element elementor-element-ddbd1e3 elementor-widget elementor-widget-penci-text-block\" data-id=\"ddbd1e3\" data-element_type=\"widget\" data-e-type=\"widget\" data-widget_type=\"penci-text-block.default\">\n\t\t\t\t<div class=\"elementor-widget-container\">\n\t\t\t\t\t\t\t<div class=\"penci-block-vc penci-text-editor\">\n\t\t\t    <div class=\"penci-border-arrow penci-homepage-title penci-home-latest-posts style-7 pcalign-left pciconp-right pcicon-right block-title-icon-left\">\n        <h3 class=\"inner-arrow\">\n        <span>\n                    <span>Sab\u00eda usted que la visibilidad constante acorta el ciclo de ventas?<\/a>                <\/span>\n        <\/h3>\n\t\t        <\/div>\n\t\t\t\t\t<div class=\"penci-block_content\">\n\t\t\t\t<div class=\"elementor-text-editor elementor-clearfix\"><ul><li><p data-path-to-node=\"3,0,0\">La familiaridad reduce la duda: cuando los prospectos ven una marca repetidamente, requieren menos convencimiento antes de tomar una decisi\u00f3n de compra.<\/p><\/li><li><p data-path-to-node=\"3,1,0\">La &#8220;Regla del 7&#8221; en marketing sugiere que un prospecto necesita encontrarse con el mensaje al menos 7 veces antes de actuar; la visibilidad constante acelera este proceso.<\/p><\/li><li><p data-path-to-node=\"3,2,0\">Las marcas que se mantienen presentes en la mente del consumidor (<i data-path-to-node=\"3,2,0\" data-index-in-node=\"66\">top-of-mind<\/i>) son contactadas primero cuando el comprador est\u00e1 listo, salt\u00e1ndose por completo las fases de reconocimiento y consideraci\u00f3n.<\/p><\/li><li><p data-path-to-node=\"3,3,0\">La presencia regular en diversos canales construye credibilidad y autoridad, reduciendo el tiempo que los compradores dedican a investigar alternativas.<\/p><\/li><li><p data-path-to-node=\"3,4,0\">La visibilidad constante a trav\u00e9s del <i data-path-to-node=\"3,4,0\" data-index-in-node=\"38\">retargeting<\/i> y el marketing de contenidos mantiene interesados a los prospectos calificados, evitando que se pierda el inter\u00e9s durante ciclos de decisi\u00f3n largos.<\/p><\/li><li><p data-path-to-node=\"3,5,0\">Especialmente para empresas B2B, la visibilidad constante ante quienes toman las decisiones significa menos esfuerzos de prospecci\u00f3n en fr\u00edo y cierres de contratos m\u00e1s r\u00e1pidos.<\/p><\/li><\/ul><\/div>\n\t\t\t<\/div>\n\t\t<\/div>\n\t\t\t\t\t\t<\/div>\n\t\t\t\t<\/div>\n\t\t\t\t\t<\/div>\n\t\t\t\t<\/div>\n\t\t<div class=\"elementor-element elementor-element-aad5cd4 e-flex e-con-boxed e-con e-parent\" data-id=\"aad5cd4\" data-element_type=\"container\" data-e-type=\"container\">\n\t\t\t\t\t<div class=\"e-con-inner\">\n\t\t\t\t<div class=\"elementor-element elementor-element-1d686aa elementor-widget elementor-widget-penci-text-block\" data-id=\"1d686aa\" data-element_type=\"widget\" data-e-type=\"widget\" data-widget_type=\"penci-text-block.default\">\n\t\t\t\t<div class=\"elementor-widget-container\">\n\t\t\t\t\t\t\t<div class=\"penci-block-vc penci-text-editor\">\n\t\t\t    <div class=\"penci-border-arrow penci-homepage-title penci-home-latest-posts style-7 pcalign-left pciconp-right pcicon-right block-title-icon-left\">\n        <h3 class=\"inner-arrow\">\n        <span>\n                    <span>Sab\u00eda usted que una identidad de marca consistente mejora el reconocimiento del contenido en feeds saturados?<\/a>                <\/span>\n        <\/h3>\n\t\t        <\/div>\n\t\t\t\t\t<div class=\"penci-block_content\">\n\t\t\t\t<div class=\"elementor-text-editor elementor-clearfix\"><ul data-path-to-node=\"2\"><li><p data-path-to-node=\"2,0,0\">Aumenta el reconocimiento instant\u00e1neo al hacer scroll en las redes.<\/p><\/li><li><p data-path-to-node=\"2,1,0\">Genera confianza a trav\u00e9s de una apariencia y una esencia unificadas.<\/p><\/li><li><p data-path-to-node=\"2,2,0\">Fortalece la memoria y el recuerdo de marca en el consumidor.<\/p><\/li><li><p data-path-to-node=\"2,3,0\">Impulsa una mayor tasa de interacci\u00f3n (engagement) a largo plazo.<\/p><\/li><\/ul><\/div>\n\t\t\t<\/div>\n\t\t<\/div>\n\t\t\t\t\t\t<\/div>\n\t\t\t\t<\/div>\n\t\t\t\t\t<\/div>\n\t\t\t\t<\/div>\n\t\t<div class=\"elementor-element elementor-element-a5599cf e-flex e-con-boxed e-con e-parent\" data-id=\"a5599cf\" data-element_type=\"container\" data-e-type=\"container\">\n\t\t\t\t\t<div class=\"e-con-inner\">\n\t\t\t\t<div class=\"elementor-element elementor-element-b54d8d5 elementor-widget elementor-widget-penci-text-block\" data-id=\"b54d8d5\" data-element_type=\"widget\" data-e-type=\"widget\" data-widget_type=\"penci-text-block.default\">\n\t\t\t\t<div class=\"elementor-widget-container\">\n\t\t\t\t\t\t\t<div class=\"penci-block-vc penci-text-editor\">\n\t\t\t    <div class=\"penci-border-arrow penci-homepage-title penci-home-latest-posts style-7 pcalign-left pciconp-right pcicon-right block-title-icon-left\">\n        <h3 class=\"inner-arrow\">\n        <span>\n                    <span>Sab\u00eda usted que el uso de ejemplos reales de clientes aumenta la credibilidad del contenido?<\/a>                <\/span>\n        <\/h3>\n\t\t        <\/div>\n\t\t\t\t\t<div class=\"penci-block_content\">\n\t\t\t\t<div class=\"elementor-text-editor elementor-clearfix\"><ul><li><p data-path-to-node=\"2,0,0\">Aporta autenticidad y prueba social a la marca.<\/p><\/li><li><p data-path-to-node=\"2,1,0\">Hace que la oferta sea m\u00e1s cercana y f\u00e1cil de identificar para el p\u00fablico.<\/p><\/li><li><p data-path-to-node=\"2,2,0\">Reduce la duda o indecisi\u00f3n del comprador al momento de elegir.<\/p><\/li><li><p data-path-to-node=\"2,3,0\">Impulsa las tasas de interacci\u00f3n y los niveles de conversi\u00f3n.<\/p><\/li><\/ul><\/div>\n\t\t\t<\/div>\n\t\t<\/div>\n\t\t\t\t\t\t<\/div>\n\t\t\t\t<\/div>\n\t\t\t\t\t<\/div>\n\t\t\t\t<\/div>\n\t\t<div class=\"elementor-element elementor-element-0d23af2 e-flex e-con-boxed e-con e-parent\" data-id=\"0d23af2\" data-element_type=\"container\" data-e-type=\"container\">\n\t\t\t\t\t<div class=\"e-con-inner\">\n\t\t\t\t<div class=\"elementor-element elementor-element-7ef0d3a elementor-widget elementor-widget-penci-text-block\" data-id=\"7ef0d3a\" data-element_type=\"widget\" data-e-type=\"widget\" data-widget_type=\"penci-text-block.default\">\n\t\t\t\t<div class=\"elementor-widget-container\">\n\t\t\t\t\t\t\t<div class=\"penci-block-vc penci-text-editor\">\n\t\t\t    <div class=\"penci-border-arrow penci-homepage-title penci-home-latest-posts style-7 pcalign-left pciconp-right pcicon-right block-title-icon-left\">\n        <h3 class=\"inner-arrow\">\n        <span>\n                    <span>Sab\u00eda usted que el contenido educativo genera m\u00e1s confianza que el contenido promocional?<\/a>                <\/span>\n        <\/h3>\n\t\t        <\/div>\n\t\t\t\t\t<div class=\"penci-block_content\">\n\t\t\t\t<div class=\"elementor-text-editor elementor-clearfix\"><ul><li><p data-path-to-node=\"2,0,0\">La gente est\u00e1 cansada de que le vendan, pero siempre se detendr\u00e1 ante algo que le sea de ayuda.<\/p><\/li><li><p data-path-to-node=\"2,1,0\">Compartir consejos e informaci\u00f3n valiosa posiciona a la marca como la experta de referencia, y no como una cuenta m\u00e1s en el feed.<\/p><\/li><li><p data-path-to-node=\"2,2,0\">El contenido educativo se guarda y se comparte mucho m\u00e1s; \u00a1eso es alcance gratuito!<\/p><\/li><li><p data-path-to-node=\"2,3,0\">La regla de oro:<b data-path-to-node=\"2,3,0\" data-index-in-node=\"0\"> primero ense\u00f1e, despu\u00e9s venda; l<\/b>a confianza se encarga de vender por usted.<\/p><\/li><\/ul><\/div>\n\t\t\t<\/div>\n\t\t<\/div>\n\t\t\t\t\t\t<\/div>\n\t\t\t\t<\/div>\n\t\t\t\t\t<\/div>\n\t\t\t\t<\/div>\n\t\t<div class=\"elementor-element elementor-element-9bf3cb4 e-flex e-con-boxed e-con e-parent\" data-id=\"9bf3cb4\" data-element_type=\"container\" data-e-type=\"container\">\n\t\t\t\t\t<div class=\"e-con-inner\">\n\t\t\t\t<div class=\"elementor-element elementor-element-c995f22 elementor-widget elementor-widget-penci-text-block\" data-id=\"c995f22\" data-element_type=\"widget\" data-e-type=\"widget\" data-widget_type=\"penci-text-block.default\">\n\t\t\t\t<div class=\"elementor-widget-container\">\n\t\t\t\t\t\t\t<div class=\"penci-block-vc penci-text-editor\">\n\t\t\t    <div class=\"penci-border-arrow penci-homepage-title penci-home-latest-posts style-7 pcalign-left pciconp-right pcicon-right block-title-icon-left\">\n        <h3 class=\"inner-arrow\">\n        <span>\n                    <span>Sab\u00eda usted que los posts de 'detr\u00e1s de c\u00e1maras' humanizan las marcas y mejoran la interacci\u00f3n?<\/a>                <\/span>\n        <\/h3>\n\t\t        <\/div>\n\t\t\t\t\t<div class=\"penci-block_content\">\n\t\t\t\t<div class=\"elementor-text-editor elementor-clearfix\"><ul data-path-to-node=\"2\"><li><p data-path-to-node=\"2,0,0\">La gente no conecta con los logotipos; conecta con los seres humanos que est\u00e1n detr\u00e1s de ellos.<\/p><\/li><li><p data-path-to-node=\"2,1,0\">Un momento espont\u00e1neo o un vistazo exclusivo hace que su audiencia se sienta parte del c\u00edrculo cercano.<\/p><\/li><li><p data-path-to-node=\"2,2,0\">La autenticidad genera m\u00e1s comentarios y compartidos que cualquier post promocional demasiado producido.<\/p><\/li><li><p data-path-to-node=\"2,3,0\">No se necesita equipo sofisticado; basta con mostrar lo que hay detr\u00e1s de escena y mantener la esencia real.<\/p><\/li><\/ul><\/div>\n\t\t\t<\/div>\n\t\t<\/div>\n\t\t\t\t\t\t<\/div>\n\t\t\t\t<\/div>\n\t\t\t\t\t<\/div>\n\t\t\t\t<\/div>\n\t\t<div class=\"elementor-element elementor-element-ea72453 e-flex e-con-boxed e-con e-parent\" data-id=\"ea72453\" data-element_type=\"container\" data-e-type=\"container\">\n\t\t\t\t\t<div class=\"e-con-inner\">\n\t\t\t\t<div class=\"elementor-element elementor-element-9d06430 elementor-widget elementor-widget-penci-text-block\" data-id=\"9d06430\" data-element_type=\"widget\" data-e-type=\"widget\" data-widget_type=\"penci-text-block.default\">\n\t\t\t\t<div class=\"elementor-widget-container\">\n\t\t\t\t\t\t\t<div class=\"penci-block-vc penci-text-editor\">\n\t\t\t    <div class=\"penci-border-arrow penci-homepage-title penci-home-latest-posts style-7 pcalign-left pciconp-right pcicon-right block-title-icon-left\">\n        <h3 class=\"inner-arrow\">\n        <span>\n                    <span>Sab\u00eda usted que reutilizar el contenido aumenta el alcance sin necesidad de incrementar la carga de trabajo?<\/a>                <\/span>\n        <\/h3>\n\t\t        <\/div>\n\t\t\t\t\t<div class=\"penci-block_content\">\n\t\t\t\t<div class=\"elementor-text-editor elementor-clearfix\"><ul><li><p data-path-to-node=\"2,0,0\">Reutilizar el contenido le permite llegar a <strong>nuevas audiencias<\/strong> en diferentes plataformas sin tener que crear material completamente nuevo.<\/p><\/li><li><p data-path-to-node=\"2,1,0\">Un solo art\u00edculo de blog puede transformarse en <strong>publicaciones para redes sociales, infograf\u00edas, videos, podcasts o boletines por correo electr\u00f3nico.<\/strong><\/p><\/li><li><p data-path-to-node=\"2,2,0\">Esta estrategia <strong>maximiza el retorno de inversi\u00f3n (ROI)<\/strong> de su contenido original al extender su vida \u00fatil y su valor.<\/p><\/li><li><p data-path-to-node=\"2,3,0\">Los diferentes formatos se adaptan a <strong>distintos estilos de aprendizaje<\/strong>; algunos usuarios prefieren leer, mientras que otros prefieren ver o escuchar.<\/p><\/li><li><p data-path-to-node=\"2,4,0\">El contenido reutilizado puede <strong>programarse con anticipaci\u00f3n<\/strong>, manteniendo sus canales activos con un m\u00ednimo esfuerzo adicional.<\/p><\/li><li><p data-path-to-node=\"2,5,0\">Esta pr\u00e1ctica refuerza su <strong>mensaje central<\/strong> mediante la repetici\u00f3n en m\u00faltiples puntos de contacto, mejorando el recuerdo de marca.<\/p><\/li><\/ul><\/div>\n\t\t\t<\/div>\n\t\t<\/div>\n\t\t\t\t\t\t<\/div>\n\t\t\t\t<\/div>\n\t\t\t\t\t<\/div>\n\t\t\t\t<\/div>\n\t\t<div class=\"elementor-element elementor-element-6e64a04 e-flex e-con-boxed e-con e-parent\" data-id=\"6e64a04\" data-element_type=\"container\" data-e-type=\"container\">\n\t\t\t\t\t<div class=\"e-con-inner\">\n\t\t\t\t<div class=\"elementor-element elementor-element-ae7e8f5 elementor-widget elementor-widget-image\" data-id=\"ae7e8f5\" data-element_type=\"widget\" data-e-type=\"widget\" data-widget_type=\"image.default\">\n\t\t\t\t<div class=\"elementor-widget-container\">\n\t\t\t\t\t\t\t\t\t\t\t\t\t\t\t<img decoding=\"async\" width=\"600\" height=\"246\" src=\"https:\/\/worldimagingnewslatino.com\/wp-content\/uploads\/2026\/04\/DYK-follow-1.png\" class=\"attachment-full size-full wp-image-264256\" alt=\"\" srcset=\"https:\/\/worldimagingnewslatino.com\/wp-content\/uploads\/2026\/04\/DYK-follow-1.png 600w, https:\/\/worldimagingnewslatino.com\/wp-content\/uploads\/2026\/04\/DYK-follow-1-300x123.png 300w, https:\/\/worldimagingnewslatino.com\/wp-content\/uploads\/2026\/04\/DYK-follow-1-400x164.png 400w, https:\/\/worldimagingnewslatino.com\/wp-content\/uploads\/2026\/04\/DYK-follow-1-150x62.png 150w, https:\/\/worldimagingnewslatino.com\/wp-content\/uploads\/2026\/04\/DYK-follow-1-18x7.png 18w, https:\/\/worldimagingnewslatino.com\/wp-content\/uploads\/2026\/04\/DYK-follow-1-585x240.png 585w\" sizes=\"(max-width: 600px) 100vw, 600px\" \/>\t\t\t\t\t\t\t\t\t\t\t\t\t\t\t<\/div>\n\t\t\t\t<\/div>\n\t\t\t\t\t<\/div>\n\t\t\t\t<\/div>\n\t\t\t\t<\/div>","protected":false},"excerpt":{"rendered":"<p>Sab\u00eda usted que publicar seguido hace que su alcance crezca much\u00edsimo con el tiempo? Publicar de manera constante te gana el favor del algoritmo con el tiempo, lo que aumenta&hellip;<\/p>","protected":false},"author":3,"featured_media":0,"parent":0,"menu_order":0,"comment_status":"closed","ping_status":"closed","template":"","meta":{"_lmt_disableupdate":"no","_lmt_disable":"","cybocfi_hide_featured_image":"","footnotes":""},"class_list":["post-264210","page","type-page","status-publish","hentry"],"_links":{"self":[{"href":"https:\/\/worldimagingnewslatino.com\/pt\/wp-json\/wp\/v2\/pages\/264210"}],"collection":[{"href":"https:\/\/worldimagingnewslatino.com\/pt\/wp-json\/wp\/v2\/pages"}],"about":[{"href":"https:\/\/worldimagingnewslatino.com\/pt\/wp-json\/wp\/v2\/types\/page"}],"author":[{"embeddable":true,"href":"https:\/\/worldimagingnewslatino.com\/pt\/wp-json\/wp\/v2\/users\/3"}],"replies":[{"embeddable":true,"href":"https:\/\/worldimagingnewslatino.com\/pt\/wp-json\/wp\/v2\/comments?post=264210"}],"version-history":[{"count":69,"href":"https:\/\/worldimagingnewslatino.com\/pt\/wp-json\/wp\/v2\/pages\/264210\/revisions"}],"predecessor-version":[{"id":264353,"href":"https:\/\/worldimagingnewslatino.com\/pt\/wp-json\/wp\/v2\/pages\/264210\/revisions\/264353"}],"wp:attachment":[{"href":"https:\/\/worldimagingnewslatino.com\/pt\/wp-json\/wp\/v2\/media?parent=264210"}],"curies":[{"name":"wp","href":"https:\/\/api.w.org\/{rel}","templated":true}]}}