{"id":261201,"date":"2024-08-29T06:30:19","date_gmt":"2024-08-29T13:30:19","guid":{"rendered":"https:\/\/worldimagingnewslatino.com\/?page_id=261201"},"modified":"2024-08-29T06:31:21","modified_gmt":"2024-08-29T13:31:21","slug":"color-control","status":"publish","type":"page","link":"https:\/\/worldimagingnewslatino.com\/pt\/color-control\/","title":{"rendered":"Controle de cores"},"content":{"rendered":"<div data-elementor-type=\"wp-page\" data-elementor-id=\"261201\" class=\"elementor elementor-261201\" data-elementor-post-type=\"page\">\n\t\t\t\t<div class=\"elementor-element elementor-element-08475e6 e-flex e-con-boxed e-con e-parent\" data-id=\"08475e6\" data-element_type=\"container\" data-e-type=\"container\">\n\t\t\t\t\t<div class=\"e-con-inner\">\n\t\t\t\t<div class=\"elementor-element elementor-element-e6b2291 elementor-widget elementor-widget-penci-latest-posts\" data-id=\"e6b2291\" data-element_type=\"widget\" data-e-type=\"widget\" data-widget_type=\"penci-latest-posts.default\">\n\t\t\t\t<div class=\"elementor-widget-container\">\n\t\t\t\t\t                <div id=\"pencilatest_posts_18338\" class=\"penci-latest-posts-sc penci-latest-posts-grid penci-latest-posts-el penci-el-mixed-s1 penci-latest-posts-left penci-std-continue-center penci-std-excerpt-center penci-grid-excerpt-left\">\n\t\t\t\t\t\t\t\t\t\t\t                        <div class=\"penci-border-arrow penci-homepage-title penci-home-latest-posts style-7 pcalign-left pciconp-right pcicon-right\">\n                            <h3 class=\"inner-arrow\">\n                                <span>\n\t\t\t\t\t\t\t\t<span>Color control<\/span>                                <\/span>\n                            <\/h3>\n\t\t\t\t\t\t\t                        <\/div>\n\t\t\t\t\t                    <div class=\"penci-wrapper-posts-ajax\">\n\n                        <div class=\"penci-wrapper-posts-content pwid-default\">\n\n\t\t\t\t\t\t\t\t\t\t\t\t\t\t\t                                <ul data-cols=\"3\" data-tcols=\"3\" data-mcols=\"2\" data-layout=\"grid\"\n                                    class=\"has-d-cols has-t-cols has-m-cols penci-wrapper-data penci-grid penci-shortcode-render\">\t\t\t\t\t\t\t\t\t\t\t\t\t\t\t\t\t\t\t\t\t\t\t\t\t\t\t\t\t<li class=\"grid-style\">\n    <article id=\"post-264382\" class=\"item hentry\">\n\t\t            <div class=\"thumbnail\">\n\t\t\t\t\t\t\t\t                    <a class=\"penci-image-holder penci-lazy\" data-bgset=\"https:\/\/worldimagingnewslatino.com\/wp-content\/uploads\/2026\/04\/Untitled-400x200-7.png\" href=\"https:\/\/worldimagingnewslatino.com\/pt\/roland-dg-continua-impulsando-los-flujos-de-trabajo-de-impresion-conectados-con-la-expansion-de-dg-connect-designer-y-versaworks-7-colormatch\/\" title=\"Roland DG Contin\u00faa Impulsando los Flujos de Trabajo de Impresi\u00f3n Conectados con la Expansi\u00f3n de DG Connect Designer y VersaWorks 7 ColorMatch\">\n                    <\/a>\n\t\t\t\t\n\t\t\t\t\t\t\t\t\t\t\t\t\t\t\t\t\t\t\t\t\t\t\t\t\t\t\t\t\t\t\t\t\t            <\/div>\n\t\t\n        <div class=\"grid-header-box\">\n\t\t\t                <span class=\"cat\"><a style=\"\" class=\"penci-cat-name penci-cat-32\" href=\"https:\/\/worldimagingnewslatino.com\/pt\/category\/software\/color-control\/\" rel=\"category tag\"><span style=\"\">Controle de cores<\/span><\/a><a style=\"\" class=\"penci-cat-name penci-cat-36\" href=\"https:\/\/worldimagingnewslatino.com\/pt\/category\/software\/rip\/\" rel=\"category tag\"><span style=\"\">RIP<\/span><\/a><\/span>\n\t\t\t\n            <h2 class=\"penci-entry-title entry-title grid-title penci_grid_title_df\"><a href=\"https:\/\/worldimagingnewslatino.com\/pt\/roland-dg-continua-impulsando-los-flujos-de-trabajo-de-impresion-conectados-con-la-expansion-de-dg-connect-designer-y-versaworks-7-colormatch\/\">Roland DG Contin\u00faa Impulsando los Flujos de Trabajo de Impresi\u00f3n Conectados con la Expansi\u00f3n de DG Connect Designer y VersaWorks 7 ColorMatch<\/a>\n            <\/h2>\n\t\t\t\t\t\t\t\t<div class=\"penci-hide-tagupdated\">\n\t\t\t<span class=\"author-italic author vcard\">by \t\t\t\t\t\t\t\t\t\t<a class=\"author-url url fn n\" href=\"https:\/\/worldimagingnewslatino.com\/pt\/author\/mj\/\">Equipe 1<\/a>\t\t\t\t\t\t\t\t\t<\/span>\n\t\t\t<time class=\"entry-date published\" datetime=\"2026-04-29T17:07:45-07:00\">04\/29\/2026<\/time>\t\t<\/div>\n\t\t\t\t\t\t                <div class=\"grid-post-box-meta\">\n\t\t\t\t\t\t\t\t\t\t\t\t\t\t\t                        <span class=\"otherl-date\"><time class=\"entry-date published\" datetime=\"2026-04-29T17:07:45-07:00\">04\/29\/2026<\/time><\/span>\n\t\t\t\t\t\t\t\t\t\t\t\t\t\t\t\t\t\t\t\t\t\t\t\t\t\t\t\t\t\t                <\/div>\n\t\t\t        <\/div>\n\n\t\t\n\t\t\n\t\t    <\/article>\n<\/li>\n<li class=\"grid-style\">\n    <article id=\"post-263777\" class=\"item hentry\">\n\t\t            <div class=\"thumbnail\">\n\t\t\t\t\t\t\t\t                    <a class=\"penci-image-holder penci-lazy\" data-bgset=\"https:\/\/worldimagingnewslatino.com\/wp-content\/uploads\/2025\/12\/admin-ajax-37.png\" href=\"https:\/\/worldimagingnewslatino.com\/pt\/pantone-presenta-color-del-ano-2026-pantone-11-4201-cloud-dancer\/\" title=\"Pantone presenta el Color del A\u00f1o Pantone 2026: PANTONE 11-4201 Cloud Dancer\">\n                    <\/a>\n\t\t\t\t\n\t\t\t\t\t\t\t\t\t\t\t\t\t\t\t\t\t\t\t\t\t\t\t\t\t\t\t\t\t\t\t\t\t            <\/div>\n\t\t\n        <div class=\"grid-header-box\">\n\t\t\t                <span class=\"cat\"><a style=\"\" class=\"penci-cat-name penci-cat-807\" href=\"https:\/\/worldimagingnewslatino.com\/pt\/category\/featured-news\/\" rel=\"category tag\"><span style=\"\">Not\u00edcias em destaque<\/span><\/a><a style=\"\" class=\"penci-cat-name penci-cat-55\" href=\"https:\/\/worldimagingnewslatino.com\/pt\/category\/applications\/color\/\" rel=\"category tag\"><span style=\"\">Cor<\/span><\/a><a style=\"\" class=\"penci-cat-name penci-cat-32\" href=\"https:\/\/worldimagingnewslatino.com\/pt\/category\/software\/color-control\/\" rel=\"category tag\"><span style=\"\">Controle de cores<\/span><\/a><\/span>\n\t\t\t\n            <h2 class=\"penci-entry-title entry-title grid-title penci_grid_title_df\"><a href=\"https:\/\/worldimagingnewslatino.com\/pt\/pantone-presenta-color-del-ano-2026-pantone-11-4201-cloud-dancer\/\">Pantone presenta el Color del A\u00f1o Pantone 2026: PANTONE 11-4201 Cloud Dancer<\/a>\n            <\/h2>\n\t\t\t\t\t\t\t\t<div class=\"penci-hide-tagupdated\">\n\t\t\t<span class=\"author-italic author vcard\">by \t\t\t\t\t\t\t\t\t\t<a class=\"author-url url fn n\" href=\"https:\/\/worldimagingnewslatino.com\/pt\/author\/mj\/\">Equipe 1<\/a>\t\t\t\t\t\t\t\t\t<\/span>\n\t\t\t<time class=\"entry-date published\" datetime=\"2025-12-22T20:31:43-08:00\">12\/22\/2025<\/time>\t\t<\/div>\n\t\t\t\t\t\t                <div class=\"grid-post-box-meta\">\n\t\t\t\t\t\t\t\t\t\t\t\t\t\t\t                        <span class=\"otherl-date\"><time class=\"entry-date published\" datetime=\"2025-12-22T20:31:43-08:00\">12\/22\/2025<\/time><\/span>\n\t\t\t\t\t\t\t\t\t\t\t\t\t\t\t\t\t\t\t\t\t\t\t\t\t\t\t\t\t\t                <\/div>\n\t\t\t        <\/div>\n\n\t\t\n\t\t\n\t\t    <\/article>\n<\/li>\n<li class=\"grid-style\">\n    <article id=\"post-261921\" class=\"item hentry\">\n\t\t            <div class=\"thumbnail\">\n\t\t\t\t\t\t\t\t                    <a class=\"penci-image-holder penci-lazy\" data-bgset=\"https:\/\/worldimagingnewslatino.com\/wp-content\/uploads\/2024\/11\/Add-a-heading-540-x-360-px13.png\" href=\"https:\/\/worldimagingnewslatino.com\/pt\/x-rite-pantone-y-sun-chemical-agregan-bibliotecas-de-colores-a-pantone-live\/\" title=\"X-Rite, Pantone e Sun Chemical adicionam bibliotecas de cores ao PantoneLIVE\">\n                    <\/a>\n\t\t\t\t\n\t\t\t\t\t\t\t\t\t\t\t\t\t\t\t\t\t\t\t\t\t\t\t\t\t\t\t\t\t\t\t\t\t            <\/div>\n\t\t\n        <div class=\"grid-header-box\">\n\t\t\t                <span class=\"cat\"><a style=\"\" class=\"penci-cat-name penci-cat-55\" href=\"https:\/\/worldimagingnewslatino.com\/pt\/category\/applications\/color\/\" rel=\"category tag\"><span style=\"\">Cor<\/span><\/a><a style=\"\" class=\"penci-cat-name penci-cat-563\" href=\"https:\/\/worldimagingnewslatino.com\/pt\/category\/accessories\/color-measuring\/\" rel=\"category tag\"><span style=\"\">Medi\u00e7\u00e3o de cores<\/span><\/a><a style=\"\" class=\"penci-cat-name penci-cat-807\" href=\"https:\/\/worldimagingnewslatino.com\/pt\/category\/featured-news\/\" rel=\"category tag\"><span style=\"\">Not\u00edcias em destaque<\/span><\/a><a style=\"\" class=\"penci-cat-name penci-cat-4\" href=\"https:\/\/worldimagingnewslatino.com\/pt\/category\/consumables\/ink\/\" rel=\"category tag\"><span style=\"\">Tinta<\/span><\/a><\/span>\n\t\t\t\n            <h2 class=\"penci-entry-title entry-title grid-title penci_grid_title_df\"><a href=\"https:\/\/worldimagingnewslatino.com\/pt\/x-rite-pantone-y-sun-chemical-agregan-bibliotecas-de-colores-a-pantone-live\/\">X-Rite, Pantone e Sun Chemical adicionam bibliotecas de cores ao PantoneLIVE<\/a>\n            <\/h2>\n\t\t\t\t\t\t\t\t<div class=\"penci-hide-tagupdated\">\n\t\t\t<span class=\"author-italic author vcard\">by \t\t\t\t\t\t\t\t\t\t<a class=\"author-url url fn n\" href=\"https:\/\/worldimagingnewslatino.com\/pt\/author\/dan\/\">Equipe<\/a>\t\t\t\t\t\t\t\t\t<\/span>\n\t\t\t<time class=\"entry-date published\" datetime=\"2024-11-05T08:13:32-08:00\">11\/05\/2024<\/time>\t\t<\/div>\n\t\t\t\t\t\t                <div class=\"grid-post-box-meta\">\n\t\t\t\t\t\t\t\t\t\t\t\t\t\t\t                        <span class=\"otherl-date\"><time class=\"entry-date published\" datetime=\"2024-11-05T08:13:32-08:00\">11\/05\/2024<\/time><\/span>\n\t\t\t\t\t\t\t\t\t\t\t\t\t\t\t\t\t\t\t\t\t\t\t\t\t\t\t\t\t\t                <\/div>\n\t\t\t        <\/div>\n\n\t\t\n\t\t\n\t\t    <\/article>\n<\/li>\n<li class=\"grid-style\">\n    <article id=\"post-261696\" class=\"item hentry\">\n\t\t            <div class=\"thumbnail\">\n\t\t\t\t\t\t\t\t                    <a class=\"penci-image-holder penci-lazy\" data-bgset=\"https:\/\/worldimagingnewslatino.com\/wp-content\/uploads\/2024\/10\/DMIx_SamplR_2_Easy-Access-scaled-1-585x338.jpg\" href=\"https:\/\/worldimagingnewslatino.com\/pt\/escaneo-de-materiales-impulsado-por-iphone-con-dmix-samplr\/\" title=\"Escaneo de Materiales con iPhone mediante DMIx SamplR\">\n                    <\/a>\n\t\t\t\t\n\t\t\t\t\t\t\t\t\t\t\t\t\t\t\t\t\t\t\t\t\t\t\t\t\t\t\t\t\t\t\t\t\t            <\/div>\n\t\t\n        <div class=\"grid-header-box\">\n\t\t\t                <span class=\"cat\"><a style=\"\" class=\"penci-cat-name penci-cat-563\" href=\"https:\/\/worldimagingnewslatino.com\/pt\/category\/accessories\/color-measuring\/\" rel=\"category tag\"><span style=\"\">Medi\u00e7\u00e3o de cores<\/span><\/a><\/span>\n\t\t\t\n            <h2 class=\"penci-entry-title entry-title grid-title penci_grid_title_df\"><a href=\"https:\/\/worldimagingnewslatino.com\/pt\/escaneo-de-materiales-impulsado-por-iphone-con-dmix-samplr\/\">Escaneo de Materiales con iPhone mediante DMIx SamplR<\/a>\n            <\/h2>\n\t\t\t\t\t\t\t\t<div class=\"penci-hide-tagupdated\">\n\t\t\t<span class=\"author-italic author vcard\">by \t\t\t\t\t\t\t\t\t\t<a class=\"author-url url fn n\" href=\"https:\/\/worldimagingnewslatino.com\/pt\/author\/dan\/\">Equipe<\/a>\t\t\t\t\t\t\t\t\t<\/span>\n\t\t\t<time class=\"entry-date published\" datetime=\"2024-10-25T04:10:02-07:00\">10\/25\/2024<\/time>\t\t<\/div>\n\t\t\t\t\t\t                <div class=\"grid-post-box-meta\">\n\t\t\t\t\t\t\t\t\t\t\t\t\t\t\t                        <span class=\"otherl-date\"><time class=\"entry-date published\" datetime=\"2024-10-25T04:10:02-07:00\">10\/25\/2024<\/time><\/span>\n\t\t\t\t\t\t\t\t\t\t\t\t\t\t\t\t\t\t\t\t\t\t\t\t\t\t\t\t\t\t                <\/div>\n\t\t\t        <\/div>\n\n\t\t\n\t\t\n\t\t    <\/article>\n<\/li>\n<li class=\"grid-style\">\n    <article id=\"post-261689\" class=\"item hentry\">\n\t\t            <div class=\"thumbnail\">\n\t\t\t\t\t\t\t\t                    <a class=\"penci-image-holder penci-lazy\" data-bgset=\"https:\/\/worldimagingnewslatino.com\/wp-content\/uploads\/2024\/10\/Auto-Chart-Reader-Accessory_Open_Color_Chart_02-585x338.jpg\" href=\"https:\/\/worldimagingnewslatino.com\/pt\/epson-herramienta-de-gestion-de-color-auto-chart-reader-ahora-disponible\/\" title=\"Herramienta de Gesti\u00f3n de Color Epson Auto Chart Reader Ahora Disponible\">\n                    <\/a>\n\t\t\t\t\n\t\t\t\t\t\t\t\t\t\t\t\t\t\t\t\t\t\t\t\t\t\t\t\t\t\t\t\t\t\t\t\t\t            <\/div>\n\t\t\n        <div class=\"grid-header-box\">\n\t\t\t                <span class=\"cat\"><a style=\"\" class=\"penci-cat-name penci-cat-563\" href=\"https:\/\/worldimagingnewslatino.com\/pt\/category\/accessories\/color-measuring\/\" rel=\"category tag\"><span style=\"\">Medi\u00e7\u00e3o de cores<\/span><\/a><\/span>\n\t\t\t\n            <h2 class=\"penci-entry-title entry-title grid-title penci_grid_title_df\"><a href=\"https:\/\/worldimagingnewslatino.com\/pt\/epson-herramienta-de-gestion-de-color-auto-chart-reader-ahora-disponible\/\">Herramienta de Gesti\u00f3n de Color Epson Auto Chart Reader Ahora Disponible<\/a>\n            <\/h2>\n\t\t\t\t\t\t\t\t<div class=\"penci-hide-tagupdated\">\n\t\t\t<span class=\"author-italic author vcard\">by \t\t\t\t\t\t\t\t\t\t<a class=\"author-url url fn n\" href=\"https:\/\/worldimagingnewslatino.com\/pt\/author\/dan\/\">Equipe<\/a>\t\t\t\t\t\t\t\t\t<\/span>\n\t\t\t<time class=\"entry-date published\" datetime=\"2024-10-24T12:42:07-07:00\">10\/24\/2024<\/time>\t\t<\/div>\n\t\t\t\t\t\t                <div class=\"grid-post-box-meta\">\n\t\t\t\t\t\t\t\t\t\t\t\t\t\t\t                        <span class=\"otherl-date\"><time class=\"entry-date published\" datetime=\"2024-10-24T12:42:07-07:00\">10\/24\/2024<\/time><\/span>\n\t\t\t\t\t\t\t\t\t\t\t\t\t\t\t\t\t\t\t\t\t\t\t\t\t\t\t\t\t\t                <\/div>\n\t\t\t        <\/div>\n\n\t\t\n\t\t\n\t\t    <\/article>\n<\/li>\n<li class=\"grid-style\">\n    <article id=\"post-259605\" class=\"item hentry\">\n\t\t            <div class=\"thumbnail\">\n\t\t\t\t\t\t\t\t                    <a class=\"penci-image-holder penci-lazy\" data-bgset=\"https:\/\/worldimagingnewslatino.com\/wp-content\/uploads\/2024\/08\/image-ezgif.com-png-to-jpg-converter2-585x390.webp\" href=\"https:\/\/worldimagingnewslatino.com\/pt\/color-logic-certifies-printfactory-workflow-rip-ecosystem\/\" title=\"Color-Logic certifica o PrintFactory Workflow RIP EcoSystem\">\n                    <\/a>\n\t\t\t\t\n\t\t\t\t\t\t\t\t\t\t\t\t\t\t\t\t\t\t\t\t\t\t\t\t\t\t\t\t\t\t\t\t\t            <\/div>\n\t\t\n        <div class=\"grid-header-box\">\n\t\t\t                <span class=\"cat\"><a style=\"\" class=\"penci-cat-name penci-cat-32\" href=\"https:\/\/worldimagingnewslatino.com\/pt\/category\/software\/color-control\/\" rel=\"category tag\"><span style=\"\">Controle de cores<\/span><\/a><\/span>\n\t\t\t\n            <h2 class=\"penci-entry-title entry-title grid-title penci_grid_title_df\"><a href=\"https:\/\/worldimagingnewslatino.com\/pt\/color-logic-certifies-printfactory-workflow-rip-ecosystem\/\">Color-Logic certifica o PrintFactory Workflow RIP EcoSystem<\/a>\n            <\/h2>\n\t\t\t\t\t\t\t\t<div class=\"penci-hide-tagupdated\">\n\t\t\t<span class=\"author-italic author vcard\">by \t\t\t\t\t\t\t\t\t\t<a class=\"author-url url fn n\" href=\"https:\/\/worldimagingnewslatino.com\/pt\/author\/dan\/\">Equipe<\/a>\t\t\t\t\t\t\t\t\t<\/span>\n\t\t\t<time class=\"entry-date published\" datetime=\"2024-08-05T06:56:00-07:00\">08\/05\/2024<\/time>\t\t<\/div>\n\t\t\t\t\t\t                <div class=\"grid-post-box-meta\">\n\t\t\t\t\t\t\t\t\t\t\t\t\t\t\t                        <span class=\"otherl-date\"><time class=\"entry-date published\" datetime=\"2024-08-05T06:56:00-07:00\">08\/05\/2024<\/time><\/span>\n\t\t\t\t\t\t\t\t\t\t\t\t\t\t\t\t\t\t\t\t\t\t\t\t\t\t\t\t\t\t                <\/div>\n\t\t\t        <\/div>\n\n\t\t\n\t\t\n\t\t    <\/article>\n<\/li>\n\n\t\t\t\t\t\t\t\t\t\t\t\t\t\t\t\t\t\t\t\t\t\t\t\t\t\t\t\t<\/ul>\n\t\t\t\t\t\t\t\t\t\t\t\t\t\t<div class=\"penci-pagination align-left\"><ul class='page-numbers'>\n\t<li><span aria-current=\"page\" class=\"page-numbers current\">1<\/span><\/li>\n\t<li><a class=\"page-numbers\" href=\"https:\/\/worldimagingnewslatino.com\/pt\/wp-json\/wp\/v2\/pages\/261201\/page\/2\/\">2<\/a><\/li>\n\t<li><a class=\"page-numbers\" href=\"https:\/\/worldimagingnewslatino.com\/pt\/wp-json\/wp\/v2\/pages\/261201\/page\/3\/\">3<\/a><\/li>\n\t<li><a class=\"next page-numbers\" href=\"https:\/\/worldimagingnewslatino.com\/pt\/wp-json\/wp\/v2\/pages\/261201\/page\/2\/\"><i class=\"penci-faicon fa fa-angle-right\" ><\/i><\/a><\/li>\n<\/ul>\n<\/div>\t\t\t\t\t\t\t                        <\/div>\n\n\t\t\t\t\t\t                    <\/div>\n                <\/div>\n\t\t\t            <style>\n                                                                                                                                                                            <\/style>\n\t\t\t\t\t\t\t<\/div>\n\t\t\t\t<\/div>\n\t\t\t\t\t<\/div>\n\t\t\t\t<\/div>\n\t\t<div class=\"elementor-element elementor-element-ba6c29d e-flex e-con-boxed e-con e-parent\" data-id=\"ba6c29d\" data-element_type=\"container\" data-e-type=\"container\">\n\t\t\t\t\t<div class=\"e-con-inner\">\n\t\t\t\t<div class=\"elementor-element elementor-element-92ba5a9 elementor-widget elementor-widget-image\" data-id=\"92ba5a9\" data-element_type=\"widget\" data-e-type=\"widget\" data-widget_type=\"image.default\">\n\t\t\t\t<div class=\"elementor-widget-container\">\n\t\t\t\t\t\t\t\t\t\t\t\t\t\t\t<img fetchpriority=\"high\" decoding=\"async\" width=\"601\" height=\"101\" src=\"https:\/\/worldimagingnewslatino.com\/wp-content\/uploads\/2024\/07\/ad-header-600x100-1.png\" class=\"attachment-full size-full wp-image-258545\" alt=\"cabe\u00e7alho do an\u00fancio 600x100\" srcset=\"https:\/\/worldimagingnewslatino.com\/wp-content\/uploads\/2024\/07\/ad-header-600x100-1.png 601w, https:\/\/worldimagingnewslatino.com\/wp-content\/uploads\/2024\/07\/ad-header-600x100-1-300x50.png 300w, https:\/\/worldimagingnewslatino.com\/wp-content\/uploads\/2024\/07\/ad-header-600x100-1-400x67.png 400w, https:\/\/worldimagingnewslatino.com\/wp-content\/uploads\/2024\/07\/ad-header-600x100-1-150x25.png 150w\" sizes=\"(max-width: 601px) 100vw, 601px\" \/>\t\t\t\t\t\t\t\t\t\t\t\t\t\t\t<\/div>\n\t\t\t\t<\/div>\n\t\t\t\t\t<\/div>\n\t\t\t\t<\/div>\n\t\t\t\t<\/div>","protected":false},"excerpt":{"rendered":"<p>Color control Color Control Color-Logic Certifies PrintFactory Workflow RIP EcoSystem by Staff 08\/05\/2024 08\/05\/2024 AccessoriesColor Measuring Barbieri Honored with Prestigious Pinnacle Product Award 2024 for Spectro Swing qb by Staff&hellip;<\/p>","protected":false},"author":3,"featured_media":0,"parent":0,"menu_order":0,"comment_status":"closed","ping_status":"closed","template":"","meta":{"_lmt_disableupdate":"no","_lmt_disable":"","cybocfi_hide_featured_image":"","footnotes":""},"class_list":["post-261201","page","type-page","status-publish","hentry"],"_links":{"self":[{"href":"https:\/\/worldimagingnewslatino.com\/pt\/wp-json\/wp\/v2\/pages\/261201"}],"collection":[{"href":"https:\/\/worldimagingnewslatino.com\/pt\/wp-json\/wp\/v2\/pages"}],"about":[{"href":"https:\/\/worldimagingnewslatino.com\/pt\/wp-json\/wp\/v2\/types\/page"}],"author":[{"embeddable":true,"href":"https:\/\/worldimagingnewslatino.com\/pt\/wp-json\/wp\/v2\/users\/3"}],"replies":[{"embeddable":true,"href":"https:\/\/worldimagingnewslatino.com\/pt\/wp-json\/wp\/v2\/comments?post=261201"}],"version-history":[{"count":4,"href":"https:\/\/worldimagingnewslatino.com\/pt\/wp-json\/wp\/v2\/pages\/261201\/revisions"}],"predecessor-version":[{"id":261205,"href":"https:\/\/worldimagingnewslatino.com\/pt\/wp-json\/wp\/v2\/pages\/261201\/revisions\/261205"}],"wp:attachment":[{"href":"https:\/\/worldimagingnewslatino.com\/pt\/wp-json\/wp\/v2\/media?parent=261201"}],"curies":[{"name":"wp","href":"https:\/\/api.w.org\/{rel}","templated":true}]}}