{"id":19382,"date":"2024-02-07T14:25:47","date_gmt":"2024-02-07T22:25:47","guid":{"rendered":"https:\/\/worldimagingnewslatino.com\/?page_id=19382"},"modified":"2024-08-13T14:12:44","modified_gmt":"2024-08-13T21:12:44","slug":"folding-and-packaging","status":"publish","type":"page","link":"https:\/\/worldimagingnewslatino.com\/pt\/folding-and-packaging\/","title":{"rendered":"Dobradura e embalagem"},"content":{"rendered":"<div data-elementor-type=\"wp-page\" data-elementor-id=\"19382\" class=\"elementor elementor-19382\" data-elementor-post-type=\"page\">\n\t\t\t\t<div class=\"elementor-element elementor-element-9532112 e-flex e-con-boxed e-con e-parent\" data-id=\"9532112\" data-element_type=\"container\" data-e-type=\"container\">\n\t\t\t\t\t<div class=\"e-con-inner\">\n\t\t\t\t<div class=\"elementor-element elementor-element-728a681 elementor-widget elementor-widget-penci-latest-posts\" data-id=\"728a681\" data-element_type=\"widget\" data-e-type=\"widget\" data-widget_type=\"penci-latest-posts.default\">\n\t\t\t\t<div class=\"elementor-widget-container\">\n\t\t\t\t\t                <div id=\"pencilatest_posts_21047\" class=\"penci-latest-posts-sc penci-latest-posts-grid penci-latest-posts-el penci-el-mixed-s1 penci-std-continue-center penci-std-excerpt-center penci-grid-excerpt-left\">\n\t\t\t\t\t\t\t\t\t\t\t                        <div class=\"penci-border-arrow penci-homepage-title penci-home-latest-posts style-7 pcalign-left pciconp-right pcicon-right\">\n                            <h3 class=\"inner-arrow\">\n                                <span>\n\t\t\t\t\t\t\t\t<span>folding and packaging<\/span>                                <\/span>\n                            <\/h3>\n\t\t\t\t\t\t\t                        <\/div>\n\t\t\t\t\t                    <div class=\"penci-wrapper-posts-ajax\">\n\n                        <div class=\"penci-wrapper-posts-content pwid-default\">\n\n\t\t\t\t\t\t\t\t\t\t\t\t\t\t\t                                <ul data-cols=\"3\" data-tcols=\"3\" data-mcols=\"2\" data-layout=\"grid\"\n                                    class=\"has-d-cols has-t-cols has-m-cols penci-wrapper-data penci-grid penci-shortcode-render\">\t\t\t\t\t\t\t\t\t\t\t\t\t\t\t\t\t\t\t\t\t\t\t\t\t\t\t\t\t<li class=\"grid-style\">\n    <article id=\"post-256689\" class=\"item hentry\">\n\t\t            <div class=\"thumbnail\">\n\t\t\t\t\t\t\t\t                    <a class=\"penci-image-holder penci-lazy\"\n                       data-bgset=\"https:\/\/worldimagingnewslatino.com\/wp-content\/uploads\/2024\/04\/bu_05471-ezgif.com-jpg-to-webp-converter.webp\"\n                       href=\"https:\/\/worldimagingnewslatino.com\/pt\/mhm-unveils-innovative-shirt-lupfer-for-automated-garment-unloading\/\" title=\"MHM apresenta Shirt-Lupfer: inova\u00e7\u00e3o em descarregamento automatizado de roupas\">\n                    <\/a>\n\t\t\t\t\n\t\t\t\t\t\t\t\t\t\t\t\t\t\t\t\t\t\t\t\t\t\t\t\t\t\t\t\t\t\t\t\t\t            <\/div>\n\t\t\n        <div class=\"grid-header-box\">\n\t\t\t                <span class=\"cat\"><a style=\"\" class=\"penci-cat-name penci-cat-439\" href=\"https:\/\/worldimagingnewslatino.com\/pt\/categoria\/screen-print-2\/folding-and-packaging\/\"  rel=\"category tag\"><span style=\"\">Dobradura e embalagem<\/span><\/a><a style=\"\" class=\"penci-cat-name penci-cat-434\" href=\"https:\/\/worldimagingnewslatino.com\/pt\/categoria\/screen-print-2\/\"  rel=\"category tag\"><span style=\"\">Impress\u00e3o em tela<\/span><\/a><\/span>\n\t\t\t\n            <h2 class=\"penci-entry-title entry-title grid-title penci_grid_title_df\"><a\n                        href=\"https:\/\/worldimagingnewslatino.com\/pt\/mhm-unveils-innovative-shirt-lupfer-for-automated-garment-unloading\/\">MHM apresenta Shirt-Lupfer: inova\u00e7\u00e3o em descarregamento automatizado de roupas<\/a>\n            <\/h2>\n\t\t\t\t\t\t\t\t<div class=\"penci-hide-tagupdated\">\n\t\t\t<span class=\"author-italic author vcard\">by \t\t\t\t\t\t\t\t\t\t<a class=\"author-url url fn n\" href=\"https:\/\/worldimagingnewslatino.com\/pt\/author\/dan\/\">Equipe<\/a>\t\t\t\t\t\t\t\t\t<\/span>\n\t\t\t<time class=\"entry-date published\" datetime=\"2024-04-25T11:51:30-07:00\">04\/25\/2024<\/time>\t\t<\/div>\n\t\t\t\t\t\t                <div class=\"grid-post-box-meta\">\n\t\t\t\t\t\t\t\t\t\t                        <span class=\"otherl-date-author author-italic author vcard\">by                                 <a class=\"author-url url fn n\" href=\"https:\/\/worldimagingnewslatino.com\/pt\/author\/dan\/\">Equipe<\/a>\t\t\t\t\t\t\t<\/span>\n\t\t\t\t\t\t\t\t\t\t                        <span class=\"otherl-date\"><time class=\"entry-date published\" datetime=\"2024-04-25T11:51:30-07:00\">04\/25\/2024<\/time><\/span>\n\t\t\t\t\t\t\t\t\t\t\t\t\t\t\t\t\t\t\t\t\t\t\t\t\t\t\t\t\t\t                <\/div>\n\t\t\t        <\/div>\n\n\t\t            <div class=\"item-content entry-content\">\n\t\t\t\t<p>M\u00dcHLGRABE | Austria &#8211; Abril 2024\u00a0\u2013 El l\u00edder en maquinaria para serigraf\u00eda, MHM, ha transformado el proceso de producci\u00f3n textil con el lanzamiento del\u00a0Shirt-Lupfer, un innovador sistema automatizado de descarga &#8230;<\/p>\n            <\/div>\n\t\t\n\t\t\n\t\t            <div class=\"penci-post-box-meta penci-post-box-grid\">\n                <div class=\"penci-post-share-box\">\n\t\t\t\t\t<a href=\"#\" class=\"penci-post-like\" aria-label=\"Curtir esta postagem\" data-post_id=\"256689\" title=\"Like\" data-like=\"Like\" data-unlike=\"Unlike\"><i class=\"penci-faicon fa fa-heart-o\" ><\/i><span class=\"dt-share\">0<\/span><\/a>\t\t\t\t\t<a class=\"new-ver-share post-share-item post-share-facebook\" aria-label=\"Compartilhar no Facebook\" target=\"_blank\"  rel=\"noreferrer\" href=\"https:\/\/www.facebook.com\/sharer\/sharer.php?u=https:\/\/worldimagingnewslatino.com\/pt\/mhm-unveils-innovative-shirt-lupfer-for-automated-garment-unloading\/\"><i class=\"penci-faicon fa fa-facebook\" ><\/i><span class=\"dt-share\">Facebook<\/span><\/a><a class=\"new-ver-share post-share-item post-share-twitter\" aria-label=\"Compartilhar no Twitter\" target=\"_blank\"  rel=\"noreferrer\" href=\"https:\/\/x.com\/intent\/tweet?text=Check%20out%20this%20article:%20MHM%20Presenta%20Shirt-Lupfer%3A%20Innovaci%C3%B3n%20en%20Descarga%20Autom%C3%A1tica%20de%20Prendas%20-%20https:\/\/worldimagingnewslatino.com\/pt\/mhm-unveils-innovative-shirt-lupfer-for-automated-garment-unloading\/\"><i class=\"penci-faicon penciicon-x-twitter\" ><\/i><span class=\"dt-share\">Twitter<\/span><\/a><a class=\"new-ver-share post-share-item post-share-pinterest\" aria-label=\"Fixar no Pinterest\" data-pin-do=\"none\"  rel=\"noreferrer\" target=\"_blank\" href=\"https:\/\/www.pinterest.com\/pin\/create\/button\/?url=https%3A%2F%2Fworldimagingnewslatino.com%2Fpt%2Fmhm-unveils-innovative-shirt-lupfer-for-automated-garment-unloading%2F&media=https%3A%2F%2Fworldimagingnewslatino.com%2Fwp-content%2Fuploads%2F2024%2F04%2Fbu_05471-ezgif.com-jpg-to-webp-converter.webp&description=MHM+Presenta+Shirt-Lupfer%3A+Innovaci%C3%B3n+en+Descarga+Autom%C3%A1tica+de+Prendas\"><i class=\"penci-faicon fa fa-pinterest\" ><\/i><span class=\"dt-share\">Pinterest<\/span><\/a><a class=\"new-ver-share post-share-item post-share-linkedin\" aria-label=\"Compartilhar no LinkedIn\" target=\"_blank\"  rel=\"noreferrer\" href=\"https:\/\/www.linkedin.com\/shareArticle?mini=true&#038;url=https%3A%2F%2Fworldimagingnewslatino.com%2Fpt%2Fmhm-unveils-innovative-shirt-lupfer-for-automated-garment-unloading%2F&#038;title=MHM%20Presenta%20Shirt-Lupfer%3A%20Innovaci%C3%B3n%20en%20Descarga%20Autom%C3%A1tica%20de%20Prendas\"><i class=\"penci-faicon fa fa-linkedin\" ><\/i><span class=\"dt-share\">Linkedin<\/span><\/a><a class=\"new-ver-share post-share-item post-share-tumblr\" aria-label=\"Compartilhar no Tumblr\" target=\"_blank\"  rel=\"noreferrer\" href=\"https:\/\/www.tumblr.com\/share\/link?url=https%3A%2F%2Fworldimagingnewslatino.com%2Fpt%2Fmhm-unveils-innovative-shirt-lupfer-for-automated-garment-unloading%2F&#038;name=MHM%20Presenta%20Shirt-Lupfer%3A%20Innovaci%C3%B3n%20en%20Descarga%20Autom%C3%A1tica%20de%20Prendas\"><i class=\"penci-faicon fa fa-tumblr\" ><\/i><span class=\"dt-share\">Tumblr<\/span><\/a><a class=\"new-ver-share post-share-item post-share-email\" target=\"_blank\" aria-label=\"Compartilhar por e-mail\"  rel=\"noreferrer\" href=\"mailto:?subject=MHM%20Presenta%20Shirt-Lupfer:%20Innovaci\u00f3n%20en%20Descarga%20Autom\u00e1tica%20de%20Prendas&#038;BODY=https:\/\/worldimagingnewslatino.com\/pt\/mhm-unveils-innovative-shirt-lupfer-for-automated-garment-unloading\/\"><i class=\"penci-faicon fa fa-envelope\" ><\/i><span class=\"dt-share\">E-mail<\/span><\/a>                <\/div>\n            <\/div>\n\t\t    <\/article>\n<\/li>\n<li class=\"grid-style\">\n    <article id=\"post-255565\" class=\"item hentry\">\n\t\t            <div class=\"thumbnail\">\n\t\t\t\t\t\t\t\t                    <a class=\"penci-image-holder penci-lazy\"\n                       data-bgset=\"https:\/\/worldimagingnewslatino.com\/wp-content\/uploads\/2024\/03\/roq-out-ezgif.com-png-to-webp-converter.webp\"\n                       href=\"https:\/\/worldimagingnewslatino.com\/pt\/roq-revolutionizes-on-demand-printing-with-launch-of-roq-out-the-compact-garment-folding-packaging-and-labeling-solution\/\" title=\"A ROQ revoluciona a impress\u00e3o personalizada com o lan\u00e7amento do ROQ Out: a solu\u00e7\u00e3o compacta para dobrar, embalar e etiquetar pe\u00e7as de vestu\u00e1rio.\">\n                    <\/a>\n\t\t\t\t\n\t\t\t\t\t\t\t\t\t\t\t\t\t\t\t\t\t\t\t\t\t\t\t\t\t\t\t\t\t\t\t\t\t            <\/div>\n\t\t\n        <div class=\"grid-header-box\">\n\t\t\t                <span class=\"cat\"><a style=\"\" class=\"penci-cat-name penci-cat-439\" href=\"https:\/\/worldimagingnewslatino.com\/pt\/categoria\/screen-print-2\/folding-and-packaging\/\"  rel=\"category tag\"><span style=\"\">Dobradura e embalagem<\/span><\/a><a style=\"\" class=\"penci-cat-name penci-cat-434\" href=\"https:\/\/worldimagingnewslatino.com\/pt\/categoria\/screen-print-2\/\"  rel=\"category tag\"><span style=\"\">Impress\u00e3o em tela<\/span><\/a><\/span>\n\t\t\t\n            <h2 class=\"penci-entry-title entry-title grid-title penci_grid_title_df\"><a\n                        href=\"https:\/\/worldimagingnewslatino.com\/pt\/roq-revolutionizes-on-demand-printing-with-launch-of-roq-out-the-compact-garment-folding-packaging-and-labeling-solution\/\">A ROQ revoluciona a impress\u00e3o personalizada com o lan\u00e7amento do ROQ Out: a solu\u00e7\u00e3o compacta para dobrar, embalar e etiquetar pe\u00e7as de vestu\u00e1rio.<\/a>\n            <\/h2>\n\t\t\t\t\t\t\t\t<div class=\"penci-hide-tagupdated\">\n\t\t\t<span class=\"author-italic author vcard\">by \t\t\t\t\t\t\t\t\t\t<a class=\"author-url url fn n\" href=\"https:\/\/worldimagingnewslatino.com\/pt\/author\/dan\/\">Equipe<\/a>\t\t\t\t\t\t\t\t\t<\/span>\n\t\t\t<time class=\"entry-date published\" datetime=\"2024-03-13T09:25:55-07:00\">03\/13\/2024<\/time>\t\t<\/div>\n\t\t\t\t\t\t                <div class=\"grid-post-box-meta\">\n\t\t\t\t\t\t\t\t\t\t                        <span class=\"otherl-date-author author-italic author vcard\">by                                 <a class=\"author-url url fn n\" href=\"https:\/\/worldimagingnewslatino.com\/pt\/author\/dan\/\">Equipe<\/a>\t\t\t\t\t\t\t<\/span>\n\t\t\t\t\t\t\t\t\t\t                        <span class=\"otherl-date\"><time class=\"entry-date published\" datetime=\"2024-03-13T09:25:55-07:00\">03\/13\/2024<\/time><\/span>\n\t\t\t\t\t\t\t\t\t\t\t\t\t\t\t\t\t\t\t\t\t\t\t\t\t\t\t\t\t\t                <\/div>\n\t\t\t        <\/div>\n\n\t\t            <div class=\"item-content entry-content\">\n\t\t\t\t<p>ROQ presenta su nueva m\u00e1quina ROQ Out para doblado, empaque y etiquetado de prendas Oliveira de S. Mateus | Portugal \u2013 Marzo 2024\u00a0\u2013 ROQ, l\u00edder en soluciones de automatizaci\u00f3n para &#8230;<\/p>\n            <\/div>\n\t\t\n\t\t\n\t\t            <div class=\"penci-post-box-meta penci-post-box-grid\">\n                <div class=\"penci-post-share-box\">\n\t\t\t\t\t<a href=\"#\" class=\"penci-post-like\" aria-label=\"Curtir esta postagem\" data-post_id=\"255565\" title=\"Like\" data-like=\"Like\" data-unlike=\"Unlike\"><i class=\"penci-faicon fa fa-heart-o\" ><\/i><span class=\"dt-share\">0<\/span><\/a>\t\t\t\t\t<a class=\"new-ver-share post-share-item post-share-facebook\" aria-label=\"Compartilhar no Facebook\" target=\"_blank\"  rel=\"noreferrer\" href=\"https:\/\/www.facebook.com\/sharer\/sharer.php?u=https:\/\/worldimagingnewslatino.com\/pt\/roq-revolutionizes-on-demand-printing-with-launch-of-roq-out-the-compact-garment-folding-packaging-and-labeling-solution\/\"><i class=\"penci-faicon fa fa-facebook\" ><\/i><span class=\"dt-share\">Facebook<\/span><\/a><a class=\"new-ver-share post-share-item post-share-twitter\" aria-label=\"Compartilhar no Twitter\" target=\"_blank\"  rel=\"noreferrer\" href=\"https:\/\/x.com\/intent\/tweet?text=Check%20out%20this%20article:%20ROQ%20revoluciona%20la%20impresi%C3%B3n%20personalizada%20con%20el%20lanzamiento%20de%20ROQ%20Out%3A%20la%20soluci%C3%B3n%20compacta%20para%20doblado%2C%20empaque%20y%20etiquetado%20de%20prendas%20-%20https:\/\/worldimagingnewslatino.com\/pt\/roq-revolutionizes-on-demand-printing-with-launch-of-roq-out-the-compact-garment-folding-packaging-and-labeling-solution\/\"><i class=\"penci-faicon penciicon-x-twitter\" ><\/i><span class=\"dt-share\">Twitter<\/span><\/a><a class=\"new-ver-share post-share-item post-share-pinterest\" aria-label=\"Fixar no Pinterest\" data-pin-do=\"none\"  rel=\"noreferrer\" target=\"_blank\" href=\"https:\/\/www.pinterest.com\/pin\/create\/button\/?url=https%3A%2F%2Fworldimagingnewslatino.com%2Fpt%2Froq-revolutionizes-on-demand-printing-with-launch-of-roq-out-the-compact-garment-folding-packaging-and-labeling-solution%2F&media=https%3A%2F%2Fworldimagingnewslatino.com%2Fwp-content%2Fuploads%2F2024%2F03%2Froq-out-ezgif.com-png-to-webp-converter.webp&description=ROQ+revoluciona+la+impresi%C3%B3n+personalizada+con+el+lanzamiento+de+ROQ+Out%3A+la+soluci%C3%B3n+compacta+para+doblado%2C+empaque+y+etiquetado+de+prendas\"><i class=\"penci-faicon fa fa-pinterest\" ><\/i><span class=\"dt-share\">Pinterest<\/span><\/a><a class=\"new-ver-share post-share-item post-share-linkedin\" aria-label=\"Compartilhar no LinkedIn\" target=\"_blank\"  rel=\"noreferrer\" href=\"https:\/\/www.linkedin.com\/shareArticle?mini=true&#038;url=https%3A%2F%2Fworldimagingnewslatino.com%2Fpt%2Froq-revolutionizes-on-demand-printing-with-launch-of-roq-out-the-compact-garment-folding-packaging-and-labeling-solution%2F&#038;title=ROQ%20revoluciona%20la%20impresi%C3%B3n%20personalizada%20con%20el%20lanzamiento%20de%20ROQ%20Out%3A%20la%20soluci%C3%B3n%20compacta%20para%20doblado%2C%20empaque%20y%20etiquetado%20de%20prendas\"><i class=\"penci-faicon fa fa-linkedin\" ><\/i><span class=\"dt-share\">Linkedin<\/span><\/a><a class=\"new-ver-share post-share-item post-share-tumblr\" aria-label=\"Compartilhar no Tumblr\" target=\"_blank\"  rel=\"noreferrer\" href=\"https:\/\/www.tumblr.com\/share\/link?url=https%3A%2F%2Fworldimagingnewslatino.com%2Fpt%2Froq-revolutionizes-on-demand-printing-with-launch-of-roq-out-the-compact-garment-folding-packaging-and-labeling-solution%2F&#038;name=ROQ%20revoluciona%20la%20impresi%C3%B3n%20personalizada%20con%20el%20lanzamiento%20de%20ROQ%20Out%3A%20la%20soluci%C3%B3n%20compacta%20para%20doblado%2C%20empaque%20y%20etiquetado%20de%20prendas\"><i class=\"penci-faicon fa fa-tumblr\" ><\/i><span class=\"dt-share\">Tumblr<\/span><\/a><a class=\"new-ver-share post-share-item post-share-email\" target=\"_blank\" aria-label=\"Compartilhar por e-mail\"  rel=\"noreferrer\" href=\"mailto:?subject=ROQ%20revoluciona%20la%20impresi\u00f3n%20personalizada%20con%20el%20lanzamiento%20de%20ROQ%20Out:%20la%20soluci\u00f3n%20compacta%20para%20doblado,%20empaque%20y%20etiquetado%20de%20prendas&#038;BODY=https:\/\/worldimagingnewslatino.com\/pt\/roq-revolutionizes-on-demand-printing-with-launch-of-roq-out-the-compact-garment-folding-packaging-and-labeling-solution\/\"><i class=\"penci-faicon fa fa-envelope\" ><\/i><span class=\"dt-share\">E-mail<\/span><\/a>                <\/div>\n            <\/div>\n\t\t    <\/article>\n<\/li>\n<li class=\"grid-style\">\n    <article id=\"post-255457\" class=\"item hentry\">\n\t\t            <div class=\"thumbnail\">\n\t\t\t\t\t\t\t\t                    <a class=\"penci-image-holder penci-lazy\"\n                       data-bgset=\"https:\/\/worldimagingnewslatino.com\/wp-content\/uploads\/2024\/03\/ezgif.com-jpg-to-webp-converter.webp\"\n                       href=\"https:\/\/worldimagingnewslatino.com\/pt\/a-sewn-products-revoluciona-a-impressao-em-tela-com-o-lancamento-do-coletor-automatico-de-camisetas\/\" title=\"A Sewn Products revoluciona a impress\u00e3o em tela com o lan\u00e7amento do T-Shirt Auto-Catcher\">\n                    <\/a>\n\t\t\t\t\n\t\t\t\t\t\t\t\t\t\t\t\t\t\t\t\t\t\t\t\t\t\t\t\t\t\t\t\t\t\t\t\t\t            <\/div>\n\t\t\n        <div class=\"grid-header-box\">\n\t\t\t                <span class=\"cat\"><a style=\"\" class=\"penci-cat-name penci-cat-439\" href=\"https:\/\/worldimagingnewslatino.com\/pt\/categoria\/screen-print-2\/folding-and-packaging\/\"  rel=\"category tag\"><span style=\"\">Dobradura e embalagem<\/span><\/a><a style=\"\" class=\"penci-cat-name penci-cat-434\" href=\"https:\/\/worldimagingnewslatino.com\/pt\/categoria\/screen-print-2\/\"  rel=\"category tag\"><span style=\"\">Impress\u00e3o em tela<\/span><\/a><\/span>\n\t\t\t\n            <h2 class=\"penci-entry-title entry-title grid-title penci_grid_title_df\"><a\n                        href=\"https:\/\/worldimagingnewslatino.com\/pt\/a-sewn-products-revoluciona-a-impressao-em-tela-com-o-lancamento-do-coletor-automatico-de-camisetas\/\">A Sewn Products revoluciona a impress\u00e3o em tela com o lan\u00e7amento do T-Shirt Auto-Catcher<\/a>\n            <\/h2>\n\t\t\t\t\t\t\t\t<div class=\"penci-hide-tagupdated\">\n\t\t\t<span class=\"author-italic author vcard\">by \t\t\t\t\t\t\t\t\t\t<a class=\"author-url url fn n\" href=\"https:\/\/worldimagingnewslatino.com\/pt\/author\/dan\/\">Equipe<\/a>\t\t\t\t\t\t\t\t\t<\/span>\n\t\t\t<time class=\"entry-date published\" datetime=\"2024-03-06T07:09:39-08:00\">03\/06\/2024<\/time>\t\t<\/div>\n\t\t\t\t\t\t                <div class=\"grid-post-box-meta\">\n\t\t\t\t\t\t\t\t\t\t                        <span class=\"otherl-date-author author-italic author vcard\">by                                 <a class=\"author-url url fn n\" href=\"https:\/\/worldimagingnewslatino.com\/pt\/author\/dan\/\">Equipe<\/a>\t\t\t\t\t\t\t<\/span>\n\t\t\t\t\t\t\t\t\t\t                        <span class=\"otherl-date\"><time class=\"entry-date published\" datetime=\"2024-03-06T07:09:39-08:00\">03\/06\/2024<\/time><\/span>\n\t\t\t\t\t\t\t\t\t\t\t\t\t\t\t\t\t\t\t\t\t\t\t\t\t\t\t\t\t\t                <\/div>\n\t\t\t        <\/div>\n\n\t\t            <div class=\"item-content entry-content\">\n\t\t\t\t<p>Sewn Products revoluciona la serigraf\u00eda con el lanzamiento del T-Shirt Auto-Catcher, un dispositivo automatizado para doblar prendas que ahorra tiempo y dinero a los impresores de camisetas JEFFERSON | Georgia &#8230;<\/p>\n            <\/div>\n\t\t\n\t\t\n\t\t            <div class=\"penci-post-box-meta penci-post-box-grid\">\n                <div class=\"penci-post-share-box\">\n\t\t\t\t\t<a href=\"#\" class=\"penci-post-like\" aria-label=\"Curtir esta postagem\" data-post_id=\"255457\" title=\"Like\" data-like=\"Like\" data-unlike=\"Unlike\"><i class=\"penci-faicon fa fa-heart-o\" ><\/i><span class=\"dt-share\">0<\/span><\/a>\t\t\t\t\t<a class=\"new-ver-share post-share-item post-share-facebook\" aria-label=\"Compartilhar no Facebook\" target=\"_blank\"  rel=\"noreferrer\" href=\"https:\/\/www.facebook.com\/sharer\/sharer.php?u=https:\/\/worldimagingnewslatino.com\/pt\/a-sewn-products-revoluciona-a-impressao-em-tela-com-o-lancamento-do-coletor-automatico-de-camisetas\/\"><i class=\"penci-faicon fa fa-facebook\" ><\/i><span class=\"dt-share\">Facebook<\/span><\/a><a class=\"new-ver-share post-share-item post-share-twitter\" aria-label=\"Compartilhar no Twitter\" target=\"_blank\"  rel=\"noreferrer\" href=\"https:\/\/x.com\/intent\/tweet?text=Check%20out%20this%20article:%20Sewn%20Products%20revoluciona%20la%20serigraf%C3%ADa%20con%20el%20lanzamiento%20del%20T-Shirt%20Auto-Catcher%20-%20https:\/\/worldimagingnewslatino.com\/pt\/a-sewn-products-revoluciona-a-impressao-em-tela-com-o-lancamento-do-coletor-automatico-de-camisetas\/\"><i class=\"penci-faicon penciicon-x-twitter\" ><\/i><span class=\"dt-share\">Twitter<\/span><\/a><a class=\"new-ver-share post-share-item post-share-pinterest\" aria-label=\"Fixar no Pinterest\" data-pin-do=\"none\"  rel=\"noreferrer\" target=\"_blank\" href=\"https:\/\/www.pinterest.com\/pin\/create\/button\/?url=https%3A%2F%2Fworldimagingnewslatino.com%2Fpt%2Fa-sewn-products-revoluciona-a-impressao-em-tela-com-o-lancamento-do-coletor-automatico-de-camisetas%2F&media=https%3A%2F%2Fworldimagingnewslatino.com%2Fwp-content%2Fuploads%2F2024%2F03%2Fezgif.com-jpg-to-webp-converter.webp&description=Sewn+Products+revoluciona+la+serigraf%C3%ADa+con+el+lanzamiento+del+T-Shirt+Auto-Catcher\"><i class=\"penci-faicon fa fa-pinterest\" ><\/i><span class=\"dt-share\">Pinterest<\/span><\/a><a class=\"new-ver-share post-share-item post-share-linkedin\" aria-label=\"Compartilhar no LinkedIn\" target=\"_blank\"  rel=\"noreferrer\" href=\"https:\/\/www.linkedin.com\/shareArticle?mini=true&#038;url=https%3A%2F%2Fworldimagingnewslatino.com%2Fpt%2Fa-sewn-products-revoluciona-a-impressao-em-tela-com-o-lancamento-do-coletor-automatico-de-camisetas%2F&#038;title=Sewn%20Products%20revoluciona%20la%20serigraf%C3%ADa%20con%20el%20lanzamiento%20del%20T-Shirt%20Auto-Catcher\"><i class=\"penci-faicon fa fa-linkedin\" ><\/i><span class=\"dt-share\">Linkedin<\/span><\/a><a class=\"new-ver-share post-share-item post-share-tumblr\" aria-label=\"Compartilhar no Tumblr\" target=\"_blank\"  rel=\"noreferrer\" href=\"https:\/\/www.tumblr.com\/share\/link?url=https%3A%2F%2Fworldimagingnewslatino.com%2Fpt%2Fa-sewn-products-revoluciona-a-impressao-em-tela-com-o-lancamento-do-coletor-automatico-de-camisetas%2F&#038;name=Sewn%20Products%20revoluciona%20la%20serigraf%C3%ADa%20con%20el%20lanzamiento%20del%20T-Shirt%20Auto-Catcher\"><i class=\"penci-faicon fa fa-tumblr\" ><\/i><span class=\"dt-share\">Tumblr<\/span><\/a><a class=\"new-ver-share post-share-item post-share-email\" target=\"_blank\" aria-label=\"Compartilhar por e-mail\"  rel=\"noreferrer\" href=\"mailto:?subject=Sewn%20Products%20revoluciona%20la%20serigraf\u00eda%20con%20el%20lanzamiento%20del%20T-Shirt%20Auto-Catcher&#038;BODY=https:\/\/worldimagingnewslatino.com\/pt\/a-sewn-products-revoluciona-a-impressao-em-tela-com-o-lancamento-do-coletor-automatico-de-camisetas\/\"><i class=\"penci-faicon fa fa-envelope\" ><\/i><span class=\"dt-share\">E-mail<\/span><\/a>                <\/div>\n            <\/div>\n\t\t    <\/article>\n<\/li>\n\n\t\t\t\t\t\t\t\t\t\t\t\t\t\t\t\t\t\t\t\t\t\t\t\t\t\t\t\t<\/ul>\n\t\t\t\t\t\t\t\t\t\t\t\t\t\t\t\t\t\t\t\t\t                        <\/div>\n\n\t\t\t\t\t\t                    <\/div>\n                <\/div>\n\t\t\t            <style>\n                                                                                                                                                                            <\/style>\n\t\t\t\t\t\t\t<\/div>\n\t\t\t\t<\/div>\n\t\t\t\t\t<\/div>\n\t\t\t\t<\/div>\n\t\t\t\t<\/div>","protected":false},"excerpt":{"rendered":"<p>folding and packaging Folding and PackagingScreen Print MHM Unveils Innovative Shirt-Lupfer for Automated Garment Unloading by Staff 04\/25\/2024 by Staff 04\/25\/2024 M\u00dcHLGRABE | Austria &#8211; April 2024 &#8211;\u00a0 Screen print&hellip;<\/p>","protected":false},"author":3,"featured_media":0,"parent":0,"menu_order":0,"comment_status":"closed","ping_status":"closed","template":"","meta":{"_lmt_disableupdate":"no","_lmt_disable":"","cybocfi_hide_featured_image":"","footnotes":""},"class_list":["post-19382","page","type-page","status-publish","hentry"],"_links":{"self":[{"href":"https:\/\/worldimagingnewslatino.com\/pt\/wp-json\/wp\/v2\/pages\/19382"}],"collection":[{"href":"https:\/\/worldimagingnewslatino.com\/pt\/wp-json\/wp\/v2\/pages"}],"about":[{"href":"https:\/\/worldimagingnewslatino.com\/pt\/wp-json\/wp\/v2\/types\/page"}],"author":[{"embeddable":true,"href":"https:\/\/worldimagingnewslatino.com\/pt\/wp-json\/wp\/v2\/users\/3"}],"replies":[{"embeddable":true,"href":"https:\/\/worldimagingnewslatino.com\/pt\/wp-json\/wp\/v2\/comments?post=19382"}],"version-history":[{"count":6,"href":"https:\/\/worldimagingnewslatino.com\/pt\/wp-json\/wp\/v2\/pages\/19382\/revisions"}],"predecessor-version":[{"id":260224,"href":"https:\/\/worldimagingnewslatino.com\/pt\/wp-json\/wp\/v2\/pages\/19382\/revisions\/260224"}],"wp:attachment":[{"href":"https:\/\/worldimagingnewslatino.com\/pt\/wp-json\/wp\/v2\/media?parent=19382"}],"curies":[{"name":"wp","href":"https:\/\/api.w.org\/{rel}","templated":true}]}}