{"id":19344,"date":"2024-02-07T14:09:24","date_gmt":"2024-02-07T22:09:24","guid":{"rendered":"https:\/\/worldimagingnewslatino.com\/?page_id=19344"},"modified":"2024-08-13T16:13:17","modified_gmt":"2024-08-13T23:13:17","slug":"signage-banner-stand-gear","status":"publish","type":"page","link":"https:\/\/worldimagingnewslatino.com\/pt\/signage-banner-stand-gear\/","title":{"rendered":"Signage \u2013 Banner Stand Gear"},"content":{"rendered":"<div data-elementor-type=\"wp-page\" data-elementor-id=\"19344\" class=\"elementor elementor-19344\" data-elementor-post-type=\"page\">\n\t\t\t\t<div class=\"elementor-element elementor-element-9db92f6 e-flex e-con-boxed e-con e-parent\" data-id=\"9db92f6\" data-element_type=\"container\" data-e-type=\"container\">\n\t\t\t\t\t<div class=\"e-con-inner\">\n\t\t\t\t<div class=\"elementor-element elementor-element-245c0ec elementor-widget elementor-widget-penci-latest-posts\" data-id=\"245c0ec\" data-element_type=\"widget\" data-e-type=\"widget\" data-widget_type=\"penci-latest-posts.default\">\n\t\t\t\t<div class=\"elementor-widget-container\">\n\t\t\t\t\t                <div id=\"pencilatest_posts_93605\" class=\"penci-latest-posts-sc penci-latest-posts-grid penci-latest-posts-el penci-el-mixed-s1 penci-std-continue-center penci-std-excerpt-center penci-grid-excerpt-left\">\n\t\t\t\t\t\t\t\t\t\t\t                        <div class=\"penci-border-arrow penci-homepage-title penci-home-latest-posts style-7 pcalign-left pciconp-right pcicon-right\">\n                            <h3 class=\"inner-arrow\">\n                                <span>\n\t\t\t\t\t\t\t\t<span>Sinaliza\u00e7\u00e3o<\/span>                                <\/span>\n                            <\/h3>\n\t\t\t\t\t\t\t                        <\/div>\n\t\t\t\t\t                    <div class=\"penci-wrapper-posts-ajax\">\n\n                        <div class=\"penci-wrapper-posts-content pwid-default\">\n\n\t\t\t\t\t\t\t\t\t\t\t\t\t\t\t                                <ul data-cols=\"3\" data-tcols=\"3\" data-mcols=\"2\" data-layout=\"grid\"\n                                    class=\"has-d-cols has-t-cols has-m-cols penci-wrapper-data penci-grid penci-shortcode-render\">\t\t\t\t\t\t\t\t\t\t\t\t\t\t\t\t\t\t\t\t\t\t\t\t\t\t\t\t\t<li class=\"grid-style\">\n    <article id=\"post-263631\" class=\"item hentry\">\n\t\t            <div class=\"thumbnail\">\n\t\t\t\t\t\t\t\t                    <a class=\"penci-image-holder penci-lazy\" data-bgset=\"https:\/\/worldimagingnewslatino.com\/wp-content\/uploads\/2025\/12\/admin-ajax-17-585x390.png\" href=\"https:\/\/worldimagingnewslatino.com\/pt\/hp-redefine-la-escalabilidad-y-la-productividad-con-la-nueva-hp-latex-fs70-w\/\" title=\"HP redefine la escalabilidad y la productividad con la nueva HP Latex FS70 W\">\n                    <\/a>\n\t\t\t\t\n\t\t\t\t\t\t\t\t\t\t\t\t\t\t\t\t\t\t\t\t\t\t\t\t\t\t\t\t\t\t\t\t\t            <\/div>\n\t\t\n        <div class=\"grid-header-box\">\n\t\t\t                <span class=\"cat\"><a style=\"\" class=\"penci-cat-name penci-cat-807\" href=\"https:\/\/worldimagingnewslatino.com\/pt\/categoria\/featured-news\/\" rel=\"category tag\"><span style=\"\">Not\u00edcias em destaque<\/span><\/a><a style=\"\" class=\"penci-cat-name penci-cat-225\" href=\"https:\/\/worldimagingnewslatino.com\/pt\/categoria\/impressoras\/latex-printers\/\" rel=\"category tag\"><span style=\"\">L\u00e1tex<\/span><\/a><a style=\"\" class=\"penci-cat-name penci-cat-72\" href=\"https:\/\/worldimagingnewslatino.com\/pt\/categoria\/aplicativos\/sinalizacao\/\" rel=\"category tag\"><span style=\"\">Sinaliza\u00e7\u00e3o<\/span><\/a><\/span>\n\t\t\t\n            <h2 class=\"penci-entry-title entry-title grid-title penci_grid_title_df\"><a href=\"https:\/\/worldimagingnewslatino.com\/pt\/hp-redefine-la-escalabilidad-y-la-productividad-con-la-nueva-hp-latex-fs70-w\/\">HP redefine la escalabilidad y la productividad con la nueva HP Latex FS70 W<\/a>\n            <\/h2>\n\t\t\t\t\t\t\t\t<div class=\"penci-hide-tagupdated\">\n\t\t\t<span class=\"author-italic author vcard\">by \t\t\t\t\t\t\t\t\t\t<a class=\"author-url url fn n\" href=\"https:\/\/worldimagingnewslatino.com\/pt\/author\/mj\/\">Equipe 1<\/a>\t\t\t\t\t\t\t\t\t<\/span>\n\t\t\t<time class=\"entry-date published\" datetime=\"2025-12-08T11:46:46-08:00\">12\/08\/2025<\/time>\t\t<\/div>\n\t\t\t\t\t\t                <div class=\"grid-post-box-meta\">\n\t\t\t\t\t\t\t\t\t\t\t\t\t\t\t                        <span class=\"otherl-date\"><time class=\"entry-date published\" datetime=\"2025-12-08T11:46:46-08:00\">12\/08\/2025<\/time><\/span>\n\t\t\t\t\t\t\t\t\t\t\t\t\t\t\t\t\t\t\t\t\t\t\t\t\t\t\t\t\t\t                <\/div>\n\t\t\t        <\/div>\n\n\t\t            <div class=\"item-content entry-content\">\n\t\t\t\t<p>ChatGPT said: La nueva HP Latex FS70 W sucede a la serie HP Latex 3X00 para cumplir la promesa de la plataforma escalable de HP, permitiendo a los Proveedores de &#8230;<\/p>\n            <\/div>\n\t\t\n\t\t\n\t\t    <\/article>\n<\/li>\n<li class=\"grid-style\">\n    <article id=\"post-263628\" class=\"item hentry\">\n\t\t            <div class=\"thumbnail\">\n\t\t\t\t\t\t\t\t                    <a class=\"penci-image-holder penci-lazy\" data-bgset=\"https:\/\/worldimagingnewslatino.com\/wp-content\/uploads\/2025\/11\/admin-ajax-3-585x390.jpeg\" href=\"https:\/\/worldimagingnewslatino.com\/pt\/innovacion-tecnologica-mutoh\/\" title=\"Resumen de Innovaci\u00f3n Tecnol\u00f3gica: MUTOH HydrAton 1642 + AQUAFUZE\u2122 UV Base Agua impresionan en PRINTING United 2025\">\n                    <\/a>\n\t\t\t\t\n\t\t\t\t\t\t\t\t\t\t\t\t\t\t\t\t\t\t\t\t\t\t\t\t\t\t\t\t\t\t\t\t\t            <\/div>\n\t\t\n        <div class=\"grid-header-box\">\n\t\t\t                <span class=\"cat\"><a style=\"\" class=\"penci-cat-name penci-cat-807\" href=\"https:\/\/worldimagingnewslatino.com\/pt\/categoria\/featured-news\/\" rel=\"category tag\"><span style=\"\">Not\u00edcias em destaque<\/span><\/a><a style=\"\" class=\"penci-cat-name penci-cat-72\" href=\"https:\/\/worldimagingnewslatino.com\/pt\/categoria\/aplicativos\/sinalizacao\/\" rel=\"category tag\"><span style=\"\">Sinaliza\u00e7\u00e3o<\/span><\/a><\/span>\n\t\t\t\n            <h2 class=\"penci-entry-title entry-title grid-title penci_grid_title_df\"><a href=\"https:\/\/worldimagingnewslatino.com\/pt\/innovacion-tecnologica-mutoh\/\">Resumen de Innovaci\u00f3n Tecnol\u00f3gica: MUTOH HydrAton 1642 + AQUAFUZE\u2122 UV Base Agua impresionan en PRINTING United 2025<\/a>\n            <\/h2>\n\t\t\t\t\t\t\t\t<div class=\"penci-hide-tagupdated\">\n\t\t\t<span class=\"author-italic author vcard\">by \t\t\t\t\t\t\t\t\t\t<a class=\"author-url url fn n\" href=\"https:\/\/worldimagingnewslatino.com\/pt\/author\/mj\/\">Equipe 1<\/a>\t\t\t\t\t\t\t\t\t<\/span>\n\t\t\t<time class=\"entry-date published\" datetime=\"2025-11-03T14:20:10-08:00\">11\/03\/2025<\/time>\t\t<\/div>\n\t\t\t\t\t\t                <div class=\"grid-post-box-meta\">\n\t\t\t\t\t\t\t\t\t\t\t\t\t\t\t                        <span class=\"otherl-date\"><time class=\"entry-date published\" datetime=\"2025-11-03T14:20:10-08:00\">11\/03\/2025<\/time><\/span>\n\t\t\t\t\t\t\t\t\t\t\t\t\t\t\t\t\t\t\t\t\t\t\t\t\t\t\t\t\t\t                <\/div>\n\t\t\t        <\/div>\n\n\t\t            <div class=\"item-content entry-content\">\n\t\t\t\t<p>ChatGPT said: PHOENIX | Arizona \u2013 Octubre de 2025 \u2013 MUTOH America, Inc. capt\u00f3 gran atenci\u00f3n en PRINTING United 2025 con la presentaci\u00f3n en Estados Unidos de su impresora rollo &#8230;<\/p>\n            <\/div>\n\t\t\n\t\t\n\t\t    <\/article>\n<\/li>\n<li class=\"grid-style\">\n    <article id=\"post-263616\" class=\"item hentry\">\n\t\t            <div class=\"thumbnail\">\n\t\t\t\t\t\t\t\t                    <a class=\"penci-image-holder penci-lazy\" data-bgset=\"https:\/\/worldimagingnewslatino.com\/wp-content\/uploads\/2025\/10\/admin-ajax-16-585x390.png\" href=\"https:\/\/worldimagingnewslatino.com\/pt\/mutoh-lanza-la-xpertjet-1641sr-pro-ii-mas-rapida-inteligente-y-lista-para-la-produccion\/\" title=\"MUTOH lanza la XpertJet 1641SR Pro II: m\u00e1s r\u00e1pida, inteligente y lista para la producci\u00f3n\">\n                    <\/a>\n\t\t\t\t\n\t\t\t\t\t\t\t\t\t\t\t\t\t\t\t\t\t\t\t\t\t\t\t\t\t\t\t\t\t\t\t\t\t            <\/div>\n\t\t\n        <div class=\"grid-header-box\">\n\t\t\t                <span class=\"cat\"><a style=\"\" class=\"penci-cat-name penci-cat-416\" href=\"https:\/\/worldimagingnewslatino.com\/pt\/categoria\/impressoras\/eco\/\" rel=\"category tag\"><span style=\"\">Eco<\/span><\/a><a style=\"\" class=\"penci-cat-name penci-cat-72\" href=\"https:\/\/worldimagingnewslatino.com\/pt\/categoria\/aplicativos\/sinalizacao\/\" rel=\"category tag\"><span style=\"\">Sinaliza\u00e7\u00e3o<\/span><\/a><a style=\"\" class=\"penci-cat-name penci-cat-78\" href=\"https:\/\/worldimagingnewslatino.com\/pt\/categoria\/aplicativos\/wraps-applications\/\" rel=\"category tag\"><span style=\"\">Wraps<\/span><\/a><\/span>\n\t\t\t\n            <h2 class=\"penci-entry-title entry-title grid-title penci_grid_title_df\"><a href=\"https:\/\/worldimagingnewslatino.com\/pt\/mutoh-lanza-la-xpertjet-1641sr-pro-ii-mas-rapida-inteligente-y-lista-para-la-produccion\/\">MUTOH lanza la XpertJet 1641SR Pro II: m\u00e1s r\u00e1pida, inteligente y lista para la producci\u00f3n<\/a>\n            <\/h2>\n\t\t\t\t\t\t\t\t<div class=\"penci-hide-tagupdated\">\n\t\t\t<span class=\"author-italic author vcard\">by \t\t\t\t\t\t\t\t\t\t<a class=\"author-url url fn n\" href=\"https:\/\/worldimagingnewslatino.com\/pt\/author\/mj\/\">Equipe 1<\/a>\t\t\t\t\t\t\t\t\t<\/span>\n\t\t\t<time class=\"entry-date published\" datetime=\"2025-10-21T10:25:30-07:00\">10\/21\/2025<\/time>\t\t<\/div>\n\t\t\t\t\t\t                <div class=\"grid-post-box-meta\">\n\t\t\t\t\t\t\t\t\t\t\t\t\t\t\t                        <span class=\"otherl-date\"><time class=\"entry-date published\" datetime=\"2025-10-21T10:25:30-07:00\">10\/21\/2025<\/time><\/span>\n\t\t\t\t\t\t\t\t\t\t\t\t\t\t\t\t\t\t\t\t\t\t\t\t\t\t\t\t\t\t                <\/div>\n\t\t\t        <\/div>\n\n\t\t            <div class=\"item-content entry-content\">\n\t\t\t\t<p>PHOENIX | Arizona &#8211; Octubre de 2025 &#8211; MUTOH America, Inc. ha presentado la XpertJet 1641SR Pro II, una impresora eco-solvente de 1.6 metros (64\u201d) dise\u00f1ada para profesionales que exigen &#8230;<\/p>\n            <\/div>\n\t\t\n\t\t\n\t\t    <\/article>\n<\/li>\n<li class=\"grid-style\">\n    <article id=\"post-263477\" class=\"item hentry\">\n\t\t            <div class=\"thumbnail\">\n\t\t\t\t\t\t\t\t                    <a class=\"penci-image-holder penci-lazy\" data-bgset=\"https:\/\/worldimagingnewslatino.com\/wp-content\/uploads\/2025\/09\/admin-ajax-57-533x390.png\" href=\"https:\/\/worldimagingnewslatino.com\/pt\/la-actualizacion-de-vantage-incorpora-control-de-tiempo-para-instalaciones-y-simplifica-la-planificacion-de-talleres-de-impresion-y-rotulacion\/\" title=\"La actualizaci\u00f3n de Vantage incorpora control de tiempo para instalaciones y simplifica la planificaci\u00f3n de talleres de impresi\u00f3n y rotulaci\u00f3n\">\n                    <\/a>\n\t\t\t\t\n\t\t\t\t\t\t\t\t\t\t\t\t\t\t\t\t\t\t\t\t\t\t\t\t\t\t\t\t\t\t\t\t\t            <\/div>\n\t\t\n        <div class=\"grid-header-box\">\n\t\t\t                <span class=\"cat\"><a style=\"\" class=\"penci-cat-name penci-cat-35\" href=\"https:\/\/worldimagingnewslatino.com\/pt\/categoria\/software\/business-and-production\/\" rel=\"category tag\"><span style=\"\">Neg\u00f3cios e produ\u00e7\u00e3o<\/span><\/a><a style=\"\" class=\"penci-cat-name penci-cat-72\" href=\"https:\/\/worldimagingnewslatino.com\/pt\/categoria\/aplicativos\/sinalizacao\/\" rel=\"category tag\"><span style=\"\">Sinaliza\u00e7\u00e3o<\/span><\/a><\/span>\n\t\t\t\n            <h2 class=\"penci-entry-title entry-title grid-title penci_grid_title_df\"><a href=\"https:\/\/worldimagingnewslatino.com\/pt\/la-actualizacion-de-vantage-incorpora-control-de-tiempo-para-instalaciones-y-simplifica-la-planificacion-de-talleres-de-impresion-y-rotulacion\/\">La actualizaci\u00f3n de Vantage incorpora control de tiempo para instalaciones y simplifica la planificaci\u00f3n de talleres de impresi\u00f3n y rotulaci\u00f3n<\/a>\n            <\/h2>\n\t\t\t\t\t\t\t\t<div class=\"penci-hide-tagupdated\">\n\t\t\t<span class=\"author-italic author vcard\">by \t\t\t\t\t\t\t\t\t\t<a class=\"author-url url fn n\" href=\"https:\/\/worldimagingnewslatino.com\/pt\/author\/mj\/\">Equipe 1<\/a>\t\t\t\t\t\t\t\t\t<\/span>\n\t\t\t<time class=\"entry-date published\" datetime=\"2025-09-21T11:36:51-07:00\">09\/21\/2025<\/time>\t\t<\/div>\n\t\t\t\t\t\t                <div class=\"grid-post-box-meta\">\n\t\t\t\t\t\t\t\t\t\t\t\t\t\t\t                        <span class=\"otherl-date\"><time class=\"entry-date published\" datetime=\"2025-09-21T11:36:51-07:00\">09\/21\/2025<\/time><\/span>\n\t\t\t\t\t\t\t\t\t\t\t\t\t\t\t\t\t\t\t\t\t\t\t\t\t\t\t\t\t\t                <\/div>\n\t\t\t        <\/div>\n\n\t\t            <div class=\"item-content entry-content\">\n\t\t\t\t<p>EE. UU. \u2013 Septiembre 2025 \u2013 Vantage, un software de gesti\u00f3n de instalaciones para la industria de la impresi\u00f3n en gran formato y la rotulaci\u00f3n, ha lanzado una importante actualizaci\u00f3n &#8230;<\/p>\n            <\/div>\n\t\t\n\t\t\n\t\t    <\/article>\n<\/li>\n<li class=\"grid-style\">\n    <article id=\"post-16517\" class=\"item hentry\">\n\t\t            <div class=\"thumbnail\">\n\t\t\t\t\t\t\t\t                    <a class=\"penci-image-holder penci-lazy\" data-bgset=\"https:\/\/worldimagingnewslatino.com\/wp-content\/uploads\/2023\/12\/logojet-breaks-new-ground-with-launch-of-strata-series-flatbeds.webp\" href=\"https:\/\/worldimagingnewslatino.com\/pt\/logojet-breaks-new-ground-with-launch-of-strata-series-flatbeds\/\" title=\"LogoJET abre novos caminhos com o lan\u00e7amento dos flatbeds da s\u00e9rie Strata\">\n                    <\/a>\n\t\t\t\t\n\t\t\t\t\t\t\t\t\t\t\t\t\t\t\t\t\t\t\t\t\t\t\t\t\t\t\t\t\t\t\t\t\t            <\/div>\n\t\t\n        <div class=\"grid-header-box\">\n\t\t\t                <span class=\"cat\"><a style=\"\" class=\"penci-cat-name penci-cat-135\" href=\"https:\/\/worldimagingnewslatino.com\/pt\/categoria\/aplicativos\/industrial\/\" rel=\"category tag\"><span style=\"\">Industrial<\/span><\/a><a style=\"\" class=\"penci-cat-name penci-cat-212\" href=\"https:\/\/worldimagingnewslatino.com\/pt\/categoria\/impressoras\/\" rel=\"category tag\"><span style=\"\">Impressoras<\/span><\/a><a style=\"\" class=\"penci-cat-name penci-cat-72\" href=\"https:\/\/worldimagingnewslatino.com\/pt\/categoria\/aplicativos\/sinalizacao\/\" rel=\"category tag\"><span style=\"\">Sinaliza\u00e7\u00e3o<\/span><\/a><a style=\"\" class=\"penci-cat-name penci-cat-229\" href=\"https:\/\/worldimagingnewslatino.com\/pt\/categoria\/impressoras\/uv-printers\/\" rel=\"category tag\"><span style=\"\">Impressora UV<\/span><\/a><\/span>\n\t\t\t\n            <h2 class=\"penci-entry-title entry-title grid-title penci_grid_title_df\"><a href=\"https:\/\/worldimagingnewslatino.com\/pt\/logojet-breaks-new-ground-with-launch-of-strata-series-flatbeds\/\">LogoJET abre novos caminhos com o lan\u00e7amento dos flatbeds da s\u00e9rie Strata<\/a>\n            <\/h2>\n\t\t\t\t\t\t\t\t<div class=\"penci-hide-tagupdated\">\n\t\t\t<span class=\"author-italic author vcard\">by \t\t\t\t\t\t\t\t\t\t<a class=\"author-url url fn n\" href=\"https:\/\/worldimagingnewslatino.com\/pt\/author\/dan\/\">Equipe<\/a>\t\t\t\t\t\t\t\t\t<\/span>\n\t\t\t<time class=\"entry-date published\" datetime=\"2023-12-20T16:23:50-08:00\">12\/20\/2023<\/time>\t\t<\/div>\n\t\t\t\t\t\t                <div class=\"grid-post-box-meta\">\n\t\t\t\t\t\t\t\t\t\t\t\t\t\t\t                        <span class=\"otherl-date\"><time class=\"entry-date published\" datetime=\"2023-12-20T16:23:50-08:00\">12\/20\/2023<\/time><\/span>\n\t\t\t\t\t\t\t\t\t\t\t\t\t\t\t\t\t\t\t\t\t\t\t\t\t\t\t\t\t\t                <\/div>\n\t\t\t        <\/div>\n\n\t\t            <div class=\"item-content entry-content\">\n\t\t\t\t<p>LAFAYETTE, Louisiana - novembro de 2023 - A LogoJET tem o prazer de anunciar o lan\u00e7amento de sua revolucion\u00e1ria s\u00e9rie Strata. Com 18 anos de fornecimento de impressoras de pequeno formato topo de linha, a LogoJET expande sua ...<\/p>\n            <\/div>\n\t\t\n\t\t\n\t\t    <\/article>\n<\/li>\n<li class=\"grid-style\">\n    <article id=\"post-16781\" class=\"item hentry\">\n\t\t            <div class=\"thumbnail\">\n\t\t\t\t\t\t\t\t                    <a class=\"penci-image-holder penci-lazy\" data-bgset=\"https:\/\/worldimagingnewslatino.com\/wp-content\/uploads\/2023\/12\/auto-draft.webp\" href=\"https:\/\/worldimagingnewslatino.com\/pt\/brother-industries-ltd-unveils-innovative-wf1-l640-latex-wide-format-printer-for-signs-and-displays\/\" title=\"Brother Industries, Ltd. apresenta a inovadora impressora de grande formato em l\u00e1tex WF1-L640 para letreiros e displays\">\n                    <\/a>\n\t\t\t\t\n\t\t\t\t\t\t\t\t\t\t\t\t\t\t\t\t\t\t\t\t\t\t\t\t\t\t\t\t\t\t\t\t\t            <\/div>\n\t\t\n        <div class=\"grid-header-box\">\n\t\t\t                <span class=\"cat\"><a style=\"\" class=\"penci-cat-name penci-cat-225\" href=\"https:\/\/worldimagingnewslatino.com\/pt\/categoria\/impressoras\/latex-printers\/\" rel=\"category tag\"><span style=\"\">L\u00e1tex<\/span><\/a><a style=\"\" class=\"penci-cat-name penci-cat-212\" href=\"https:\/\/worldimagingnewslatino.com\/pt\/categoria\/impressoras\/\" rel=\"category tag\"><span style=\"\">Impressoras<\/span><\/a><a style=\"\" class=\"penci-cat-name penci-cat-137\" href=\"https:\/\/worldimagingnewslatino.com\/pt\/categoria\/aplicativos\/retail-displays\/\" rel=\"category tag\"><span style=\"\">Expositores de varejo<\/span><\/a><a style=\"\" class=\"penci-cat-name penci-cat-72\" href=\"https:\/\/worldimagingnewslatino.com\/pt\/categoria\/aplicativos\/sinalizacao\/\" rel=\"category tag\"><span style=\"\">Sinaliza\u00e7\u00e3o<\/span><\/a><\/span>\n\t\t\t\n            <h2 class=\"penci-entry-title entry-title grid-title penci_grid_title_df\"><a href=\"https:\/\/worldimagingnewslatino.com\/pt\/brother-industries-ltd-unveils-innovative-wf1-l640-latex-wide-format-printer-for-signs-and-displays\/\">Brother Industries, Ltd. apresenta a inovadora impressora de grande formato em l\u00e1tex WF1-L640 para letreiros e displays<\/a>\n            <\/h2>\n\t\t\t\t\t\t\t\t<div class=\"penci-hide-tagupdated\">\n\t\t\t<span class=\"author-italic author vcard\">by \t\t\t\t\t\t\t\t\t\t<a class=\"author-url url fn n\" href=\"https:\/\/worldimagingnewslatino.com\/pt\/author\/dan\/\">Equipe<\/a>\t\t\t\t\t\t\t\t\t<\/span>\n\t\t\t<time class=\"entry-date published\" datetime=\"2023-12-18T15:53:12-08:00\">12\/18\/2023<\/time>\t\t<\/div>\n\t\t\t\t\t\t                <div class=\"grid-post-box-meta\">\n\t\t\t\t\t\t\t\t\t\t\t\t\t\t\t                        <span class=\"otherl-date\"><time class=\"entry-date published\" datetime=\"2023-12-18T15:53:12-08:00\">12\/18\/2023<\/time><\/span>\n\t\t\t\t\t\t\t\t\t\t\t\t\t\t\t\t\t\t\t\t\t\t\t\t\t\t\t\t\t\t                <\/div>\n\t\t\t        <\/div>\n\n\t\t            <div class=\"item-content entry-content\">\n\t\t\t\t<p>T\u00d3QUIO, Jap\u00e3o - Novembro de 2023 - A Brother Industries, Ltd. anuncia o desenvolvimento da impressora de grande formato de l\u00e1tex WF1-L640, uma adi\u00e7\u00e3o de ponta \u00e0 sua linha de produtos projetada para aplica\u00e7\u00f5es como ambientes externos ...<\/p>\n            <\/div>\n\t\t\n\t\t\n\t\t    <\/article>\n<\/li>\n\n\t\t\t\t\t\t\t\t\t\t\t\t\t\t\t\t\t\t\t\t\t\t\t\t\t\t\t\t<\/ul>\n\t\t\t\t\t\t\t\t\t\t\t\t\t\t<div class=\"penci-pagination align-left\"><ul class='page-numbers'>\n\t<li><span aria-current=\"page\" class=\"page-numbers current\">1<\/span><\/li>\n\t<li><a class=\"page-numbers\" href=\"https:\/\/worldimagingnewslatino.com\/wp-json\/wp\/v2\/pages\/19344\/page\/2\/\">2<\/a><\/li>\n\t<li><a class=\"next page-numbers\" href=\"https:\/\/worldimagingnewslatino.com\/wp-json\/wp\/v2\/pages\/19344\/page\/2\/\"><i class=\"penci-faicon fa fa-angle-right\" ><\/i><\/a><\/li>\n<\/ul>\n<\/div>\t\t\t\t\t\t\t                        <\/div>\n\n\t\t\t\t\t\t                    <\/div>\n                <\/div>\n\t\t\t            <style>\n                                                                                                                                                                            <\/style>\n\t\t\t\t\t\t\t<\/div>\n\t\t\t\t<\/div>\n\t\t\t\t\t<\/div>\n\t\t\t\t<\/div>\n\t\t\t\t<\/div>","protected":false},"excerpt":{"rendered":"<p>Signage LatexPrintersRetail DisplaysSignage HP Expands Latex Range with New Entry\u2010Level 630\u2010Series by Staff 3 12\/21\/2023 12\/21\/2023 PALO ALTO, California &#8211; September 2023 \u2013 HP Inc (NYSE: HPQ) launched the new&hellip;<\/p>","protected":false},"author":3,"featured_media":0,"parent":0,"menu_order":0,"comment_status":"closed","ping_status":"closed","template":"","meta":{"_lmt_disableupdate":"no","_lmt_disable":"","cybocfi_hide_featured_image":"","footnotes":""},"class_list":["post-19344","page","type-page","status-publish","hentry"],"_links":{"self":[{"href":"https:\/\/worldimagingnewslatino.com\/pt\/wp-json\/wp\/v2\/pages\/19344"}],"collection":[{"href":"https:\/\/worldimagingnewslatino.com\/pt\/wp-json\/wp\/v2\/pages"}],"about":[{"href":"https:\/\/worldimagingnewslatino.com\/pt\/wp-json\/wp\/v2\/types\/page"}],"author":[{"embeddable":true,"href":"https:\/\/worldimagingnewslatino.com\/pt\/wp-json\/wp\/v2\/users\/3"}],"replies":[{"embeddable":true,"href":"https:\/\/worldimagingnewslatino.com\/pt\/wp-json\/wp\/v2\/comments?post=19344"}],"version-history":[{"count":6,"href":"https:\/\/worldimagingnewslatino.com\/pt\/wp-json\/wp\/v2\/pages\/19344\/revisions"}],"predecessor-version":[{"id":260346,"href":"https:\/\/worldimagingnewslatino.com\/pt\/wp-json\/wp\/v2\/pages\/19344\/revisions\/260346"}],"wp:attachment":[{"href":"https:\/\/worldimagingnewslatino.com\/pt\/wp-json\/wp\/v2\/media?parent=19344"}],"curies":[{"name":"wp","href":"https:\/\/api.w.org\/{rel}","templated":true}]}}