{"id":19321,"date":"2024-02-07T14:02:53","date_gmt":"2024-02-07T22:02:53","guid":{"rendered":"https:\/\/worldimagingnewslatino.com\/?page_id=19321"},"modified":"2024-08-13T15:41:41","modified_gmt":"2024-08-13T22:41:41","slug":"hardware","status":"publish","type":"page","link":"https:\/\/worldimagingnewslatino.com\/pt\/hardware\/","title":{"rendered":"Hardware"},"content":{"rendered":"<div data-elementor-type=\"wp-page\" data-elementor-id=\"19321\" class=\"elementor elementor-19321\" data-elementor-post-type=\"page\">\n\t\t\t\t<div class=\"elementor-element elementor-element-b18e594 e-flex e-con-boxed e-con e-parent\" data-id=\"b18e594\" data-element_type=\"container\" data-e-type=\"container\">\n\t\t\t\t\t<div class=\"e-con-inner\">\n\t\t\t\t<div class=\"elementor-element elementor-element-3f2f2ac elementor-widget elementor-widget-penci-latest-posts\" data-id=\"3f2f2ac\" data-element_type=\"widget\" data-e-type=\"widget\" data-widget_type=\"penci-latest-posts.default\">\n\t\t\t\t<div class=\"elementor-widget-container\">\n\t\t\t\t\t                <div id=\"pencilatest_posts_43394\" class=\"penci-latest-posts-sc penci-latest-posts-grid penci-latest-posts-el penci-el-mixed-s1 penci-std-continue-center penci-std-excerpt-center penci-grid-excerpt-left\">\n\t\t\t\t\t\t\t\t\t\t\t                        <div class=\"penci-border-arrow penci-homepage-title penci-home-latest-posts style-7 pcalign-left pciconp-right pcicon-right\">\n                            <h3 class=\"inner-arrow\">\n                                <span>\n\t\t\t\t\t\t\t\t<span>hardware<\/span>                                <\/span>\n                            <\/h3>\n\t\t\t\t\t\t\t                        <\/div>\n\t\t\t\t\t                    <div class=\"penci-wrapper-posts-ajax\">\n\n                        <div class=\"penci-wrapper-posts-content pwid-default\">\n\n\t\t\t\t\t\t\t\t\t\t\t\t\t\t\t                                <ul data-cols=\"3\" data-tcols=\"3\" data-mcols=\"2\" data-layout=\"grid\"\n                                    class=\"has-d-cols has-t-cols has-m-cols penci-wrapper-data penci-grid penci-shortcode-render\">\t\t\t\t\t\t\t\t\t\t\t\t\t\t\t\t\t\t\t\t\t\t\t\t\t\t\t\t\t<li class=\"grid-style\">\n    <article id=\"post-255915\" class=\"item hentry\">\n\t\t            <div class=\"thumbnail\">\n\t\t\t\t\t\t\t\t                    <a class=\"penci-image-holder penci-lazy\"\n                       data-bgset=\"https:\/\/worldimagingnewslatino.com\/wp-content\/uploads\/2024\/03\/mimaki_kebab_hs_6x4-1.jpg\"\n                       href=\"https:\/\/worldimagingnewslatino.com\/pt\/mimaki-usa-announces-kebab-hs-option-for-ujf-series-flatbed-uv-led-printers\/\" title=\"Mimaki USA anuncia a op\u00e7\u00e3o Kebab HS para as impressoras planas UV-LED da s\u00e9rie UJF\">\n                    <\/a>\n\t\t\t\t\n\t\t\t\t\t\t\t\t\t\t\t\t\t\t\t\t\t\t\t\t\t\t\t\t\t\t\t\t\t\t\t\t\t            <\/div>\n\t\t\n        <div class=\"grid-header-box\">\n\t\t\t                <span class=\"cat\"><a style=\"\" class=\"penci-cat-name penci-cat-47\" href=\"https:\/\/worldimagingnewslatino.com\/pt\/category\/accessories\/\"  rel=\"category tag\"><span style=\"\">Acess\u00f3rios<\/span><\/a><a style=\"\" class=\"penci-cat-name penci-cat-443\" href=\"https:\/\/worldimagingnewslatino.com\/pt\/category\/accessories\/hardware\/\"  rel=\"category tag\"><span style=\"\">Hardware<\/span><\/a><\/span>\n\t\t\t\n            <h2 class=\"penci-entry-title entry-title grid-title penci_grid_title_df\"><a\n                        href=\"https:\/\/worldimagingnewslatino.com\/pt\/mimaki-usa-announces-kebab-hs-option-for-ujf-series-flatbed-uv-led-printers\/\">Mimaki USA anuncia a op\u00e7\u00e3o Kebab HS para as impressoras planas UV-LED da s\u00e9rie UJF<\/a>\n            <\/h2>\n\t\t\t\t\t\t\t\t<div class=\"penci-hide-tagupdated\">\n\t\t\t<span class=\"author-italic author vcard\">by \t\t\t\t\t\t\t\t\t\t<a class=\"author-url url fn n\" href=\"https:\/\/worldimagingnewslatino.com\/pt\/author\/dan\/\">Equipe<\/a>\t\t\t\t\t\t\t\t\t<\/span>\n\t\t\t<time class=\"entry-date published\" datetime=\"2024-03-28T09:51:03-07:00\">03\/28\/2024<\/time>\t\t<\/div>\n\t\t\t\t\t\t                <div class=\"grid-post-box-meta\">\n\t\t\t\t\t\t\t\t\t\t\t\t\t\t\t                        <span class=\"otherl-date\"><time class=\"entry-date published\" datetime=\"2024-03-28T09:51:03-07:00\">03\/28\/2024<\/time><\/span>\n\t\t\t\t\t\t\t\t\t\t\t\t\t\t\t\t\t\t\t\t\t\t\t\t\t\t\t\t\t\t                <\/div>\n\t\t\t        <\/div>\n\n\t\t            <div class=\"item-content entry-content\">\n\t\t\t\t<p>A Kebab da Mimaki aumenta a produtividade para impress\u00e3o direta em objetos cil\u00edndricos, incluindo produtos c\u00f4nicos. SUWANEE | Gerogia - Mar\u00e7o, 2024 - A Mimaki USA, l\u00edder na fabrica\u00e7\u00e3o de impressoras e cortadoras a jato de tinta de grande formato, ...<\/p>\n            <\/div>\n\t\t\n\t\t\n\t\t    <\/article>\n<\/li>\n<li class=\"grid-style\">\n    <article id=\"post-19643\" class=\"item hentry\">\n\t\t            <div class=\"thumbnail\">\n\t\t\t\t\t\t\t\t                    <a class=\"penci-image-holder penci-lazy\"\n                       data-bgset=\"https:\/\/worldimagingnewslatino.com\/wp-content\/uploads\/2024\/02\/2020-12-11-thermotron00051_orig-ezgif.com-jpg-to-webp-converter.webp\"\n                       href=\"https:\/\/worldimagingnewslatino.com\/pt\/sewn-products-revolutionizes-t-shirt-packaging-with-thermotron-stp1000-folder-folds-up-to-5000-shirts-in-eight-hours\/\" title=\"A Sewn Products revoluciona a embalagem de camisetas com a dobradeira Thermotron STP1000 - dobra at\u00e9 5.500 camisetas em oito horas\">\n                    <\/a>\n\t\t\t\t\n\t\t\t\t\t\t\t\t\t\t\t\t\t\t\t\t\t\t\t\t\t\t\t\t\t\t\t\t\t\t\t\t\t            <\/div>\n\t\t\n        <div class=\"grid-header-box\">\n\t\t\t                <span class=\"cat\"><a style=\"\" class=\"penci-cat-name penci-cat-47\" href=\"https:\/\/worldimagingnewslatino.com\/pt\/category\/accessories\/\"  rel=\"category tag\"><span style=\"\">Acess\u00f3rios<\/span><\/a><a style=\"\" class=\"penci-cat-name penci-cat-443\" href=\"https:\/\/worldimagingnewslatino.com\/pt\/category\/accessories\/hardware\/\"  rel=\"category tag\"><span style=\"\">Hardware<\/span><\/a><\/span>\n\t\t\t\n            <h2 class=\"penci-entry-title entry-title grid-title penci_grid_title_df\"><a\n                        href=\"https:\/\/worldimagingnewslatino.com\/pt\/sewn-products-revolutionizes-t-shirt-packaging-with-thermotron-stp1000-folder-folds-up-to-5000-shirts-in-eight-hours\/\">A Sewn Products revoluciona a embalagem de camisetas com a dobradeira Thermotron STP1000 - dobra at\u00e9 5.500 camisetas em oito horas<\/a>\n            <\/h2>\n\t\t\t\t\t\t\t\t<div class=\"penci-hide-tagupdated\">\n\t\t\t<span class=\"author-italic author vcard\">by \t\t\t\t\t\t\t\t\t\t<a class=\"author-url url fn n\" href=\"https:\/\/worldimagingnewslatino.com\/pt\/author\/dan\/\">Equipe<\/a>\t\t\t\t\t\t\t\t\t<\/span>\n\t\t\t<time class=\"entry-date published\" datetime=\"2024-02-20T16:52:13-08:00\">02\/20\/2024<\/time>\t\t<\/div>\n\t\t\t\t\t\t                <div class=\"grid-post-box-meta\">\n\t\t\t\t\t\t\t\t\t\t\t\t\t\t\t                        <span class=\"otherl-date\"><time class=\"entry-date published\" datetime=\"2024-02-20T16:52:13-08:00\">02\/20\/2024<\/time><\/span>\n\t\t\t\t\t\t\t\t\t\t\t\t\t\t\t\t\t\t\t\t\t\t\t\t\t\t\t\t\t\t                <\/div>\n\t\t\t        <\/div>\n\n\t\t            <div class=\"item-content entry-content\">\n\t\t\t\t<p>JEFFERSON, Ge\u00f3rgia - fevereiro de 2024 - A Sewn Products, fornecedora l\u00edder de solu\u00e7\u00f5es de manuseio de vestu\u00e1rio, anunciou hoje o lan\u00e7amento de seu sistema de dobragem autom\u00e1tica de camisetas Thermotron STP1000. O cora\u00e7\u00e3o do ...<\/p>\n            <\/div>\n\t\t\n\t\t\n\t\t    <\/article>\n<\/li>\n<li class=\"grid-style\">\n    <article id=\"post-18443\" class=\"item hentry\">\n\t\t            <div class=\"thumbnail\">\n\t\t\t\t\t\t\t\t                    <a class=\"penci-image-holder penci-lazy\"\n                       data-bgset=\"https:\/\/worldimagingnewslatino.com\/wp-content\/uploads\/2024\/01\/viper-sidewinder-fluid-management-revolutionizes-ink-and-fluid-handling-with-automated-precisio.webp\"\n                       href=\"https:\/\/worldimagingnewslatino.com\/pt\/viper-sidewinder-fluid-management-revolutionizes-ink-and-fluid-handling-with-automated-precision\/\" title=\"O Viper Sidewinder Fluid Management revoluciona o manuseio de tintas e fluidos com precis\u00e3o automatizada\">\n                    <\/a>\n\t\t\t\t\n\t\t\t\t\t\t\t\t\t\t\t\t\t\t\t\t\t\t\t\t\t\t\t\t\t\t\t\t\t\t\t\t\t            <\/div>\n\t\t\n        <div class=\"grid-header-box\">\n\t\t\t                <span class=\"cat\"><a style=\"\" class=\"penci-cat-name penci-cat-47\" href=\"https:\/\/worldimagingnewslatino.com\/pt\/category\/accessories\/\"  rel=\"category tag\"><span style=\"\">Acess\u00f3rios<\/span><\/a><a style=\"\" class=\"penci-cat-name penci-cat-443\" href=\"https:\/\/worldimagingnewslatino.com\/pt\/category\/accessories\/hardware\/\"  rel=\"category tag\"><span style=\"\">Hardware<\/span><\/a><\/span>\n\t\t\t\n            <h2 class=\"penci-entry-title entry-title grid-title penci_grid_title_df\"><a\n                        href=\"https:\/\/worldimagingnewslatino.com\/pt\/viper-sidewinder-fluid-management-revolutionizes-ink-and-fluid-handling-with-automated-precision\/\">O Viper Sidewinder Fluid Management revoluciona o manuseio de tintas e fluidos com precis\u00e3o automatizada<\/a>\n            <\/h2>\n\t\t\t\t\t\t\t\t<div class=\"penci-hide-tagupdated\">\n\t\t\t<span class=\"author-italic author vcard\">by \t\t\t\t\t\t\t\t\t\t<a class=\"author-url url fn n\" href=\"https:\/\/worldimagingnewslatino.com\/pt\/author\/dan\/\">Equipe<\/a>\t\t\t\t\t\t\t\t\t<\/span>\n\t\t\t<time class=\"entry-date published\" datetime=\"2024-01-24T08:42:47-08:00\">01\/24\/2024<\/time>\t\t<\/div>\n\t\t\t\t\t\t                <div class=\"grid-post-box-meta\">\n\t\t\t\t\t\t\t\t\t\t\t\t\t\t\t                        <span class=\"otherl-date\"><time class=\"entry-date published\" datetime=\"2024-01-24T08:42:47-08:00\">01\/24\/2024<\/time><\/span>\n\t\t\t\t\t\t\t\t\t\t\t\t\t\t\t\t\t\t\t\t\t\t\t\t\t\t\t\t\t\t                <\/div>\n\t\t\t        <\/div>\n\n\t\t            <div class=\"item-content entry-content\">\n\t\t\t\t<p>NEW PHILADELPHIA, Ohio - Janeiro de 2024 - O Viper Sidewinder, uma solu\u00e7\u00e3o pioneira da i-Group Technologies em gerenciamento de fluidos, anuncia o lan\u00e7amento de seu mais novo produto - o Viper Sidewinder. ...<\/p>\n            <\/div>\n\t\t\n\t\t\n\t\t    <\/article>\n<\/li>\n\n\t\t\t\t\t\t\t\t\t\t\t\t\t\t\t\t\t\t\t\t\t\t\t\t\t\t\t\t<\/ul>\n\t\t\t\t\t\t\t\t\t\t\t\t\t\t\t\t\t\t\t\t\t                        <\/div>\n\n\t\t\t\t\t\t                    <\/div>\n                <\/div>\n\t\t\t            <style>\n                                                                                                                                                                            <\/style>\n\t\t\t\t\t\t\t<\/div>\n\t\t\t\t<\/div>\n\t\t\t\t\t<\/div>\n\t\t\t\t<\/div>\n\t\t\t\t<\/div>","protected":false},"excerpt":{"rendered":"<p>hardware AccessoriesHardware Mimaki USA Announces Kebab HS Option for UJF Series Flatbed UV-LED Printers by Staff 03\/28\/2024 03\/28\/2024 Mimaki&#8217;s Kebab improves productivity for direct printing onto cylindrical objects including tapered&hellip;<\/p>","protected":false},"author":3,"featured_media":0,"parent":0,"menu_order":0,"comment_status":"closed","ping_status":"closed","template":"","meta":{"_lmt_disableupdate":"no","_lmt_disable":"","cybocfi_hide_featured_image":"","footnotes":""},"class_list":["post-19321","page","type-page","status-publish","hentry"],"_links":{"self":[{"href":"https:\/\/worldimagingnewslatino.com\/pt\/wp-json\/wp\/v2\/pages\/19321"}],"collection":[{"href":"https:\/\/worldimagingnewslatino.com\/pt\/wp-json\/wp\/v2\/pages"}],"about":[{"href":"https:\/\/worldimagingnewslatino.com\/pt\/wp-json\/wp\/v2\/types\/page"}],"author":[{"embeddable":true,"href":"https:\/\/worldimagingnewslatino.com\/pt\/wp-json\/wp\/v2\/users\/3"}],"replies":[{"embeddable":true,"href":"https:\/\/worldimagingnewslatino.com\/pt\/wp-json\/wp\/v2\/comments?post=19321"}],"version-history":[{"count":6,"href":"https:\/\/worldimagingnewslatino.com\/pt\/wp-json\/wp\/v2\/pages\/19321\/revisions"}],"predecessor-version":[{"id":260324,"href":"https:\/\/worldimagingnewslatino.com\/pt\/wp-json\/wp\/v2\/pages\/19321\/revisions\/260324"}],"wp:attachment":[{"href":"https:\/\/worldimagingnewslatino.com\/pt\/wp-json\/wp\/v2\/media?parent=19321"}],"curies":[{"name":"wp","href":"https:\/\/api.w.org\/{rel}","templated":true}]}}