{"id":19270,"date":"2024-02-07T13:40:45","date_gmt":"2024-02-07T21:40:45","guid":{"rendered":"https:\/\/worldimagingnewslatino.com\/?page_id=19270"},"modified":"2024-08-13T15:10:46","modified_gmt":"2024-08-13T22:10:46","slug":"tinta","status":"publish","type":"page","link":"https:\/\/worldimagingnewslatino.com\/pt\/ink\/","title":{"rendered":"Tinta"},"content":{"rendered":"<div data-elementor-type=\"wp-page\" data-elementor-id=\"19270\" class=\"elementor elementor-19270\" data-elementor-post-type=\"page\">\n\t\t\t\t<div class=\"elementor-element elementor-element-2134ff2 e-flex e-con-boxed e-con e-parent\" data-id=\"2134ff2\" data-element_type=\"container\" data-e-type=\"container\">\n\t\t\t\t\t<div class=\"e-con-inner\">\n\t\t\t\t<div class=\"elementor-element elementor-element-8b231ce elementor-widget elementor-widget-penci-latest-posts\" data-id=\"8b231ce\" data-element_type=\"widget\" data-e-type=\"widget\" data-widget_type=\"penci-latest-posts.default\">\n\t\t\t\t<div class=\"elementor-widget-container\">\n\t\t\t\t\t                <div id=\"pencilatest_posts_14444\" class=\"penci-latest-posts-sc penci-latest-posts-grid penci-latest-posts-el penci-el-mixed-s1 penci-std-continue-center penci-std-excerpt-center penci-grid-excerpt-left\">\n\t\t\t\t\t\t\t\t\t\t\t                        <div class=\"penci-border-arrow penci-homepage-title penci-home-latest-posts style-7 pcalign-left pciconp-right pcicon-right\">\n                            <h3 class=\"inner-arrow\">\n                                <span>\n\t\t\t\t\t\t\t\t<span>tinta<\/span>                                <\/span>\n                            <\/h3>\n\t\t\t\t\t\t\t                        <\/div>\n\t\t\t\t\t                    <div class=\"penci-wrapper-posts-ajax\">\n\n                        <div class=\"penci-wrapper-posts-content pwid-default\">\n\n\t\t\t\t\t\t\t\t\t\t\t\t\t\t\t                                <ul data-cols=\"3\" data-tcols=\"3\" data-mcols=\"2\" data-layout=\"grid\"\n                                    class=\"has-d-cols has-t-cols has-m-cols penci-wrapper-data penci-grid penci-shortcode-render\">\t\t\t\t\t\t\t\t\t\t\t\t\t\t\t\t\t\t\t\t\t\t\t\t\t\t\t\t\t<li class=\"grid-style\">\n    <article id=\"post-264376\" class=\"item hentry\">\n\t\t            <div class=\"thumbnail\">\n\t\t\t\t\t\t\t\t                    <a class=\"penci-image-holder penci-lazy\" data-bgset=\"https:\/\/worldimagingnewslatino.com\/wp-content\/uploads\/2026\/04\/Untitled-400x200-4.png\" href=\"https:\/\/worldimagingnewslatino.com\/pt\/artistri-jettable-adhesive-obtiene-la-certificacion-oeko-tex-eco-passport-y-la-aprobacion-de-zdhc-gateway\/\" title=\"DuPont\u2122 Artistri\u00ae Jettable Adhesive Obtiene la Certificaci\u00f3n OEKO-TEX\u00ae ECO PASSPORT y la aprobaci\u00f3n de ZDHC Gateway\">\n                    <\/a>\n\t\t\t\t\n\t\t\t\t\t\t\t\t\t\t\t\t\t\t\t\t\t\t\t\t\t\t\t\t\t\t\t\t\t\t\t\t\t            <\/div>\n\t\t\n        <div class=\"grid-header-box\">\n\t\t\t                <span class=\"cat\"><a style=\"\" class=\"penci-cat-name penci-cat-4\" href=\"https:\/\/worldimagingnewslatino.com\/pt\/category\/consumables\/ink\/\" rel=\"category tag\"><span style=\"\">Tinta<\/span><\/a><\/span>\n\t\t\t\n            <h2 class=\"penci-entry-title entry-title grid-title penci_grid_title_df\"><a href=\"https:\/\/worldimagingnewslatino.com\/pt\/artistri-jettable-adhesive-obtiene-la-certificacion-oeko-tex-eco-passport-y-la-aprobacion-de-zdhc-gateway\/\">DuPont\u2122 Artistri\u00ae Jettable Adhesive Obtiene la Certificaci\u00f3n OEKO-TEX\u00ae ECO PASSPORT y la aprobaci\u00f3n de ZDHC Gateway<\/a>\n            <\/h2>\n\t\t\t\t\t\t\t\t<div class=\"penci-hide-tagupdated\">\n\t\t\t<span class=\"author-italic author vcard\">by \t\t\t\t\t\t\t\t\t\t<a class=\"author-url url fn n\" href=\"https:\/\/worldimagingnewslatino.com\/pt\/author\/mj\/\">Equipe 1<\/a>\t\t\t\t\t\t\t\t\t<\/span>\n\t\t\t<time class=\"entry-date published\" datetime=\"2026-04-29T16:03:07-07:00\">04\/29\/2026<\/time>\t\t<\/div>\n\t\t\t\t\t\t                <div class=\"grid-post-box-meta\">\n\t\t\t\t\t\t\t\t\t\t\t\t\t\t\t                        <span class=\"otherl-date\"><time class=\"entry-date published\" datetime=\"2026-04-29T16:03:07-07:00\">04\/29\/2026<\/time><\/span>\n\t\t\t\t\t\t\t\t\t\t\t\t\t\t\t\t\t\t\t\t\t\t\t\t\t\t\t\t\t\t                <\/div>\n\t\t\t        <\/div>\n\n\t\t            <div class=\"item-content entry-content\">\n\t\t\t\t<p>Innovaci\u00f3n DTF Sin Polvo Validada por Seguridad Qu\u00edmica y Responsabilidad Ambiental en la Producci\u00f3n Textil WILMINGTON | Delaware &#8211; Abril de 2026 &#8211; DuPont\u2122 Artistri\u00ae anunci\u00f3 que su Jettable Adhesive &#8230;<\/p>\n            <\/div>\n\t\t\n\t\t\n\t\t    <\/article>\n<\/li>\n<li class=\"grid-style\">\n    <article id=\"post-264011\" class=\"item hentry\">\n\t\t            <div class=\"thumbnail\">\n\t\t\t\t\t\t\t\t                    <a class=\"penci-image-holder penci-lazy\" data-bgset=\"https:\/\/worldimagingnewslatino.com\/wp-content\/uploads\/2026\/02\/Plockmatic-1400x795-2-scaled-1-585x390.jpg\" href=\"https:\/\/worldimagingnewslatino.com\/pt\/dcc-group-presenta-las-impresoras-neoflex-serie-f-impulsadas-por-las-innovaciones-de-nur-ink\/\" title=\"DCC Group Presenta las Impresoras NeoFlex Serie F Impulsadas por las Innovaciones de Nur Ink\">\n                    <\/a>\n\t\t\t\t\n\t\t\t\t\t\t\t\t\t\t\t\t\t\t\t\t\t\t\t\t\t\t\t\t\t\t\t\t\t\t\t\t\t            <\/div>\n\t\t\n        <div class=\"grid-header-box\">\n\t\t\t                <span class=\"cat\"><a style=\"\" class=\"penci-cat-name penci-cat-15\" href=\"https:\/\/worldimagingnewslatino.com\/pt\/category\/printers\/eco-solvent\/\" rel=\"category tag\"><span style=\"\">DTF<\/span><\/a><a style=\"\" class=\"penci-cat-name penci-cat-4\" href=\"https:\/\/worldimagingnewslatino.com\/pt\/category\/consumables\/ink\/\" rel=\"category tag\"><span style=\"\">Tinta<\/span><\/a><\/span>\n\t\t\t\n            <h2 class=\"penci-entry-title entry-title grid-title penci_grid_title_df\"><a href=\"https:\/\/worldimagingnewslatino.com\/pt\/dcc-group-presenta-las-impresoras-neoflex-serie-f-impulsadas-por-las-innovaciones-de-nur-ink\/\">DCC Group Presenta las Impresoras NeoFlex Serie F Impulsadas por las Innovaciones de Nur Ink<\/a>\n            <\/h2>\n\t\t\t\t\t\t\t\t<div class=\"penci-hide-tagupdated\">\n\t\t\t<span class=\"author-italic author vcard\">by \t\t\t\t\t\t\t\t\t\t<a class=\"author-url url fn n\" href=\"https:\/\/worldimagingnewslatino.com\/pt\/author\/mj\/\">Equipe 1<\/a>\t\t\t\t\t\t\t\t\t<\/span>\n\t\t\t<time class=\"entry-date published\" datetime=\"2026-02-25T11:33:15-08:00\">02\/25\/2026<\/time>\t\t<\/div>\n\t\t\t\t\t\t                <div class=\"grid-post-box-meta\">\n\t\t\t\t\t\t\t\t\t\t\t\t\t\t\t                        <span class=\"otherl-date\"><time class=\"entry-date published\" datetime=\"2026-02-25T11:33:15-08:00\">02\/25\/2026<\/time><\/span>\n\t\t\t\t\t\t\t\t\t\t\t\t\t\t\t\t\t\t\t\t\t\t\t\t\t\t\t\t\t\t                <\/div>\n\t\t\t        <\/div>\n\n\t\t            <div class=\"item-content entry-content\">\n\t\t\t\t<p>Sistema DTF sin polvo de DCC NeoFlex y Nur Ink Innovations ofrece flujos de trabajo m\u00e1s limpios, impresiones m\u00e1s suaves y una escalabilidad lista para producci\u00f3n. MUMBAI | India \u2013 &#8230;<\/p>\n            <\/div>\n\t\t\n\t\t\n\t\t    <\/article>\n<\/li>\n<li class=\"grid-style\">\n    <article id=\"post-263968\" class=\"item hentry\">\n\t\t            <div class=\"thumbnail\">\n\t\t\t\t\t\t\t\t                    <a class=\"penci-image-holder penci-lazy\" data-bgset=\"https:\/\/worldimagingnewslatino.com\/wp-content\/uploads\/2026\/02\/Untitled-400x300-5.png\" href=\"https:\/\/worldimagingnewslatino.com\/pt\/la-serie-mimaki-ucjv330-obtiene-la-certificacion-3m-mcs-para-tintas-curables-por-uv\/\" title=\"La Serie Mimaki UCJV330 Obtiene la Certificaci\u00f3n 3M\u2122 MCS\u2122 para Tintas Curables por UV\">\n                    <\/a>\n\t\t\t\t\n\t\t\t\t\t\t\t\t\t\t\t\t\t\t\t\t\t\t\t\t\t\t\t\t\t\t\t\t\t\t\t\t\t            <\/div>\n\t\t\n        <div class=\"grid-header-box\">\n\t\t\t                <span class=\"cat\"><a style=\"\" class=\"penci-cat-name penci-cat-4\" href=\"https:\/\/worldimagingnewslatino.com\/pt\/category\/consumables\/ink\/\" rel=\"category tag\"><span style=\"\">Tinta<\/span><\/a><\/span>\n\t\t\t\n            <h2 class=\"penci-entry-title entry-title grid-title penci_grid_title_df\"><a href=\"https:\/\/worldimagingnewslatino.com\/pt\/la-serie-mimaki-ucjv330-obtiene-la-certificacion-3m-mcs-para-tintas-curables-por-uv\/\">La Serie Mimaki UCJV330 Obtiene la Certificaci\u00f3n 3M\u2122 MCS\u2122 para Tintas Curables por UV<\/a>\n            <\/h2>\n\t\t\t\t\t\t\t\t<div class=\"penci-hide-tagupdated\">\n\t\t\t<span class=\"author-italic author vcard\">by \t\t\t\t\t\t\t\t\t\t<a class=\"author-url url fn n\" href=\"https:\/\/worldimagingnewslatino.com\/pt\/author\/mj\/\">Equipe 1<\/a>\t\t\t\t\t\t\t\t\t<\/span>\n\t\t\t<time class=\"entry-date published\" datetime=\"2026-02-10T16:26:33-08:00\">02\/10\/2026<\/time>\t\t<\/div>\n\t\t\t\t\t\t                <div class=\"grid-post-box-meta\">\n\t\t\t\t\t\t\t\t\t\t\t\t\t\t\t                        <span class=\"otherl-date\"><time class=\"entry-date published\" datetime=\"2026-02-10T16:26:33-08:00\">02\/10\/2026<\/time><\/span>\n\t\t\t\t\t\t\t\t\t\t\t\t\t\t\t\t\t\t\t\t\t\t\t\t\t\t\t\t\t\t                <\/div>\n\t\t\t        <\/div>\n\n\t\t            <div class=\"item-content entry-content\">\n\t\t\t\t<p>FLOWERY BRANCH | Georgia \u2013 Febrero de 2026 \u2013 Mimaki Engineering Co., Ltd. anunci\u00f3 hoy que sus impresoras LED-UV de gran formato de la Serie UCJV330 han recibido la aprobaci\u00f3n &#8230;<\/p>\n            <\/div>\n\t\t\n\t\t\n\t\t    <\/article>\n<\/li>\n<li class=\"grid-style\">\n    <article id=\"post-263358\" class=\"item hentry\">\n\t\t            <div class=\"thumbnail\">\n\t\t\t\t\t\t\t\t                    <a class=\"penci-image-holder penci-lazy\" data-bgset=\"https:\/\/worldimagingnewslatino.com\/wp-content\/uploads\/2025\/08\/admin-ajax-44-533x390.png\" href=\"https:\/\/worldimagingnewslatino.com\/pt\/coldesi-lanza-caims-sistema-avanzado-de-gestion-de-tintas-coldesi\/\" title=\"ColDesi lanza CAIMS: Sistema Avanzado de Gesti\u00f3n de Tintas ColDesi\">\n                    <\/a>\n\t\t\t\t\n\t\t\t\t\t\t\t\t\t\t\t\t\t\t\t\t\t\t\t\t\t\t\t\t\t\t\t\t\t\t\t\t\t            <\/div>\n\t\t\n        <div class=\"grid-header-box\">\n\t\t\t                <span class=\"cat\"><a style=\"\" class=\"penci-cat-name penci-cat-4\" href=\"https:\/\/worldimagingnewslatino.com\/pt\/category\/consumables\/ink\/\" rel=\"category tag\"><span style=\"\">Tinta<\/span><\/a><\/span>\n\t\t\t\n            <h2 class=\"penci-entry-title entry-title grid-title penci_grid_title_df\"><a href=\"https:\/\/worldimagingnewslatino.com\/pt\/coldesi-lanza-caims-sistema-avanzado-de-gestion-de-tintas-coldesi\/\">ColDesi lanza CAIMS: Sistema Avanzado de Gesti\u00f3n de Tintas ColDesi<\/a>\n            <\/h2>\n\t\t\t\t\t\t\t\t<div class=\"penci-hide-tagupdated\">\n\t\t\t<span class=\"author-italic author vcard\">by \t\t\t\t\t\t\t\t\t\t<a class=\"author-url url fn n\" href=\"https:\/\/worldimagingnewslatino.com\/pt\/author\/mj\/\">Equipe 1<\/a>\t\t\t\t\t\t\t\t\t<\/span>\n\t\t\t<time class=\"entry-date published\" datetime=\"2025-08-31T17:14:00-07:00\">08\/31\/2025<\/time>\t\t<\/div>\n\t\t\t\t\t\t                <div class=\"grid-post-box-meta\">\n\t\t\t\t\t\t\t\t\t\t\t\t\t\t\t                        <span class=\"otherl-date\"><time class=\"entry-date published\" datetime=\"2025-08-31T17:14:00-07:00\">08\/31\/2025<\/time><\/span>\n\t\t\t\t\t\t\t\t\t\t\t\t\t\t\t\t\t\t\t\t\t\t\t\t\t\t\t\t\t\t                <\/div>\n\t\t\t        <\/div>\n\n\t\t            <div class=\"item-content entry-content\">\n\t\t\t\t<p>TAMPA | Florida &#8211; Agosto 2025 &#8211; ColDesi, l\u00edder en tecnolog\u00edas de personalizaci\u00f3n textil e impresi\u00f3n digital, anuncia el lanzamiento de su m\u00e1s reciente innovaci\u00f3n: ColDesi Advanced Ink Management System &#8230;<\/p>\n            <\/div>\n\t\t\n\t\t\n\t\t    <\/article>\n<\/li>\n<li class=\"grid-style\">\n    <article id=\"post-263224\" class=\"item hentry\">\n\t\t            <div class=\"thumbnail\">\n\t\t\t\t\t\t\t\t                    <a class=\"penci-image-holder penci-lazy\" data-bgset=\"https:\/\/worldimagingnewslatino.com\/wp-content\/uploads\/2025\/08\/admin-ajax-29-585x337.png\" href=\"https:\/\/worldimagingnewslatino.com\/pt\/impresora-mimaki-tinta-eco-solvente-alta-resistencia-color-intemperie\/\" title=\"Impresora insignia de Mimaki y tinta eco-solvente de alta resistencia al color y a la intemperie\">\n                    <\/a>\n\t\t\t\t\n\t\t\t\t\t\t\t\t\t\t\t\t\t\t\t\t\t\t\t\t\t\t\t\t\t\t\t\t\t\t\t\t\t            <\/div>\n\t\t\n        <div class=\"grid-header-box\">\n\t\t\t                <span class=\"cat\"><a style=\"\" class=\"penci-cat-name penci-cat-4\" href=\"https:\/\/worldimagingnewslatino.com\/pt\/category\/consumables\/ink\/\" rel=\"category tag\"><span style=\"\">Tinta<\/span><\/a><\/span>\n\t\t\t\n            <h2 class=\"penci-entry-title entry-title grid-title penci_grid_title_df\"><a href=\"https:\/\/worldimagingnewslatino.com\/pt\/impresora-mimaki-tinta-eco-solvente-alta-resistencia-color-intemperie\/\">Impresora insignia de Mimaki y tinta eco-solvente de alta resistencia al color y a la intemperie<\/a>\n            <\/h2>\n\t\t\t\t\t\t\t\t<div class=\"penci-hide-tagupdated\">\n\t\t\t<span class=\"author-italic author vcard\">by \t\t\t\t\t\t\t\t\t\t<a class=\"author-url url fn n\" href=\"https:\/\/worldimagingnewslatino.com\/pt\/author\/mj\/\">Equipe 1<\/a>\t\t\t\t\t\t\t\t\t<\/span>\n\t\t\t<time class=\"entry-date published\" datetime=\"2025-08-17T10:23:34-07:00\">08\/17\/2025<\/time>\t\t<\/div>\n\t\t\t\t\t\t                <div class=\"grid-post-box-meta\">\n\t\t\t\t\t\t\t\t\t\t\t\t\t\t\t                        <span class=\"otherl-date\"><time class=\"entry-date published\" datetime=\"2025-08-17T10:23:34-07:00\">08\/17\/2025<\/time><\/span>\n\t\t\t\t\t\t\t\t\t\t\t\t\t\t\t\t\t\t\t\t\t\t\t\t\t\t\t\t\t\t                <\/div>\n\t\t\t        <\/div>\n\n\t\t            <div class=\"item-content entry-content\">\n\t\t\t\t<p>La impresora insignia de Mimaki y las tintas Eco-Solvent de alta resistencia al color y a la intemperie fueron aprobadas para el Programa de Garant\u00eda 3M\u2122 MCS\u2122 Tomi-city, Nagano, Jap\u00f3n &#8230;<\/p>\n            <\/div>\n\t\t\n\t\t\n\t\t    <\/article>\n<\/li>\n<li class=\"grid-style\">\n    <article id=\"post-263154\" class=\"item hentry\">\n\t\t            <div class=\"thumbnail\">\n\t\t\t\t\t\t\t\t                    <a class=\"penci-image-holder penci-lazy\" data-bgset=\"https:\/\/worldimagingnewslatino.com\/wp-content\/uploads\/2025\/08\/admin-ajax-14.png\" href=\"https:\/\/worldimagingnewslatino.com\/pt\/prism-inks-lanza-formulacion-avanzada-de-tinta-dtf\/\" title=\"Prism Inks lanza formulaci\u00f3n avanzada de tinta DTF\">\n                    <\/a>\n\t\t\t\t\n\t\t\t\t\t\t\t\t\t\t\t\t\t\t\t\t\t\t\t\t\t\t\t\t\t\t\t\t\t\t\t\t\t            <\/div>\n\t\t\n        <div class=\"grid-header-box\">\n\t\t\t                <span class=\"cat\"><a style=\"\" class=\"penci-cat-name penci-cat-807\" href=\"https:\/\/worldimagingnewslatino.com\/pt\/category\/featured-news\/\" rel=\"category tag\"><span style=\"\">Not\u00edcias em destaque<\/span><\/a><a style=\"\" class=\"penci-cat-name penci-cat-4\" href=\"https:\/\/worldimagingnewslatino.com\/pt\/category\/consumables\/ink\/\" rel=\"category tag\"><span style=\"\">Tinta<\/span><\/a><\/span>\n\t\t\t\n            <h2 class=\"penci-entry-title entry-title grid-title penci_grid_title_df\"><a href=\"https:\/\/worldimagingnewslatino.com\/pt\/prism-inks-lanza-formulacion-avanzada-de-tinta-dtf\/\">Prism Inks lanza formulaci\u00f3n avanzada de tinta DTF<\/a>\n            <\/h2>\n\t\t\t\t\t\t\t\t<div class=\"penci-hide-tagupdated\">\n\t\t\t<span class=\"author-italic author vcard\">by \t\t\t\t\t\t\t\t\t\t<a class=\"author-url url fn n\" href=\"https:\/\/worldimagingnewslatino.com\/pt\/author\/mj\/\">Equipe 1<\/a>\t\t\t\t\t\t\t\t\t<\/span>\n\t\t\t<time class=\"entry-date published\" datetime=\"2025-08-06T13:04:06-07:00\">08\/06\/2025<\/time>\t\t<\/div>\n\t\t\t\t\t\t                <div class=\"grid-post-box-meta\">\n\t\t\t\t\t\t\t\t\t\t\t\t\t\t\t                        <span class=\"otherl-date\"><time class=\"entry-date published\" datetime=\"2025-08-06T13:04:06-07:00\">08\/06\/2025<\/time><\/span>\n\t\t\t\t\t\t\t\t\t\t\t\t\t\t\t\t\t\t\t\t\t\t\t\t\t\t\t\t\t\t                <\/div>\n\t\t\t        <\/div>\n\n\t\t            <div class=\"item-content entry-content\">\n\t\t\t\t<p>Prism Inks lanza formulaci\u00f3n avanzada de tinta DTF con mayor rendimiento y precios competitivos \u2013 Orgullosamente fabricada en EE.\u202fUU. SUNNYVALE, California \u2013 Marzo de 2025 \u2013 Prism Inks, l\u00edder en &#8230;<\/p>\n            <\/div>\n\t\t\n\t\t\n\t\t    <\/article>\n<\/li>\n\n\t\t\t\t\t\t\t\t\t\t\t\t\t\t\t\t\t\t\t\t\t\t\t\t\t\t\t\t<\/ul>\n\t\t\t\t\t\t\t\t\t\t\t\t\t\t<div class=\"penci-pagination align-left\"><ul class='page-numbers'>\n\t<li><span aria-current=\"page\" class=\"page-numbers current\">1<\/span><\/li>\n\t<li><a class=\"page-numbers\" href=\"https:\/\/worldimagingnewslatino.com\/pt\/wp-json\/wp\/v2\/pages\/19270\/page\/2\/\">2<\/a><\/li>\n\t<li><a class=\"page-numbers\" href=\"https:\/\/worldimagingnewslatino.com\/pt\/wp-json\/wp\/v2\/pages\/19270\/page\/3\/\">3<\/a><\/li>\n\t<li><span class=\"page-numbers dots\">&hellip;<\/span><\/li>\n\t<li><a class=\"page-numbers\" href=\"https:\/\/worldimagingnewslatino.com\/pt\/wp-json\/wp\/v2\/pages\/19270\/page\/7\/\">7<\/a><\/li>\n\t<li><a class=\"next page-numbers\" href=\"https:\/\/worldimagingnewslatino.com\/pt\/wp-json\/wp\/v2\/pages\/19270\/page\/2\/\"><i class=\"penci-faicon fa fa-angle-right\" ><\/i><\/a><\/li>\n<\/ul>\n<\/div>\t\t\t\t\t\t\t                        <\/div>\n\n\t\t\t\t\t\t                    <\/div>\n                <\/div>\n\t\t\t            <style>\n                                                                                                                                                                            <\/style>\n\t\t\t\t\t\t\t<\/div>\n\t\t\t\t<\/div>\n\t\t\t\t\t<\/div>\n\t\t\t\t<\/div>\n\t\t\t\t<\/div>","protected":false},"excerpt":{"rendered":"<p>tinta Not\u00edcias em destaqueTinta A Prism Inks anuncia a patente da inovadora tecnologia de tinta FUZION pela equipe 13\/08\/2024 13\/08\/2024 SUNNYVALE | Calif\u00f3rnia - agosto de 2024 - A Prism Inks tem o prazer de anunciar a...<\/p>","protected":false},"author":3,"featured_media":0,"parent":0,"menu_order":0,"comment_status":"closed","ping_status":"closed","template":"","meta":{"_lmt_disableupdate":"no","_lmt_disable":"","cybocfi_hide_featured_image":"","footnotes":""},"class_list":["post-19270","page","type-page","status-publish","hentry"],"_links":{"self":[{"href":"https:\/\/worldimagingnewslatino.com\/pt\/wp-json\/wp\/v2\/pages\/19270"}],"collection":[{"href":"https:\/\/worldimagingnewslatino.com\/pt\/wp-json\/wp\/v2\/pages"}],"about":[{"href":"https:\/\/worldimagingnewslatino.com\/pt\/wp-json\/wp\/v2\/types\/page"}],"author":[{"embeddable":true,"href":"https:\/\/worldimagingnewslatino.com\/pt\/wp-json\/wp\/v2\/users\/3"}],"replies":[{"embeddable":true,"href":"https:\/\/worldimagingnewslatino.com\/pt\/wp-json\/wp\/v2\/comments?post=19270"}],"version-history":[{"count":6,"href":"https:\/\/worldimagingnewslatino.com\/pt\/wp-json\/wp\/v2\/pages\/19270\/revisions"}],"predecessor-version":[{"id":260297,"href":"https:\/\/worldimagingnewslatino.com\/pt\/wp-json\/wp\/v2\/pages\/19270\/revisions\/260297"}],"wp:attachment":[{"href":"https:\/\/worldimagingnewslatino.com\/pt\/wp-json\/wp\/v2\/media?parent=19270"}],"curies":[{"name":"wp","href":"https:\/\/api.w.org\/{rel}","templated":true}]}}