{"id":19204,"date":"2024-02-07T13:18:05","date_gmt":"2024-02-07T21:18:05","guid":{"rendered":"https:\/\/worldimagingnewslatino.com\/?page_id=19204"},"modified":"2024-08-13T14:38:03","modified_gmt":"2024-08-13T21:38:03","slug":"aplicador-de-dtf","status":"publish","type":"page","link":"https:\/\/worldimagingnewslatino.com\/pt\/dtf-applicator\/","title":{"rendered":"Aplicador DTF"},"content":{"rendered":"<div data-elementor-type=\"wp-page\" data-elementor-id=\"19204\" class=\"elementor elementor-19204\" data-elementor-post-type=\"page\">\n\t\t\t\t<div class=\"elementor-element elementor-element-89ffc1f e-flex e-con-boxed e-con e-parent\" data-id=\"89ffc1f\" data-element_type=\"container\" data-e-type=\"container\">\n\t\t\t\t\t<div class=\"e-con-inner\">\n\t\t\t\t<div class=\"elementor-element elementor-element-c7ab13f elementor-widget elementor-widget-penci-latest-posts\" data-id=\"c7ab13f\" data-element_type=\"widget\" data-e-type=\"widget\" data-widget_type=\"penci-latest-posts.default\">\n\t\t\t\t<div class=\"elementor-widget-container\">\n\t\t\t\t\t                <div id=\"pencilatest_posts_75994\" class=\"penci-latest-posts-sc penci-latest-posts-grid penci-latest-posts-el penci-el-mixed-s1 penci-std-continue-center penci-std-excerpt-center penci-grid-excerpt-left\">\n\t\t\t\t\t\t\t\t\t\t\t                        <div class=\"penci-border-arrow penci-homepage-title penci-home-latest-posts style-7 pcalign-left pciconp-right pcicon-right\">\n                            <h3 class=\"inner-arrow\">\n                                <span>\n\t\t\t\t\t\t\t\t<span>aplicador de dtf<\/span>                                <\/span>\n                            <\/h3>\n\t\t\t\t\t\t\t                        <\/div>\n\t\t\t\t\t                    <div class=\"penci-wrapper-posts-ajax\">\n\n                        <div class=\"penci-wrapper-posts-content pwid-default\">\n\n\t\t\t\t\t\t\t\t\t\t\t\t\t\t\t                                <ul data-cols=\"3\" data-tcols=\"3\" data-mcols=\"2\" data-layout=\"grid\"\n                                    class=\"has-d-cols has-t-cols has-m-cols penci-wrapper-data penci-grid penci-shortcode-render\">\t\t\t\t\t\t\t\t\t\t\t\t\t\t\t\t\t\t\t\t\t\t\t\t\t\t\t\t\t<li class=\"grid-style\">\n    <article id=\"post-262535\" class=\"item hentry\">\n\t\t            <div class=\"thumbnail\">\n\t\t\t\t\t\t\t\t                    <a class=\"penci-image-holder penci-lazy\" data-bgset=\"https:\/\/worldimagingnewslatino.com\/wp-content\/uploads\/2024\/11\/BMAC.png\" href=\"https:\/\/worldimagingnewslatino.com\/pt\/bmac-industries-presenta-el-super-shaker-ext\/\" title=\"A BMAC Industries apresenta o Super Shaker EXT\">\n                    <\/a>\n\t\t\t\t\n\t\t\t\t\t\t\t\t\t\t\t\t\t\t\t\t\t\t\t\t\t\t\t\t\t\t\t\t\t\t\t\t\t            <\/div>\n\t\t\n        <div class=\"grid-header-box\">\n\t\t\t                <span class=\"cat\"><a style=\"\" class=\"penci-cat-name penci-cat-170\" href=\"https:\/\/worldimagingnewslatino.com\/pt\/category\/finishing\/dtf-applicator\/\" rel=\"category tag\"><span style=\"\">Aplicador DTF<\/span><\/a><a style=\"\" class=\"penci-cat-name penci-cat-807\" href=\"https:\/\/worldimagingnewslatino.com\/pt\/category\/featured-news\/\" rel=\"category tag\"><span style=\"\">Not\u00edcias em destaque<\/span><\/a><\/span>\n\t\t\t\n            <h2 class=\"penci-entry-title entry-title grid-title penci_grid_title_df\"><a href=\"https:\/\/worldimagingnewslatino.com\/pt\/bmac-industries-presenta-el-super-shaker-ext\/\">A BMAC Industries apresenta o Super Shaker EXT<\/a>\n            <\/h2>\n\t\t\t\t\t\t\t\t<div class=\"penci-hide-tagupdated\">\n\t\t\t<span class=\"author-italic author vcard\">by \t\t\t\t\t\t\t\t\t\t<a class=\"author-url url fn n\" href=\"https:\/\/worldimagingnewslatino.com\/pt\/author\/mj\/\">Equipe 1<\/a>\t\t\t\t\t\t\t\t\t<\/span>\n\t\t\t<time class=\"entry-date published\" datetime=\"2024-11-25T07:41:46-08:00\">11\/25\/2024<\/time>\t\t<\/div>\n\t\t\t\t\t\t                <div class=\"grid-post-box-meta\">\n\t\t\t\t\t\t\t\t\t\t\t\t\t\t\t                        <span class=\"otherl-date\"><time class=\"entry-date published\" datetime=\"2024-11-25T07:41:46-08:00\">11\/25\/2024<\/time><\/span>\n\t\t\t\t\t\t\t\t\t\t\t\t\t\t\t\t\t\t\t\t\t\t\t\t\t\t\t\t\t\t                <\/div>\n\t\t\t        <\/div>\n\n\t\t            <div class=\"item-content entry-content\">\n\t\t\t\t<p>BMAC Industries presenta el Super Shaker EXT: Secadora revolucionaria para impresoras de alta producci\u00f3n Gilbert | Arizona \u2013 Noviembre 2024 \u2013 BMAC Industries se enorgullece de anunciar el lanzamiento del &#8230;<\/p>\n            <\/div>\n\t\t\n\t\t\n\t\t    <\/article>\n<\/li>\n<li class=\"grid-style\">\n    <article id=\"post-261330\" class=\"item hentry\">\n\t\t            <div class=\"thumbnail\">\n\t\t\t\t\t\t\t\t                    <a class=\"penci-image-holder penci-lazy\" data-bgset=\"https:\/\/worldimagingnewslatino.com\/wp-content\/uploads\/2024\/09\/Custom-dimensions-900x450-px1-585x300.jpeg\" href=\"https:\/\/worldimagingnewslatino.com\/pt\/bmac-industries-introduces-the-super-shaker-a-revolutionary-leap-in-dtf-drying-technology\/\" title=\"A BMAC Industries apresenta o Super Shaker: um salto revolucion\u00e1rio na tecnologia de secagem DTF\">\n                    <\/a>\n\t\t\t\t\n\t\t\t\t\t\t\t\t\t\t\t\t\t\t\t\t\t\t\t\t\t\t\t\t\t\t\t\t\t\t\t\t\t            <\/div>\n\t\t\n        <div class=\"grid-header-box\">\n\t\t\t                <span class=\"cat\"><a style=\"\" class=\"penci-cat-name penci-cat-170\" href=\"https:\/\/worldimagingnewslatino.com\/pt\/category\/finishing\/dtf-applicator\/\" rel=\"category tag\"><span style=\"\">Aplicador DTF<\/span><\/a><a style=\"\" class=\"penci-cat-name penci-cat-807\" href=\"https:\/\/worldimagingnewslatino.com\/pt\/category\/featured-news\/\" rel=\"category tag\"><span style=\"\">Not\u00edcias em destaque<\/span><\/a><a style=\"\" class=\"penci-cat-name penci-cat-902\" href=\"https:\/\/worldimagingnewslatino.com\/pt\/category\/applications\/garments\/\" rel=\"category tag\"><span style=\"\">Vestu\u00e1rio<\/span><\/a><\/span>\n\t\t\t\n            <h2 class=\"penci-entry-title entry-title grid-title penci_grid_title_df\"><a href=\"https:\/\/worldimagingnewslatino.com\/pt\/bmac-industries-introduces-the-super-shaker-a-revolutionary-leap-in-dtf-drying-technology\/\">A BMAC Industries apresenta o Super Shaker: um salto revolucion\u00e1rio na tecnologia de secagem DTF<\/a>\n            <\/h2>\n\t\t\t\t\t\t\t\t<div class=\"penci-hide-tagupdated\">\n\t\t\t<span class=\"author-italic author vcard\">by \t\t\t\t\t\t\t\t\t\t<a class=\"author-url url fn n\" href=\"https:\/\/worldimagingnewslatino.com\/pt\/author\/dan\/\">Equipe<\/a>\t\t\t\t\t\t\t\t\t<\/span>\n\t\t\t<time class=\"entry-date published\" datetime=\"2024-09-16T06:57:42-07:00\">09\/16\/2024<\/time>\t\t<\/div>\n\t\t\t\t\t\t                <div class=\"grid-post-box-meta\">\n\t\t\t\t\t\t\t\t\t\t\t\t\t\t\t                        <span class=\"otherl-date\"><time class=\"entry-date published\" datetime=\"2024-09-16T06:57:42-07:00\">09\/16\/2024<\/time><\/span>\n\t\t\t\t\t\t\t\t\t\t\t\t\t\t\t\t\t\t\t\t\t\t\t\t\t\t\t\t\t\t                <\/div>\n\t\t\t        <\/div>\n\n\t\t            <div class=\"item-content entry-content\">\n\t\t\t\t<p>CHANDLER | Arizona - Setembro de 2024: A BMAC Industries, uma subsidi\u00e1ria da DTF Superstore, tem o orgulho de apresentar sua mais recente inova\u00e7\u00e3o em tecnologia de secagem Direct to Film (DTF), o Super Shaker. ...<\/p>\n            <\/div>\n\t\t\n\t\t\n\t\t    <\/article>\n<\/li>\n<li class=\"grid-style\">\n    <article id=\"post-256769\" class=\"item hentry\">\n\t\t            <div class=\"thumbnail\">\n\t\t\t\t\t\t\t\t                    <a class=\"penci-image-holder penci-lazy\" data-bgset=\"https:\/\/worldimagingnewslatino.com\/wp-content\/uploads\/2024\/04\/image-ezgif.com-png-to-webp-converter-16.webp\" href=\"https:\/\/worldimagingnewslatino.com\/pt\/new-ptf-100-d-100-dryer-combo-increases-productivity-saves-space\/\" title=\"A nova combina\u00e7\u00e3o de secador PTF-100 \/ D-100 aumenta a produtividade e economiza espa\u00e7o\">\n                    <\/a>\n\t\t\t\t\n\t\t\t\t\t\t\t\t\t\t\t\t\t\t\t\t\t\t\t\t\t\t\t\t\t\t\t\t\t\t\t\t\t            <\/div>\n\t\t\n        <div class=\"grid-header-box\">\n\t\t\t                <span class=\"cat\"><a style=\"\" class=\"penci-cat-name penci-cat-170\" href=\"https:\/\/worldimagingnewslatino.com\/pt\/category\/finishing\/dtf-applicator\/\" rel=\"category tag\"><span style=\"\">Aplicador DTF<\/span><\/a><a style=\"\" class=\"penci-cat-name penci-cat-8\" href=\"https:\/\/worldimagingnewslatino.com\/pt\/category\/finishing\/\" rel=\"category tag\"><span style=\"\">Acabamento<\/span><\/a><\/span>\n\t\t\t\n            <h2 class=\"penci-entry-title entry-title grid-title penci_grid_title_df\"><a href=\"https:\/\/worldimagingnewslatino.com\/pt\/new-ptf-100-d-100-dryer-combo-increases-productivity-saves-space\/\">A nova combina\u00e7\u00e3o de secador PTF-100 \/ D-100 aumenta a produtividade e economiza espa\u00e7o<\/a>\n            <\/h2>\n\t\t\t\t\t\t\t\t<div class=\"penci-hide-tagupdated\">\n\t\t\t<span class=\"author-italic author vcard\">by \t\t\t\t\t\t\t\t\t\t<a class=\"author-url url fn n\" href=\"https:\/\/worldimagingnewslatino.com\/pt\/author\/dan\/\">Equipe<\/a>\t\t\t\t\t\t\t\t\t<\/span>\n\t\t\t<time class=\"entry-date published\" datetime=\"2024-04-30T06:58:04-07:00\">04\/30\/2024<\/time>\t\t<\/div>\n\t\t\t\t\t\t                <div class=\"grid-post-box-meta\">\n\t\t\t\t\t\t\t\t\t\t\t\t\t\t\t                        <span class=\"otherl-date\"><time class=\"entry-date published\" datetime=\"2024-04-30T06:58:04-07:00\">04\/30\/2024<\/time><\/span>\n\t\t\t\t\t\t\t\t\t\t\t\t\t\t\t\t\t\t\t\t\t\t\t\t\t\t\t\t\t\t                <\/div>\n\t\t\t        <\/div>\n\n\t\t            <div class=\"item-content entry-content\">\n\t\t\t\t<p>BETHLEHEM, PA - Abril de 2024 - Um novo sistema de revestimento de p\u00f3 para filme Vastex PTF-100 com secador de esteira transportadora D-100 integrado aumenta a produ\u00e7\u00e3o de filmes DTF aplicando e curando o p\u00f3 adesivo rapidamente ...<\/p>\n            <\/div>\n\t\t\n\t\t\n\t\t    <\/article>\n<\/li>\n<li class=\"grid-style\">\n    <article id=\"post-18015\" class=\"item hentry\">\n\t\t            <div class=\"thumbnail\">\n\t\t\t\t\t\t\t\t                    <a class=\"penci-image-holder penci-lazy\" data-bgset=\"https:\/\/worldimagingnewslatino.com\/wp-content\/uploads\/2023\/12\/new-vastex-dtf-powder-to-film-system-2-e1702655825414-1-1-1.png\" href=\"https:\/\/worldimagingnewslatino.com\/pt\/new-vastex-dtf-powder-to-film-system\/\" title=\"Novo sistema Vastex DTF Powder-to-Film (p\u00f3 para filme)\">\n                    <\/a>\n\t\t\t\t\n\t\t\t\t\t\t\t\t\t\t\t\t\t\t\t\t\t\t\t\t\t\t\t\t\t\t\t\t\t\t\t\t\t            <\/div>\n\t\t\n        <div class=\"grid-header-box\">\n\t\t\t                <span class=\"cat\"><a style=\"\" class=\"penci-cat-name penci-cat-170\" href=\"https:\/\/worldimagingnewslatino.com\/pt\/category\/finishing\/dtf-applicator\/\" rel=\"category tag\"><span style=\"\">Aplicador DTF<\/span><\/a><a style=\"\" class=\"penci-cat-name penci-cat-8\" href=\"https:\/\/worldimagingnewslatino.com\/pt\/category\/finishing\/\" rel=\"category tag\"><span style=\"\">Acabamento<\/span><\/a><\/span>\n\t\t\t\n            <h2 class=\"penci-entry-title entry-title grid-title penci_grid_title_df\"><a href=\"https:\/\/worldimagingnewslatino.com\/pt\/new-vastex-dtf-powder-to-film-system\/\">Novo sistema Vastex DTF Powder-to-Film (p\u00f3 para filme)<\/a>\n            <\/h2>\n\t\t\t\t\t\t\t\t<div class=\"penci-hide-tagupdated\">\n\t\t\t<span class=\"author-italic author vcard\">by \t\t\t\t\t\t\t\t\t\t<a class=\"author-url url fn n\" href=\"https:\/\/worldimagingnewslatino.com\/pt\/author\/dan\/\">Equipe<\/a>\t\t\t\t\t\t\t\t\t<\/span>\n\t\t\t<time class=\"entry-date published\" datetime=\"2024-01-10T10:10:19-08:00\">01\/10\/2024<\/time>\t\t<\/div>\n\t\t\t\t\t\t                <div class=\"grid-post-box-meta\">\n\t\t\t\t\t\t\t\t\t\t\t\t\t\t\t                        <span class=\"otherl-date\"><time class=\"entry-date published\" datetime=\"2024-01-10T10:10:19-08:00\">01\/10\/2024<\/time><\/span>\n\t\t\t\t\t\t\t\t\t\t\t\t\t\t\t\t\t\t\t\t\t\t\t\t\t\t\t\t\t\t                <\/div>\n\t\t\t        <\/div>\n\n\t\t            <div class=\"item-content entry-content\">\n\t\t\t\t<p>BETHLEHEM, Pensilv\u00e2nia - Novembro de 2023 - Um novo sistema DTF Powder-to-Film reveste uniformemente os filmes DTF com p\u00f3 adesivo, melhorando o desempenho da impress\u00e3o DTF e a seguran\u00e7a do operador, foi anunciado por Mark Vasilantone, ...<\/p>\n            <\/div>\n\t\t\n\t\t\n\t\t    <\/article>\n<\/li>\n\n\t\t\t\t\t\t\t\t\t\t\t\t\t\t\t\t\t\t\t\t\t\t\t\t\t\t\t\t<\/ul>\n\t\t\t\t\t\t\t\t\t\t\t\t\t\t\t\t\t\t\t\t\t                        <\/div>\n\n\t\t\t\t\t\t                    <\/div>\n                <\/div>\n\t\t\t            <style>\n                                                                                                                                                                            <\/style>\n\t\t\t\t\t\t\t<\/div>\n\t\t\t\t<\/div>\n\t\t\t\t\t<\/div>\n\t\t\t\t<\/div>\n\t\t\t\t<\/div>","protected":false},"excerpt":{"rendered":"<p>dtf applicator DTF ApplicatorFinishing A nova combina\u00e7\u00e3o de secador PTF-100 \/ D-100 aumenta a produtividade e economiza espa\u00e7o pela equipe 30\/04\/2024 30\/04\/2024 BETHLEHEM, PA - Abril de 2024 - Um novo revestimento de p\u00f3 para filme Vastex PTF-100...<\/p>","protected":false},"author":3,"featured_media":0,"parent":0,"menu_order":0,"comment_status":"closed","ping_status":"closed","template":"","meta":{"_lmt_disableupdate":"no","_lmt_disable":"","cybocfi_hide_featured_image":"","footnotes":""},"class_list":["post-19204","page","type-page","status-publish","hentry"],"_links":{"self":[{"href":"https:\/\/worldimagingnewslatino.com\/pt\/wp-json\/wp\/v2\/pages\/19204"}],"collection":[{"href":"https:\/\/worldimagingnewslatino.com\/pt\/wp-json\/wp\/v2\/pages"}],"about":[{"href":"https:\/\/worldimagingnewslatino.com\/pt\/wp-json\/wp\/v2\/types\/page"}],"author":[{"embeddable":true,"href":"https:\/\/worldimagingnewslatino.com\/pt\/wp-json\/wp\/v2\/users\/3"}],"replies":[{"embeddable":true,"href":"https:\/\/worldimagingnewslatino.com\/pt\/wp-json\/wp\/v2\/comments?post=19204"}],"version-history":[{"count":6,"href":"https:\/\/worldimagingnewslatino.com\/pt\/wp-json\/wp\/v2\/pages\/19204\/revisions"}],"predecessor-version":[{"id":260254,"href":"https:\/\/worldimagingnewslatino.com\/pt\/wp-json\/wp\/v2\/pages\/19204\/revisions\/260254"}],"wp:attachment":[{"href":"https:\/\/worldimagingnewslatino.com\/pt\/wp-json\/wp\/v2\/media?parent=19204"}],"curies":[{"name":"wp","href":"https:\/\/api.w.org\/{rel}","templated":true}]}}