{"id":18841,"date":"2024-02-01T12:23:20","date_gmt":"2024-02-01T20:23:20","guid":{"rendered":"https:\/\/worldimagingnewslatino.com\/?page_id=18841"},"modified":"2024-08-13T16:34:41","modified_gmt":"2024-08-13T23:34:41","slug":"textile","status":"publish","type":"page","link":"https:\/\/worldimagingnewslatino.com\/pt\/textile\/","title":{"rendered":"Textile P"},"content":{"rendered":"<div data-elementor-type=\"wp-page\" data-elementor-id=\"18841\" class=\"elementor elementor-18841\" data-elementor-post-type=\"page\">\n\t\t\t\t<div class=\"elementor-element elementor-element-8f0a0ad e-flex e-con-boxed e-con e-parent\" data-id=\"8f0a0ad\" data-element_type=\"container\" data-e-type=\"container\">\n\t\t\t\t\t<div class=\"e-con-inner\">\n\t\t\t\t<div class=\"elementor-element elementor-element-dcf6458 elementor-widget elementor-widget-penci-latest-posts\" data-id=\"dcf6458\" data-element_type=\"widget\" data-e-type=\"widget\" data-widget_type=\"penci-latest-posts.default\">\n\t\t\t\t<div class=\"elementor-widget-container\">\n\t\t\t\t\t                <div id=\"pencilatest_posts_65256\" class=\"penci-latest-posts-sc penci-latest-posts-grid penci-latest-posts-el penci-el-mixed-s1 penci-std-continue-center penci-std-excerpt-center penci-grid-excerpt-left\">\n\t\t\t\t\t\t\t\t\t\t\t                        <div class=\"penci-border-arrow penci-homepage-title penci-home-latest-posts style-7 pcalign-left pciconp-right pcicon-right\">\n                            <h3 class=\"inner-arrow\">\n                                <span>\n\t\t\t\t\t\t\t\t<span>textile<\/span>                                <\/span>\n                            <\/h3>\n\t\t\t\t\t\t\t                        <\/div>\n\t\t\t\t\t                    <div class=\"penci-wrapper-posts-ajax\">\n\n                        <div class=\"penci-wrapper-posts-content pwid-default\">\n\n\t\t\t\t\t\t\t\t\t\t\t\t\t\t\t                                <ul data-cols=\"3\" data-tcols=\"3\" data-mcols=\"2\" data-layout=\"grid\"\n                                    class=\"has-d-cols has-t-cols has-m-cols penci-wrapper-data penci-grid penci-shortcode-render\">\t\t\t\t\t\t\t\t\t\t\t\t\t\t\t\t\t\t\t\t\t\t\t\t\t\t\t\t\t<li class=\"grid-style\">\n    <article id=\"post-264138\" class=\"item hentry\">\n\t\t            <div class=\"thumbnail\">\n\t\t\t\t\t\t\t\t                    <a class=\"penci-image-holder penci-lazy\" data-bgset=\"https:\/\/worldimagingnewslatino.com\/wp-content\/uploads\/2026\/03\/fabjet-pro-1771823825-780-585x390.png\" href=\"https:\/\/worldimagingnewslatino.com\/pt\/fabjet-pro-establece-un-nuevo-referente-en-la-impresion-textil-digital-de-alta-velocidad-con-capacidad-ultra-ancha-de-3-2-metros\/\" title=\"FabJet Pro Establece un Nuevo Referente en la Impresi\u00f3n Textil Digital de Alta Velocidad con Capacidad Ultra Ancha de 3.2 Metros\">\n                    <\/a>\n\t\t\t\t\n\t\t\t\t\t\t\t\t\t\t\t\t\t\t\t\t\t\t\t\t\t\t\t\t\t\t\t\t\t\t\t\t\t            <\/div>\n\t\t\n        <div class=\"grid-header-box\">\n\t\t\t                <span class=\"cat\"><a style=\"\" class=\"penci-cat-name penci-cat-807\" href=\"https:\/\/worldimagingnewslatino.com\/pt\/category\/featured-news\/\" rel=\"category tag\"><span style=\"\">Not\u00edcias em destaque<\/span><\/a><a style=\"\" class=\"penci-cat-name penci-cat-74\" href=\"https:\/\/worldimagingnewslatino.com\/pt\/category\/applications\/textile-applications\/\" rel=\"category tag\"><span style=\"\">T\u00eaxtil<\/span><\/a><\/span>\n\t\t\t\n            <h2 class=\"penci-entry-title entry-title grid-title penci_grid_title_df\"><a href=\"https:\/\/worldimagingnewslatino.com\/pt\/fabjet-pro-establece-un-nuevo-referente-en-la-impresion-textil-digital-de-alta-velocidad-con-capacidad-ultra-ancha-de-3-2-metros\/\">FabJet Pro Establece un Nuevo Referente en la Impresi\u00f3n Textil Digital de Alta Velocidad con Capacidad Ultra Ancha de 3.2 Metros<\/a>\n            <\/h2>\n\t\t\t\t\t\t\t\t<div class=\"penci-hide-tagupdated\">\n\t\t\t<span class=\"author-italic author vcard\">by \t\t\t\t\t\t\t\t\t\t<a class=\"author-url url fn n\" href=\"https:\/\/worldimagingnewslatino.com\/pt\/author\/mj\/\">Equipe 1<\/a>\t\t\t\t\t\t\t\t\t<\/span>\n\t\t\t<time class=\"entry-date published\" datetime=\"2026-03-20T17:29:20-07:00\">03\/20\/2026<\/time>\t\t<\/div>\n\t\t\t\t\t\t                <div class=\"grid-post-box-meta\">\n\t\t\t\t\t\t\t\t\t\t\t\t\t\t\t                        <span class=\"otherl-date\"><time class=\"entry-date published\" datetime=\"2026-03-20T17:29:20-07:00\">03\/20\/2026<\/time><\/span>\n\t\t\t\t\t\t\t\t\t\t\t\t\t\t\t\t\t\t\t\t\t\t\t\t\t\t\t\t\t\t                <\/div>\n\t\t\t        <\/div>\n\n\t\t            <div class=\"item-content entry-content\">\n\t\t\t\t<p>NOIDA | India \u2013 Marzo 2026 \u2013 La FabJet Pro, la soluci\u00f3n insignia de impresi\u00f3n textil digital de ultra gran formato de ColorJet India Limited, est\u00e1 redefiniendo los est\u00e1ndares de &#8230;<\/p>\n            <\/div>\n\t\t\n\t\t\n\t\t    <\/article>\n<\/li>\n<li class=\"grid-style\">\n    <article id=\"post-264135\" class=\"item hentry\">\n\t\t            <div class=\"thumbnail\">\n\t\t\t\t\t\t\t\t                    <a class=\"penci-image-holder penci-lazy\" data-bgset=\"https:\/\/worldimagingnewslatino.com\/wp-content\/uploads\/2026\/03\/Untitled-400x300-24.png\" href=\"https:\/\/worldimagingnewslatino.com\/pt\/colorjet-lanzo-vastrajet-elite-empoderando-a-los-nuevos-emprendedores-de-la-industria-textil\/\" title=\"ColorJet Lanz\u00f3 VastraJet Elite Empoderando a los Nuevos Emprendedores de la Industria Textil\">\n                    <\/a>\n\t\t\t\t\n\t\t\t\t\t\t\t\t\t\t\t\t\t\t\t\t\t\t\t\t\t\t\t\t\t\t\t\t\t\t\t\t\t            <\/div>\n\t\t\n        <div class=\"grid-header-box\">\n\t\t\t                <span class=\"cat\"><a style=\"\" class=\"penci-cat-name penci-cat-74\" href=\"https:\/\/worldimagingnewslatino.com\/pt\/category\/applications\/textile-applications\/\" rel=\"category tag\"><span style=\"\">T\u00eaxtil<\/span><\/a><\/span>\n\t\t\t\n            <h2 class=\"penci-entry-title entry-title grid-title penci_grid_title_df\"><a href=\"https:\/\/worldimagingnewslatino.com\/pt\/colorjet-lanzo-vastrajet-elite-empoderando-a-los-nuevos-emprendedores-de-la-industria-textil\/\">ColorJet Lanz\u00f3 VastraJet Elite Empoderando a los Nuevos Emprendedores de la Industria Textil<\/a>\n            <\/h2>\n\t\t\t\t\t\t\t\t<div class=\"penci-hide-tagupdated\">\n\t\t\t<span class=\"author-italic author vcard\">by \t\t\t\t\t\t\t\t\t\t<a class=\"author-url url fn n\" href=\"https:\/\/worldimagingnewslatino.com\/pt\/author\/mj\/\">Equipe 1<\/a>\t\t\t\t\t\t\t\t\t<\/span>\n\t\t\t<time class=\"entry-date published\" datetime=\"2026-03-18T15:00:09-07:00\">03\/18\/2026<\/time>\t\t<\/div>\n\t\t\t\t\t\t                <div class=\"grid-post-box-meta\">\n\t\t\t\t\t\t\t\t\t\t\t\t\t\t\t                        <span class=\"otherl-date\"><time class=\"entry-date published\" datetime=\"2026-03-18T15:00:09-07:00\">03\/18\/2026<\/time><\/span>\n\t\t\t\t\t\t\t\t\t\t\t\t\t\t\t\t\t\t\t\t\t\t\t\t\t\t\t\t\t\t                <\/div>\n\t\t\t        <\/div>\n\n\t\t            <div class=\"item-content entry-content\">\n\t\t\t\t<p>ColorJet Group anuncia con orgullo el lanzamiento de VastraJet Elite, una potente pero rentable impresora textil digital dise\u00f1ada para emprendedores, empresas emergentes y trabajadores independientes que buscan comenzar su camino &#8230;<\/p>\n            <\/div>\n\t\t\n\t\t\n\t\t    <\/article>\n<\/li>\n<li class=\"grid-style\">\n    <article id=\"post-263905\" class=\"item hentry\">\n\t\t            <div class=\"thumbnail\">\n\t\t\t\t\t\t\t\t                    <a class=\"penci-image-holder penci-lazy\" data-bgset=\"https:\/\/worldimagingnewslatino.com\/wp-content\/uploads\/2026\/01\/admin-ajax-4-585x318.jpeg\" href=\"https:\/\/worldimagingnewslatino.com\/pt\/ms-printing-solutions-y-jk-group-lanzan-cinco-impresoras-innovadoras-para-el-mercado-textil-digital\/\" title=\"MS Printing Solutions y JK Group lanzan cinco impresoras innovadoras para el mercado textil digital\">\n                    <\/a>\n\t\t\t\t\n\t\t\t\t\t\t\t\t\t\t\t\t\t\t\t\t\t\t\t\t\t\t\t\t\t\t\t\t\t\t\t\t\t            <\/div>\n\t\t\n        <div class=\"grid-header-box\">\n\t\t\t                <span class=\"cat\"><a style=\"\" class=\"penci-cat-name penci-cat-807\" href=\"https:\/\/worldimagingnewslatino.com\/pt\/category\/featured-news\/\" rel=\"category tag\"><span style=\"\">Not\u00edcias em destaque<\/span><\/a><a style=\"\" class=\"penci-cat-name penci-cat-62\" href=\"https:\/\/worldimagingnewslatino.com\/pt\/category\/applications\/dye-sub-applications\/\" rel=\"category tag\"><span style=\"\">Corante Sub<\/span><\/a><a style=\"\" class=\"penci-cat-name penci-cat-74\" href=\"https:\/\/worldimagingnewslatino.com\/pt\/category\/applications\/textile-applications\/\" rel=\"category tag\"><span style=\"\">T\u00eaxtil<\/span><\/a><\/span>\n\t\t\t\n            <h2 class=\"penci-entry-title entry-title grid-title penci_grid_title_df\"><a href=\"https:\/\/worldimagingnewslatino.com\/pt\/ms-printing-solutions-y-jk-group-lanzan-cinco-impresoras-innovadoras-para-el-mercado-textil-digital\/\">MS Printing Solutions y JK Group lanzan cinco impresoras innovadoras para el mercado textil digital<\/a>\n            <\/h2>\n\t\t\t\t\t\t\t\t<div class=\"penci-hide-tagupdated\">\n\t\t\t<span class=\"author-italic author vcard\">by \t\t\t\t\t\t\t\t\t\t<a class=\"author-url url fn n\" href=\"https:\/\/worldimagingnewslatino.com\/pt\/author\/mj\/\">Equipe 1<\/a>\t\t\t\t\t\t\t\t\t<\/span>\n\t\t\t<time class=\"entry-date published\" datetime=\"2026-01-14T15:52:33-08:00\">01\/14\/2026<\/time>\t\t<\/div>\n\t\t\t\t\t\t                <div class=\"grid-post-box-meta\">\n\t\t\t\t\t\t\t\t\t\t\t\t\t\t\t                        <span class=\"otherl-date\"><time class=\"entry-date published\" datetime=\"2026-01-14T15:52:33-08:00\">01\/14\/2026<\/time><\/span>\n\t\t\t\t\t\t\t\t\t\t\t\t\t\t\t\t\t\t\t\t\t\t\t\t\t\t\t\t\t\t                <\/div>\n\t\t\t        <\/div>\n\n\t\t            <div class=\"item-content entry-content\">\n\t\t\t\t<p>MS Printing Solutions y JK Group lanzan cinco impresoras innovadoras para el mercado textil digital DOWNERS GROVE | Illinois &#8211; septiembre de 2025 &#8211; MS Printing Solutions y JK Group, &#8230;<\/p>\n            <\/div>\n\t\t\n\t\t\n\t\t    <\/article>\n<\/li>\n<li class=\"grid-style\">\n    <article id=\"post-263610\" class=\"item hentry\">\n\t\t            <div class=\"thumbnail\">\n\t\t\t\t\t\t\t\t                    <a class=\"penci-image-holder penci-lazy\" data-bgset=\"https:\/\/worldimagingnewslatino.com\/wp-content\/uploads\/2025\/10\/admin-ajax-14-533x390.png\" href=\"https:\/\/worldimagingnewslatino.com\/pt\/fastsewn-presenta-su-solucion-patentada-de-costura-y-corte-laser-con-alimentacion-por-rollo-plano-en-printing-united\/\" title=\"FASTSEWN presenta su soluci\u00f3n patentada de costura y corte l\u00e1ser con alimentaci\u00f3n por rollo plano en PRINTING United.\">\n                    <\/a>\n\t\t\t\t\n\t\t\t\t\t\t\t\t\t\t\t\t\t\t\t\t\t\t\t\t\t\t\t\t\t\t\t\t\t\t\t\t\t            <\/div>\n\t\t\n        <div class=\"grid-header-box\">\n\t\t\t                <span class=\"cat\"><a style=\"\" class=\"penci-cat-name penci-cat-53\" href=\"https:\/\/worldimagingnewslatino.com\/pt\/category\/applications\/banners-and-flags\/\" rel=\"category tag\"><span style=\"\">Banners and Flags<\/span><\/a><a style=\"\" class=\"penci-cat-name penci-cat-139\" href=\"https:\/\/worldimagingnewslatino.com\/pt\/category\/applications\/specialty\/\" rel=\"category tag\"><span style=\"\">Especialidade<\/span><\/a><a style=\"\" class=\"penci-cat-name penci-cat-74\" href=\"https:\/\/worldimagingnewslatino.com\/pt\/category\/applications\/textile-applications\/\" rel=\"category tag\"><span style=\"\">T\u00eaxtil<\/span><\/a><\/span>\n\t\t\t\n            <h2 class=\"penci-entry-title entry-title grid-title penci_grid_title_df\"><a href=\"https:\/\/worldimagingnewslatino.com\/pt\/fastsewn-presenta-su-solucion-patentada-de-costura-y-corte-laser-con-alimentacion-por-rollo-plano-en-printing-united\/\">FASTSEWN presenta su soluci\u00f3n patentada de costura y corte l\u00e1ser con alimentaci\u00f3n por rollo plano en PRINTING United.<\/a>\n            <\/h2>\n\t\t\t\t\t\t\t\t<div class=\"penci-hide-tagupdated\">\n\t\t\t<span class=\"author-italic author vcard\">by \t\t\t\t\t\t\t\t\t\t<a class=\"author-url url fn n\" href=\"https:\/\/worldimagingnewslatino.com\/pt\/author\/mj\/\">Equipe 1<\/a>\t\t\t\t\t\t\t\t\t<\/span>\n\t\t\t<time class=\"entry-date published\" datetime=\"2025-10-21T09:45:27-07:00\">10\/21\/2025<\/time>\t\t<\/div>\n\t\t\t\t\t\t                <div class=\"grid-post-box-meta\">\n\t\t\t\t\t\t\t\t\t\t\t\t\t\t\t                        <span class=\"otherl-date\"><time class=\"entry-date published\" datetime=\"2025-10-21T09:45:27-07:00\">10\/21\/2025<\/time><\/span>\n\t\t\t\t\t\t\t\t\t\t\t\t\t\t\t\t\t\t\t\t\t\t\t\t\t\t\t\t\t\t                <\/div>\n\t\t\t        <\/div>\n\n\t\t            <div class=\"item-content entry-content\">\n\t\t\t\t<p>http:\/\/www.fastsewn.comSistema Integrado Automatiza la Costura y el Corte L\u00e1ser, Resolviendo el \u201c\u00daltimo Paso\u201d en la Producci\u00f3n Textil de Gran Formato en el Stand 848, CUTWORX USA ORLANDO, Florida &#8211; Octubre &#8230;<\/p>\n            <\/div>\n\t\t\n\t\t\n\t\t    <\/article>\n<\/li>\n<li class=\"grid-style\">\n    <article id=\"post-263200\" class=\"item hentry\">\n\t\t            <div class=\"thumbnail\">\n\t\t\t\t\t\t\t\t                    <a class=\"penci-image-holder penci-lazy\" data-bgset=\"https:\/\/worldimagingnewslatino.com\/wp-content\/uploads\/2025\/08\/admin-ajax-25-585x337.png\" href=\"https:\/\/worldimagingnewslatino.com\/pt\/durst-como-ha-nacido\/\" title=\"Durst Como ha nacido\">\n                    <\/a>\n\t\t\t\t\n\t\t\t\t\t\t\t\t\t\t\t\t\t\t\t\t\t\t\t\t\t\t\t\t\t\t\t\t\t\t\t\t\t            <\/div>\n\t\t\n        <div class=\"grid-header-box\">\n\t\t\t                <span class=\"cat\"><a style=\"\" class=\"penci-cat-name penci-cat-807\" href=\"https:\/\/worldimagingnewslatino.com\/pt\/category\/featured-news\/\" rel=\"category tag\"><span style=\"\">Not\u00edcias em destaque<\/span><\/a><a style=\"\" class=\"penci-cat-name penci-cat-74\" href=\"https:\/\/worldimagingnewslatino.com\/pt\/category\/applications\/textile-applications\/\" rel=\"category tag\"><span style=\"\">T\u00eaxtil<\/span><\/a><\/span>\n\t\t\t\n            <h2 class=\"penci-entry-title entry-title grid-title penci_grid_title_df\"><a href=\"https:\/\/worldimagingnewslatino.com\/pt\/durst-como-ha-nacido\/\">Durst Como ha nacido<\/a>\n            <\/h2>\n\t\t\t\t\t\t\t\t<div class=\"penci-hide-tagupdated\">\n\t\t\t<span class=\"author-italic author vcard\">by \t\t\t\t\t\t\t\t\t\t<a class=\"author-url url fn n\" href=\"https:\/\/worldimagingnewslatino.com\/pt\/author\/mj\/\">Equipe 1<\/a>\t\t\t\t\t\t\t\t\t<\/span>\n\t\t\t<time class=\"entry-date published\" datetime=\"2025-08-16T07:49:00-07:00\">08\/16\/2025<\/time>\t\t<\/div>\n\t\t\t\t\t\t                <div class=\"grid-post-box-meta\">\n\t\t\t\t\t\t\t\t\t\t\t\t\t\t\t                        <span class=\"otherl-date\"><time class=\"entry-date published\" datetime=\"2025-08-16T07:49:00-07:00\">08\/16\/2025<\/time><\/span>\n\t\t\t\t\t\t\t\t\t\t\t\t\t\t\t\t\t\t\t\t\t\t\t\t\t\t\t\t\t\t                <\/div>\n\t\t\t        <\/div>\n\n\t\t            <div class=\"item-content entry-content\">\n\t\t\t\t<p>Durst Group se fusiona con Aleph SrL: nace Durst Como, primera presentaci\u00f3n en FESPA 2025 BRIXEN \/ COMO | Italia \u2013 Abril 2025 \u2013 Durst Group, uno de los principales &#8230;<\/p>\n            <\/div>\n\t\t\n\t\t\n\t\t    <\/article>\n<\/li>\n<li class=\"grid-style\">\n    <article id=\"post-19113\" class=\"item hentry\">\n\t\t            <div class=\"thumbnail\">\n\t\t\t\t\t\t\t\t                    <a class=\"penci-image-holder penci-lazy\" data-bgset=\"https:\/\/worldimagingnewslatino.com\/wp-content\/uploads\/2024\/02\/mas-extreme.png\" href=\"https:\/\/worldimagingnewslatino.com\/pt\/mas-extreme-fastest-textile-printer-with-up-to-120-print-heads\/\" title=\"MAS Extreme &#8211; Fastest Textile Printer with Up to 120 Print heads\">\n                    <\/a>\n\t\t\t\t\n\t\t\t\t\t\t\t\t\t\t\t\t\t\t\t\t\t\t\t\t\t\t\t\t\t\t\t\t\t\t\t\t\t            <\/div>\n\t\t\n        <div class=\"grid-header-box\">\n\t\t\t                <span class=\"cat\"><a style=\"\" class=\"penci-cat-name penci-cat-212\" href=\"https:\/\/worldimagingnewslatino.com\/pt\/category\/printers\/\" rel=\"category tag\"><span style=\"\">Impressoras<\/span><\/a><a style=\"\" class=\"penci-cat-name penci-cat-349\" href=\"https:\/\/worldimagingnewslatino.com\/pt\/category\/printers\/texile\/\" rel=\"category tag\"><span style=\"\">T\u00eaxtil<\/span><\/a><a style=\"\" class=\"penci-cat-name penci-cat-74\" href=\"https:\/\/worldimagingnewslatino.com\/pt\/category\/applications\/textile-applications\/\" rel=\"category tag\"><span style=\"\">T\u00eaxtil<\/span><\/a><\/span>\n\t\t\t\n            <h2 class=\"penci-entry-title entry-title grid-title penci_grid_title_df\"><a href=\"https:\/\/worldimagingnewslatino.com\/pt\/mas-extreme-fastest-textile-printer-with-up-to-120-print-heads\/\">MAS Extreme - a impressora t\u00eaxtil mais r\u00e1pida com at\u00e9 120 cabe\u00e7otes de impress\u00e3o<\/a>\n            <\/h2>\n\t\t\t\t\t\t\t\t<div class=\"penci-hide-tagupdated\">\n\t\t\t<span class=\"author-italic author vcard\">by \t\t\t\t\t\t\t\t\t\t<a class=\"author-url url fn n\" href=\"https:\/\/worldimagingnewslatino.com\/pt\/author\/dan\/\">Equipe<\/a>\t\t\t\t\t\t\t\t\t<\/span>\n\t\t\t<time class=\"entry-date published\" datetime=\"2024-02-06T07:12:11-08:00\">02\/06\/2024<\/time>\t\t<\/div>\n\t\t\t\t\t\t                <div class=\"grid-post-box-meta\">\n\t\t\t\t\t\t\t\t\t\t\t\t\t\t\t                        <span class=\"otherl-date\"><time class=\"entry-date published\" datetime=\"2024-02-06T07:12:11-08:00\">02\/06\/2024<\/time><\/span>\n\t\t\t\t\t\t\t\t\t\t\t\t\t\t\t\t\t\t\t\t\t\t\t\t\t\t\t\t\t\t                <\/div>\n\t\t\t        <\/div>\n\n\t\t            <div class=\"item-content entry-content\">\n\t\t\t\t<p>Print width: Min: 1900 mm \u2013 Max: 3400 mm Type of Heads: Kyocera KJ4B 600DPI Heads Heads per Carriage: Up to 120 (10 Rows of 12) Installable Colors: Maximum 8 &#8230;<\/p>\n            <\/div>\n\t\t\n\t\t\n\t\t    <\/article>\n<\/li>\n\n\t\t\t\t\t\t\t\t\t\t\t\t\t\t\t\t\t\t\t\t\t\t\t\t\t\t\t\t<\/ul>\n\t\t\t\t\t\t\t\t\t\t\t\t\t\t<div class=\"penci-pagination align-left\"><ul class='page-numbers'>\n\t<li><span aria-current=\"page\" class=\"page-numbers current\">1<\/span><\/li>\n\t<li><a class=\"page-numbers\" href=\"https:\/\/worldimagingnewslatino.com\/pt\/wp-json\/wp\/v2\/pages\/18841\/page\/2\/\">2<\/a><\/li>\n\t<li><a class=\"next page-numbers\" href=\"https:\/\/worldimagingnewslatino.com\/pt\/wp-json\/wp\/v2\/pages\/18841\/page\/2\/\"><i class=\"penci-faicon fa fa-angle-right\" ><\/i><\/a><\/li>\n<\/ul>\n<\/div>\t\t\t\t\t\t\t                        <\/div>\n\n\t\t\t\t\t\t                    <\/div>\n                <\/div>\n\t\t\t            <style>\n                                                                                                                                                                            <\/style>\n\t\t\t\t\t\t\t<\/div>\n\t\t\t\t<\/div>\n\t\t\t\t\t<\/div>\n\t\t\t\t<\/div>\n\t\t\t\t<\/div>","protected":false},"excerpt":{"rendered":"<p>textile PrintersTexileTextile MAS Extreme &#8211; Fastest Textile Printer with Up to 120 Print heads by Staff 02\/06\/2024 02\/06\/2024 Print width: Min: 1900 mm \u2013 Max: 3400 mm Type of Heads:&hellip;<\/p>","protected":false},"author":3,"featured_media":0,"parent":0,"menu_order":0,"comment_status":"closed","ping_status":"closed","template":"","meta":{"_lmt_disableupdate":"no","_lmt_disable":"","cybocfi_hide_featured_image":"","footnotes":""},"class_list":["post-18841","page","type-page","status-publish","hentry"],"_links":{"self":[{"href":"https:\/\/worldimagingnewslatino.com\/pt\/wp-json\/wp\/v2\/pages\/18841"}],"collection":[{"href":"https:\/\/worldimagingnewslatino.com\/pt\/wp-json\/wp\/v2\/pages"}],"about":[{"href":"https:\/\/worldimagingnewslatino.com\/pt\/wp-json\/wp\/v2\/types\/page"}],"author":[{"embeddable":true,"href":"https:\/\/worldimagingnewslatino.com\/pt\/wp-json\/wp\/v2\/users\/3"}],"replies":[{"embeddable":true,"href":"https:\/\/worldimagingnewslatino.com\/pt\/wp-json\/wp\/v2\/comments?post=18841"}],"version-history":[{"count":8,"href":"https:\/\/worldimagingnewslatino.com\/pt\/wp-json\/wp\/v2\/pages\/18841\/revisions"}],"predecessor-version":[{"id":260358,"href":"https:\/\/worldimagingnewslatino.com\/pt\/wp-json\/wp\/v2\/pages\/18841\/revisions\/260358"}],"wp:attachment":[{"href":"https:\/\/worldimagingnewslatino.com\/pt\/wp-json\/wp\/v2\/media?parent=18841"}],"curies":[{"name":"wp","href":"https:\/\/api.w.org\/{rel}","templated":true}]}}