{"id":18774,"date":"2024-01-31T15:05:58","date_gmt":"2024-01-31T23:05:58","guid":{"rendered":"https:\/\/worldimagingnewslatino.com\/?page_id=18774"},"modified":"2024-08-03T09:07:50","modified_gmt":"2024-08-03T16:07:50","slug":"aquoso","status":"publish","type":"page","link":"https:\/\/worldimagingnewslatino.com\/pt\/aquoso\/","title":{"rendered":"Aquoso"},"content":{"rendered":"<div data-elementor-type=\"wp-page\" data-elementor-id=\"18774\" class=\"elementor elementor-18774\" data-elementor-post-type=\"page\">\n\t\t\t\t<div class=\"elementor-element elementor-element-ed773d1 e-flex e-con-boxed e-con e-parent\" data-id=\"ed773d1\" data-element_type=\"container\" data-e-type=\"container\">\n\t\t\t\t\t<div class=\"e-con-inner\">\n\t\t\t\t<div class=\"elementor-element elementor-element-55aa454 elementor-widget elementor-widget-penci-big-grid\" data-id=\"55aa454\" data-element_type=\"widget\" data-e-type=\"widget\" data-widget_type=\"penci-big-grid.default\">\n\t\t\t\t<div class=\"elementor-widget-container\">\n\t\t\t\t\t        <div class=\"penci-clearfix penci-biggrid-wrapper penci-grid-col-3 penci-grid-mcol-1 penci-bgrid-based-post penci-bgrid-style-1 pcbg-ficonpo-top-right pcbg-reiconpo-top-left penci-bgrid-content-on pencibg-imageh-zoom-in pencibg-texth-none pencibg-textani-movetop textop\">\n\t\t\t    <div class=\"penci-border-arrow penci-homepage-title penci-home-latest-posts style-7 pcalign-left pciconp-right pcicon-right block-title-icon-left\">\n        <h3 class=\"inner-arrow\">\n        <span>\n                    <span>Aquoso<\/a>                <\/span>\n        <\/h3>\n\t\t        <\/div>\n\t\t            <div class=\"penci-clearfix penci-biggrid penci-bgstyle-1 penci-bgel\">\n                <div class=\"penci-biggrid-inner default\">\n\t\t\t\t\t<div class=\"penci-clearfix penci-biggrid-data penci-dflex\"><div class=\"penci-bgitem\">\n    <div class=\"penci-bgitin\">\n        <div class=\"penci-bgmain\">\n            <div class=\"pcbg-thumb\">\n\t\t\t\t\t\t\t\t                <div class=\"pcbg-thumbin\">\n                    <a class=\"pcbg-bgoverlay\"\n                       href=\"https:\/\/worldimagingnewslatino.com\/pt\/mutoh-america-lanza-la-hydraton-1642-con-tecnologia-de-tinta-aquafuze\/\" title=\"MUTOH America Lanza la HydrAton 1642 con Tecnolog\u00eda de Tinta AQUAFUZE\u2122\"><\/a>\n\n                        <div  data-bgset=\"https:\/\/worldimagingnewslatino.com\/wp-content\/uploads\/2026\/02\/Roland-TY-300-BLI-Award-2-scaled-1-585x390.jpg\" data_bg_hidpi=\"https:\/\/worldimagingnewslatino.com\/wp-content\/uploads\/2026\/02\/Roland-TY-300-BLI-Award-2-scaled-1-585x390.jpg\" class=\"penci-lazy penci-image-holder\">\n                                                    <\/div>\n\n                <\/div>\n            <\/div>\n            <div class=\"pcbg-content\">\n                <div class=\"pcbg-content-flex\">\n                    <a class=\"pcbg-bgoverlay active-overlay\"\n                       href=\"https:\/\/worldimagingnewslatino.com\/pt\/mutoh-america-lanza-la-hydraton-1642-con-tecnologia-de-tinta-aquafuze\/\" title=\"MUTOH America Lanza la HydrAton 1642 con Tecnolog\u00eda de Tinta AQUAFUZE\u2122\"><\/a>\n                    <div class=\"pcbg-content-inner bgcontent-block\">\n                        <a href=\"https:\/\/worldimagingnewslatino.com\/pt\/mutoh-america-lanza-la-hydraton-1642-con-tecnologia-de-tinta-aquafuze\/\" title=\"MUTOH America Lanza la HydrAton 1642 con Tecnolog\u00eda de Tinta AQUAFUZE\u2122\"\n                           class=\"pcbg-bgoverlaytext item-hover\"><\/a>\n\n\t\t\t\t\t\t                            <div class=\"pcbg-above item-hover\">\n\t\t\t\t\t\t\t<span class=\"cat pcbg-sub-title\">\n\t\t\t\t\t\t\t\t<a style=\"\" class=\"penci-cat-name penci-cat-223\" href=\"https:\/\/worldimagingnewslatino.com\/pt\/categoria\/impressoras\/aquoso\/\"  rel=\"category tag\"><span style=\"\">Aquoso<\/span><\/a><a style=\"\" class=\"penci-cat-name penci-cat-227\" href=\"https:\/\/worldimagingnewslatino.com\/pt\/categoria\/impressoras\/resin-printers-2\/\"  rel=\"category tag\"><span style=\"\">Resina<\/span><\/a>\t\t\t\t\t\t\t<\/span>\n                            <\/div>\n\t\t\t\t\t\t\n\t\t\t\t\t\t                            <div class=\"pcbg-heading item-hover\">\n                                <h3 class=\"pcbg-title\">\n                                    <a href=\"https:\/\/worldimagingnewslatino.com\/pt\/mutoh-america-lanza-la-hydraton-1642-con-tecnologia-de-tinta-aquafuze\/\">\n\t\t\t\t\t\t\t\t\t\tMUTOH America Lanza la HydrAton 1642 con Tecnolog\u00eda de Tinta AQUAFUZE\u2122                                    <\/a>\n                                <\/h3>\n                            <\/div>\n\t\t\t\t\t\t\n\t\t\t\t\t\t                            <div class=\"grid-post-box-meta pcbg-meta item-hover\">\n                                <div class=\"pcbg-meta-desc\">\n\t\t\t\t\t\t\t\t\t\t\t\t\t\t\t\t\t\t                                        <span class=\"bg-date\"><time class=\"entry-date published\" datetime=\"2026-02-03T15:47:33-08:00\">02\/03\/2026<\/time><\/span>\n\t\t\t\t\t\t\t\t\t\t\t\t\t\t\t\t\t\t\t\t\t\t\t\t\t\t\t\t\t\t\t\t\t\t\t\t\t\t\t\t\t\t\t\t\t\t\t\t\t\t\t\t\t\t                                <\/div>\n\t\t\t\t\t\t\t\t                            <\/div>\n\t\t\t\t\t\t\n\t\t\t\t\t\t                    <\/div>\n                <\/div>\n            <\/div>\n        <\/div>\n    <\/div>\n<\/div>\n<div class=\"penci-bgitem\">\n    <div class=\"penci-bgitin\">\n        <div class=\"penci-bgmain\">\n            <div class=\"pcbg-thumb\">\n\t\t\t\t\t\t\t\t                <div class=\"pcbg-thumbin\">\n                    <a class=\"pcbg-bgoverlay\"\n                       href=\"https:\/\/worldimagingnewslatino.com\/pt\/fujifilm-presento-nuevos-productos-en-fespa-2025\/\" title=\"Fujifilm present\u00f3 nuevos productos en FESPA 2025.\"><\/a>\n\n                        <div  data-bgset=\"https:\/\/worldimagingnewslatino.com\/wp-content\/uploads\/2025\/09\/admin-ajax-3.png\" data_bg_hidpi=\"https:\/\/worldimagingnewslatino.com\/wp-content\/uploads\/2025\/09\/admin-ajax-3.png\" class=\"penci-lazy penci-image-holder\">\n                                                    <\/div>\n\n                <\/div>\n            <\/div>\n            <div class=\"pcbg-content\">\n                <div class=\"pcbg-content-flex\">\n                    <a class=\"pcbg-bgoverlay active-overlay\"\n                       href=\"https:\/\/worldimagingnewslatino.com\/pt\/fujifilm-presento-nuevos-productos-en-fespa-2025\/\" title=\"Fujifilm present\u00f3 nuevos productos en FESPA 2025.\"><\/a>\n                    <div class=\"pcbg-content-inner bgcontent-block\">\n                        <a href=\"https:\/\/worldimagingnewslatino.com\/pt\/fujifilm-presento-nuevos-productos-en-fespa-2025\/\" title=\"Fujifilm present\u00f3 nuevos productos en FESPA 2025.\"\n                           class=\"pcbg-bgoverlaytext item-hover\"><\/a>\n\n\t\t\t\t\t\t                            <div class=\"pcbg-above item-hover\">\n\t\t\t\t\t\t\t<span class=\"cat pcbg-sub-title\">\n\t\t\t\t\t\t\t\t<a style=\"\" class=\"penci-cat-name penci-cat-223\" href=\"https:\/\/worldimagingnewslatino.com\/pt\/categoria\/impressoras\/aquoso\/\"  rel=\"category tag\"><span style=\"\">Aquoso<\/span><\/a><a style=\"\" class=\"penci-cat-name penci-cat-807\" href=\"https:\/\/worldimagingnewslatino.com\/pt\/categoria\/featured-news\/\"  rel=\"category tag\"><span style=\"\">Not\u00edcias em destaque<\/span><\/a><a style=\"\" class=\"penci-cat-name penci-cat-229\" href=\"https:\/\/worldimagingnewslatino.com\/pt\/categoria\/impressoras\/uv-printers\/\"  rel=\"category tag\"><span style=\"\">Impressora UV<\/span><\/a>\t\t\t\t\t\t\t<\/span>\n                            <\/div>\n\t\t\t\t\t\t\n\t\t\t\t\t\t                            <div class=\"pcbg-heading item-hover\">\n                                <h3 class=\"pcbg-title\">\n                                    <a href=\"https:\/\/worldimagingnewslatino.com\/pt\/fujifilm-presento-nuevos-productos-en-fespa-2025\/\">\n\t\t\t\t\t\t\t\t\t\tFujifilm present\u00f3 nuevos productos en FESPA 2025.                                    <\/a>\n                                <\/h3>\n                            <\/div>\n\t\t\t\t\t\t\n\t\t\t\t\t\t                            <div class=\"grid-post-box-meta pcbg-meta item-hover\">\n                                <div class=\"pcbg-meta-desc\">\n\t\t\t\t\t\t\t\t\t\t\t\t\t\t\t\t\t\t                                        <span class=\"bg-date\"><time class=\"entry-date published\" datetime=\"2025-09-07T08:32:20-07:00\">09\/07\/2025<\/time><\/span>\n\t\t\t\t\t\t\t\t\t\t\t\t\t\t\t\t\t\t\t\t\t\t\t\t\t\t\t\t\t\t\t\t\t\t\t\t\t\t\t\t\t\t\t\t\t\t\t\t\t\t\t\t\t\t                                <\/div>\n\t\t\t\t\t\t\t\t                            <\/div>\n\t\t\t\t\t\t\n\t\t\t\t\t\t                    <\/div>\n                <\/div>\n            <\/div>\n        <\/div>\n    <\/div>\n<\/div>\n<div class=\"penci-bgitem\">\n    <div class=\"penci-bgitin\">\n        <div class=\"penci-bgmain\">\n            <div class=\"pcbg-thumb\">\n\t\t\t\t\t\t\t\t                <div class=\"pcbg-thumbin\">\n                    <a class=\"pcbg-bgoverlay\"\n                       href=\"https:\/\/worldimagingnewslatino.com\/pt\/canon-u-s-a-inc-unveils-next-generation-imageprograf-printers-for-cad-and-poster-markets\/\" title=\"Canon U.S.A., Inc. apresenta a pr\u00f3xima gera\u00e7\u00e3o de impressoras imagePROGRAF para os mercados de CAD e sinaliza\u00e7\u00e3o\"><\/a>\n\n                        <div  data-bgset=\"https:\/\/worldimagingnewslatino.com\/wp-content\/uploads\/2024\/09\/Custom-dimensions-600x400-px3-585x390.png\" data_bg_hidpi=\"https:\/\/worldimagingnewslatino.com\/wp-content\/uploads\/2024\/09\/Custom-dimensions-600x400-px3-585x390.png\" class=\"penci-lazy penci-image-holder\">\n                                                    <\/div>\n\n                <\/div>\n            <\/div>\n            <div class=\"pcbg-content\">\n                <div class=\"pcbg-content-flex\">\n                    <a class=\"pcbg-bgoverlay active-overlay\"\n                       href=\"https:\/\/worldimagingnewslatino.com\/pt\/canon-u-s-a-inc-unveils-next-generation-imageprograf-printers-for-cad-and-poster-markets\/\" title=\"Canon U.S.A., Inc. apresenta a pr\u00f3xima gera\u00e7\u00e3o de impressoras imagePROGRAF para os mercados de CAD e sinaliza\u00e7\u00e3o\"><\/a>\n                    <div class=\"pcbg-content-inner bgcontent-block\">\n                        <a href=\"https:\/\/worldimagingnewslatino.com\/pt\/canon-u-s-a-inc-unveils-next-generation-imageprograf-printers-for-cad-and-poster-markets\/\" title=\"Canon U.S.A., Inc. apresenta a pr\u00f3xima gera\u00e7\u00e3o de impressoras imagePROGRAF para os mercados de CAD e sinaliza\u00e7\u00e3o\"\n                           class=\"pcbg-bgoverlaytext item-hover\"><\/a>\n\n\t\t\t\t\t\t                            <div class=\"pcbg-above item-hover\">\n\t\t\t\t\t\t\t<span class=\"cat pcbg-sub-title\">\n\t\t\t\t\t\t\t\t<a style=\"\" class=\"penci-cat-name penci-cat-131\" href=\"https:\/\/worldimagingnewslatino.com\/pt\/categoria\/aplicativos\/aec\/\"  rel=\"category tag\"><span style=\"\">AEC<\/span><\/a><a style=\"\" class=\"penci-cat-name penci-cat-223\" href=\"https:\/\/worldimagingnewslatino.com\/pt\/categoria\/impressoras\/aquoso\/\"  rel=\"category tag\"><span style=\"\">Aquoso<\/span><\/a><a style=\"\" class=\"penci-cat-name penci-cat-807\" href=\"https:\/\/worldimagingnewslatino.com\/pt\/categoria\/featured-news\/\"  rel=\"category tag\"><span style=\"\">Not\u00edcias em destaque<\/span><\/a>\t\t\t\t\t\t\t<\/span>\n                            <\/div>\n\t\t\t\t\t\t\n\t\t\t\t\t\t                            <div class=\"pcbg-heading item-hover\">\n                                <h3 class=\"pcbg-title\">\n                                    <a href=\"https:\/\/worldimagingnewslatino.com\/pt\/canon-u-s-a-inc-unveils-next-generation-imageprograf-printers-for-cad-and-poster-markets\/\">\n\t\t\t\t\t\t\t\t\t\tCanon U.S.A., Inc. apresenta a pr\u00f3xima gera\u00e7\u00e3o de impressoras imagePROGRAF para os mercados de CAD e sinaliza\u00e7\u00e3o                                    <\/a>\n                                <\/h3>\n                            <\/div>\n\t\t\t\t\t\t\n\t\t\t\t\t\t                            <div class=\"grid-post-box-meta pcbg-meta item-hover\">\n                                <div class=\"pcbg-meta-desc\">\n\t\t\t\t\t\t\t\t\t\t\t\t\t\t\t\t\t\t                                        <span class=\"bg-date\"><time class=\"entry-date published\" datetime=\"2024-09-27T08:02:55-07:00\">09\/27\/2024<\/time><\/span>\n\t\t\t\t\t\t\t\t\t\t\t\t\t\t\t\t\t\t\t\t\t\t\t\t\t\t\t\t\t\t\t\t\t\t\t\t\t\t\t\t\t\t\t\t\t\t\t\t\t\t\t\t\t\t                                <\/div>\n\t\t\t\t\t\t\t\t                            <\/div>\n\t\t\t\t\t\t\n\t\t\t\t\t\t                    <\/div>\n                <\/div>\n            <\/div>\n        <\/div>\n    <\/div>\n<\/div>\n<div class=\"penci-bgitem\">\n    <div class=\"penci-bgitin\">\n        <div class=\"penci-bgmain\">\n            <div class=\"pcbg-thumb\">\n\t\t\t\t\t\t\t\t                <div class=\"pcbg-thumbin\">\n                    <a class=\"pcbg-bgoverlay\"\n                       href=\"https:\/\/worldimagingnewslatino.com\/pt\/epson-surecolor-p20570-64-inch-fine-art-printer-now-available\/\" title=\"Impressora para belas artes Epson SureColor P20570 de 64 polegadas j\u00e1 est\u00e1 dispon\u00edvel\"><\/a>\n\n                        <div  data-bgset=\"https:\/\/worldimagingnewslatino.com\/wp-content\/uploads\/2024\/07\/sc_p20570_series_product_01_head-on-ezgif.com-jpg-to-webp-converter-1.webp\" data_bg_hidpi=\"https:\/\/worldimagingnewslatino.com\/wp-content\/uploads\/2024\/07\/sc_p20570_series_product_01_head-on-ezgif.com-jpg-to-webp-converter-1.webp\" class=\"penci-lazy penci-image-holder\">\n                                                    <\/div>\n\n                <\/div>\n            <\/div>\n            <div class=\"pcbg-content\">\n                <div class=\"pcbg-content-flex\">\n                    <a class=\"pcbg-bgoverlay active-overlay\"\n                       href=\"https:\/\/worldimagingnewslatino.com\/pt\/epson-surecolor-p20570-64-inch-fine-art-printer-now-available\/\" title=\"Impressora para belas artes Epson SureColor P20570 de 64 polegadas j\u00e1 est\u00e1 dispon\u00edvel\"><\/a>\n                    <div class=\"pcbg-content-inner bgcontent-block\">\n                        <a href=\"https:\/\/worldimagingnewslatino.com\/pt\/epson-surecolor-p20570-64-inch-fine-art-printer-now-available\/\" title=\"Impressora para belas artes Epson SureColor P20570 de 64 polegadas j\u00e1 est\u00e1 dispon\u00edvel\"\n                           class=\"pcbg-bgoverlaytext item-hover\"><\/a>\n\n\t\t\t\t\t\t                            <div class=\"pcbg-above item-hover\">\n\t\t\t\t\t\t\t<span class=\"cat pcbg-sub-title\">\n\t\t\t\t\t\t\t\t<a style=\"\" class=\"penci-cat-name penci-cat-223\" href=\"https:\/\/worldimagingnewslatino.com\/pt\/categoria\/impressoras\/aquoso\/\"  rel=\"category tag\"><span style=\"\">Aquoso<\/span><\/a><a style=\"\" class=\"penci-cat-name penci-cat-212\" href=\"https:\/\/worldimagingnewslatino.com\/pt\/categoria\/impressoras\/\"  rel=\"category tag\"><span style=\"\">Impressoras<\/span><\/a>\t\t\t\t\t\t\t<\/span>\n                            <\/div>\n\t\t\t\t\t\t\n\t\t\t\t\t\t                            <div class=\"pcbg-heading item-hover\">\n                                <h3 class=\"pcbg-title\">\n                                    <a href=\"https:\/\/worldimagingnewslatino.com\/pt\/epson-surecolor-p20570-64-inch-fine-art-printer-now-available\/\">\n\t\t\t\t\t\t\t\t\t\tImpressora para belas artes Epson SureColor P20570 de 64 polegadas j\u00e1 est\u00e1 dispon\u00edvel                                    <\/a>\n                                <\/h3>\n                            <\/div>\n\t\t\t\t\t\t\n\t\t\t\t\t\t                            <div class=\"grid-post-box-meta pcbg-meta item-hover\">\n                                <div class=\"pcbg-meta-desc\">\n\t\t\t\t\t\t\t\t\t\t\t\t\t\t\t\t\t\t                                        <span class=\"bg-date\"><time class=\"entry-date published\" datetime=\"2024-07-16T10:17:01-07:00\">07\/16\/2024<\/time><\/span>\n\t\t\t\t\t\t\t\t\t\t\t\t\t\t\t\t\t\t\t\t\t\t\t\t\t\t\t\t\t\t\t\t\t\t\t\t\t\t\t\t\t\t\t\t\t\t\t\t\t\t\t\t\t\t                                <\/div>\n\t\t\t\t\t\t\t\t                            <\/div>\n\t\t\t\t\t\t\n\t\t\t\t\t\t                    <\/div>\n                <\/div>\n            <\/div>\n        <\/div>\n    <\/div>\n<\/div>\n<div class=\"penci-bgitem\">\n    <div class=\"penci-bgitin\">\n        <div class=\"penci-bgmain\">\n            <div class=\"pcbg-thumb\">\n\t\t\t\t\t\t\t\t                <div class=\"pcbg-thumbin\">\n                    <a class=\"pcbg-bgoverlay\"\n                       href=\"https:\/\/worldimagingnewslatino.com\/pt\/achieve-exquisite-prints-for-photo-and-fine-art-with-three-new-imageprograf-pro-series-models\/\" title=\"Obtenha impress\u00f5es requintadas para fotos e belas artes com tr\u00eas novos modelos da s\u00e9rie imagePROGRAF PRO\"><\/a>\n\n                        <div  data-bgset=\"https:\/\/worldimagingnewslatino.com\/wp-content\/uploads\/2024\/02\/canon-imageprograf-pro.jpg\" data_bg_hidpi=\"https:\/\/worldimagingnewslatino.com\/wp-content\/uploads\/2024\/02\/canon-imageprograf-pro.jpg\" class=\"penci-lazy penci-image-holder\">\n                                                    <\/div>\n\n                <\/div>\n            <\/div>\n            <div class=\"pcbg-content\">\n                <div class=\"pcbg-content-flex\">\n                    <a class=\"pcbg-bgoverlay active-overlay\"\n                       href=\"https:\/\/worldimagingnewslatino.com\/pt\/achieve-exquisite-prints-for-photo-and-fine-art-with-three-new-imageprograf-pro-series-models\/\" title=\"Obtenha impress\u00f5es requintadas para fotos e belas artes com tr\u00eas novos modelos da s\u00e9rie imagePROGRAF PRO\"><\/a>\n                    <div class=\"pcbg-content-inner bgcontent-block\">\n                        <a href=\"https:\/\/worldimagingnewslatino.com\/pt\/achieve-exquisite-prints-for-photo-and-fine-art-with-three-new-imageprograf-pro-series-models\/\" title=\"Obtenha impress\u00f5es requintadas para fotos e belas artes com tr\u00eas novos modelos da s\u00e9rie imagePROGRAF PRO\"\n                           class=\"pcbg-bgoverlaytext item-hover\"><\/a>\n\n\t\t\t\t\t\t                            <div class=\"pcbg-above item-hover\">\n\t\t\t\t\t\t\t<span class=\"cat pcbg-sub-title\">\n\t\t\t\t\t\t\t\t<a style=\"\" class=\"penci-cat-name penci-cat-223\" href=\"https:\/\/worldimagingnewslatino.com\/pt\/categoria\/impressoras\/aquoso\/\"  rel=\"category tag\"><span style=\"\">Aquoso<\/span><\/a><a style=\"\" class=\"penci-cat-name penci-cat-212\" href=\"https:\/\/worldimagingnewslatino.com\/pt\/categoria\/impressoras\/\"  rel=\"category tag\"><span style=\"\">Impressoras<\/span><\/a>\t\t\t\t\t\t\t<\/span>\n                            <\/div>\n\t\t\t\t\t\t\n\t\t\t\t\t\t                            <div class=\"pcbg-heading item-hover\">\n                                <h3 class=\"pcbg-title\">\n                                    <a href=\"https:\/\/worldimagingnewslatino.com\/pt\/achieve-exquisite-prints-for-photo-and-fine-art-with-three-new-imageprograf-pro-series-models\/\">\n\t\t\t\t\t\t\t\t\t\tObtenha impress\u00f5es requintadas para fotos e belas artes com tr\u00eas novos modelos da s\u00e9rie imagePROGRAF PRO                                    <\/a>\n                                <\/h3>\n                            <\/div>\n\t\t\t\t\t\t\n\t\t\t\t\t\t                            <div class=\"grid-post-box-meta pcbg-meta item-hover\">\n                                <div class=\"pcbg-meta-desc\">\n\t\t\t\t\t\t\t\t\t\t\t\t\t\t\t\t\t\t                                        <span class=\"bg-date\"><time class=\"entry-date published\" datetime=\"2024-02-09T11:19:26-08:00\">02\/09\/2024<\/time><\/span>\n\t\t\t\t\t\t\t\t\t\t\t\t\t\t\t\t\t\t\t\t\t\t\t\t\t\t\t\t\t\t\t\t\t\t\t\t\t\t\t\t\t\t\t\t\t\t\t\t\t\t\t\t\t\t                                <\/div>\n\t\t\t\t\t\t\t\t                            <\/div>\n\t\t\t\t\t\t\n\t\t\t\t\t\t                    <\/div>\n                <\/div>\n            <\/div>\n        <\/div>\n    <\/div>\n<\/div>\n<div class=\"penci-bgitem\">\n    <div class=\"penci-bgitin\">\n        <div class=\"penci-bgmain\">\n            <div class=\"pcbg-thumb\">\n\t\t\t\t\t\t\t\t                <div class=\"pcbg-thumbin\">\n                    <a class=\"pcbg-bgoverlay\"\n                       href=\"https:\/\/worldimagingnewslatino.com\/pt\/concord-flooring-among-worlds-first-adopters-of-efi-cubik-single-pass-inkjet-printer-for-wood\/\" title=\"Concord Flooring \u00e9 uma das primeiras empresas do mundo a adotar a impressora a jato de tinta de passagem \u00fanica EFI Cubik para madeira\"><\/a>\n\n                        <div  data-bgset=\"https:\/\/worldimagingnewslatino.com\/wp-content\/uploads\/2023\/12\/20231216-161507.webp\" data_bg_hidpi=\"https:\/\/worldimagingnewslatino.com\/wp-content\/uploads\/2023\/12\/20231216-161507.webp\" class=\"penci-lazy penci-image-holder\">\n                                                    <\/div>\n\n                <\/div>\n            <\/div>\n            <div class=\"pcbg-content\">\n                <div class=\"pcbg-content-flex\">\n                    <a class=\"pcbg-bgoverlay active-overlay\"\n                       href=\"https:\/\/worldimagingnewslatino.com\/pt\/concord-flooring-among-worlds-first-adopters-of-efi-cubik-single-pass-inkjet-printer-for-wood\/\" title=\"Concord Flooring \u00e9 uma das primeiras empresas do mundo a adotar a impressora a jato de tinta de passagem \u00fanica EFI Cubik para madeira\"><\/a>\n                    <div class=\"pcbg-content-inner bgcontent-block\">\n                        <a href=\"https:\/\/worldimagingnewslatino.com\/pt\/concord-flooring-among-worlds-first-adopters-of-efi-cubik-single-pass-inkjet-printer-for-wood\/\" title=\"Concord Flooring \u00e9 uma das primeiras empresas do mundo a adotar a impressora a jato de tinta de passagem \u00fanica EFI Cubik para madeira\"\n                           class=\"pcbg-bgoverlaytext item-hover\"><\/a>\n\n\t\t\t\t\t\t                            <div class=\"pcbg-above item-hover\">\n\t\t\t\t\t\t\t<span class=\"cat pcbg-sub-title\">\n\t\t\t\t\t\t\t\t<a style=\"\" class=\"penci-cat-name penci-cat-223\" href=\"https:\/\/worldimagingnewslatino.com\/pt\/categoria\/impressoras\/aquoso\/\"  rel=\"category tag\"><span style=\"\">Aquoso<\/span><\/a><a style=\"\" class=\"penci-cat-name penci-cat-212\" href=\"https:\/\/worldimagingnewslatino.com\/pt\/categoria\/impressoras\/\"  rel=\"category tag\"><span style=\"\">Impressoras<\/span><\/a><a style=\"\" class=\"penci-cat-name penci-cat-188\" href=\"https:\/\/worldimagingnewslatino.com\/pt\/categoria\/aplicativos\/wood\/\"  rel=\"category tag\"><span style=\"\">Madeira<\/span><\/a>\t\t\t\t\t\t\t<\/span>\n                            <\/div>\n\t\t\t\t\t\t\n\t\t\t\t\t\t                            <div class=\"pcbg-heading item-hover\">\n                                <h3 class=\"pcbg-title\">\n                                    <a href=\"https:\/\/worldimagingnewslatino.com\/pt\/concord-flooring-among-worlds-first-adopters-of-efi-cubik-single-pass-inkjet-printer-for-wood\/\">\n\t\t\t\t\t\t\t\t\t\tConcord Flooring \u00e9 uma das primeiras empresas do mundo a adotar a impressora a jato de tinta de passagem \u00fanica EFI Cubik para madeira                                    <\/a>\n                                <\/h3>\n                            <\/div>\n\t\t\t\t\t\t\n\t\t\t\t\t\t                            <div class=\"grid-post-box-meta pcbg-meta item-hover\">\n                                <div class=\"pcbg-meta-desc\">\n\t\t\t\t\t\t\t\t\t\t\t\t\t\t\t\t\t\t                                        <span class=\"bg-date\"><time class=\"entry-date published\" datetime=\"2023-12-16T23:47:29-08:00\">12\/16\/2023<\/time><\/span>\n\t\t\t\t\t\t\t\t\t\t\t\t\t\t\t\t\t\t\t\t\t\t\t\t\t\t\t\t\t\t\t\t\t\t\t\t\t\t\t\t\t\t\t\t\t\t\t\t\t\t\t\t\t\t                                <\/div>\n\t\t\t\t\t\t\t\t                            <\/div>\n\t\t\t\t\t\t\n\t\t\t\t\t\t                    <\/div>\n                <\/div>\n            <\/div>\n        <\/div>\n    <\/div>\n<\/div>\n<\/div>                <\/div>\n\t\t\t\t            <\/div>\n        <\/div>\n\t\t\t\t\t\t<\/div>\n\t\t\t\t<\/div>\n\t\t\t\t\t<\/div>\n\t\t\t\t<\/div>\n\t\t<div class=\"elementor-element elementor-element-10a6f91 e-flex e-con-boxed e-con e-parent\" data-id=\"10a6f91\" data-element_type=\"container\" data-e-type=\"container\">\n\t\t\t\t\t<div class=\"e-con-inner\">\n\t\t\t\t<div class=\"elementor-element elementor-element-5100954 elementor-widget elementor-widget-image\" data-id=\"5100954\" data-element_type=\"widget\" data-e-type=\"widget\" data-widget_type=\"image.default\">\n\t\t\t\t<div class=\"elementor-widget-container\">\n\t\t\t\t\t\t\t\t\t\t\t\t\t\t\t<img fetchpriority=\"high\" decoding=\"async\" width=\"729\" height=\"91\" src=\"https:\/\/worldimagingnewslatino.com\/wp-content\/uploads\/2024\/07\/728x90.png\" class=\"attachment-full size-full wp-image-258846\" alt=\"728x90\" srcset=\"https:\/\/worldimagingnewslatino.com\/wp-content\/uploads\/2024\/07\/728x90.png 729w, https:\/\/worldimagingnewslatino.com\/wp-content\/uploads\/2024\/07\/728x90-300x37.png 300w, https:\/\/worldimagingnewslatino.com\/wp-content\/uploads\/2024\/07\/728x90-400x50.png 400w, https:\/\/worldimagingnewslatino.com\/wp-content\/uploads\/2024\/07\/728x90-150x19.png 150w\" sizes=\"(max-width: 729px) 100vw, 729px\" \/>\t\t\t\t\t\t\t\t\t\t\t\t\t\t\t<\/div>\n\t\t\t\t<\/div>\n\t\t\t\t\t<\/div>\n\t\t\t\t<\/div>\n\t\t\t\t<\/div>","protected":false},"excerpt":{"rendered":"<p>AqueousPrinters Impressora para belas artes Epson SureColor P20570 de 64 polegadas j\u00e1 est\u00e1 dispon\u00edvel 16\/07\/2024 AqueousPrinters Obtenha impress\u00f5es requintadas para fotos e belas artes com tr\u00eas novos modelos da s\u00e9rie imagePROGRAF PRO 09\/02\/2024 AqueousPrinters...<\/p>","protected":false},"author":3,"featured_media":0,"parent":0,"menu_order":0,"comment_status":"closed","ping_status":"closed","template":"","meta":{"_lmt_disableupdate":"no","_lmt_disable":"","cybocfi_hide_featured_image":"","footnotes":""},"class_list":["post-18774","page","type-page","status-publish","hentry"],"_links":{"self":[{"href":"https:\/\/worldimagingnewslatino.com\/pt\/wp-json\/wp\/v2\/pages\/18774"}],"collection":[{"href":"https:\/\/worldimagingnewslatino.com\/pt\/wp-json\/wp\/v2\/pages"}],"about":[{"href":"https:\/\/worldimagingnewslatino.com\/pt\/wp-json\/wp\/v2\/types\/page"}],"author":[{"embeddable":true,"href":"https:\/\/worldimagingnewslatino.com\/pt\/wp-json\/wp\/v2\/users\/3"}],"replies":[{"embeddable":true,"href":"https:\/\/worldimagingnewslatino.com\/pt\/wp-json\/wp\/v2\/comments?post=18774"}],"version-history":[{"count":9,"href":"https:\/\/worldimagingnewslatino.com\/pt\/wp-json\/wp\/v2\/pages\/18774\/revisions"}],"predecessor-version":[{"id":259554,"href":"https:\/\/worldimagingnewslatino.com\/pt\/wp-json\/wp\/v2\/pages\/18774\/revisions\/259554"}],"wp:attachment":[{"href":"https:\/\/worldimagingnewslatino.com\/pt\/wp-json\/wp\/v2\/media?parent=18774"}],"curies":[{"name":"wp","href":"https:\/\/api.w.org\/{rel}","templated":true}]}}