{"id":261196,"date":"2024-08-29T06:27:50","date_gmt":"2024-08-29T13:27:50","guid":{"rendered":"https:\/\/worldimagingnewslatino.com\/?page_id=261196"},"modified":"2024-08-29T06:28:53","modified_gmt":"2024-08-29T13:28:53","slug":"strappi","status":"publish","type":"page","link":"https:\/\/worldimagingnewslatino.com\/it\/strappi\/","title":{"rendered":"RIP"},"content":{"rendered":"<div data-elementor-type=\"wp-page\" data-elementor-id=\"261196\" class=\"elementor elementor-261196\" data-elementor-post-type=\"page\">\n\t\t\t\t<div class=\"elementor-element elementor-element-08475e6 e-flex e-con-boxed e-con e-parent\" data-id=\"08475e6\" data-element_type=\"container\" data-e-type=\"container\">\n\t\t\t\t\t<div class=\"e-con-inner\">\n\t\t\t\t<div class=\"elementor-element elementor-element-e6b2291 elementor-widget elementor-widget-penci-latest-posts\" data-id=\"e6b2291\" data-element_type=\"widget\" data-e-type=\"widget\" data-widget_type=\"penci-latest-posts.default\">\n\t\t\t\t<div class=\"elementor-widget-container\">\n\t\t\t\t\t                <div id=\"pencilatest_posts_11317\" class=\"penci-latest-posts-sc penci-latest-posts-grid penci-latest-posts-el penci-el-mixed-s1 penci-latest-posts-left penci-std-continue-center penci-std-excerpt-center penci-grid-excerpt-left\">\n\t\t\t\t\t\t\t\t\t\t\t                        <div class=\"penci-border-arrow penci-homepage-title penci-home-latest-posts style-7 pcalign-left pciconp-right pcicon-right\">\n                            <h3 class=\"inner-arrow\">\n                                <span>\n\t\t\t\t\t\t\t\t<span>RIP<\/span>                                <\/span>\n                            <\/h3>\n\t\t\t\t\t\t\t                        <\/div>\n\t\t\t\t\t                    <div class=\"penci-wrapper-posts-ajax\">\n\n                        <div class=\"penci-wrapper-posts-content pwid-default\">\n\n\t\t\t\t\t\t\t\t\t\t\t\t\t\t\t                                <ul data-cols=\"3\" data-tcols=\"3\" data-mcols=\"2\" data-layout=\"grid\"\n                                    class=\"has-d-cols has-t-cols has-m-cols penci-wrapper-data penci-grid penci-shortcode-render\">\t\t\t\t\t\t\t\t\t\t\t\t\t\t\t\t\t\t\t\t\t\t\t\t\t\t\t\t\t<li class=\"grid-style\">\n    <article id=\"post-263954\" class=\"item hentry\">\n\t\t            <div class=\"thumbnail\">\n\t\t\t\t\t\t\t\t                    <a class=\"penci-image-holder penci-lazy\" data-bgset=\"https:\/\/worldimagingnewslatino.com\/wp-content\/uploads\/2026\/02\/Roland-TY-300-BLI-Award-1-scaled-1-585x390.jpg\" href=\"https:\/\/worldimagingnewslatino.com\/it\/colorbyte-software-presenta-el-primer-rip-2-5d-con-ia-de-la-industria-para-impresion-uv\/\" title=\"ColorByte Software Presenta el Primer RIP 2.5D con IA de la Industria para Impresi\u00f3n UV\">\n                    <\/a>\n\t\t\t\t\n\t\t\t\t\t\t\t\t\t\t\t\t\t\t\t\t\t\t\t\t\t\t\t\t\t\t\t\t\t\t\t\t\t            <\/div>\n\t\t\n        <div class=\"grid-header-box\">\n\t\t\t                <span class=\"cat\"><a style=\"\" class=\"penci-cat-name penci-cat-36\" href=\"https:\/\/worldimagingnewslatino.com\/it\/categoria\/software\/strappo\/\" rel=\"category tag\"><span style=\"\">RIP<\/span><\/a><\/span>\n\t\t\t\n            <h2 class=\"penci-entry-title entry-title grid-title penci_grid_title_df\"><a href=\"https:\/\/worldimagingnewslatino.com\/it\/colorbyte-software-presenta-el-primer-rip-2-5d-con-ia-de-la-industria-para-impresion-uv\/\">ColorByte Software Presenta el Primer RIP 2.5D con IA de la Industria para Impresi\u00f3n UV<\/a>\n            <\/h2>\n\t\t\t\t\t\t\t\t<div class=\"penci-hide-tagupdated\">\n\t\t\t<span class=\"author-italic author vcard\">by \t\t\t\t\t\t\t\t\t\t<a class=\"author-url url fn n\" href=\"https:\/\/worldimagingnewslatino.com\/it\/author\/mj\/\">Personale 1<\/a>\t\t\t\t\t\t\t\t\t<\/span>\n\t\t\t<time class=\"entry-date published\" datetime=\"2026-02-02T13:47:52-08:00\">02\/02\/2026<\/time>\t\t<\/div>\n\t\t\t\t\t\t                <div class=\"grid-post-box-meta\">\n\t\t\t\t\t\t\t\t\t\t\t\t\t\t\t                        <span class=\"otherl-date\"><time class=\"entry-date published\" datetime=\"2026-02-02T13:47:52-08:00\">02\/02\/2026<\/time><\/span>\n\t\t\t\t\t\t\t\t\t\t\t\t\t\t\t\t\t\t\t\t\t\t\t\t\t\t\t\t\t\t                <\/div>\n\t\t\t        <\/div>\n\n\t\t\n\t\t\n\t\t    <\/article>\n<\/li>\n<li class=\"grid-style\">\n    <article id=\"post-263879\" class=\"item hentry\">\n\t\t            <div class=\"thumbnail\">\n\t\t\t\t\t\t\t\t                    <a class=\"penci-image-holder penci-lazy\" data-bgset=\"https:\/\/worldimagingnewslatino.com\/wp-content\/uploads\/2026\/01\/admin-ajax-57-585x390.png\" href=\"https:\/\/worldimagingnewslatino.com\/it\/de-visualrip-y-grandrip-a-caldera-rip-un-enfoque-unificado\/\" title=\"De VisualRIP y GrandRIP a Caldera RIP: un enfoque unificado.\">\n                    <\/a>\n\t\t\t\t\n\t\t\t\t\t\t\t\t\t\t\t\t\t\t\t\t\t\t\t\t\t\t\t\t\t\t\t\t\t\t\t\t\t            <\/div>\n\t\t\n        <div class=\"grid-header-box\">\n\t\t\t                <span class=\"cat\"><a style=\"\" class=\"penci-cat-name penci-cat-36\" href=\"https:\/\/worldimagingnewslatino.com\/it\/categoria\/software\/strappo\/\" rel=\"category tag\"><span style=\"\">RIP<\/span><\/a><\/span>\n\t\t\t\n            <h2 class=\"penci-entry-title entry-title grid-title penci_grid_title_df\"><a href=\"https:\/\/worldimagingnewslatino.com\/it\/de-visualrip-y-grandrip-a-caldera-rip-un-enfoque-unificado\/\">De VisualRIP y GrandRIP a Caldera RIP: un enfoque unificado.<\/a>\n            <\/h2>\n\t\t\t\t\t\t\t\t<div class=\"penci-hide-tagupdated\">\n\t\t\t<span class=\"author-italic author vcard\">by \t\t\t\t\t\t\t\t\t\t<a class=\"author-url url fn n\" href=\"https:\/\/worldimagingnewslatino.com\/it\/author\/mj\/\">Personale 1<\/a>\t\t\t\t\t\t\t\t\t<\/span>\n\t\t\t<time class=\"entry-date published\" datetime=\"2026-01-13T20:51:44-08:00\">01\/13\/2026<\/time>\t\t<\/div>\n\t\t\t\t\t\t                <div class=\"grid-post-box-meta\">\n\t\t\t\t\t\t\t\t\t\t\t\t\t\t\t                        <span class=\"otherl-date\"><time class=\"entry-date published\" datetime=\"2026-01-13T20:51:44-08:00\">01\/13\/2026<\/time><\/span>\n\t\t\t\t\t\t\t\t\t\t\t\t\t\t\t\t\t\t\t\t\t\t\t\t\t\t\t\t\t\t                <\/div>\n\t\t\t        <\/div>\n\n\t\t\n\t\t\n\t\t    <\/article>\n<\/li>\n<li class=\"grid-style\">\n    <article id=\"post-263765\" class=\"item hentry\">\n\t\t            <div class=\"thumbnail\">\n\t\t\t\t\t\t\t\t                    <a class=\"penci-image-holder penci-lazy\" data-bgset=\"https:\/\/worldimagingnewslatino.com\/wp-content\/uploads\/2025\/12\/admin-ajax-33.png\" href=\"https:\/\/worldimagingnewslatino.com\/it\/digital-factory-12-lleva-color-profesional-tecnologia-flujo-trabajo-impresion-dtf\/\" title=\"Digital Factory 12 lleva color de nivel profesional y tecnolog\u00eda avanzada de flujo de trabajo a la impresi\u00f3n DTF\">\n                    <\/a>\n\t\t\t\t\n\t\t\t\t\t\t\t\t\t\t\t\t\t\t\t\t\t\t\t\t\t\t\t\t\t\t\t\t\t\t\t\t\t            <\/div>\n\t\t\n        <div class=\"grid-header-box\">\n\t\t\t                <span class=\"cat\"><a style=\"\" class=\"penci-cat-name penci-cat-807\" href=\"https:\/\/worldimagingnewslatino.com\/it\/categoria\/featured-news\/\" rel=\"category tag\"><span style=\"\">Notizie in primo piano<\/span><\/a><a style=\"\" class=\"penci-cat-name penci-cat-36\" href=\"https:\/\/worldimagingnewslatino.com\/it\/categoria\/software\/strappo\/\" rel=\"category tag\"><span style=\"\">RIP<\/span><\/a><\/span>\n\t\t\t\n            <h2 class=\"penci-entry-title entry-title grid-title penci_grid_title_df\"><a href=\"https:\/\/worldimagingnewslatino.com\/it\/digital-factory-12-lleva-color-profesional-tecnologia-flujo-trabajo-impresion-dtf\/\">Digital Factory 12 lleva color de nivel profesional y tecnolog\u00eda avanzada de flujo de trabajo a la impresi\u00f3n DTF<\/a>\n            <\/h2>\n\t\t\t\t\t\t\t\t<div class=\"penci-hide-tagupdated\">\n\t\t\t<span class=\"author-italic author vcard\">by \t\t\t\t\t\t\t\t\t\t<a class=\"author-url url fn n\" href=\"https:\/\/worldimagingnewslatino.com\/it\/author\/mj\/\">Personale 1<\/a>\t\t\t\t\t\t\t\t\t<\/span>\n\t\t\t<time class=\"entry-date published\" datetime=\"2025-12-22T19:34:26-08:00\">12\/22\/2025<\/time>\t\t<\/div>\n\t\t\t\t\t\t                <div class=\"grid-post-box-meta\">\n\t\t\t\t\t\t\t\t\t\t\t\t\t\t\t                        <span class=\"otherl-date\"><time class=\"entry-date published\" datetime=\"2025-12-22T19:34:26-08:00\">12\/22\/2025<\/time><\/span>\n\t\t\t\t\t\t\t\t\t\t\t\t\t\t\t\t\t\t\t\t\t\t\t\t\t\t\t\t\t\t                <\/div>\n\t\t\t        <\/div>\n\n\t\t\n\t\t\n\t\t    <\/article>\n<\/li>\n<li class=\"grid-style\">\n    <article id=\"post-263734\" class=\"item hentry\">\n\t\t            <div class=\"thumbnail\">\n\t\t\t\t\t\t\t\t                    <a class=\"penci-image-holder penci-lazy\" data-bgset=\"https:\/\/worldimagingnewslatino.com\/wp-content\/uploads\/2025\/12\/admin-ajax-31-585x390.png\" href=\"https:\/\/worldimagingnewslatino.com\/it\/hybrid-software-helix-lanza-primer-rip-industrial-inkjet-nativo-gpu\/\" title=\"Hybrid Software Helix lanza el primer RIP industrial de inyecci\u00f3n de tinta nativo para GPU del mundo\">\n                    <\/a>\n\t\t\t\t\n\t\t\t\t\t\t\t\t\t\t\t\t\t\t\t\t\t\t\t\t\t\t\t\t\t\t\t\t\t\t\t\t\t            <\/div>\n\t\t\n        <div class=\"grid-header-box\">\n\t\t\t                <span class=\"cat\"><a style=\"\" class=\"penci-cat-name penci-cat-36\" href=\"https:\/\/worldimagingnewslatino.com\/it\/categoria\/software\/strappo\/\" rel=\"category tag\"><span style=\"\">RIP<\/span><\/a><\/span>\n\t\t\t\n            <h2 class=\"penci-entry-title entry-title grid-title penci_grid_title_df\"><a href=\"https:\/\/worldimagingnewslatino.com\/it\/hybrid-software-helix-lanza-primer-rip-industrial-inkjet-nativo-gpu\/\">Hybrid Software Helix lanza el primer RIP industrial de inyecci\u00f3n de tinta nativo para GPU del mundo<\/a>\n            <\/h2>\n\t\t\t\t\t\t\t\t<div class=\"penci-hide-tagupdated\">\n\t\t\t<span class=\"author-italic author vcard\">by \t\t\t\t\t\t\t\t\t\t<a class=\"author-url url fn n\" href=\"https:\/\/worldimagingnewslatino.com\/it\/author\/mj\/\">Personale 1<\/a>\t\t\t\t\t\t\t\t\t<\/span>\n\t\t\t<time class=\"entry-date published\" datetime=\"2025-12-22T08:59:06-08:00\">12\/22\/2025<\/time>\t\t<\/div>\n\t\t\t\t\t\t                <div class=\"grid-post-box-meta\">\n\t\t\t\t\t\t\t\t\t\t\t\t\t\t\t                        <span class=\"otherl-date\"><time class=\"entry-date published\" datetime=\"2025-12-22T08:59:06-08:00\">12\/22\/2025<\/time><\/span>\n\t\t\t\t\t\t\t\t\t\t\t\t\t\t\t\t\t\t\t\t\t\t\t\t\t\t\t\t\t\t                <\/div>\n\t\t\t        <\/div>\n\n\t\t\n\t\t\n\t\t    <\/article>\n<\/li>\n<li class=\"grid-style\">\n    <article id=\"post-263654\" class=\"item hentry\">\n\t\t            <div class=\"thumbnail\">\n\t\t\t\t\t\t\t\t                    <a class=\"penci-image-holder penci-lazy\" data-bgset=\"https:\/\/worldimagingnewslatino.com\/wp-content\/uploads\/2025\/12\/admin-ajax-23-585x390.png\" href=\"https:\/\/worldimagingnewslatino.com\/it\/ergosoft-lanza-rip-2025-winter-release-avanzando-la-automatizacion-hibrida-de-impresion-y-la-precision-del-color\/\" title=\"Ergosoft lanza RIP 2025 Winter Release \u2014 avanzando la automatizaci\u00f3n h\u00edbrida de impresi\u00f3n y la precisi\u00f3n del color\">\n                    <\/a>\n\t\t\t\t\n\t\t\t\t\t\t\t\t\t\t\t\t\t\t\t\t\t\t\t\t\t\t\t\t\t\t\t\t\t\t\t\t\t            <\/div>\n\t\t\n        <div class=\"grid-header-box\">\n\t\t\t                <span class=\"cat\"><a style=\"\" class=\"penci-cat-name penci-cat-36\" href=\"https:\/\/worldimagingnewslatino.com\/it\/categoria\/software\/strappo\/\" rel=\"category tag\"><span style=\"\">RIP<\/span><\/a><\/span>\n\t\t\t\n            <h2 class=\"penci-entry-title entry-title grid-title penci_grid_title_df\"><a href=\"https:\/\/worldimagingnewslatino.com\/it\/ergosoft-lanza-rip-2025-winter-release-avanzando-la-automatizacion-hibrida-de-impresion-y-la-precision-del-color\/\">Ergosoft lanza RIP 2025 Winter Release \u2014 avanzando la automatizaci\u00f3n h\u00edbrida de impresi\u00f3n y la precisi\u00f3n del color<\/a>\n            <\/h2>\n\t\t\t\t\t\t\t\t<div class=\"penci-hide-tagupdated\">\n\t\t\t<span class=\"author-italic author vcard\">by \t\t\t\t\t\t\t\t\t\t<a class=\"author-url url fn n\" href=\"https:\/\/worldimagingnewslatino.com\/it\/author\/mj\/\">Personale 1<\/a>\t\t\t\t\t\t\t\t\t<\/span>\n\t\t\t<time class=\"entry-date published\" datetime=\"2025-12-08T14:33:43-08:00\">12\/08\/2025<\/time>\t\t<\/div>\n\t\t\t\t\t\t                <div class=\"grid-post-box-meta\">\n\t\t\t\t\t\t\t\t\t\t\t\t\t\t\t                        <span class=\"otherl-date\"><time class=\"entry-date published\" datetime=\"2025-12-08T14:33:43-08:00\">12\/08\/2025<\/time><\/span>\n\t\t\t\t\t\t\t\t\t\t\t\t\t\t\t\t\t\t\t\t\t\t\t\t\t\t\t\t\t\t                <\/div>\n\t\t\t        <\/div>\n\n\t\t\n\t\t\n\t\t    <\/article>\n<\/li>\n<li class=\"grid-style\">\n    <article id=\"post-263647\" class=\"item hentry\">\n\t\t            <div class=\"thumbnail\">\n\t\t\t\t\t\t\t\t                    <a class=\"penci-image-holder penci-lazy\" data-bgset=\"https:\/\/worldimagingnewslatino.com\/wp-content\/uploads\/2025\/12\/admin-ajax-21-585x390.png\" href=\"https:\/\/worldimagingnewslatino.com\/it\/fiery-presenta-nuevo-software-para-automatizar-flujos-de-trabajo\/\" title=\"Fiery presenta nuevo software para automatizar flujos de trabajo\">\n                    <\/a>\n\t\t\t\t\n\t\t\t\t\t\t\t\t\t\t\t\t\t\t\t\t\t\t\t\t\t\t\t\t\t\t\t\t\t\t\t\t\t            <\/div>\n\t\t\n        <div class=\"grid-header-box\">\n\t\t\t                <span class=\"cat\"><a style=\"\" class=\"penci-cat-name penci-cat-36\" href=\"https:\/\/worldimagingnewslatino.com\/it\/categoria\/software\/strappo\/\" rel=\"category tag\"><span style=\"\">RIP<\/span><\/a><\/span>\n\t\t\t\n            <h2 class=\"penci-entry-title entry-title grid-title penci_grid_title_df\"><a href=\"https:\/\/worldimagingnewslatino.com\/it\/fiery-presenta-nuevo-software-para-automatizar-flujos-de-trabajo\/\">Fiery presenta nuevo software para automatizar flujos de trabajo<\/a>\n            <\/h2>\n\t\t\t\t\t\t\t\t<div class=\"penci-hide-tagupdated\">\n\t\t\t<span class=\"author-italic author vcard\">by \t\t\t\t\t\t\t\t\t\t<a class=\"author-url url fn n\" href=\"https:\/\/worldimagingnewslatino.com\/it\/author\/mj\/\">Personale 1<\/a>\t\t\t\t\t\t\t\t\t<\/span>\n\t\t\t<time class=\"entry-date published\" datetime=\"2025-12-08T13:55:18-08:00\">12\/08\/2025<\/time>\t\t<\/div>\n\t\t\t\t\t\t                <div class=\"grid-post-box-meta\">\n\t\t\t\t\t\t\t\t\t\t\t\t\t\t\t                        <span class=\"otherl-date\"><time class=\"entry-date published\" datetime=\"2025-12-08T13:55:18-08:00\">12\/08\/2025<\/time><\/span>\n\t\t\t\t\t\t\t\t\t\t\t\t\t\t\t\t\t\t\t\t\t\t\t\t\t\t\t\t\t\t                <\/div>\n\t\t\t        <\/div>\n\n\t\t\n\t\t\n\t\t    <\/article>\n<\/li>\n\n\t\t\t\t\t\t\t\t\t\t\t\t\t\t\t\t\t\t\t\t\t\t\t\t\t\t\t\t<\/ul>\n\t\t\t\t\t\t\t\t\t\t\t\t\t\t<div class=\"penci-pagination align-left\"><ul class='page-numbers'>\n\t<li><span aria-current=\"page\" class=\"page-numbers current\">1<\/span><\/li>\n\t<li><a class=\"page-numbers\" href=\"https:\/\/worldimagingnewslatino.com\/wp-json\/wp\/v2\/pages\/261196\/page\/2\/\">2<\/a><\/li>\n\t<li><a class=\"page-numbers\" href=\"https:\/\/worldimagingnewslatino.com\/wp-json\/wp\/v2\/pages\/261196\/page\/3\/\">3<\/a><\/li>\n\t<li><span class=\"page-numbers dots\">&hellip;<\/span><\/li>\n\t<li><a class=\"page-numbers\" href=\"https:\/\/worldimagingnewslatino.com\/wp-json\/wp\/v2\/pages\/261196\/page\/8\/\">8<\/a><\/li>\n\t<li><a class=\"next page-numbers\" href=\"https:\/\/worldimagingnewslatino.com\/wp-json\/wp\/v2\/pages\/261196\/page\/2\/\"><i class=\"penci-faicon fa fa-angle-right\" ><\/i><\/a><\/li>\n<\/ul>\n<\/div>\t\t\t\t\t\t\t                        <\/div>\n\n\t\t\t\t\t\t                    <\/div>\n                <\/div>\n\t\t\t            <style>\n                                                                                                                                                                            <\/style>\n\t\t\t\t\t\t\t<\/div>\n\t\t\t\t<\/div>\n\t\t\t\t\t<\/div>\n\t\t\t\t<\/div>\n\t\t<div class=\"elementor-element elementor-element-ba6c29d e-flex e-con-boxed e-con e-parent\" data-id=\"ba6c29d\" data-element_type=\"container\" data-e-type=\"container\">\n\t\t\t\t\t<div class=\"e-con-inner\">\n\t\t\t\t<div class=\"elementor-element elementor-element-92ba5a9 elementor-widget elementor-widget-image\" data-id=\"92ba5a9\" data-element_type=\"widget\" data-e-type=\"widget\" data-widget_type=\"image.default\">\n\t\t\t\t<div class=\"elementor-widget-container\">\n\t\t\t\t\t\t\t\t\t\t\t\t\t\t\t<img fetchpriority=\"high\" decoding=\"async\" width=\"601\" height=\"101\" src=\"https:\/\/worldimagingnewslatino.com\/wp-content\/uploads\/2024\/07\/ad-header-600x100-1.png\" class=\"attachment-full size-full wp-image-258545\" alt=\"intestazione annuncio 600x100\" srcset=\"https:\/\/worldimagingnewslatino.com\/wp-content\/uploads\/2024\/07\/ad-header-600x100-1.png 601w, https:\/\/worldimagingnewslatino.com\/wp-content\/uploads\/2024\/07\/ad-header-600x100-1-300x50.png 300w, https:\/\/worldimagingnewslatino.com\/wp-content\/uploads\/2024\/07\/ad-header-600x100-1-400x67.png 400w, https:\/\/worldimagingnewslatino.com\/wp-content\/uploads\/2024\/07\/ad-header-600x100-1-150x25.png 150w\" sizes=\"(max-width: 601px) 100vw, 601px\" \/>\t\t\t\t\t\t\t\t\t\t\t\t\t\t\t<\/div>\n\t\t\t\t<\/div>\n\t\t\t\t\t<\/div>\n\t\t\t\t<\/div>\n\t\t\t\t<\/div>","protected":false},"excerpt":{"rendered":"<p>RIP PrintFactory si espande al mercato giapponese by Staff 08\/22\/2024 08\/22\/2024 RIPSoftware Caldera annuncia un nuovo aggiornamento per CalderaRIP by Staff 07\/29\/2024 07\/29\/2024 RIPSoftware Coming Soon: Unlock Efficiency and Precision...<\/p>","protected":false},"author":3,"featured_media":0,"parent":0,"menu_order":0,"comment_status":"closed","ping_status":"closed","template":"","meta":{"_lmt_disableupdate":"no","_lmt_disable":"","cybocfi_hide_featured_image":"","footnotes":""},"class_list":["post-261196","page","type-page","status-publish","hentry"],"_links":{"self":[{"href":"https:\/\/worldimagingnewslatino.com\/it\/wp-json\/wp\/v2\/pages\/261196"}],"collection":[{"href":"https:\/\/worldimagingnewslatino.com\/it\/wp-json\/wp\/v2\/pages"}],"about":[{"href":"https:\/\/worldimagingnewslatino.com\/it\/wp-json\/wp\/v2\/types\/page"}],"author":[{"embeddable":true,"href":"https:\/\/worldimagingnewslatino.com\/it\/wp-json\/wp\/v2\/users\/3"}],"replies":[{"embeddable":true,"href":"https:\/\/worldimagingnewslatino.com\/it\/wp-json\/wp\/v2\/comments?post=261196"}],"version-history":[{"count":4,"href":"https:\/\/worldimagingnewslatino.com\/it\/wp-json\/wp\/v2\/pages\/261196\/revisions"}],"predecessor-version":[{"id":261200,"href":"https:\/\/worldimagingnewslatino.com\/it\/wp-json\/wp\/v2\/pages\/261196\/revisions\/261200"}],"wp:attachment":[{"href":"https:\/\/worldimagingnewslatino.com\/it\/wp-json\/wp\/v2\/media?parent=261196"}],"curies":[{"name":"wp","href":"https:\/\/api.w.org\/{rel}","templated":true}]}}