{"id":19275,"date":"2024-02-07T13:42:11","date_gmt":"2024-02-07T21:42:11","guid":{"rendered":"https:\/\/worldimagingnewslatino.com\/?page_id=19275"},"modified":"2024-08-13T15:22:37","modified_gmt":"2024-08-13T22:22:37","slug":"laminates","status":"publish","type":"page","link":"https:\/\/worldimagingnewslatino.com\/it\/laminates\/","title":{"rendered":"Laminates"},"content":{"rendered":"<div data-elementor-type=\"wp-page\" data-elementor-id=\"19275\" class=\"elementor elementor-19275\" data-elementor-post-type=\"page\">\n\t\t\t\t<div class=\"elementor-element elementor-element-e4a8d25 e-flex e-con-boxed e-con e-parent\" data-id=\"e4a8d25\" data-element_type=\"container\" data-e-type=\"container\">\n\t\t\t\t\t<div class=\"e-con-inner\">\n\t\t\t\t<div class=\"elementor-element elementor-element-7f48fe0 elementor-widget elementor-widget-penci-latest-posts\" data-id=\"7f48fe0\" data-element_type=\"widget\" data-e-type=\"widget\" data-widget_type=\"penci-latest-posts.default\">\n\t\t\t\t<div class=\"elementor-widget-container\">\n\t\t\t\t\t                <div id=\"pencilatest_posts_12072\" class=\"penci-latest-posts-sc penci-latest-posts-grid penci-latest-posts-el penci-el-mixed-s1 penci-std-continue-center penci-std-excerpt-center penci-grid-excerpt-left\">\n\t\t\t\t\t\t\t\t\t\t\t                        <div class=\"penci-border-arrow penci-homepage-title penci-home-latest-posts style-7 pcalign-left pciconp-right pcicon-right\">\n                            <h3 class=\"inner-arrow\">\n                                <span>\n\t\t\t\t\t\t\t\t<span>laminates<\/span>                                <\/span>\n                            <\/h3>\n\t\t\t\t\t\t\t                        <\/div>\n\t\t\t\t\t                    <div class=\"penci-wrapper-posts-ajax\">\n\n                        <div class=\"penci-wrapper-posts-content pwid-default\">\n\n\t\t\t\t\t\t\t\t\t\t\t\t\t\t\t                                <ul data-cols=\"3\" data-tcols=\"3\" data-mcols=\"2\" data-layout=\"grid\"\n                                    class=\"has-d-cols has-t-cols has-m-cols penci-wrapper-data penci-grid penci-shortcode-render\">\t\t\t\t\t\t\t\t\t\t\t\t\t\t\t\t\t\t\t\t\t\t\t\t\t\t\t\t\t<li class=\"grid-style\">\n    <article id=\"post-263277\" class=\"item hentry\">\n\t\t            <div class=\"thumbnail\">\n\t\t\t\t\t\t\t\t                    <a class=\"penci-image-holder penci-lazy\" data-bgset=\"https:\/\/worldimagingnewslatino.com\/wp-content\/uploads\/2025\/08\/admin-ajax-38-585x337.png\" href=\"https:\/\/worldimagingnewslatino.com\/it\/general-formulations-lanza-nuevas-soluciones-economicas-de-pelicula-y-laminado\/\" title=\"General Formulations lanza nuevas soluciones econ\u00f3micas de pel\u00edcula y laminado.\">\n                    <\/a>\n\t\t\t\t\n\t\t\t\t\t\t\t\t\t\t\t\t\t\t\t\t\t\t\t\t\t\t\t\t\t\t\t\t\t\t\t\t\t            <\/div>\n\t\t\n        <div class=\"grid-header-box\">\n\t\t\t                <span class=\"cat\"><a style=\"\" class=\"penci-cat-name penci-cat-389\" href=\"https:\/\/worldimagingnewslatino.com\/it\/categoria\/materiali-di-consumo\/film\/\" rel=\"category tag\"><span style=\"\">Film<\/span><\/a><a style=\"\" class=\"penci-cat-name penci-cat-28\" href=\"https:\/\/worldimagingnewslatino.com\/it\/categoria\/materiali-di-consumo\/laminates\/\" rel=\"category tag\"><span style=\"\">Laminates<\/span><\/a><\/span>\n\t\t\t\n            <h2 class=\"penci-entry-title entry-title grid-title penci_grid_title_df\"><a href=\"https:\/\/worldimagingnewslatino.com\/it\/general-formulations-lanza-nuevas-soluciones-economicas-de-pelicula-y-laminado\/\">General Formulations lanza nuevas soluciones econ\u00f3micas de pel\u00edcula y laminado.<\/a>\n            <\/h2>\n\t\t\t\t\t\t\t\t<div class=\"penci-hide-tagupdated\">\n\t\t\t<span class=\"author-italic author vcard\">by \t\t\t\t\t\t\t\t\t\t<a class=\"author-url url fn n\" href=\"https:\/\/worldimagingnewslatino.com\/it\/author\/mj\/\">Personale 1<\/a>\t\t\t\t\t\t\t\t\t<\/span>\n\t\t\t<time class=\"entry-date published\" datetime=\"2025-08-20T22:57:38-07:00\">08\/20\/2025<\/time>\t\t<\/div>\n\t\t\t\t\t\t                <div class=\"grid-post-box-meta\">\n\t\t\t\t\t\t\t\t\t\t\t\t\t\t\t                        <span class=\"otherl-date\"><time class=\"entry-date published\" datetime=\"2025-08-20T22:57:38-07:00\">08\/20\/2025<\/time><\/span>\n\t\t\t\t\t\t\t\t\t\t\t\t\t\t\t\t\t\t\t\t\t\t\t\t\t\t\t\t\t\t                <\/div>\n\t\t\t        <\/div>\n\n\t\t            <div class=\"item-content entry-content\">\n\t\t\t\t<p>SPARTA | Michigan &#8211; Abril 2025 &#8211; General Formulations\u00ae (GF), fabricante global l\u00edder de pel\u00edculas, laminados y materiales autoadhesivos de presi\u00f3n, presenta al mercado gr\u00e1fico la nueva l\u00ednea GF Economy &#8230;<\/p>\n            <\/div>\n\t\t\n\t\t\n\t\t    <\/article>\n<\/li>\n\n\t\t\t\t\t\t\t\t\t\t\t\t\t\t\t\t\t\t\t\t\t\t\t\t\t\t\t\t<\/ul>\n\t\t\t\t\t\t\t\t\t\t\t\t\t\t\t\t\t\t\t\t\t                        <\/div>\n\n\t\t\t\t\t\t                    <\/div>\n                <\/div>\n\t\t\t            <style>\n                                                                                                                                                                            <\/style>\n\t\t\t\t\t\t\t<\/div>\n\t\t\t\t<\/div>\n\t\t\t\t\t<\/div>\n\t\t\t\t<\/div>\n\t\t\t\t<\/div>","protected":false},"excerpt":{"rendered":"<p>This message appears for administrator users only Latest PostsNo Post Found!<\/p>","protected":false},"author":3,"featured_media":0,"parent":0,"menu_order":0,"comment_status":"closed","ping_status":"closed","template":"","meta":{"_lmt_disableupdate":"no","_lmt_disable":"","cybocfi_hide_featured_image":"","footnotes":""},"class_list":["post-19275","page","type-page","status-publish","hentry"],"_links":{"self":[{"href":"https:\/\/worldimagingnewslatino.com\/it\/wp-json\/wp\/v2\/pages\/19275"}],"collection":[{"href":"https:\/\/worldimagingnewslatino.com\/it\/wp-json\/wp\/v2\/pages"}],"about":[{"href":"https:\/\/worldimagingnewslatino.com\/it\/wp-json\/wp\/v2\/types\/page"}],"author":[{"embeddable":true,"href":"https:\/\/worldimagingnewslatino.com\/it\/wp-json\/wp\/v2\/users\/3"}],"replies":[{"embeddable":true,"href":"https:\/\/worldimagingnewslatino.com\/it\/wp-json\/wp\/v2\/comments?post=19275"}],"version-history":[{"count":6,"href":"https:\/\/worldimagingnewslatino.com\/it\/wp-json\/wp\/v2\/pages\/19275\/revisions"}],"predecessor-version":[{"id":260302,"href":"https:\/\/worldimagingnewslatino.com\/it\/wp-json\/wp\/v2\/pages\/19275\/revisions\/260302"}],"wp:attachment":[{"href":"https:\/\/worldimagingnewslatino.com\/it\/wp-json\/wp\/v2\/media?parent=19275"}],"curies":[{"name":"wp","href":"https:\/\/api.w.org\/{rel}","templated":true}]}}