{"id":18814,"date":"2024-01-31T15:28:34","date_gmt":"2024-01-31T23:28:34","guid":{"rendered":"https:\/\/worldimagingnewslatino.com\/?page_id=18814"},"modified":"2024-08-13T16:19:21","modified_gmt":"2024-08-13T23:19:21","slug":"taglio-di-stampa","status":"publish","type":"page","link":"https:\/\/worldimagingnewslatino.com\/it\/taglio-di-stampa\/","title":{"rendered":"Stampa\/taglio"},"content":{"rendered":"<div data-elementor-type=\"wp-page\" data-elementor-id=\"18814\" class=\"elementor elementor-18814\" data-elementor-post-type=\"page\">\n\t\t\t\t<div class=\"elementor-element elementor-element-b7d725d e-flex e-con-boxed e-con e-parent\" data-id=\"b7d725d\" data-element_type=\"container\" data-e-type=\"container\">\n\t\t\t\t\t<div class=\"e-con-inner\">\n\t\t\t\t<div class=\"elementor-element elementor-element-70aece3 elementor-widget elementor-widget-penci-latest-posts\" data-id=\"70aece3\" data-element_type=\"widget\" data-e-type=\"widget\" data-widget_type=\"penci-latest-posts.default\">\n\t\t\t\t<div class=\"elementor-widget-container\">\n\t\t\t\t\t                <div id=\"pencilatest_posts_50723\" class=\"penci-latest-posts-sc penci-latest-posts-grid penci-latest-posts-el penci-el-mixed-s1 penci-std-continue-center penci-std-excerpt-center penci-grid-excerpt-left\">\n\t\t\t\t\t\t\t\t\t\t\t                        <div class=\"penci-border-arrow penci-homepage-title penci-home-latest-posts style-7 pcalign-left pciconp-right pcicon-right\">\n                            <h3 class=\"inner-arrow\">\n                                <span>\n\t\t\t\t\t\t\t\t<span>stampa \/ taglio<\/span>                                <\/span>\n                            <\/h3>\n\t\t\t\t\t\t\t                        <\/div>\n\t\t\t\t\t                    <div class=\"penci-wrapper-posts-ajax\">\n\n                        <div class=\"penci-wrapper-posts-content pwid-default\">\n\n\t\t\t\t\t\t\t\t\t\t\t\t\t\t\t                                <ul data-cols=\"3\" data-tcols=\"3\" data-mcols=\"2\" data-layout=\"grid\"\n                                    class=\"has-d-cols has-t-cols has-m-cols penci-wrapper-data penci-grid penci-shortcode-render\">\t\t\t\t\t\t\t\t\t\t\t\t\t\t\t\t\t\t\t\t\t\t\t\t\t\t\t\t\t<li class=\"grid-style\">\n    <article id=\"post-264290\" class=\"item hentry\">\n\t\t            <div class=\"thumbnail\">\n\t\t\t\t\t\t\t\t                    <a class=\"penci-image-holder penci-lazy\" data-bgset=\"https:\/\/worldimagingnewslatino.com\/wp-content\/uploads\/2026\/04\/Untitled-400x300-47.png\" href=\"https:\/\/worldimagingnewslatino.com\/it\/roland-dg-presenta-la-nueva-serie-truevis-vg4-con-tintas-tr3-ofreciendo-una-calidad-de-imagen-refinada-y-una-produccion-de-impresion-y-corte-eco-solvente-mas-inteligente\/\" title=\"Roland DG Presenta la Nueva Serie TrueVis VG4 con Tintas TR3, Ofreciendo una Calidad de Imagen Refinada y una Producci\u00f3n de Impresi\u00f3n y Corte Eco-Solvente m\u00e1s Inteligente\">\n                    <\/a>\n\t\t\t\t\n\t\t\t\t\t\t\t\t\t\t\t\t\t\t\t\t\t\t\t\t\t\t\t\t\t\t\t\t\t\t\t\t\t            <\/div>\n\t\t\n        <div class=\"grid-header-box\">\n\t\t\t                <span class=\"cat\"><a style=\"\" class=\"penci-cat-name penci-cat-807\" href=\"https:\/\/worldimagingnewslatino.com\/it\/categoria\/featured-news\/\" rel=\"category tag\"><span style=\"\">Notizie in primo piano<\/span><\/a><a style=\"\" class=\"penci-cat-name penci-cat-220\" href=\"https:\/\/worldimagingnewslatino.com\/it\/categoria\/stampanti\/taglio-di-stampa\/\" rel=\"category tag\"><span style=\"\">Stampa \/ Taglio<\/span><\/a><\/span>\n\t\t\t\n            <h2 class=\"penci-entry-title entry-title grid-title penci_grid_title_df\"><a href=\"https:\/\/worldimagingnewslatino.com\/it\/roland-dg-presenta-la-nueva-serie-truevis-vg4-con-tintas-tr3-ofreciendo-una-calidad-de-imagen-refinada-y-una-produccion-de-impresion-y-corte-eco-solvente-mas-inteligente\/\">Roland DG Presenta la Nueva Serie TrueVis VG4 con Tintas TR3, Ofreciendo una Calidad de Imagen Refinada y una Producci\u00f3n de Impresi\u00f3n y Corte Eco-Solvente m\u00e1s Inteligente<\/a>\n            <\/h2>\n\t\t\t\t\t\t\t\t<div class=\"penci-hide-tagupdated\">\n\t\t\t<span class=\"author-italic author vcard\">by \t\t\t\t\t\t\t\t\t\t<a class=\"author-url url fn n\" href=\"https:\/\/worldimagingnewslatino.com\/it\/author\/mj\/\">Personale 1<\/a>\t\t\t\t\t\t\t\t\t<\/span>\n\t\t\t<time class=\"entry-date published\" datetime=\"2026-04-14T14:45:18-07:00\">04\/14\/2026<\/time>\t\t<\/div>\n\t\t\t\t\t\t                <div class=\"grid-post-box-meta\">\n\t\t\t\t\t\t\t\t\t\t\t\t\t\t\t                        <span class=\"otherl-date\"><time class=\"entry-date published\" datetime=\"2026-04-14T14:45:18-07:00\">04\/14\/2026<\/time><\/span>\n\t\t\t\t\t\t\t\t\t\t\t\t\t\t\t\t\t\t\t\t\t\t\t\t\t\t\t\t\t\t                <\/div>\n\t\t\t        <\/div>\n\n\t\t            <div class=\"item-content entry-content\">\n\t\t\t\t<p>&nbsp; IRVINE | California &#8211; Abril 2026 &#8211; Roland DGA, un proveedor l\u00edder de soluciones de impresi\u00f3n digital, anunci\u00f3 hoy el lanzamiento de la Serie TrueVis\u2122 VG4, una nueva generaci\u00f3n &#8230;<\/p>\n            <\/div>\n\t\t\n\t\t\n\t\t    <\/article>\n<\/li>\n<li class=\"grid-style\">\n    <article id=\"post-263641\" class=\"item hentry\">\n\t\t            <div class=\"thumbnail\">\n\t\t\t\t\t\t\t\t                    <a class=\"penci-image-holder penci-lazy\" data-bgset=\"https:\/\/worldimagingnewslatino.com\/wp-content\/uploads\/2025\/12\/admin-ajax-19-585x390.png\" href=\"https:\/\/worldimagingnewslatino.com\/it\/roland-dga-presentara-nueva-truevis-xg-640-impresora-cortadora-gran-formato-sema-show-2025\/\" title=\"Roland DGA presentar\u00e1 la nueva impresora\/cortadora de gran formato TrueVIS XG-640 en el SEMA Show 2025\">\n                    <\/a>\n\t\t\t\t\n\t\t\t\t\t\t\t\t\t\t\t\t\t\t\t\t\t\t\t\t\t\t\t\t\t\t\t\t\t\t\t\t\t            <\/div>\n\t\t\n        <div class=\"grid-header-box\">\n\t\t\t                <span class=\"cat\"><a style=\"\" class=\"penci-cat-name penci-cat-323\" href=\"https:\/\/worldimagingnewslatino.com\/it\/categoria\/applicazioni\/car-wraps-applications\/\" rel=\"category tag\"><span style=\"\">Car Wraps<\/span><\/a><a style=\"\" class=\"penci-cat-name penci-cat-220\" href=\"https:\/\/worldimagingnewslatino.com\/it\/categoria\/stampanti\/taglio-di-stampa\/\" rel=\"category tag\"><span style=\"\">Stampa \/ Taglio<\/span><\/a><\/span>\n\t\t\t\n            <h2 class=\"penci-entry-title entry-title grid-title penci_grid_title_df\"><a href=\"https:\/\/worldimagingnewslatino.com\/it\/roland-dga-presentara-nueva-truevis-xg-640-impresora-cortadora-gran-formato-sema-show-2025\/\">Roland DGA presentar\u00e1 la nueva impresora\/cortadora de gran formato TrueVIS XG-640 en el SEMA Show 2025<\/a>\n            <\/h2>\n\t\t\t\t\t\t\t\t<div class=\"penci-hide-tagupdated\">\n\t\t\t<span class=\"author-italic author vcard\">by \t\t\t\t\t\t\t\t\t\t<a class=\"author-url url fn n\" href=\"https:\/\/worldimagingnewslatino.com\/it\/author\/mj\/\">Personale 1<\/a>\t\t\t\t\t\t\t\t\t<\/span>\n\t\t\t<time class=\"entry-date published\" datetime=\"2025-12-08T12:17:03-08:00\">12\/08\/2025<\/time>\t\t<\/div>\n\t\t\t\t\t\t                <div class=\"grid-post-box-meta\">\n\t\t\t\t\t\t\t\t\t\t\t\t\t\t\t                        <span class=\"otherl-date\"><time class=\"entry-date published\" datetime=\"2025-12-08T12:17:03-08:00\">12\/08\/2025<\/time><\/span>\n\t\t\t\t\t\t\t\t\t\t\t\t\t\t\t\t\t\t\t\t\t\t\t\t\t\t\t\t\t\t                <\/div>\n\t\t\t        <\/div>\n\n\t\t            <div class=\"item-content entry-content\">\n\t\t\t\t<p>ChatGPT said: Roland DGA presentar\u00e1 sus m\u00e1s recientes tecnolog\u00edas de imagen en gran formato y ser\u00e1 co-patrocinador del tercer d\u00eda de las demostraciones de envoltura vehicular WrapsLIVE en el stand &#8230;<\/p>\n            <\/div>\n\t\t\n\t\t\n\t\t    <\/article>\n<\/li>\n<li class=\"grid-style\">\n    <article id=\"post-263464\" class=\"item hentry\">\n\t\t            <div class=\"thumbnail\">\n\t\t\t\t\t\t\t\t                    <a class=\"penci-image-holder penci-lazy\" data-bgset=\"https:\/\/worldimagingnewslatino.com\/wp-content\/uploads\/2025\/09\/admin-ajax-53.png\" href=\"https:\/\/worldimagingnewslatino.com\/it\/roland-dga-presenta-truevis-xg-640-impresora-cortadora-mas-productiva\/\" title=\"Roland DGA presenta la nueva TrueVIS XG-640, su impresora\/cortadora m\u00e1s productiva hasta la fecha\">\n                    <\/a>\n\t\t\t\t\n\t\t\t\t\t\t\t\t\t\t\t\t\t\t\t\t\t\t\t\t\t\t\t\t\t\t\t\t\t\t\t\t\t            <\/div>\n\t\t\n        <div class=\"grid-header-box\">\n\t\t\t                <span class=\"cat\"><a style=\"\" class=\"penci-cat-name penci-cat-807\" href=\"https:\/\/worldimagingnewslatino.com\/it\/categoria\/featured-news\/\" rel=\"category tag\"><span style=\"\">Notizie in primo piano<\/span><\/a><a style=\"\" class=\"penci-cat-name penci-cat-220\" href=\"https:\/\/worldimagingnewslatino.com\/it\/categoria\/stampanti\/taglio-di-stampa\/\" rel=\"category tag\"><span style=\"\">Stampa \/ Taglio<\/span><\/a><\/span>\n\t\t\t\n            <h2 class=\"penci-entry-title entry-title grid-title penci_grid_title_df\"><a href=\"https:\/\/worldimagingnewslatino.com\/it\/roland-dga-presenta-truevis-xg-640-impresora-cortadora-mas-productiva\/\">Roland DGA presenta la nueva TrueVIS XG-640, su impresora\/cortadora m\u00e1s productiva hasta la fecha<\/a>\n            <\/h2>\n\t\t\t\t\t\t\t\t<div class=\"penci-hide-tagupdated\">\n\t\t\t<span class=\"author-italic author vcard\">by \t\t\t\t\t\t\t\t\t\t<a class=\"author-url url fn n\" href=\"https:\/\/worldimagingnewslatino.com\/it\/author\/mj\/\">Personale 1<\/a>\t\t\t\t\t\t\t\t\t<\/span>\n\t\t\t<time class=\"entry-date published\" datetime=\"2025-09-20T09:35:57-07:00\">09\/20\/2025<\/time>\t\t<\/div>\n\t\t\t\t\t\t                <div class=\"grid-post-box-meta\">\n\t\t\t\t\t\t\t\t\t\t\t\t\t\t\t                        <span class=\"otherl-date\"><time class=\"entry-date published\" datetime=\"2025-09-20T09:35:57-07:00\">09\/20\/2025<\/time><\/span>\n\t\t\t\t\t\t\t\t\t\t\t\t\t\t\t\t\t\t\t\t\t\t\t\t\t\t\t\t\t\t                <\/div>\n\t\t\t        <\/div>\n\n\t\t            <div class=\"item-content entry-content\">\n\t\t\t\t<p>El XG-640 utiliza las nuevas tintas TR3 y viene con VersaWorks 7 y Roland DG Connect IRVINE | California \u2013 Mayo 2025 \u2013 Roland DGA, proveedor l\u00edder de impresoras de &#8230;<\/p>\n            <\/div>\n\t\t\n\t\t\n\t\t    <\/article>\n<\/li>\n<li class=\"grid-style\">\n    <article id=\"post-261293\" class=\"item hentry\">\n\t\t            <div class=\"thumbnail\">\n\t\t\t\t\t\t\t\t                    <a class=\"penci-image-holder penci-lazy\" data-bgset=\"https:\/\/worldimagingnewslatino.com\/wp-content\/uploads\/2024\/09\/image-ezgif.com-png-to-webp-converter-93-585x390.webp\" href=\"https:\/\/worldimagingnewslatino.com\/it\/introducing-mutohs-first-entry-into-the-print-cut-category\/\" title=\"Presentazione del primo ingresso di MUTOH nella categoria Stampa e Taglio\">\n                    <\/a>\n\t\t\t\t\n\t\t\t\t\t\t\t\t\t\t\t\t\t\t\t\t\t\t\t\t\t\t\t\t\t\t\t\t\t\t\t\t\t            <\/div>\n\t\t\n        <div class=\"grid-header-box\">\n\t\t\t                <span class=\"cat\"><a style=\"\" class=\"penci-cat-name penci-cat-807\" href=\"https:\/\/worldimagingnewslatino.com\/it\/categoria\/featured-news\/\" rel=\"category tag\"><span style=\"\">Notizie in primo piano<\/span><\/a><a style=\"\" class=\"penci-cat-name penci-cat-220\" href=\"https:\/\/worldimagingnewslatino.com\/it\/categoria\/stampanti\/taglio-di-stampa\/\" rel=\"category tag\"><span style=\"\">Stampa \/ Taglio<\/span><\/a><\/span>\n\t\t\t\n            <h2 class=\"penci-entry-title entry-title grid-title penci_grid_title_df\"><a href=\"https:\/\/worldimagingnewslatino.com\/it\/introducing-mutohs-first-entry-into-the-print-cut-category\/\">Presentazione del primo ingresso di MUTOH nella categoria Stampa e Taglio<\/a>\n            <\/h2>\n\t\t\t\t\t\t\t\t<div class=\"penci-hide-tagupdated\">\n\t\t\t<span class=\"author-italic author vcard\">by \t\t\t\t\t\t\t\t\t\t<a class=\"author-url url fn n\" href=\"https:\/\/worldimagingnewslatino.com\/it\/author\/dan\/\">Personale<\/a>\t\t\t\t\t\t\t\t\t<\/span>\n\t\t\t<time class=\"entry-date published\" datetime=\"2024-09-05T09:33:24-07:00\">09\/05\/2024<\/time>\t\t<\/div>\n\t\t\t\t\t\t                <div class=\"grid-post-box-meta\">\n\t\t\t\t\t\t\t\t\t\t\t\t\t\t\t                        <span class=\"otherl-date\"><time class=\"entry-date published\" datetime=\"2024-09-05T09:33:24-07:00\">09\/05\/2024<\/time><\/span>\n\t\t\t\t\t\t\t\t\t\t\t\t\t\t\t\t\t\t\t\t\t\t\t\t\t\t\t\t\t\t                <\/div>\n\t\t\t        <\/div>\n\n\t\t            <div class=\"item-content entry-content\">\n\t\t\t\t<p>PHOENIX | Arizona - settembre 2024: - MUTOH INDUSTRIES LTD. ha presentato la sua ultima stampante a getto d'inchiostro eco-solvente, la XpertJet C641SR Pro. Si tratta della prima macchina Print &amp; Cut dell'azienda, ...<\/p>\n            <\/div>\n\t\t\n\t\t\n\t\t    <\/article>\n<\/li>\n<li class=\"grid-style\">\n    <article id=\"post-261242\" class=\"item hentry\">\n\t\t            <div class=\"thumbnail\">\n\t\t\t\t\t\t\t\t                    <a class=\"penci-image-holder penci-lazy\" data-bgset=\"https:\/\/worldimagingnewslatino.com\/wp-content\/uploads\/2024\/09\/Mimaki_CJV200-160_8x5-ezgif.com-optijpeg-585x357.jpg\" href=\"https:\/\/worldimagingnewslatino.com\/it\/mimaki-usa-announces-cjv200-series-eco-solvent-print-cut-devices\/\" title=\"Mimaki USA annuncia i dispositivi di stampa e taglio eco-solventi della serie CJV200\">\n                    <\/a>\n\t\t\t\t\n\t\t\t\t\t\t\t\t\t\t\t\t\t\t\t\t\t\t\t\t\t\t\t\t\t\t\t\t\t\t\t\t\t            <\/div>\n\t\t\n        <div class=\"grid-header-box\">\n\t\t\t                <span class=\"cat\"><a style=\"\" class=\"penci-cat-name penci-cat-220\" href=\"https:\/\/worldimagingnewslatino.com\/it\/categoria\/stampanti\/taglio-di-stampa\/\" rel=\"category tag\"><span style=\"\">Stampa \/ Taglio<\/span><\/a><\/span>\n\t\t\t\n            <h2 class=\"penci-entry-title entry-title grid-title penci_grid_title_df\"><a href=\"https:\/\/worldimagingnewslatino.com\/it\/mimaki-usa-announces-cjv200-series-eco-solvent-print-cut-devices\/\">Mimaki USA annuncia i dispositivi di stampa e taglio eco-solventi della serie CJV200<\/a>\n            <\/h2>\n\t\t\t\t\t\t\t\t<div class=\"penci-hide-tagupdated\">\n\t\t\t<span class=\"author-italic author vcard\">by \t\t\t\t\t\t\t\t\t\t<a class=\"author-url url fn n\" href=\"https:\/\/worldimagingnewslatino.com\/it\/author\/dan\/\">Personale<\/a>\t\t\t\t\t\t\t\t\t<\/span>\n\t\t\t<time class=\"entry-date published\" datetime=\"2024-09-05T08:27:45-07:00\">09\/05\/2024<\/time>\t\t<\/div>\n\t\t\t\t\t\t                <div class=\"grid-post-box-meta\">\n\t\t\t\t\t\t\t\t\t\t\t\t\t\t\t                        <span class=\"otherl-date\"><time class=\"entry-date published\" datetime=\"2024-09-05T08:27:45-07:00\">09\/05\/2024<\/time><\/span>\n\t\t\t\t\t\t\t\t\t\t\t\t\t\t\t\t\t\t\t\t\t\t\t\t\t\t\t\t\t\t                <\/div>\n\t\t\t        <\/div>\n\n\t\t            <div class=\"item-content entry-content\">\n\t\t\t\t<p>SUWANEE | Georgia - Settembre 2024: Mimaki USA, produttore leader di stampanti a getto d'inchiostro e plotter da taglio per grandi formati, ha presentato oggi la serie CJV200 di dispositivi di stampa e taglio eco-solventi. Il modello CJV200-160 ...<\/p>\n            <\/div>\n\t\t\n\t\t\n\t\t    <\/article>\n<\/li>\n<li class=\"grid-style\">\n    <article id=\"post-261100\" class=\"item hentry\">\n\t\t            <div class=\"thumbnail\">\n\t\t\t\t\t\t\t\t                    <a class=\"penci-image-holder penci-lazy\" data-bgset=\"https:\/\/worldimagingnewslatino.com\/wp-content\/uploads\/2024\/08\/XPJ-641Print-Cut1-ezgif.com-png-to-jpg-converter-585x327.jpg\" href=\"https:\/\/worldimagingnewslatino.com\/it\/mutoh-america-presenta-la-nuova-generazione-di-stampanti-eco-solvente-alla-printing-united-expo-2024\/\" title=\"MUTOH America presenta la stampante Eco-Solvent di prossima generazione alla PRINTING United Expo 2024\">\n                    <\/a>\n\t\t\t\t\n\t\t\t\t\t\t\t\t\t\t\t\t\t\t\t\t\t\t\t\t\t\t\t\t\t\t\t\t\t\t\t\t\t            <\/div>\n\t\t\n        <div class=\"grid-header-box\">\n\t\t\t                <span class=\"cat\"><a style=\"\" class=\"penci-cat-name penci-cat-220\" href=\"https:\/\/worldimagingnewslatino.com\/it\/categoria\/stampanti\/taglio-di-stampa\/\" rel=\"category tag\"><span style=\"\">Stampa \/ Taglio<\/span><\/a><\/span>\n\t\t\t\n            <h2 class=\"penci-entry-title entry-title grid-title penci_grid_title_df\"><a href=\"https:\/\/worldimagingnewslatino.com\/it\/mutoh-america-presenta-la-nuova-generazione-di-stampanti-eco-solvente-alla-printing-united-expo-2024\/\">MUTOH America presenta la stampante Eco-Solvent di prossima generazione alla PRINTING United Expo 2024<\/a>\n            <\/h2>\n\t\t\t\t\t\t\t\t<div class=\"penci-hide-tagupdated\">\n\t\t\t<span class=\"author-italic author vcard\">by \t\t\t\t\t\t\t\t\t\t<a class=\"author-url url fn n\" href=\"https:\/\/worldimagingnewslatino.com\/it\/author\/dan\/\">Personale<\/a>\t\t\t\t\t\t\t\t\t<\/span>\n\t\t\t<time class=\"entry-date published\" datetime=\"2024-08-27T04:25:51-07:00\">08\/27\/2024<\/time>\t\t<\/div>\n\t\t\t\t\t\t                <div class=\"grid-post-box-meta\">\n\t\t\t\t\t\t\t\t\t\t\t\t\t\t\t                        <span class=\"otherl-date\"><time class=\"entry-date published\" datetime=\"2024-08-27T04:25:51-07:00\">08\/27\/2024<\/time><\/span>\n\t\t\t\t\t\t\t\t\t\t\t\t\t\t\t\t\t\t\t\t\t\t\t\t\t\t\t\t\t\t                <\/div>\n\t\t\t        <\/div>\n\n\t\t            <div class=\"item-content entry-content\">\n\t\t\t\t<p>PHOENIX | Arizona - Agosto 2024 - MUTOH America \u00e8 pronta a fare colpo alla PRINTING United Expo 2024, presentando le sue soluzioni di stampa all'avanguardia, vincitrici del Pinnacle Award, e svelando ...<\/p>\n            <\/div>\n\t\t\n\t\t\n\t\t    <\/article>\n<\/li>\n\n\t\t\t\t\t\t\t\t\t\t\t\t\t\t\t\t\t\t\t\t\t\t\t\t\t\t\t\t<\/ul>\n\t\t\t\t\t\t\t\t\t\t\t\t\t\t<div class=\"penci-pagination align-left\"><ul class='page-numbers'>\n\t<li><span aria-current=\"page\" class=\"page-numbers current\">1<\/span><\/li>\n\t<li><a class=\"page-numbers\" href=\"https:\/\/worldimagingnewslatino.com\/wp-json\/wp\/v2\/pages\/18814\/page\/2\/\">2<\/a><\/li>\n\t<li><a class=\"next page-numbers\" href=\"https:\/\/worldimagingnewslatino.com\/wp-json\/wp\/v2\/pages\/18814\/page\/2\/\"><i class=\"penci-faicon fa fa-angle-right\" ><\/i><\/a><\/li>\n<\/ul>\n<\/div>\t\t\t\t\t\t\t                        <\/div>\n\n\t\t\t\t\t\t                    <\/div>\n                <\/div>\n\t\t\t            <style>\n                                                                                                                                                                            <\/style>\n\t\t\t\t\t\t\t<\/div>\n\t\t\t\t<\/div>\n\t\t\t\t\t<\/div>\n\t\t\t\t<\/div>\n\t\t\t\t<\/div>","protected":false},"excerpt":{"rendered":"<p>stampa\/taglio DecalcomanieStampa\/taglioStampantiPromozionaliEspositori per il commercio al dettaglioImmagini Roland DGA presenta le nuove stampanti\/taglierine da tavolo della serie VersaSTUDIO BN2 a cura dello staff 12\/15\/2023 12\/15\/2023 IRVINE, California - Novembre 2023 - Roland DGA Corporation, leader nella produzione e nella fornitura di...<\/p>","protected":false},"author":3,"featured_media":0,"parent":0,"menu_order":0,"comment_status":"closed","ping_status":"closed","template":"","meta":{"_lmt_disableupdate":"no","_lmt_disable":"","cybocfi_hide_featured_image":"","footnotes":""},"class_list":["post-18814","page","type-page","status-publish","hentry"],"_links":{"self":[{"href":"https:\/\/worldimagingnewslatino.com\/it\/wp-json\/wp\/v2\/pages\/18814"}],"collection":[{"href":"https:\/\/worldimagingnewslatino.com\/it\/wp-json\/wp\/v2\/pages"}],"about":[{"href":"https:\/\/worldimagingnewslatino.com\/it\/wp-json\/wp\/v2\/types\/page"}],"author":[{"embeddable":true,"href":"https:\/\/worldimagingnewslatino.com\/it\/wp-json\/wp\/v2\/users\/3"}],"replies":[{"embeddable":true,"href":"https:\/\/worldimagingnewslatino.com\/it\/wp-json\/wp\/v2\/comments?post=18814"}],"version-history":[{"count":8,"href":"https:\/\/worldimagingnewslatino.com\/it\/wp-json\/wp\/v2\/pages\/18814\/revisions"}],"predecessor-version":[{"id":260354,"href":"https:\/\/worldimagingnewslatino.com\/it\/wp-json\/wp\/v2\/pages\/18814\/revisions\/260354"}],"wp:attachment":[{"href":"https:\/\/worldimagingnewslatino.com\/it\/wp-json\/wp\/v2\/media?parent=18814"}],"curies":[{"name":"wp","href":"https:\/\/api.w.org\/{rel}","templated":true}]}}