{"id":18791,"date":"2024-01-31T15:17:21","date_gmt":"2024-01-31T23:17:21","guid":{"rendered":"https:\/\/worldimagingnewslatino.com\/?page_id=18791"},"modified":"2024-08-03T09:50:56","modified_gmt":"2024-08-03T16:50:56","slug":"eco","status":"publish","type":"page","link":"https:\/\/worldimagingnewslatino.com\/it\/eco\/","title":{"rendered":"Eco"},"content":{"rendered":"<div data-elementor-type=\"wp-page\" data-elementor-id=\"18791\" class=\"elementor elementor-18791\" data-elementor-post-type=\"page\">\n\t\t\t\t<div class=\"elementor-element elementor-element-0cb7192 e-flex e-con-boxed e-con e-parent\" data-id=\"0cb7192\" data-element_type=\"container\" data-e-type=\"container\">\n\t\t\t\t\t<div class=\"e-con-inner\">\n\t\t\t\t<div class=\"elementor-element elementor-element-75a8051 elementor-widget elementor-widget-penci-latest-posts\" data-id=\"75a8051\" data-element_type=\"widget\" data-e-type=\"widget\" data-widget_type=\"penci-latest-posts.default\">\n\t\t\t\t<div class=\"elementor-widget-container\">\n\t\t\t\t\t                <div id=\"pencilatest_posts_65063\" class=\"penci-latest-posts-sc penci-latest-posts-grid penci-latest-posts-el penci-el-mixed-s1 penci-latest-posts-left penci-std-continue-center penci-std-excerpt-center penci-grid-excerpt-left\">\n\t\t\t\t\t\t\t\t\t\t\t                        <div class=\"penci-border-arrow penci-homepage-title penci-home-latest-posts style-7 pcalign-left pciconp-right pcicon-right\">\n                            <h3 class=\"inner-arrow\">\n                                <span>\n\t\t\t\t\t\t\t\t<span>eco<\/span>                                <\/span>\n                            <\/h3>\n\t\t\t\t\t\t\t                        <\/div>\n\t\t\t\t\t                    <div class=\"penci-wrapper-posts-ajax\">\n\n                        <div class=\"penci-wrapper-posts-content pwid-default\">\n\n\t\t\t\t\t\t\t\t\t\t\t\t\t\t\t                                <ul data-cols=\"3\" data-tcols=\"3\" data-mcols=\"2\" data-layout=\"grid\"\n                                    class=\"has-d-cols has-t-cols has-m-cols penci-wrapper-data penci-grid penci-shortcode-render\">\t\t\t\t\t\t\t\t\t\t\t\t\t\t\t\t\t\t\t\t\t\t\t\t\t\t\t\t\t<li class=\"grid-style\">\n    <article id=\"post-264296\" class=\"item hentry\">\n\t\t            <div class=\"thumbnail\">\n\t\t\t\t\t\t\t\t                    <a class=\"penci-image-holder penci-lazy\" data-bgset=\"https:\/\/worldimagingnewslatino.com\/wp-content\/uploads\/2026\/04\/Untitled-400x300-48.png\" href=\"https:\/\/worldimagingnewslatino.com\/it\/mutoh-america-inc-lanza-la-impresora-eco-solvente-xpertjet-1681sr-pro\/\" title=\"MUTOH America Inc. Lanza la Impresora Eco-Solvente XpertJet 1681SR Pro\">\n                    <\/a>\n\t\t\t\t\n\t\t\t\t\t\t\t\t\t\t\t\t\t\t\t\t\t\t\t\t\t\t\t\t\t\t\t\t\t\t\t\t\t            <\/div>\n\t\t\n        <div class=\"grid-header-box\">\n\t\t\t                <span class=\"cat\"><a style=\"\" class=\"penci-cat-name penci-cat-416\" href=\"https:\/\/worldimagingnewslatino.com\/it\/category\/printers\/eco\/\" rel=\"category tag\"><span style=\"\">Eco<\/span><\/a><\/span>\n\t\t\t\n            <h2 class=\"penci-entry-title entry-title grid-title penci_grid_title_df\"><a href=\"https:\/\/worldimagingnewslatino.com\/it\/mutoh-america-inc-lanza-la-impresora-eco-solvente-xpertjet-1681sr-pro\/\">MUTOH America Inc. Lanza la Impresora Eco-Solvente XpertJet 1681SR Pro<\/a>\n            <\/h2>\n\t\t\t\t\t\t\t\t<div class=\"penci-hide-tagupdated\">\n\t\t\t<span class=\"author-italic author vcard\">by \t\t\t\t\t\t\t\t\t\t<a class=\"author-url url fn n\" href=\"https:\/\/worldimagingnewslatino.com\/it\/author\/mj\/\">Personale 1<\/a>\t\t\t\t\t\t\t\t\t<\/span>\n\t\t\t<time class=\"entry-date published\" datetime=\"2026-04-13T14:56:46-07:00\">04\/13\/2026<\/time>\t\t<\/div>\n\t\t\t\t\t\t                <div class=\"grid-post-box-meta\">\n\t\t\t\t\t\t\t\t\t\t\t\t\t\t\t                        <span class=\"otherl-date\"><time class=\"entry-date published\" datetime=\"2026-04-13T14:56:46-07:00\">04\/13\/2026<\/time><\/span>\n\t\t\t\t\t\t\t\t\t\t\t\t\t\t\t\t\t\t\t\t\t\t\t\t\t\t\t\t\t\t                <\/div>\n\t\t\t        <\/div>\n\n\t\t\n\t\t\n\t\t    <\/article>\n<\/li>\n<li class=\"grid-style\">\n    <article id=\"post-263616\" class=\"item hentry\">\n\t\t            <div class=\"thumbnail\">\n\t\t\t\t\t\t\t\t                    <a class=\"penci-image-holder penci-lazy\" data-bgset=\"https:\/\/worldimagingnewslatino.com\/wp-content\/uploads\/2025\/10\/admin-ajax-16-585x390.png\" href=\"https:\/\/worldimagingnewslatino.com\/it\/mutoh-lanza-la-xpertjet-1641sr-pro-ii-mas-rapida-inteligente-y-lista-para-la-produccion\/\" title=\"MUTOH lanza la XpertJet 1641SR Pro II: m\u00e1s r\u00e1pida, inteligente y lista para la producci\u00f3n\">\n                    <\/a>\n\t\t\t\t\n\t\t\t\t\t\t\t\t\t\t\t\t\t\t\t\t\t\t\t\t\t\t\t\t\t\t\t\t\t\t\t\t\t            <\/div>\n\t\t\n        <div class=\"grid-header-box\">\n\t\t\t                <span class=\"cat\"><a style=\"\" class=\"penci-cat-name penci-cat-416\" href=\"https:\/\/worldimagingnewslatino.com\/it\/category\/printers\/eco\/\" rel=\"category tag\"><span style=\"\">Eco<\/span><\/a><a style=\"\" class=\"penci-cat-name penci-cat-72\" href=\"https:\/\/worldimagingnewslatino.com\/it\/category\/applications\/signage\/\" rel=\"category tag\"><span style=\"\">Segnaletica<\/span><\/a><a style=\"\" class=\"penci-cat-name penci-cat-78\" href=\"https:\/\/worldimagingnewslatino.com\/it\/category\/applications\/wraps-applications\/\" rel=\"category tag\"><span style=\"\">Wraps<\/span><\/a><\/span>\n\t\t\t\n            <h2 class=\"penci-entry-title entry-title grid-title penci_grid_title_df\"><a href=\"https:\/\/worldimagingnewslatino.com\/it\/mutoh-lanza-la-xpertjet-1641sr-pro-ii-mas-rapida-inteligente-y-lista-para-la-produccion\/\">MUTOH lanza la XpertJet 1641SR Pro II: m\u00e1s r\u00e1pida, inteligente y lista para la producci\u00f3n<\/a>\n            <\/h2>\n\t\t\t\t\t\t\t\t<div class=\"penci-hide-tagupdated\">\n\t\t\t<span class=\"author-italic author vcard\">by \t\t\t\t\t\t\t\t\t\t<a class=\"author-url url fn n\" href=\"https:\/\/worldimagingnewslatino.com\/it\/author\/mj\/\">Personale 1<\/a>\t\t\t\t\t\t\t\t\t<\/span>\n\t\t\t<time class=\"entry-date published\" datetime=\"2025-10-21T10:25:30-07:00\">10\/21\/2025<\/time>\t\t<\/div>\n\t\t\t\t\t\t                <div class=\"grid-post-box-meta\">\n\t\t\t\t\t\t\t\t\t\t\t\t\t\t\t                        <span class=\"otherl-date\"><time class=\"entry-date published\" datetime=\"2025-10-21T10:25:30-07:00\">10\/21\/2025<\/time><\/span>\n\t\t\t\t\t\t\t\t\t\t\t\t\t\t\t\t\t\t\t\t\t\t\t\t\t\t\t\t\t\t                <\/div>\n\t\t\t        <\/div>\n\n\t\t\n\t\t\n\t\t    <\/article>\n<\/li>\n<li class=\"grid-style\">\n    <article id=\"post-263300\" class=\"item hentry\">\n\t\t            <div class=\"thumbnail\">\n\t\t\t\t\t\t\t\t                    <a class=\"penci-image-holder penci-lazy\" data-bgset=\"https:\/\/worldimagingnewslatino.com\/wp-content\/uploads\/2025\/08\/admin-ajax-42.png\" href=\"https:\/\/worldimagingnewslatino.com\/it\/epson-presenta-la-nueva-impresora-solvente-surecolor-s7170\/\" title=\"Epson presenta la nueva impresora solvente SureColor S7170\">\n                    <\/a>\n\t\t\t\t\n\t\t\t\t\t\t\t\t\t\t\t\t\t\t\t\t\t\t\t\t\t\t\t\t\t\t\t\t\t\t\t\t\t            <\/div>\n\t\t\n        <div class=\"grid-header-box\">\n\t\t\t                <span class=\"cat\"><a style=\"\" class=\"penci-cat-name penci-cat-416\" href=\"https:\/\/worldimagingnewslatino.com\/it\/category\/printers\/eco\/\" rel=\"category tag\"><span style=\"\">Eco<\/span><\/a><\/span>\n\t\t\t\n            <h2 class=\"penci-entry-title entry-title grid-title penci_grid_title_df\"><a href=\"https:\/\/worldimagingnewslatino.com\/it\/epson-presenta-la-nueva-impresora-solvente-surecolor-s7170\/\">Epson presenta la nueva impresora solvente SureColor S7170<\/a>\n            <\/h2>\n\t\t\t\t\t\t\t\t<div class=\"penci-hide-tagupdated\">\n\t\t\t<span class=\"author-italic author vcard\">by \t\t\t\t\t\t\t\t\t\t<a class=\"author-url url fn n\" href=\"https:\/\/worldimagingnewslatino.com\/it\/author\/mj\/\">Personale 1<\/a>\t\t\t\t\t\t\t\t\t<\/span>\n\t\t\t<time class=\"entry-date published\" datetime=\"2025-08-27T06:08:25-07:00\">08\/27\/2025<\/time>\t\t<\/div>\n\t\t\t\t\t\t                <div class=\"grid-post-box-meta\">\n\t\t\t\t\t\t\t\t\t\t\t\t\t\t\t                        <span class=\"otherl-date\"><time class=\"entry-date published\" datetime=\"2025-08-27T06:08:25-07:00\">08\/27\/2025<\/time><\/span>\n\t\t\t\t\t\t\t\t\t\t\t\t\t\t\t\t\t\t\t\t\t\t\t\t\t\t\t\t\t\t                <\/div>\n\t\t\t        <\/div>\n\n\t\t\n\t\t\n\t\t    <\/article>\n<\/li>\n<li class=\"grid-style\">\n    <article id=\"post-263238\" class=\"item hentry\">\n\t\t            <div class=\"thumbnail\">\n\t\t\t\t\t\t\t\t                    <a class=\"penci-image-holder penci-lazy\" data-bgset=\"https:\/\/worldimagingnewslatino.com\/wp-content\/uploads\/2025\/08\/admin-ajax-32-585x337.png\" href=\"https:\/\/worldimagingnewslatino.com\/it\/mimaki-usa-presenta-serie-jv200-impresoras-ecosolventes-rollo-a-rollo\/\" title=\"Mimaki USA presenta la Serie JV200 de impresoras ecosolventes rollo a rollo\">\n                    <\/a>\n\t\t\t\t\n\t\t\t\t\t\t\t\t\t\t\t\t\t\t\t\t\t\t\t\t\t\t\t\t\t\t\t\t\t\t\t\t\t            <\/div>\n\t\t\n        <div class=\"grid-header-box\">\n\t\t\t                <span class=\"cat\"><a style=\"\" class=\"penci-cat-name penci-cat-416\" href=\"https:\/\/worldimagingnewslatino.com\/it\/category\/printers\/eco\/\" rel=\"category tag\"><span style=\"\">Eco<\/span><\/a><a style=\"\" class=\"penci-cat-name penci-cat-807\" href=\"https:\/\/worldimagingnewslatino.com\/it\/category\/featured-news\/\" rel=\"category tag\"><span style=\"\">Notizie in primo piano<\/span><\/a><\/span>\n\t\t\t\n            <h2 class=\"penci-entry-title entry-title grid-title penci_grid_title_df\"><a href=\"https:\/\/worldimagingnewslatino.com\/it\/mimaki-usa-presenta-serie-jv200-impresoras-ecosolventes-rollo-a-rollo\/\">Mimaki USA presenta la Serie JV200 de impresoras ecosolventes rollo a rollo<\/a>\n            <\/h2>\n\t\t\t\t\t\t\t\t<div class=\"penci-hide-tagupdated\">\n\t\t\t<span class=\"author-italic author vcard\">by \t\t\t\t\t\t\t\t\t\t<a class=\"author-url url fn n\" href=\"https:\/\/worldimagingnewslatino.com\/it\/author\/mj\/\">Personale 1<\/a>\t\t\t\t\t\t\t\t\t<\/span>\n\t\t\t<time class=\"entry-date published\" datetime=\"2025-08-18T12:05:21-07:00\">08\/18\/2025<\/time>\t\t<\/div>\n\t\t\t\t\t\t                <div class=\"grid-post-box-meta\">\n\t\t\t\t\t\t\t\t\t\t\t\t\t\t\t                        <span class=\"otherl-date\"><time class=\"entry-date published\" datetime=\"2025-08-18T12:05:21-07:00\">08\/18\/2025<\/time><\/span>\n\t\t\t\t\t\t\t\t\t\t\t\t\t\t\t\t\t\t\t\t\t\t\t\t\t\t\t\t\t\t                <\/div>\n\t\t\t        <\/div>\n\n\t\t\n\t\t\n\t\t    <\/article>\n<\/li>\n<li class=\"grid-style\">\n    <article id=\"post-262883\" class=\"item hentry\">\n\t\t            <div class=\"thumbnail\">\n\t\t\t\t\t\t\t\t                    <a class=\"penci-image-holder penci-lazy\" data-bgset=\"https:\/\/worldimagingnewslatino.com\/wp-content\/uploads\/2025\/03\/UltraColor-MAX.png\" href=\"https:\/\/worldimagingnewslatino.com\/it\/stahls-introduce-nuevas-tintas-revolucionarias-para-ultracolor-max-dtf\/\" title=\"STAHLS\u2019 Revoluciona la Impresi\u00f3n DTF con Nuevas Tintas para UltraColor MAX\u2122\">\n                    <\/a>\n\t\t\t\t\n\t\t\t\t\t\t\t\t\t\t\t\t\t\t\t\t\t\t\t\t\t\t\t\t\t\t\t\t\t\t\t\t\t            <\/div>\n\t\t\n        <div class=\"grid-header-box\">\n\t\t\t                <span class=\"cat\"><a style=\"\" class=\"penci-cat-name penci-cat-416\" href=\"https:\/\/worldimagingnewslatino.com\/it\/category\/printers\/eco\/\" rel=\"category tag\"><span style=\"\">Eco<\/span><\/a><a style=\"\" class=\"penci-cat-name penci-cat-4\" href=\"https:\/\/worldimagingnewslatino.com\/it\/category\/consumables\/ink\/\" rel=\"category tag\"><span style=\"\">Inchiostro<\/span><\/a><\/span>\n\t\t\t\n            <h2 class=\"penci-entry-title entry-title grid-title penci_grid_title_df\"><a href=\"https:\/\/worldimagingnewslatino.com\/it\/stahls-introduce-nuevas-tintas-revolucionarias-para-ultracolor-max-dtf\/\">STAHLS\u2019 Revoluciona la Impresi\u00f3n DTF con Nuevas Tintas para UltraColor MAX\u2122<\/a>\n            <\/h2>\n\t\t\t\t\t\t\t\t<div class=\"penci-hide-tagupdated\">\n\t\t\t<span class=\"author-italic author vcard\">by \t\t\t\t\t\t\t\t\t\t<a class=\"author-url url fn n\" href=\"https:\/\/worldimagingnewslatino.com\/it\/author\/mj\/\">Personale 1<\/a>\t\t\t\t\t\t\t\t\t<\/span>\n\t\t\t<time class=\"entry-date published\" datetime=\"2025-03-19T13:55:21-07:00\">03\/19\/2025<\/time>\t\t<\/div>\n\t\t\t\t\t\t                <div class=\"grid-post-box-meta\">\n\t\t\t\t\t\t\t\t\t\t\t\t\t\t\t                        <span class=\"otherl-date\"><time class=\"entry-date published\" datetime=\"2025-03-19T13:55:21-07:00\">03\/19\/2025<\/time><\/span>\n\t\t\t\t\t\t\t\t\t\t\t\t\t\t\t\t\t\t\t\t\t\t\t\t\t\t\t\t\t\t                <\/div>\n\t\t\t        <\/div>\n\n\t\t\n\t\t\n\t\t    <\/article>\n<\/li>\n<li class=\"grid-style\">\n    <article id=\"post-262880\" class=\"item hentry\">\n\t\t            <div class=\"thumbnail\">\n\t\t\t\t\t\t\t\t                    <a class=\"penci-image-holder penci-lazy\" data-bgset=\"https:\/\/worldimagingnewslatino.com\/wp-content\/uploads\/2025\/03\/Epson-S9170-2.png\" href=\"https:\/\/worldimagingnewslatino.com\/it\/la-nueva-epson-surecolor-s9170-ya-esta-disponible\/\" title=\"La Nueva Epson SureColor S9170 Ya Est\u00e1 Disponible\">\n                    <\/a>\n\t\t\t\t\n\t\t\t\t\t\t\t\t\t\t\t\t\t\t\t\t\t\t\t\t\t\t\t\t\t\t\t\t\t\t\t\t\t            <\/div>\n\t\t\n        <div class=\"grid-header-box\">\n\t\t\t                <span class=\"cat\"><a style=\"\" class=\"penci-cat-name penci-cat-416\" href=\"https:\/\/worldimagingnewslatino.com\/it\/category\/printers\/eco\/\" rel=\"category tag\"><span style=\"\">Eco<\/span><\/a><a style=\"\" class=\"penci-cat-name penci-cat-807\" href=\"https:\/\/worldimagingnewslatino.com\/it\/category\/featured-news\/\" rel=\"category tag\"><span style=\"\">Notizie in primo piano<\/span><\/a><\/span>\n\t\t\t\n            <h2 class=\"penci-entry-title entry-title grid-title penci_grid_title_df\"><a href=\"https:\/\/worldimagingnewslatino.com\/it\/la-nueva-epson-surecolor-s9170-ya-esta-disponible\/\">La Nueva Epson SureColor S9170 Ya Est\u00e1 Disponible<\/a>\n            <\/h2>\n\t\t\t\t\t\t\t\t<div class=\"penci-hide-tagupdated\">\n\t\t\t<span class=\"author-italic author vcard\">by \t\t\t\t\t\t\t\t\t\t<a class=\"author-url url fn n\" href=\"https:\/\/worldimagingnewslatino.com\/it\/author\/mj\/\">Personale 1<\/a>\t\t\t\t\t\t\t\t\t<\/span>\n\t\t\t<time class=\"entry-date published\" datetime=\"2025-03-19T13:49:04-07:00\">03\/19\/2025<\/time>\t\t<\/div>\n\t\t\t\t\t\t                <div class=\"grid-post-box-meta\">\n\t\t\t\t\t\t\t\t\t\t\t\t\t\t\t                        <span class=\"otherl-date\"><time class=\"entry-date published\" datetime=\"2025-03-19T13:49:04-07:00\">03\/19\/2025<\/time><\/span>\n\t\t\t\t\t\t\t\t\t\t\t\t\t\t\t\t\t\t\t\t\t\t\t\t\t\t\t\t\t\t                <\/div>\n\t\t\t        <\/div>\n\n\t\t\n\t\t\n\t\t    <\/article>\n<\/li>\n\n\t\t\t\t\t\t\t\t\t\t\t\t\t\t\t\t\t\t\t\t\t\t\t\t\t\t\t\t<\/ul>\n\t\t\t\t\t\t\t\t\t\t\t\t\t\t<div class=\"penci-pagination align-left\"><ul class='page-numbers'>\n\t<li><span aria-current=\"page\" class=\"page-numbers current\">1<\/span><\/li>\n\t<li><a class=\"page-numbers\" href=\"https:\/\/worldimagingnewslatino.com\/it\/wp-json\/wp\/v2\/pages\/18791\/page\/2\/\">2<\/a><\/li>\n\t<li><a class=\"next page-numbers\" href=\"https:\/\/worldimagingnewslatino.com\/it\/wp-json\/wp\/v2\/pages\/18791\/page\/2\/\"><i class=\"penci-faicon fa fa-angle-right\" ><\/i><\/a><\/li>\n<\/ul>\n<\/div>\t\t\t\t\t\t\t                        <\/div>\n\n\t\t\t\t\t\t                    <\/div>\n                <\/div>\n\t\t\t            <style>\n                                                                                                                                                                            <\/style>\n\t\t\t\t\t\t\t<\/div>\n\t\t\t\t<\/div>\n\t\t\t\t\t<\/div>\n\t\t\t\t<\/div>\n\t\t<div class=\"elementor-element elementor-element-bac4c89 e-flex e-con-boxed e-con e-parent\" data-id=\"bac4c89\" data-element_type=\"container\" data-e-type=\"container\">\n\t\t\t\t\t<div class=\"e-con-inner\">\n\t\t\t\t<div class=\"elementor-element elementor-element-93c7b84 elementor-widget elementor-widget-image\" data-id=\"93c7b84\" data-element_type=\"widget\" data-e-type=\"widget\" data-widget_type=\"image.default\">\n\t\t\t\t<div class=\"elementor-widget-container\">\n\t\t\t\t\t\t\t\t\t\t\t\t\t\t\t<img fetchpriority=\"high\" decoding=\"async\" width=\"601\" height=\"101\" src=\"https:\/\/worldimagingnewslatino.com\/wp-content\/uploads\/2024\/07\/ad-header-600x100-1.png\" class=\"attachment-full size-full wp-image-258545\" alt=\"intestazione annuncio 600x100\" srcset=\"https:\/\/worldimagingnewslatino.com\/wp-content\/uploads\/2024\/07\/ad-header-600x100-1.png 601w, https:\/\/worldimagingnewslatino.com\/wp-content\/uploads\/2024\/07\/ad-header-600x100-1-300x50.png 300w, https:\/\/worldimagingnewslatino.com\/wp-content\/uploads\/2024\/07\/ad-header-600x100-1-400x67.png 400w, https:\/\/worldimagingnewslatino.com\/wp-content\/uploads\/2024\/07\/ad-header-600x100-1-150x25.png 150w\" sizes=\"(max-width: 601px) 100vw, 601px\" \/>\t\t\t\t\t\t\t\t\t\t\t\t\t\t\t<\/div>\n\t\t\t\t<\/div>\n\t\t\t\t\t<\/div>\n\t\t\t\t<\/div>\n\t\t\t\t<\/div>","protected":false},"excerpt":{"rendered":"<p>eco EcoPrintersUV Mutoh to Exhibit Award Winning Printers at FESPA Amsterdam by Staff 03\/02\/2024 03\/02\/2024 EcoPrinters Roland DG Introduces New ER-641 Eco-Solvent Inkjet Printer in Certain Markets by Staff 03\/01\/2024&hellip;<\/p>","protected":false},"author":3,"featured_media":0,"parent":0,"menu_order":0,"comment_status":"closed","ping_status":"closed","template":"","meta":{"_lmt_disableupdate":"no","_lmt_disable":"","cybocfi_hide_featured_image":"","footnotes":""},"class_list":["post-18791","page","type-page","status-publish","hentry"],"_links":{"self":[{"href":"https:\/\/worldimagingnewslatino.com\/it\/wp-json\/wp\/v2\/pages\/18791"}],"collection":[{"href":"https:\/\/worldimagingnewslatino.com\/it\/wp-json\/wp\/v2\/pages"}],"about":[{"href":"https:\/\/worldimagingnewslatino.com\/it\/wp-json\/wp\/v2\/types\/page"}],"author":[{"embeddable":true,"href":"https:\/\/worldimagingnewslatino.com\/it\/wp-json\/wp\/v2\/users\/3"}],"replies":[{"embeddable":true,"href":"https:\/\/worldimagingnewslatino.com\/it\/wp-json\/wp\/v2\/comments?post=18791"}],"version-history":[{"count":7,"href":"https:\/\/worldimagingnewslatino.com\/it\/wp-json\/wp\/v2\/pages\/18791\/revisions"}],"predecessor-version":[{"id":259580,"href":"https:\/\/worldimagingnewslatino.com\/it\/wp-json\/wp\/v2\/pages\/18791\/revisions\/259580"}],"wp:attachment":[{"href":"https:\/\/worldimagingnewslatino.com\/it\/wp-json\/wp\/v2\/media?parent=18791"}],"curies":[{"name":"wp","href":"https:\/\/api.w.org\/{rel}","templated":true}]}}