{"id":17907,"date":"2024-01-09T09:23:01","date_gmt":"2024-01-09T17:23:01","guid":{"rendered":"https:\/\/worldimagingnewslatino.com\/?page_id=17907"},"modified":"2024-11-27T15:43:42","modified_gmt":"2024-11-27T23:43:42","slug":"news-services","status":"publish","type":"page","link":"https:\/\/worldimagingnewslatino.com\/it\/news-services\/","title":{"rendered":"Servizi di marketing"},"content":{"rendered":"\t\t<div data-elementor-type=\"wp-page\" data-elementor-id=\"17907\" class=\"elementor elementor-17907\" data-elementor-post-type=\"page\">\n\t\t\t\t<div class=\"elementor-element elementor-element-7d9be565 e-flex e-con-boxed e-con e-parent\" data-id=\"7d9be565\" data-element_type=\"container\" data-e-type=\"container\">\n\t\t\t\t\t<div class=\"e-con-inner\">\n\t\t\t\t<div class=\"elementor-element elementor-element-2645a6ac elementor-widget elementor-widget-text-editor\" data-id=\"2645a6ac\" data-element_type=\"widget\" data-e-type=\"widget\" data-widget_type=\"text-editor.default\">\n\t\t\t\t<div class=\"elementor-widget-container\">\n\t\t\t\t\t\t\t\t\t<h4><strong>Servicios de World Imaging News<\/strong><\/h4><p>El equipo de World Imaging News ofrece una variedad de servicios de marketing para satisfacer las diversas necesidades de su audiencia, anunciantes y socios. Algunos de los servicios de marketing que un portal de noticias en l\u00ednea puede ofrecer incluyen (consulte la secci\u00f3n Publicite con Nosotros para conocer las oportunidades publicitarias):<\/p><ul><li><p><strong>Promoci\u00f3n en Redes Sociales:<\/strong>\u00a0Aprovechar las plataformas de redes sociales para amplificar el contenido, interactuar con las audiencias y aumentar el reconocimiento de marca.<\/p><\/li><li><p><strong>Servicios de Marketing de Contenidos:<\/strong>\u00a0Ofrecer servicios de creaci\u00f3n, estrategia y distribuci\u00f3n de contenido para ayudar a las marcas a contar su historia y conectar con su audiencia.<\/p><\/li><li><p><strong>Servicios de SEO (Optimizaci\u00f3n para Motores de B\u00fasqueda):<\/strong>\u00a0Brindar servicios de optimizaci\u00f3n para motores de b\u00fasqueda para mejorar la visibilidad, los rankings y el tr\u00e1fico org\u00e1nico de las marcas o empresas.<\/p><\/li><li><p><strong>An\u00e1lisis e Informaci\u00f3n:<\/strong>\u00a0Ofrecer servicios de an\u00e1lisis, seguimiento e informes para medir el rendimiento, comprender el comportamiento de la audiencia y optimizar las estrategias de marketing.<\/p><\/li><li><p><strong>Promoci\u00f3n de Eventos:<\/strong>\u00a0Promover eventos, seminarios web o conferencias a trav\u00e9s de listados de eventos, publicaciones patrocinadas y campa\u00f1as de marketing dirigidas.<\/p><\/li><li><p><strong>Publicidad Nativa:<\/strong>\u00a0Integrar contenido promocional de manera fluida dentro del contenido editorial del portal para ofrecer valor a los lectores mientras se logran los objetivos de marketing.<\/p><\/li><li><p><strong>Marketing de Afiliados:<\/strong>\u00a0Colaborar con marcas para promover productos o servicios mediante enlaces de afiliados, ganando comisiones por ventas o referidos generados a trav\u00e9s del portal.<\/p><\/li><li><p><strong>Campa\u00f1as Personalizadas:<\/strong>\u00a0Crear campa\u00f1as de marketing a medida, concursos o experiencias interactivas para involucrar a la audiencia y alcanzar objetivos espec\u00edficos.<\/p><\/li><li><p><strong>Consultor\u00eda y Desarrollo de Estrategias:<\/strong>\u00a0Ofrecer servicios de consultor\u00eda para ayudar a las marcas a desarrollar e implementar estrategias de marketing efectivas, aprovechando la experiencia y los conocimientos del portal.<\/p><\/li><\/ul><p><em><strong>El equipo de World Imaging News.<\/strong><\/em><\/p>\t\t\t\t\t\t\t\t<\/div>\n\t\t\t\t<\/div>\n\t\t\t\t\t<\/div>\n\t\t\t\t<\/div>\n\t\t<div class=\"elementor-element elementor-element-4a47829 e-flex e-con-boxed e-con e-parent\" data-id=\"4a47829\" data-element_type=\"container\" data-e-type=\"container\">\n\t\t\t\t\t<div class=\"e-con-inner\">\n\t\t<div class=\"elementor-element elementor-element-b55e90c e-con-full e-flex e-con e-child\" data-id=\"b55e90c\" data-element_type=\"container\" data-e-type=\"container\">\n\t\t<div class=\"elementor-element elementor-element-25a3e3c e-con-full e-flex e-con e-child\" data-id=\"25a3e3c\" data-element_type=\"container\" data-e-type=\"container\">\n\t\t<div class=\"elementor-element elementor-element-b5c44d2 e-con-full e-flex e-con e-child\" data-id=\"b5c44d2\" data-element_type=\"container\" data-e-type=\"container\">\n\t\t\t\t<div class=\"elementor-element elementor-element-3a64c35 elementor-button-align-stretch elementor-widget elementor-widget-form\" data-id=\"3a64c35\" data-element_type=\"widget\" data-e-type=\"widget\" data-settings=\"{&quot;step_next_label&quot;:&quot;Next&quot;,&quot;step_previous_label&quot;:&quot;Previous&quot;,&quot;button_width&quot;:&quot;100&quot;,&quot;step_type&quot;:&quot;number_text&quot;,&quot;step_icon_shape&quot;:&quot;circle&quot;}\" data-widget_type=\"form.default\">\n\t\t\t\t<div class=\"elementor-widget-container\">\n\t\t\t\t\t\t\t<form class=\"elementor-form\" method=\"post\" name=\"Contact\" aria-label=\"Contact\">\n\t\t\t<input type=\"hidden\" name=\"post_id\" value=\"17907\"\/>\n\t\t\t<input type=\"hidden\" name=\"form_id\" value=\"3a64c35\"\/>\n\t\t\t<input type=\"hidden\" name=\"referer_title\" value=\"\" \/>\n\n\t\t\t\n\t\t\t<div class=\"elementor-form-fields-wrapper elementor-labels-above\">\n\t\t\t\t\t\t\t\t<div class=\"elementor-field-type-text elementor-field-group elementor-column elementor-field-group-company elementor-col-100 elementor-field-required\">\n\t\t\t\t\t\t\t\t\t\t\t\t\t<input size=\"1\" type=\"text\" name=\"form_fields[company]\" id=\"form-field-company\" class=\"elementor-field elementor-size-sm  elementor-field-textual\" placeholder=\"Empresa\" required=\"required\">\n\t\t\t\t\t\t\t\t\t\t\t<\/div>\n\t\t\t\t\t\t\t\t<div class=\"elementor-field-type-text elementor-field-group elementor-column elementor-field-group-field_2661645 elementor-col-100 elementor-field-required\">\n\t\t\t\t\t\t\t\t\t\t\t\t\t<input size=\"1\" type=\"text\" name=\"form_fields[field_2661645]\" id=\"form-field-field_2661645\" class=\"elementor-field elementor-size-sm  elementor-field-textual\" placeholder=\"Nombre\" required=\"required\">\n\t\t\t\t\t\t\t\t\t\t\t<\/div>\n\t\t\t\t\t\t\t\t<div class=\"elementor-field-type-email elementor-field-group elementor-column elementor-field-group-email elementor-col-100 elementor-field-required\">\n\t\t\t\t\t\t\t\t\t\t\t\t\t<input size=\"1\" type=\"email\" name=\"form_fields[email]\" id=\"form-field-email\" class=\"elementor-field elementor-size-sm  elementor-field-textual\" placeholder=\"Correo\" required=\"required\">\n\t\t\t\t\t\t\t\t\t\t\t<\/div>\n\t\t\t\t\t\t\t\t<div class=\"elementor-field-type-textarea elementor-field-group elementor-column elementor-field-group-message elementor-col-100\">\n\t\t\t\t\t<textarea class=\"elementor-field-textual elementor-field  elementor-size-sm\" name=\"form_fields[message]\" id=\"form-field-message\" rows=\"4\" placeholder=\"Mensaje\"><\/textarea>\t\t\t\t<\/div>\n\t\t\t\t\t\t\t\t<div class=\"elementor-field-group elementor-column elementor-field-type-submit elementor-col-100 e-form__buttons\">\n\t\t\t\t\t<button class=\"elementor-button elementor-size-sm\" type=\"submit\">\n\t\t\t\t\t\t<span class=\"elementor-button-content-wrapper\">\n\t\t\t\t\t\t\t\t\t\t\t\t\t\t\t\t\t\t\t\t\t\t<span class=\"elementor-button-text\">Enviar<\/span>\n\t\t\t\t\t\t\t\t\t\t\t\t\t<\/span>\n\t\t\t\t\t<\/button>\n\t\t\t\t<\/div>\n\t\t\t<\/div>\n\t\t<\/form>\n\t\t\t\t\t\t<\/div>\n\t\t\t\t<\/div>\n\t\t\t\t<\/div>\n\t\t\t\t<\/div>\n\t\t\t\t<\/div>\n\t\t\t\t\t<\/div>\n\t\t\t\t<\/div>\n\t\t\t\t<\/div>\n\t\t","protected":false},"excerpt":{"rendered":"<p>Servicios de World Imaging News El equipo de World Imaging News ofrece una variedad de servicios de marketing para satisfacer las diversas necesidades de su audiencia, anunciantes y socios. Algunos&hellip;<\/p>","protected":false},"author":3,"featured_media":0,"parent":0,"menu_order":0,"comment_status":"closed","ping_status":"closed","template":"","meta":{"_lmt_disableupdate":"no","_lmt_disable":"","cybocfi_hide_featured_image":"","footnotes":""},"class_list":["post-17907","page","type-page","status-publish","hentry"],"_links":{"self":[{"href":"https:\/\/worldimagingnewslatino.com\/it\/wp-json\/wp\/v2\/pages\/17907"}],"collection":[{"href":"https:\/\/worldimagingnewslatino.com\/it\/wp-json\/wp\/v2\/pages"}],"about":[{"href":"https:\/\/worldimagingnewslatino.com\/it\/wp-json\/wp\/v2\/types\/page"}],"author":[{"embeddable":true,"href":"https:\/\/worldimagingnewslatino.com\/it\/wp-json\/wp\/v2\/users\/3"}],"replies":[{"embeddable":true,"href":"https:\/\/worldimagingnewslatino.com\/it\/wp-json\/wp\/v2\/comments?post=17907"}],"version-history":[{"count":19,"href":"https:\/\/worldimagingnewslatino.com\/it\/wp-json\/wp\/v2\/pages\/17907\/revisions"}],"predecessor-version":[{"id":262486,"href":"https:\/\/worldimagingnewslatino.com\/it\/wp-json\/wp\/v2\/pages\/17907\/revisions\/262486"}],"wp:attachment":[{"href":"https:\/\/worldimagingnewslatino.com\/it\/wp-json\/wp\/v2\/media?parent=17907"}],"curies":[{"name":"wp","href":"https:\/\/api.w.org\/{rel}","templated":true}]}}