{"id":19281,"date":"2024-02-07T13:44:11","date_gmt":"2024-02-07T21:44:11","guid":{"rendered":"https:\/\/worldimagingnewslatino.com\/?page_id=19281"},"modified":"2024-08-13T15:26:09","modified_gmt":"2024-08-13T22:26:09","slug":"powder","status":"publish","type":"page","link":"https:\/\/worldimagingnewslatino.com\/es\/powder\/","title":{"rendered":"Powder"},"content":{"rendered":"\t\t<div data-elementor-type=\"wp-page\" data-elementor-id=\"19281\" class=\"elementor elementor-19281\" data-elementor-post-type=\"page\">\n\t\t\t\t<div class=\"elementor-element elementor-element-3da5f22 e-flex e-con-boxed e-con e-parent\" data-id=\"3da5f22\" data-element_type=\"container\" data-e-type=\"container\">\n\t\t\t\t\t<div class=\"e-con-inner\">\n\t\t\t\t<div class=\"elementor-element elementor-element-3cf5abe elementor-widget elementor-widget-penci-latest-posts\" data-id=\"3cf5abe\" data-element_type=\"widget\" data-e-type=\"widget\" data-widget_type=\"penci-latest-posts.default\">\n\t\t\t\t<div class=\"elementor-widget-container\">\n\t\t\t\t\t                <div id=\"pencilatest_posts_33343\" class=\"penci-latest-posts-sc penci-latest-posts-grid penci-latest-posts-el penci-el-mixed-s1 penci-std-continue-center penci-std-excerpt-center penci-grid-excerpt-left\">\n\t\t\t\t\t\t\t\t\t\t\t                        <div class=\"penci-border-arrow penci-homepage-title penci-home-latest-posts style-7 pcalign-left pciconp-right pcicon-right\">\n                            <h3 class=\"inner-arrow\">\n                                <span>\n\t\t\t\t\t\t\t\t<span>powder<\/span>                                <\/span>\n                            <\/h3>\n\t\t\t\t\t\t\t                        <\/div>\n\t\t\t\t\t                    <div class=\"penci-wrapper-posts-ajax\">\n\n                        <div class=\"penci-wrapper-posts-content pwid-default\">\n\n\t\t\t\t\t\t\t\t\t\t\t\t\t\t\t                                <ul data-cols=\"3\" data-tcols=\"3\" data-mcols=\"2\" data-layout=\"grid\"\n                                    class=\"has-d-cols has-t-cols has-m-cols penci-wrapper-data penci-grid penci-shortcode-render\">\t\t\t\t\t\t\t\t\t\t\t\t\t\t\t\t\t\t\t\t\t\t\t\t\t\t\t\t\t<li class=\"grid-style\">\n    <article id=\"post-264115\" class=\"item hentry\">\n\t\t            <div class=\"thumbnail\">\n\t\t\t\t\t\t\t\t                    <a class=\"penci-image-holder penci-lazy\" data-bgset=\"https:\/\/worldimagingnewslatino.com\/wp-content\/uploads\/2026\/03\/Untitled-400x300-18.png\" href=\"https:\/\/worldimagingnewslatino.com\/es\/las-soluciones-dtf-de-b-flex-italia-demuestran-un-rendimiento-sobresaliente-con-la-impresion-de-mimaki\/\" title=\"Las Soluciones DTF de B-FLEX Italia Demuestran un Rendimiento Sobresaliente con la Impresi\u00f3n de Mimaki\">\n                    <\/a>\n\t\t\t\t\n\t\t\t\t\t\t\t\t\t\t\t\t\t\t\t\t\t\t\t\t\t\t\t\t\t\t\t\t\t\t\t\t\t            <\/div>\n\t\t\n        <div class=\"grid-header-box\">\n\t\t\t                <span class=\"cat\"><a style=\"\" class=\"penci-cat-name penci-cat-86\" href=\"https:\/\/worldimagingnewslatino.com\/es\/category\/consumables\/powder\/\" rel=\"category tag\"><span style=\"\">Powder<\/span><\/a><\/span>\n\t\t\t\n            <h2 class=\"penci-entry-title entry-title grid-title penci_grid_title_df\"><a href=\"https:\/\/worldimagingnewslatino.com\/es\/las-soluciones-dtf-de-b-flex-italia-demuestran-un-rendimiento-sobresaliente-con-la-impresion-de-mimaki\/\">Las Soluciones DTF de B-FLEX Italia Demuestran un Rendimiento Sobresaliente con la Impresi\u00f3n de Mimaki<\/a>\n            <\/h2>\n\t\t\t\t\t\t\t\t<div class=\"penci-hide-tagupdated\">\n\t\t\t<span class=\"author-italic author vcard\">by \t\t\t\t\t\t\t\t\t\t<a class=\"author-url url fn n\" href=\"https:\/\/worldimagingnewslatino.com\/es\/author\/mj\/\">Staff 1<\/a>\t\t\t\t\t\t\t\t\t<\/span>\n\t\t\t<time class=\"entry-date published\" datetime=\"2026-03-16T16:20:45-07:00\">03\/16\/2026<\/time>\t\t<\/div>\n\t\t\t\t\t\t                <div class=\"grid-post-box-meta\">\n\t\t\t\t\t\t\t\t\t\t\t\t\t\t\t                        <span class=\"otherl-date\"><time class=\"entry-date published\" datetime=\"2026-03-16T16:20:45-07:00\">03\/16\/2026<\/time><\/span>\n\t\t\t\t\t\t\t\t\t\t\t\t\t\t\t\t\t\t\t\t\t\t\t\t\t\t\t\t\t\t                <\/div>\n\t\t\t        <\/div>\n\n\t\t            <div class=\"item-content entry-content\">\n\t\t\t\t<p>SOVIZZO | Italia &#8211; Marzo 2026 &#8211; B-FLEX Italia, una referencia global en materiales para la personalizaci\u00f3n textil desde hace m\u00e1s de 20 a\u00f1os, y Mimaki, uno de los principales &#8230;<\/p>\n            <\/div>\n\t\t\n\t\t\n\t\t    <\/article>\n<\/li>\n<li class=\"grid-style\">\n    <article id=\"post-264016\" class=\"item hentry\">\n\t\t            <div class=\"thumbnail\">\n\t\t\t\t\t\t\t\t                    <a class=\"penci-image-holder penci-lazy\" data-bgset=\"https:\/\/worldimagingnewslatino.com\/wp-content\/uploads\/2026\/02\/Untitled-400x300-7-B-FLEX.png\" href=\"https:\/\/worldimagingnewslatino.com\/es\/los-materiales-dtf-de-b-flex-italia-obtienen-la-aprobacion-total-de-los-tecnicos-de-epson\/\" title=\"Los Materiales DTF de B-FLEX Italia Obtienen la Aprobaci\u00f3n Total de los T\u00e9cnicos de Epson.\">\n                    <\/a>\n\t\t\t\t\n\t\t\t\t\t\t\t\t\t\t\t\t\t\t\t\t\t\t\t\t\t\t\t\t\t\t\t\t\t\t\t\t\t            <\/div>\n\t\t\n        <div class=\"grid-header-box\">\n\t\t\t                <span class=\"cat\"><a style=\"\" class=\"penci-cat-name penci-cat-88\" href=\"https:\/\/worldimagingnewslatino.com\/es\/category\/applications\/dtf-transfers\/\" rel=\"category tag\"><span style=\"\">DTF Transfers<\/span><\/a><a style=\"\" class=\"penci-cat-name penci-cat-86\" href=\"https:\/\/worldimagingnewslatino.com\/es\/category\/consumables\/powder\/\" rel=\"category tag\"><span style=\"\">Powder<\/span><\/a><a style=\"\" class=\"penci-cat-name penci-cat-31\" href=\"https:\/\/worldimagingnewslatino.com\/es\/category\/consumables\/vinyl\/\" rel=\"category tag\"><span style=\"\">Vinyl<\/span><\/a><\/span>\n\t\t\t\n            <h2 class=\"penci-entry-title entry-title grid-title penci_grid_title_df\"><a href=\"https:\/\/worldimagingnewslatino.com\/es\/los-materiales-dtf-de-b-flex-italia-obtienen-la-aprobacion-total-de-los-tecnicos-de-epson\/\">Los Materiales DTF de B-FLEX Italia Obtienen la Aprobaci\u00f3n Total de los T\u00e9cnicos de Epson.<\/a>\n            <\/h2>\n\t\t\t\t\t\t\t\t<div class=\"penci-hide-tagupdated\">\n\t\t\t<span class=\"author-italic author vcard\">by \t\t\t\t\t\t\t\t\t\t<a class=\"author-url url fn n\" href=\"https:\/\/worldimagingnewslatino.com\/es\/author\/mj\/\">Staff 1<\/a>\t\t\t\t\t\t\t\t\t<\/span>\n\t\t\t<time class=\"entry-date published\" datetime=\"2026-02-27T12:08:38-08:00\">02\/27\/2026<\/time>\t\t<\/div>\n\t\t\t\t\t\t                <div class=\"grid-post-box-meta\">\n\t\t\t\t\t\t\t\t\t\t\t\t\t\t\t                        <span class=\"otherl-date\"><time class=\"entry-date published\" datetime=\"2026-02-27T12:08:38-08:00\">02\/27\/2026<\/time><\/span>\n\t\t\t\t\t\t\t\t\t\t\t\t\t\t\t\t\t\t\t\t\t\t\t\t\t\t\t\t\t\t                <\/div>\n\t\t\t        <\/div>\n\n\t\t            <div class=\"item-content entry-content\">\n\t\t\t\t<p>Los materiales DTF de B-FLEX Italia obtienen aprobaci\u00f3n total tras meses de pruebas con t\u00e9cnicos de Epson SOVIZZO | Italia \u2013 Febrero de 2026 \u2013 Tras meses de pruebas conjuntas &#8230;<\/p>\n            <\/div>\n\t\t\n\t\t\n\t\t    <\/article>\n<\/li>\n<li class=\"grid-style\">\n    <article id=\"post-262080\" class=\"item hentry\">\n\t\t            <div class=\"thumbnail\">\n\t\t\t\t\t\t\t\t                    <a class=\"penci-image-holder penci-lazy\" data-bgset=\"https:\/\/worldimagingnewslatino.com\/wp-content\/uploads\/2024\/11\/Add-a-heading-540-x-360-px19.png\" href=\"https:\/\/worldimagingnewslatino.com\/es\/el-polvo-dtf-de-lawson-screen-digital-obtiene-la-certificacion-cpsc\/\" title=\"El Polvo DTF de Lawson Screen &#038; Digital Obtiene la Certificaci\u00f3n CPSC\">\n                    <\/a>\n\t\t\t\t\n\t\t\t\t\t\t\t\t\t\t\t\t\t\t\t\t\t\t\t\t\t\t\t\t\t\t\t\t\t\t\t\t\t            <\/div>\n\t\t\n        <div class=\"grid-header-box\">\n\t\t\t                <span class=\"cat\"><a style=\"\" class=\"penci-cat-name penci-cat-86\" href=\"https:\/\/worldimagingnewslatino.com\/es\/category\/consumables\/powder\/\" rel=\"category tag\"><span style=\"\">Powder<\/span><\/a><\/span>\n\t\t\t\n            <h2 class=\"penci-entry-title entry-title grid-title penci_grid_title_df\"><a href=\"https:\/\/worldimagingnewslatino.com\/es\/el-polvo-dtf-de-lawson-screen-digital-obtiene-la-certificacion-cpsc\/\">El Polvo DTF de Lawson Screen &#038; Digital Obtiene la Certificaci\u00f3n CPSC<\/a>\n            <\/h2>\n\t\t\t\t\t\t\t\t<div class=\"penci-hide-tagupdated\">\n\t\t\t<span class=\"author-italic author vcard\">by \t\t\t\t\t\t\t\t\t\t<a class=\"author-url url fn n\" href=\"https:\/\/worldimagingnewslatino.com\/es\/author\/dan\/\">Staff<\/a>\t\t\t\t\t\t\t\t\t<\/span>\n\t\t\t<time class=\"entry-date published\" datetime=\"2024-11-08T07:58:13-08:00\">11\/08\/2024<\/time>\t\t<\/div>\n\t\t\t\t\t\t                <div class=\"grid-post-box-meta\">\n\t\t\t\t\t\t\t\t\t\t\t\t\t\t\t                        <span class=\"otherl-date\"><time class=\"entry-date published\" datetime=\"2024-11-08T07:58:13-08:00\">11\/08\/2024<\/time><\/span>\n\t\t\t\t\t\t\t\t\t\t\t\t\t\t\t\t\t\t\t\t\t\t\t\t\t\t\t\t\t\t                <\/div>\n\t\t\t        <\/div>\n\n\t\t            <div class=\"item-content entry-content\">\n\t\t\t\t<p>ST. LOUIS | Missouri &#8211; Noviembre 2024 &#8211; Lawson Screen &amp; Digital Products, l\u00edder en la industria de la serigraf\u00eda y las tecnolog\u00edas de transferencia digital, anuncia con orgullo que &#8230;<\/p>\n            <\/div>\n\t\t\n\t\t\n\t\t    <\/article>\n<\/li>\n<li class=\"grid-style\">\n    <article id=\"post-258203\" class=\"item hentry\">\n\t\t            <div class=\"thumbnail\">\n\t\t\t\t\t\t\t\t                    <a class=\"penci-image-holder penci-lazy\" data-bgset=\"https:\/\/worldimagingnewslatino.com\/wp-content\/uploads\/2024\/06\/achitex_minerva-ezgif.com-jpg-to-webp-converter.webp\" href=\"https:\/\/worldimagingnewslatino.com\/es\/achitex-minerva-introduces-thermoadhesive-dtf-glues\/\" title=\"Achitex Minerva Introduces Thermo Adhesive DTF Glues\">\n                    <\/a>\n\t\t\t\t\n\t\t\t\t\t\t\t\t\t\t\t\t\t\t\t\t\t\t\t\t\t\t\t\t\t\t\t\t\t\t\t\t\t            <\/div>\n\t\t\n        <div class=\"grid-header-box\">\n\t\t\t                <span class=\"cat\"><a style=\"\" class=\"penci-cat-name penci-cat-3\" href=\"https:\/\/worldimagingnewslatino.com\/es\/category\/consumables\/\" rel=\"category tag\"><span style=\"\">Consumables<\/span><\/a><a style=\"\" class=\"penci-cat-name penci-cat-86\" href=\"https:\/\/worldimagingnewslatino.com\/es\/category\/consumables\/powder\/\" rel=\"category tag\"><span style=\"\">Powder<\/span><\/a><\/span>\n\t\t\t\n            <h2 class=\"penci-entry-title entry-title grid-title penci_grid_title_df\"><a href=\"https:\/\/worldimagingnewslatino.com\/es\/achitex-minerva-introduces-thermoadhesive-dtf-glues\/\">Achitex Minerva Introduces Thermo Adhesive DTF Glues<\/a>\n            <\/h2>\n\t\t\t\t\t\t\t\t<div class=\"penci-hide-tagupdated\">\n\t\t\t<span class=\"author-italic author vcard\">by \t\t\t\t\t\t\t\t\t\t<a class=\"author-url url fn n\" href=\"https:\/\/worldimagingnewslatino.com\/es\/author\/dan\/\">Staff<\/a>\t\t\t\t\t\t\t\t\t<\/span>\n\t\t\t<time class=\"entry-date published\" datetime=\"2024-06-10T07:17:19-07:00\">06\/10\/2024<\/time>\t\t<\/div>\n\t\t\t\t\t\t                <div class=\"grid-post-box-meta\">\n\t\t\t\t\t\t\t\t\t\t\t\t\t\t\t                        <span class=\"otherl-date\"><time class=\"entry-date published\" datetime=\"2024-06-10T07:17:19-07:00\">06\/10\/2024<\/time><\/span>\n\t\t\t\t\t\t\t\t\t\t\t\t\t\t\t\t\t\t\t\t\t\t\t\t\t\t\t\t\t\t                <\/div>\n\t\t\t        <\/div>\n\n\t\t            <div class=\"item-content entry-content\">\n\t\t\t\t<p>VAIANO CREMASCO | Italy Achitex &#8211; June 2024 &#8211; Minerva, a leading innovator in textile solutions, proudly unveils its latest breakthrough in digital textile printing technology: the MINERBOND GLUES range. &#8230;<\/p>\n            <\/div>\n\t\t\n\t\t\n\t\t    <\/article>\n<\/li>\n\n\t\t\t\t\t\t\t\t\t\t\t\t\t\t\t\t\t\t\t\t\t\t\t\t\t\t\t\t<\/ul>\n\t\t\t\t\t\t\t\t\t\t\t\t\t\t\t\t\t\t\t\t\t                        <\/div>\n\n\t\t\t\t\t\t                    <\/div>\n                <\/div>\n\t\t\t            <style>\n                                                                                                                                                                            <\/style>\n\t\t\t\t\t\t\t<\/div>\n\t\t\t\t<\/div>\n\t\t\t\t\t<\/div>\n\t\t\t\t<\/div>\n\t\t\t\t<\/div>\n\t\t","protected":false},"excerpt":{"rendered":"<p>powder ConsumablesPowder Achitex Minerva Introduces Thermo Adhesive DTF Glues by Staff 06\/10\/2024 06\/10\/2024 VAIANO CREMASCO | Italy Achitex &#8211; June 2024 &#8211; Minerva, a leading innovator in textile solutions, proudly&hellip;<\/p>\n","protected":false},"author":3,"featured_media":0,"parent":0,"menu_order":0,"comment_status":"closed","ping_status":"closed","template":"","meta":{"_lmt_disableupdate":"no","_lmt_disable":"","cybocfi_hide_featured_image":"","footnotes":""},"class_list":["post-19281","page","type-page","status-publish","hentry"],"_links":{"self":[{"href":"https:\/\/worldimagingnewslatino.com\/es\/wp-json\/wp\/v2\/pages\/19281"}],"collection":[{"href":"https:\/\/worldimagingnewslatino.com\/es\/wp-json\/wp\/v2\/pages"}],"about":[{"href":"https:\/\/worldimagingnewslatino.com\/es\/wp-json\/wp\/v2\/types\/page"}],"author":[{"embeddable":true,"href":"https:\/\/worldimagingnewslatino.com\/es\/wp-json\/wp\/v2\/users\/3"}],"replies":[{"embeddable":true,"href":"https:\/\/worldimagingnewslatino.com\/es\/wp-json\/wp\/v2\/comments?post=19281"}],"version-history":[{"count":6,"href":"https:\/\/worldimagingnewslatino.com\/es\/wp-json\/wp\/v2\/pages\/19281\/revisions"}],"predecessor-version":[{"id":260306,"href":"https:\/\/worldimagingnewslatino.com\/es\/wp-json\/wp\/v2\/pages\/19281\/revisions\/260306"}],"wp:attachment":[{"href":"https:\/\/worldimagingnewslatino.com\/es\/wp-json\/wp\/v2\/media?parent=19281"}],"curies":[{"name":"wp","href":"https:\/\/api.w.org\/{rel}","templated":true}]}}