{"id":19260,"date":"2024-02-07T13:38:34","date_gmt":"2024-02-07T21:38:34","guid":{"rendered":"https:\/\/worldimagingnewslatino.com\/?page_id=19260"},"modified":"2024-08-13T15:06:27","modified_gmt":"2024-08-13T22:06:27","slug":"film","status":"publish","type":"page","link":"https:\/\/worldimagingnewslatino.com\/es\/film\/","title":{"rendered":"Film"},"content":{"rendered":"\t\t<div data-elementor-type=\"wp-page\" data-elementor-id=\"19260\" class=\"elementor elementor-19260\" data-elementor-post-type=\"page\">\n\t\t\t\t<div class=\"elementor-element elementor-element-5c79314 e-flex e-con-boxed e-con e-parent\" data-id=\"5c79314\" data-element_type=\"container\" data-e-type=\"container\">\n\t\t\t\t\t<div class=\"e-con-inner\">\n\t\t\t\t<div class=\"elementor-element elementor-element-69a1051 elementor-widget elementor-widget-penci-latest-posts\" data-id=\"69a1051\" data-element_type=\"widget\" data-e-type=\"widget\" data-widget_type=\"penci-latest-posts.default\">\n\t\t\t\t<div class=\"elementor-widget-container\">\n\t\t\t\t\t                <div id=\"pencilatest_posts_6361\" class=\"penci-latest-posts-sc penci-latest-posts-grid penci-latest-posts-el penci-el-mixed-s1 penci-std-continue-center penci-std-excerpt-center penci-grid-excerpt-left\">\n\t\t\t\t\t\t\t\t\t\t\t                        <div class=\"penci-border-arrow penci-homepage-title penci-home-latest-posts style-7 pcalign-left pciconp-right pcicon-right\">\n                            <h3 class=\"inner-arrow\">\n                                <span>\n\t\t\t\t\t\t\t\t<span>film<\/span>                                <\/span>\n                            <\/h3>\n\t\t\t\t\t\t\t                        <\/div>\n\t\t\t\t\t                    <div class=\"penci-wrapper-posts-ajax\">\n\n                        <div class=\"penci-wrapper-posts-content pwid-default\">\n\n\t\t\t\t\t\t\t\t\t\t\t\t\t\t\t                                <ul data-cols=\"3\" data-tcols=\"3\" data-mcols=\"2\" data-layout=\"grid\"\n                                    class=\"has-d-cols has-t-cols has-m-cols penci-wrapper-data penci-grid penci-shortcode-render\">\t\t\t\t\t\t\t\t\t\t\t\t\t\t\t\t\t\t\t\t\t\t\t\t\t\t\t\t\t<li class=\"grid-style\">\n    <article id=\"post-263277\" class=\"item hentry\">\n\t\t            <div class=\"thumbnail\">\n\t\t\t\t\t\t\t\t                    <a class=\"penci-image-holder penci-lazy\" data-bgset=\"https:\/\/worldimagingnewslatino.com\/wp-content\/uploads\/2025\/08\/admin-ajax-38-585x337.png\" href=\"https:\/\/worldimagingnewslatino.com\/es\/general-formulations-lanza-nuevas-soluciones-economicas-de-pelicula-y-laminado\/\" title=\"General Formulations lanza nuevas soluciones econ\u00f3micas de pel\u00edcula y laminado.\">\n                    <\/a>\n\t\t\t\t\n\t\t\t\t\t\t\t\t\t\t\t\t\t\t\t\t\t\t\t\t\t\t\t\t\t\t\t\t\t\t\t\t\t            <\/div>\n\t\t\n        <div class=\"grid-header-box\">\n\t\t\t                <span class=\"cat\"><a style=\"\" class=\"penci-cat-name penci-cat-389\" href=\"https:\/\/worldimagingnewslatino.com\/es\/category\/consumables\/film\/\" rel=\"category tag\"><span style=\"\">Film<\/span><\/a><a style=\"\" class=\"penci-cat-name penci-cat-28\" href=\"https:\/\/worldimagingnewslatino.com\/es\/category\/consumables\/laminates\/\" rel=\"category tag\"><span style=\"\">Laminates<\/span><\/a><\/span>\n\t\t\t\n            <h2 class=\"penci-entry-title entry-title grid-title penci_grid_title_df\"><a href=\"https:\/\/worldimagingnewslatino.com\/es\/general-formulations-lanza-nuevas-soluciones-economicas-de-pelicula-y-laminado\/\">General Formulations lanza nuevas soluciones econ\u00f3micas de pel\u00edcula y laminado.<\/a>\n            <\/h2>\n\t\t\t\t\t\t\t\t<div class=\"penci-hide-tagupdated\">\n\t\t\t<span class=\"author-italic author vcard\">by \t\t\t\t\t\t\t\t\t\t<a class=\"author-url url fn n\" href=\"https:\/\/worldimagingnewslatino.com\/es\/author\/mj\/\">Staff 1<\/a>\t\t\t\t\t\t\t\t\t<\/span>\n\t\t\t<time class=\"entry-date published\" datetime=\"2025-08-20T22:57:38-07:00\">08\/20\/2025<\/time>\t\t<\/div>\n\t\t\t\t\t\t                <div class=\"grid-post-box-meta\">\n\t\t\t\t\t\t\t\t\t\t\t\t\t\t\t                        <span class=\"otherl-date\"><time class=\"entry-date published\" datetime=\"2025-08-20T22:57:38-07:00\">08\/20\/2025<\/time><\/span>\n\t\t\t\t\t\t\t\t\t\t\t\t\t\t\t\t\t\t\t\t\t\t\t\t\t\t\t\t\t\t                <\/div>\n\t\t\t        <\/div>\n\n\t\t            <div class=\"item-content entry-content\">\n\t\t\t\t<p>SPARTA | Michigan &#8211; Abril 2025 &#8211; General Formulations\u00ae (GF), fabricante global l\u00edder de pel\u00edculas, laminados y materiales autoadhesivos de presi\u00f3n, presenta al mercado gr\u00e1fico la nueva l\u00ednea GF Economy &#8230;<\/p>\n            <\/div>\n\t\t\n\t\t\n\t\t    <\/article>\n<\/li>\n<li class=\"grid-style\">\n    <article id=\"post-257616\" class=\"item hentry\">\n\t\t            <div class=\"thumbnail\">\n\t\t\t\t\t\t\t\t                    <a class=\"penci-image-holder penci-lazy\" data-bgset=\"https:\/\/worldimagingnewslatino.com\/wp-content\/uploads\/2024\/05\/image-ezgif.com-png-to-webp-converter-42.webp\" href=\"https:\/\/worldimagingnewslatino.com\/es\/arcus-printers-launches-uv-dtf-transfer-sheets-for-uv-flatbed\/\" title=\"Arcus Printers Launches UV DTF Transfer Sheets for UV Flatbed\">\n                    <\/a>\n\t\t\t\t\n\t\t\t\t\t\t\t\t\t\t\t\t\t\t\t\t\t\t\t\t\t\t\t\t\t\t\t\t\t\t\t\t\t            <\/div>\n\t\t\n        <div class=\"grid-header-box\">\n\t\t\t                <span class=\"cat\"><a style=\"\" class=\"penci-cat-name penci-cat-3\" href=\"https:\/\/worldimagingnewslatino.com\/es\/category\/consumables\/\" rel=\"category tag\"><span style=\"\">Consumables<\/span><\/a><a style=\"\" class=\"penci-cat-name penci-cat-389\" href=\"https:\/\/worldimagingnewslatino.com\/es\/category\/consumables\/film\/\" rel=\"category tag\"><span style=\"\">Film<\/span><\/a><\/span>\n\t\t\t\n            <h2 class=\"penci-entry-title entry-title grid-title penci_grid_title_df\"><a href=\"https:\/\/worldimagingnewslatino.com\/es\/arcus-printers-launches-uv-dtf-transfer-sheets-for-uv-flatbed\/\">Arcus Printers Launches UV DTF Transfer Sheets for UV Flatbed<\/a>\n            <\/h2>\n\t\t\t\t\t\t\t\t<div class=\"penci-hide-tagupdated\">\n\t\t\t<span class=\"author-italic author vcard\">by \t\t\t\t\t\t\t\t\t\t<a class=\"author-url url fn n\" href=\"https:\/\/worldimagingnewslatino.com\/es\/author\/dan\/\">Staff<\/a>\t\t\t\t\t\t\t\t\t<\/span>\n\t\t\t<time class=\"entry-date published\" datetime=\"2024-05-31T07:01:51-07:00\">05\/31\/2024<\/time>\t\t<\/div>\n\t\t\t\t\t\t                <div class=\"grid-post-box-meta\">\n\t\t\t\t\t\t\t\t\t\t\t\t\t\t\t                        <span class=\"otherl-date\"><time class=\"entry-date published\" datetime=\"2024-05-31T07:01:51-07:00\">05\/31\/2024<\/time><\/span>\n\t\t\t\t\t\t\t\t\t\t\t\t\t\t\t\t\t\t\t\t\t\t\t\t\t\t\t\t\t\t                <\/div>\n\t\t\t        <\/div>\n\n\t\t            <div class=\"item-content entry-content\">\n\t\t\t\t<p>New UV DTF transfer sheets allow printers to use existing equipment to create versatile UV DTF transfers for promotional products and awards.\u200b \u200b HIGH POINT | North Carolina &#8211; May &#8230;<\/p>\n            <\/div>\n\t\t\n\t\t\n\t\t    <\/article>\n<\/li>\n<li class=\"grid-style\">\n    <article id=\"post-255518\" class=\"item hentry\">\n\t\t            <div class=\"thumbnail\">\n\t\t\t\t\t\t\t\t                    <a class=\"penci-image-holder penci-lazy\" data-bgset=\"https:\/\/worldimagingnewslatino.com\/wp-content\/uploads\/2024\/03\/innoprinter-mk-3-ezgif.com-optiwebp.webp\" href=\"https:\/\/worldimagingnewslatino.com\/es\/forever-dtf-and-innoprinter-unmatched-speed-quality-for-dtf-mass-production\/\" title=\"FOREVER DTF and InnoPrinter: Unmatched Speed and Quality for DTF Mass Production\">\n                    <\/a>\n\t\t\t\t\n\t\t\t\t\t\t\t\t\t\t\t\t\t\t\t\t\t\t\t\t\t\t\t\t\t\t\t\t\t\t\t\t\t            <\/div>\n\t\t\n        <div class=\"grid-header-box\">\n\t\t\t                <span class=\"cat\"><a style=\"\" class=\"penci-cat-name penci-cat-3\" href=\"https:\/\/worldimagingnewslatino.com\/es\/category\/consumables\/\" rel=\"category tag\"><span style=\"\">Consumables<\/span><\/a><a style=\"\" class=\"penci-cat-name penci-cat-389\" href=\"https:\/\/worldimagingnewslatino.com\/es\/category\/consumables\/film\/\" rel=\"category tag\"><span style=\"\">Film<\/span><\/a><\/span>\n\t\t\t\n            <h2 class=\"penci-entry-title entry-title grid-title penci_grid_title_df\"><a href=\"https:\/\/worldimagingnewslatino.com\/es\/forever-dtf-and-innoprinter-unmatched-speed-quality-for-dtf-mass-production\/\">FOREVER DTF and InnoPrinter: Unmatched Speed and Quality for DTF Mass Production<\/a>\n            <\/h2>\n\t\t\t\t\t\t\t\t<div class=\"penci-hide-tagupdated\">\n\t\t\t<span class=\"author-italic author vcard\">by \t\t\t\t\t\t\t\t\t\t<a class=\"author-url url fn n\" href=\"https:\/\/worldimagingnewslatino.com\/es\/author\/dan\/\">Staff<\/a>\t\t\t\t\t\t\t\t\t<\/span>\n\t\t\t<time class=\"entry-date published\" datetime=\"2024-03-10T07:53:45-07:00\">03\/10\/2024<\/time>\t\t<\/div>\n\t\t\t\t\t\t                <div class=\"grid-post-box-meta\">\n\t\t\t\t\t\t\t\t\t\t\t\t\t\t\t                        <span class=\"otherl-date\"><time class=\"entry-date published\" datetime=\"2024-03-10T07:53:45-07:00\">03\/10\/2024<\/time><\/span>\n\t\t\t\t\t\t\t\t\t\t\t\t\t\t\t\t\t\t\t\t\t\t\t\t\t\t\t\t\t\t                <\/div>\n\t\t\t        <\/div>\n\n\t\t            <div class=\"item-content entry-content\">\n\t\t\t\t<p>New FOREVER DTF Premium Matt Film to be exhibited with the InnoPrinter Roll-to-Roll Heat Press during FESPA 2024.\u00a0 HEDDESHEIM | Germany &#8211; March 2024 &#8211; Businesses can now achieve significantly &#8230;<\/p>\n            <\/div>\n\t\t\n\t\t\n\t\t    <\/article>\n<\/li>\n\n\t\t\t\t\t\t\t\t\t\t\t\t\t\t\t\t\t\t\t\t\t\t\t\t\t\t\t\t<\/ul>\n\t\t\t\t\t\t\t\t\t\t\t\t\t\t\t\t\t\t\t\t\t                        <\/div>\n\n\t\t\t\t\t\t                    <\/div>\n                <\/div>\n\t\t\t            <style>\n                                                                                                                                                                            <\/style>\n\t\t\t\t\t\t\t<\/div>\n\t\t\t\t<\/div>\n\t\t\t\t\t<\/div>\n\t\t\t\t<\/div>\n\t\t\t\t<\/div>\n\t\t","protected":false},"excerpt":{"rendered":"<p>film ConsumablesFilm Arcus Printers Launches UV DTF Transfer Sheets for UV Flatbed by Staff 05\/31\/2024 05\/31\/2024 New UV DTF transfer sheets allow printers to use existing equipment to create versatile&hellip;<\/p>\n","protected":false},"author":3,"featured_media":0,"parent":0,"menu_order":0,"comment_status":"closed","ping_status":"closed","template":"","meta":{"_lmt_disableupdate":"no","_lmt_disable":"","cybocfi_hide_featured_image":"","footnotes":""},"class_list":["post-19260","page","type-page","status-publish","hentry"],"_links":{"self":[{"href":"https:\/\/worldimagingnewslatino.com\/es\/wp-json\/wp\/v2\/pages\/19260"}],"collection":[{"href":"https:\/\/worldimagingnewslatino.com\/es\/wp-json\/wp\/v2\/pages"}],"about":[{"href":"https:\/\/worldimagingnewslatino.com\/es\/wp-json\/wp\/v2\/types\/page"}],"author":[{"embeddable":true,"href":"https:\/\/worldimagingnewslatino.com\/es\/wp-json\/wp\/v2\/users\/3"}],"replies":[{"embeddable":true,"href":"https:\/\/worldimagingnewslatino.com\/es\/wp-json\/wp\/v2\/comments?post=19260"}],"version-history":[{"count":6,"href":"https:\/\/worldimagingnewslatino.com\/es\/wp-json\/wp\/v2\/pages\/19260\/revisions"}],"predecessor-version":[{"id":260289,"href":"https:\/\/worldimagingnewslatino.com\/es\/wp-json\/wp\/v2\/pages\/19260\/revisions\/260289"}],"wp:attachment":[{"href":"https:\/\/worldimagingnewslatino.com\/es\/wp-json\/wp\/v2\/media?parent=19260"}],"curies":[{"name":"wp","href":"https:\/\/api.w.org\/{rel}","templated":true}]}}