{"id":19254,"date":"2024-02-07T13:37:37","date_gmt":"2024-02-07T21:37:37","guid":{"rendered":"https:\/\/worldimagingnewslatino.com\/?page_id=19254"},"modified":"2024-08-13T15:04:20","modified_gmt":"2024-08-13T22:04:20","slug":"fabrics","status":"publish","type":"page","link":"https:\/\/worldimagingnewslatino.com\/es\/fabrics\/","title":{"rendered":"Fabrics"},"content":{"rendered":"\t\t<div data-elementor-type=\"wp-page\" data-elementor-id=\"19254\" class=\"elementor elementor-19254\" data-elementor-post-type=\"page\">\n\t\t\t\t<div class=\"elementor-element elementor-element-ba666a5 e-flex e-con-boxed e-con e-parent\" data-id=\"ba666a5\" data-element_type=\"container\" data-e-type=\"container\">\n\t\t\t\t\t<div class=\"e-con-inner\">\n\t\t\t\t<div class=\"elementor-element elementor-element-6f4f5b0 elementor-widget elementor-widget-penci-latest-posts\" data-id=\"6f4f5b0\" data-element_type=\"widget\" data-e-type=\"widget\" data-widget_type=\"penci-latest-posts.default\">\n\t\t\t\t<div class=\"elementor-widget-container\">\n\t\t\t\t\t                <div id=\"pencilatest_posts_71930\" class=\"penci-latest-posts-sc penci-latest-posts-grid penci-latest-posts-el penci-el-mixed-s1 penci-std-continue-center penci-std-excerpt-center penci-grid-excerpt-left\">\n\t\t\t\t\t\t\t\t\t\t\t                        <div class=\"penci-border-arrow penci-homepage-title penci-home-latest-posts style-7 pcalign-left pciconp-right pcicon-right\">\n                            <h3 class=\"inner-arrow\">\n                                <span>\n\t\t\t\t\t\t\t\t<span>fabrics<\/span>                                <\/span>\n                            <\/h3>\n\t\t\t\t\t\t\t                        <\/div>\n\t\t\t\t\t                    <div class=\"penci-wrapper-posts-ajax\">\n\n                        <div class=\"penci-wrapper-posts-content pwid-default\">\n\n\t\t\t\t\t\t\t\t\t\t\t\t\t\t\t                                <ul data-cols=\"3\" data-tcols=\"3\" data-mcols=\"2\" data-layout=\"grid\"\n                                    class=\"has-d-cols has-t-cols has-m-cols penci-wrapper-data penci-grid penci-shortcode-render\">\t\t\t\t\t\t\t\t\t\t\t\t\t\t\t\t\t\t\t\t\t\t\t\t\t\t\t\t\t<li class=\"grid-style\">\n    <article id=\"post-263226\" class=\"item hentry\">\n\t\t            <div class=\"thumbnail\">\n\t\t\t\t\t\t\t\t                    <a class=\"penci-image-holder penci-lazy\" data-bgset=\"https:\/\/worldimagingnewslatino.com\/wp-content\/uploads\/2025\/08\/admin-ajax-30-585x337.png\" href=\"https:\/\/worldimagingnewslatino.com\/es\/fisher-textiles-nuevas-soluciones-textiles-demostraciones-en-vivo-isa-2025\/\" title=\"Fisher Textiles presentar\u00e1 innovadoras telas nuevas en la ISA International Sign Expo\">\n                    <\/a>\n\t\t\t\t\n\t\t\t\t\t\t\t\t\t\t\t\t\t\t\t\t\t\t\t\t\t\t\t\t\t\t\t\t\t\t\t\t\t            <\/div>\n\t\t\n        <div class=\"grid-header-box\">\n\t\t\t                <span class=\"cat\"><a style=\"\" class=\"penci-cat-name penci-cat-26\" href=\"https:\/\/worldimagingnewslatino.com\/es\/category\/consumables\/fabrics\/\" rel=\"category tag\"><span style=\"\">Fabrics<\/span><\/a><\/span>\n\t\t\t\n            <h2 class=\"penci-entry-title entry-title grid-title penci_grid_title_df\"><a href=\"https:\/\/worldimagingnewslatino.com\/es\/fisher-textiles-nuevas-soluciones-textiles-demostraciones-en-vivo-isa-2025\/\">Fisher Textiles presentar\u00e1 innovadoras telas nuevas en la ISA International Sign Expo<\/a>\n            <\/h2>\n\t\t\t\t\t\t\t\t<div class=\"penci-hide-tagupdated\">\n\t\t\t<span class=\"author-italic author vcard\">by \t\t\t\t\t\t\t\t\t\t<a class=\"author-url url fn n\" href=\"https:\/\/worldimagingnewslatino.com\/es\/author\/mj\/\">Staff 1<\/a>\t\t\t\t\t\t\t\t\t<\/span>\n\t\t\t<time class=\"entry-date published\" datetime=\"2025-08-17T10:42:12-07:00\">08\/17\/2025<\/time>\t\t<\/div>\n\t\t\t\t\t\t                <div class=\"grid-post-box-meta\">\n\t\t\t\t\t\t\t\t\t\t\t\t\t\t\t                        <span class=\"otherl-date\"><time class=\"entry-date published\" datetime=\"2025-08-17T10:42:12-07:00\">08\/17\/2025<\/time><\/span>\n\t\t\t\t\t\t\t\t\t\t\t\t\t\t\t\t\t\t\t\t\t\t\t\t\t\t\t\t\t\t                <\/div>\n\t\t\t        <\/div>\n\n\t\t            <div class=\"item-content entry-content\">\n\t\t\t\t<p>Matthews | Carolina del Norte &#8211; Abril 2025 &#8211; Fisher Textiles, proveedor l\u00edder de telas para impresi\u00f3n digital, presentar\u00e1 varias soluciones textiles innovadoras y realizar\u00e1 demostraciones en vivo de costura &#8230;<\/p>\n            <\/div>\n\t\t\n\t\t\n\t\t    <\/article>\n<\/li>\n<li class=\"grid-style\">\n    <article id=\"post-263163\" class=\"item hentry\">\n\t\t            <div class=\"thumbnail\">\n\t\t\t\t\t\t\t\t                    <a class=\"penci-image-holder penci-lazy\" data-bgset=\"https:\/\/worldimagingnewslatino.com\/wp-content\/uploads\/2025\/08\/admin-ajax-17-585x337.png\" href=\"https:\/\/worldimagingnewslatino.com\/es\/ext-fabrics-presentara-innovadoras-soluciones-textiles-en-isa-sign-expo-2025\/\" title=\"EXT Fabrics presentar\u00e1 innovadoras soluciones textiles en ISA Sign Expo 2025\">\n                    <\/a>\n\t\t\t\t\n\t\t\t\t\t\t\t\t\t\t\t\t\t\t\t\t\t\t\t\t\t\t\t\t\t\t\t\t\t\t\t\t\t            <\/div>\n\t\t\n        <div class=\"grid-header-box\">\n\t\t\t                <span class=\"cat\"><a style=\"\" class=\"penci-cat-name penci-cat-37\" href=\"https:\/\/worldimagingnewslatino.com\/es\/category\/finishing\/calendars\/\" rel=\"category tag\"><span style=\"\">Calendars<\/span><\/a><a style=\"\" class=\"penci-cat-name penci-cat-91\" href=\"https:\/\/worldimagingnewslatino.com\/es\/category\/exhibitions-events\/domestic-international\/\" rel=\"category tag\"><span style=\"\">Domestic - International<\/span><\/a><a style=\"\" class=\"penci-cat-name penci-cat-26\" href=\"https:\/\/worldimagingnewslatino.com\/es\/category\/consumables\/fabrics\/\" rel=\"category tag\"><span style=\"\">Fabrics<\/span><\/a><\/span>\n\t\t\t\n            <h2 class=\"penci-entry-title entry-title grid-title penci_grid_title_df\"><a href=\"https:\/\/worldimagingnewslatino.com\/es\/ext-fabrics-presentara-innovadoras-soluciones-textiles-en-isa-sign-expo-2025\/\">EXT Fabrics presentar\u00e1 innovadoras soluciones textiles en ISA Sign Expo 2025<\/a>\n            <\/h2>\n\t\t\t\t\t\t\t\t<div class=\"penci-hide-tagupdated\">\n\t\t\t<span class=\"author-italic author vcard\">by \t\t\t\t\t\t\t\t\t\t<a class=\"author-url url fn n\" href=\"https:\/\/worldimagingnewslatino.com\/es\/author\/mj\/\">Staff 1<\/a>\t\t\t\t\t\t\t\t\t<\/span>\n\t\t\t<time class=\"entry-date published\" datetime=\"2025-08-06T15:36:12-07:00\">08\/06\/2025<\/time>\t\t<\/div>\n\t\t\t\t\t\t                <div class=\"grid-post-box-meta\">\n\t\t\t\t\t\t\t\t\t\t\t\t\t\t\t                        <span class=\"otherl-date\"><time class=\"entry-date published\" datetime=\"2025-08-06T15:36:12-07:00\">08\/06\/2025<\/time><\/span>\n\t\t\t\t\t\t\t\t\t\t\t\t\t\t\t\t\t\t\t\t\t\t\t\t\t\t\t\t\t\t                <\/div>\n\t\t\t        <\/div>\n\n\t\t            <div class=\"item-content entry-content\">\n\t\t\t\t<p>SANTA ANA \u2013 Abril de 2025 \u2013 EXT Fabrics, proveedor l\u00edder de soluciones de impresi\u00f3n digital de gran formato especializado en la industria de la sublimaci\u00f3n, anuncia con entusiasmo su &#8230;<\/p>\n            <\/div>\n\t\t\n\t\t\n\t\t    <\/article>\n<\/li>\n<li class=\"grid-style\">\n    <article id=\"post-262800\" class=\"item hentry\">\n\t\t            <div class=\"thumbnail\">\n\t\t\t\t\t\t\t\t                    <a class=\"penci-image-holder penci-lazy\" data-bgset=\"https:\/\/worldimagingnewslatino.com\/wp-content\/uploads\/2025\/02\/Matic-300x200-1.png\" href=\"https:\/\/worldimagingnewslatino.com\/es\/kavalan-y-matic-establecen-un-nuevo-estandar-de-sostenibilidad-en-el-acabado-textil\/\" title=\"Kavalan y Matic Establecen un Nuevo Est\u00e1ndar de Sostenibilidad en el Acabado Textil\">\n                    <\/a>\n\t\t\t\t\n\t\t\t\t\t\t\t\t\t\t\t\t\t\t\t\t\t\t\t\t\t\t\t\t\t\t\t\t\t\t\t\t\t            <\/div>\n\t\t\n        <div class=\"grid-header-box\">\n\t\t\t                <span class=\"cat\"><a style=\"\" class=\"penci-cat-name penci-cat-38\" href=\"https:\/\/worldimagingnewslatino.com\/es\/category\/finishing\/cutters\/\" rel=\"category tag\"><span style=\"\">Cutters<\/span><\/a><a style=\"\" class=\"penci-cat-name penci-cat-26\" href=\"https:\/\/worldimagingnewslatino.com\/es\/category\/consumables\/fabrics\/\" rel=\"category tag\"><span style=\"\">Fabrics<\/span><\/a><\/span>\n\t\t\t\n            <h2 class=\"penci-entry-title entry-title grid-title penci_grid_title_df\"><a href=\"https:\/\/worldimagingnewslatino.com\/es\/kavalan-y-matic-establecen-un-nuevo-estandar-de-sostenibilidad-en-el-acabado-textil\/\">Kavalan y Matic Establecen un Nuevo Est\u00e1ndar de Sostenibilidad en el Acabado Textil<\/a>\n            <\/h2>\n\t\t\t\t\t\t\t\t<div class=\"penci-hide-tagupdated\">\n\t\t\t<span class=\"author-italic author vcard\">by \t\t\t\t\t\t\t\t\t\t<a class=\"author-url url fn n\" href=\"https:\/\/worldimagingnewslatino.com\/es\/author\/mj\/\">Staff 1<\/a>\t\t\t\t\t\t\t\t\t<\/span>\n\t\t\t<time class=\"entry-date published\" datetime=\"2025-02-21T17:00:03-08:00\">02\/21\/2025<\/time>\t\t<\/div>\n\t\t\t\t\t\t                <div class=\"grid-post-box-meta\">\n\t\t\t\t\t\t\t\t\t\t\t\t\t\t\t                        <span class=\"otherl-date\"><time class=\"entry-date published\" datetime=\"2025-02-21T17:00:03-08:00\">02\/21\/2025<\/time><\/span>\n\t\t\t\t\t\t\t\t\t\t\t\t\t\t\t\t\t\t\t\t\t\t\t\t\t\t\t\t\t\t                <\/div>\n\t\t\t        <\/div>\n\n\t\t            <div class=\"item-content entry-content\">\n\t\t\t\t<p>Kavalan, fabricante de materiales de gran formato, ha anunciado su alianza estrat\u00e9gica con Matic, l\u00edder en soluciones de corte, soldadura y costura para la industria textil. Ambas empresas destacan la &#8230;<\/p>\n            <\/div>\n\t\t\n\t\t\n\t\t    <\/article>\n<\/li>\n<li class=\"grid-style\">\n    <article id=\"post-259482\" class=\"item hentry\">\n\t\t            <div class=\"thumbnail\">\n\t\t\t\t\t\t\t\t                    <a class=\"penci-image-holder penci-lazy\" data-bgset=\"https:\/\/worldimagingnewslatino.com\/wp-content\/uploads\/2024\/07\/image-ezgif.com-png-to-jpg-converter1-585x383.jpg\" href=\"https:\/\/worldimagingnewslatino.com\/es\/fisher-textiles-wins-four-printing-united-alliance-2024-pinnacle-product-awards\/\" title=\"Fisher Textiles Wins Four PRINTING United Alliance 2024 Pinnacle Product Awards\">\n                    <\/a>\n\t\t\t\t\n\t\t\t\t\t\t\t\t\t\t\t\t\t\t\t\t\t\t\t\t\t\t\t\t\t\t\t\t\t\t\t\t\t            <\/div>\n\t\t\n        <div class=\"grid-header-box\">\n\t\t\t                <span class=\"cat\"><a style=\"\" class=\"penci-cat-name penci-cat-3\" href=\"https:\/\/worldimagingnewslatino.com\/es\/category\/consumables\/\" rel=\"category tag\"><span style=\"\">Consumables<\/span><\/a><a style=\"\" class=\"penci-cat-name penci-cat-26\" href=\"https:\/\/worldimagingnewslatino.com\/es\/category\/consumables\/fabrics\/\" rel=\"category tag\"><span style=\"\">Fabrics<\/span><\/a><\/span>\n\t\t\t\n            <h2 class=\"penci-entry-title entry-title grid-title penci_grid_title_df\"><a href=\"https:\/\/worldimagingnewslatino.com\/es\/fisher-textiles-wins-four-printing-united-alliance-2024-pinnacle-product-awards\/\">Fisher Textiles Wins Four PRINTING United Alliance 2024 Pinnacle Product Awards<\/a>\n            <\/h2>\n\t\t\t\t\t\t\t\t<div class=\"penci-hide-tagupdated\">\n\t\t\t<span class=\"author-italic author vcard\">by \t\t\t\t\t\t\t\t\t\t<a class=\"author-url url fn n\" href=\"https:\/\/worldimagingnewslatino.com\/es\/author\/dan\/\">Staff<\/a>\t\t\t\t\t\t\t\t\t<\/span>\n\t\t\t<time class=\"entry-date published\" datetime=\"2024-07-25T08:17:51-07:00\">07\/25\/2024<\/time>\t\t<\/div>\n\t\t\t\t\t\t                <div class=\"grid-post-box-meta\">\n\t\t\t\t\t\t\t\t\t\t\t\t\t\t\t                        <span class=\"otherl-date\"><time class=\"entry-date published\" datetime=\"2024-07-25T08:17:51-07:00\">07\/25\/2024<\/time><\/span>\n\t\t\t\t\t\t\t\t\t\t\t\t\t\t\t\t\t\t\t\t\t\t\t\t\t\t\t\t\t\t                <\/div>\n\t\t\t        <\/div>\n\n\t\t            <div class=\"item-content entry-content\">\n\t\t\t\t<p>Four Fisher Textile fabrics receive Pinnacle Award<\/p>\n            <\/div>\n\t\t\n\t\t\n\t\t    <\/article>\n<\/li>\n<li class=\"grid-style\">\n    <article id=\"post-255574\" class=\"item hentry\">\n\t\t            <div class=\"thumbnail\">\n\t\t\t\t\t\t\t\t                    <a class=\"penci-image-holder penci-lazy\" data-bgset=\"https:\/\/worldimagingnewslatino.com\/wp-content\/uploads\/2024\/03\/image-ezgif.com-jpg-to-webp-converter.webp\" href=\"https:\/\/worldimagingnewslatino.com\/es\/cozmo-goes-home-sweet-home-with-kornit\/\" title=\"Cozmo goes Home Sweet Home with Kornit\">\n                    <\/a>\n\t\t\t\t\n\t\t\t\t\t\t\t\t\t\t\t\t\t\t\t\t\t\t\t\t\t\t\t\t\t\t\t\t\t\t\t\t\t            <\/div>\n\t\t\n        <div class=\"grid-header-box\">\n\t\t\t                <span class=\"cat\"><a style=\"\" class=\"penci-cat-name penci-cat-3\" href=\"https:\/\/worldimagingnewslatino.com\/es\/category\/consumables\/\" rel=\"category tag\"><span style=\"\">Consumables<\/span><\/a><a style=\"\" class=\"penci-cat-name penci-cat-26\" href=\"https:\/\/worldimagingnewslatino.com\/es\/category\/consumables\/fabrics\/\" rel=\"category tag\"><span style=\"\">Fabrics<\/span><\/a><\/span>\n\t\t\t\n            <h2 class=\"penci-entry-title entry-title grid-title penci_grid_title_df\"><a href=\"https:\/\/worldimagingnewslatino.com\/es\/cozmo-goes-home-sweet-home-with-kornit\/\">Cozmo goes Home Sweet Home with Kornit<\/a>\n            <\/h2>\n\t\t\t\t\t\t\t\t<div class=\"penci-hide-tagupdated\">\n\t\t\t<span class=\"author-italic author vcard\">by \t\t\t\t\t\t\t\t\t\t<a class=\"author-url url fn n\" href=\"https:\/\/worldimagingnewslatino.com\/es\/author\/dan\/\">Staff<\/a>\t\t\t\t\t\t\t\t\t<\/span>\n\t\t\t<time class=\"entry-date published\" datetime=\"2024-03-13T10:33:39-07:00\">03\/13\/2024<\/time>\t\t<\/div>\n\t\t\t\t\t\t                <div class=\"grid-post-box-meta\">\n\t\t\t\t\t\t\t\t\t\t\t\t\t\t\t                        <span class=\"otherl-date\"><time class=\"entry-date published\" datetime=\"2024-03-13T10:33:39-07:00\">03\/13\/2024<\/time><\/span>\n\t\t\t\t\t\t\t\t\t\t\t\t\t\t\t\t\t\t\t\t\t\t\t\t\t\t\t\t\t\t                <\/div>\n\t\t\t        <\/div>\n\n\t\t            <div class=\"item-content entry-content\">\n\t\t\t\t<p>Raw-Edges&#8217; whimsical designs for Cozmo were printed using Kornit Presto Max direct-to-fabric printers. LONDON | UK &#8211; March 2024 &#8211; Online furniture brand Cozmo has introduced a new print collection &#8230;<\/p>\n            <\/div>\n\t\t\n\t\t\n\t\t    <\/article>\n<\/li>\n\n\t\t\t\t\t\t\t\t\t\t\t\t\t\t\t\t\t\t\t\t\t\t\t\t\t\t\t\t<\/ul>\n\t\t\t\t\t\t\t\t\t\t\t\t\t\t\t\t\t\t\t\t\t                        <\/div>\n\n\t\t\t\t\t\t                    <\/div>\n                <\/div>\n\t\t\t            <style>\n                                                                                                                                                                            <\/style>\n\t\t\t\t\t\t\t<\/div>\n\t\t\t\t<\/div>\n\t\t\t\t\t<\/div>\n\t\t\t\t<\/div>\n\t\t\t\t<\/div>\n\t\t","protected":false},"excerpt":{"rendered":"<p>fabrics ConsumablesFabrics Fisher Textiles Wins Four PRINTING United Alliance 2024 Pinnacle Product Awards by Staff 07\/25\/2024 07\/25\/2024 Four Fisher Textile fabrics receive Pinnacle Award ConsumablesFabrics Cozmo goes Home Sweet Home&hellip;<\/p>\n","protected":false},"author":3,"featured_media":0,"parent":0,"menu_order":0,"comment_status":"closed","ping_status":"closed","template":"","meta":{"_lmt_disableupdate":"no","_lmt_disable":"","cybocfi_hide_featured_image":"","footnotes":""},"class_list":["post-19254","page","type-page","status-publish","hentry"],"_links":{"self":[{"href":"https:\/\/worldimagingnewslatino.com\/es\/wp-json\/wp\/v2\/pages\/19254"}],"collection":[{"href":"https:\/\/worldimagingnewslatino.com\/es\/wp-json\/wp\/v2\/pages"}],"about":[{"href":"https:\/\/worldimagingnewslatino.com\/es\/wp-json\/wp\/v2\/types\/page"}],"author":[{"embeddable":true,"href":"https:\/\/worldimagingnewslatino.com\/es\/wp-json\/wp\/v2\/users\/3"}],"replies":[{"embeddable":true,"href":"https:\/\/worldimagingnewslatino.com\/es\/wp-json\/wp\/v2\/comments?post=19254"}],"version-history":[{"count":6,"href":"https:\/\/worldimagingnewslatino.com\/es\/wp-json\/wp\/v2\/pages\/19254\/revisions"}],"predecessor-version":[{"id":260285,"href":"https:\/\/worldimagingnewslatino.com\/es\/wp-json\/wp\/v2\/pages\/19254\/revisions\/260285"}],"wp:attachment":[{"href":"https:\/\/worldimagingnewslatino.com\/es\/wp-json\/wp\/v2\/media?parent=19254"}],"curies":[{"name":"wp","href":"https:\/\/api.w.org\/{rel}","templated":true}]}}