{"id":19228,"date":"2024-02-07T13:26:51","date_gmt":"2024-02-07T21:26:51","guid":{"rendered":"https:\/\/worldimagingnewslatino.com\/?page_id=19228"},"modified":"2024-08-13T14:46:33","modified_gmt":"2024-08-13T21:46:33","slug":"laser","status":"publish","type":"page","link":"https:\/\/worldimagingnewslatino.com\/es\/laser\/","title":{"rendered":"Laser"},"content":{"rendered":"\t\t<div data-elementor-type=\"wp-page\" data-elementor-id=\"19228\" class=\"elementor elementor-19228\" data-elementor-post-type=\"page\">\n\t\t\t\t<div class=\"elementor-element elementor-element-7fe5e5b e-flex e-con-boxed e-con e-parent\" data-id=\"7fe5e5b\" data-element_type=\"container\" data-e-type=\"container\">\n\t\t\t\t\t<div class=\"e-con-inner\">\n\t\t\t\t<div class=\"elementor-element elementor-element-978ef7b elementor-widget elementor-widget-penci-latest-posts\" data-id=\"978ef7b\" data-element_type=\"widget\" data-e-type=\"widget\" data-widget_type=\"penci-latest-posts.default\">\n\t\t\t\t<div class=\"elementor-widget-container\">\n\t\t\t\t\t                <div id=\"pencilatest_posts_80747\" class=\"penci-latest-posts-sc penci-latest-posts-grid penci-latest-posts-el penci-el-mixed-s1 penci-std-continue-center penci-std-excerpt-center penci-grid-excerpt-left\">\n\t\t\t\t\t\t\t\t\t\t\t                        <div class=\"penci-border-arrow penci-homepage-title penci-home-latest-posts style-7 pcalign-left pciconp-right pcicon-right\">\n                            <h3 class=\"inner-arrow\">\n                                <span>\n\t\t\t\t\t\t\t\t<span>laser<\/span>                                <\/span>\n                            <\/h3>\n\t\t\t\t\t\t\t                        <\/div>\n\t\t\t\t\t                    <div class=\"penci-wrapper-posts-ajax\">\n\n                        <div class=\"penci-wrapper-posts-content pwid-default\">\n\n\t\t\t\t\t\t\t\t\t\t\t\t\t\t\t                                <ul data-cols=\"3\" data-tcols=\"3\" data-mcols=\"2\" data-layout=\"grid\"\n                                    class=\"has-d-cols has-t-cols has-m-cols penci-wrapper-data penci-grid penci-shortcode-render\">\t\t\t\t\t\t\t\t\t\t\t\t\t\t\t\t\t\t\t\t\t\t\t\t\t\t\t\t\t<li class=\"grid-style\">\n    <article id=\"post-263669\" class=\"item hentry\">\n\t\t            <div class=\"thumbnail\">\n\t\t\t\t\t\t\t\t                    <a class=\"penci-image-holder penci-lazy\" data-bgset=\"https:\/\/worldimagingnewslatino.com\/wp-content\/uploads\/2025\/12\/admin-ajax-1-585x390.jpeg\" href=\"https:\/\/worldimagingnewslatino.com\/es\/apas-presenta-the-sentinel-primer-cortador-laser-basado-en-vision-para-produccion-dtf\/\" title=\"APAS presenta The Sentinel, el primer cortador l\u00e1ser basado en visi\u00f3n para producci\u00f3n DTF\">\n                    <\/a>\n\t\t\t\t\n\t\t\t\t\t\t\t\t\t\t\t\t\t\t\t\t\t\t\t\t\t\t\t\t\t\t\t\t\t\t\t\t\t            <\/div>\n\t\t\n        <div class=\"grid-header-box\">\n\t\t\t                <span class=\"cat\"><a style=\"\" class=\"penci-cat-name penci-cat-807\" href=\"https:\/\/worldimagingnewslatino.com\/es\/category\/featured-news\/\" rel=\"category tag\"><span style=\"\">Featured News<\/span><\/a><a style=\"\" class=\"penci-cat-name penci-cat-287\" href=\"https:\/\/worldimagingnewslatino.com\/es\/category\/finishing\/laser-finishing\/\" rel=\"category tag\"><span style=\"\">Laser F<\/span><\/a><\/span>\n\t\t\t\n            <h2 class=\"penci-entry-title entry-title grid-title penci_grid_title_df\"><a href=\"https:\/\/worldimagingnewslatino.com\/es\/apas-presenta-the-sentinel-primer-cortador-laser-basado-en-vision-para-produccion-dtf\/\">APAS presenta The Sentinel, el primer cortador l\u00e1ser basado en visi\u00f3n para producci\u00f3n DTF<\/a>\n            <\/h2>\n\t\t\t\t\t\t\t\t<div class=\"penci-hide-tagupdated\">\n\t\t\t<span class=\"author-italic author vcard\">by \t\t\t\t\t\t\t\t\t\t<a class=\"author-url url fn n\" href=\"https:\/\/worldimagingnewslatino.com\/es\/author\/mj\/\">Staff 1<\/a>\t\t\t\t\t\t\t\t\t<\/span>\n\t\t\t<time class=\"entry-date published\" datetime=\"2025-12-09T10:14:44-08:00\">12\/09\/2025<\/time>\t\t<\/div>\n\t\t\t\t\t\t                <div class=\"grid-post-box-meta\">\n\t\t\t\t\t\t\t\t\t\t\t\t\t\t\t                        <span class=\"otherl-date\"><time class=\"entry-date published\" datetime=\"2025-12-09T10:14:44-08:00\">12\/09\/2025<\/time><\/span>\n\t\t\t\t\t\t\t\t\t\t\t\t\t\t\t\t\t\t\t\t\t\t\t\t\t\t\t\t\t\t                <\/div>\n\t\t\t        <\/div>\n\n\t\t            <div class=\"item-content entry-content\">\n\t\t\t\t<p>ChatGPT said: Dise\u00f1ado para decoradores, este sistema de American Print and Supply combina detecci\u00f3n por visi\u00f3n en tiempo real con corte l\u00e1ser de alimentaci\u00f3n continua para flujos de trabajo DTF &#8230;<\/p>\n            <\/div>\n\t\t\n\t\t\n\t\t    <\/article>\n<\/li>\n<li class=\"grid-style\">\n    <article id=\"post-261783\" class=\"item hentry\">\n\t\t            <div class=\"thumbnail\">\n\t\t\t\t\t\t\t\t                    <a class=\"penci-image-holder penci-lazy\" data-bgset=\"https:\/\/worldimagingnewslatino.com\/wp-content\/uploads\/2024\/10\/Add-a-heading2.png\" href=\"https:\/\/worldimagingnewslatino.com\/es\/summa-introduces-the-next-evolution-laser-cutter-the-l1810-gen-2-6\/\" title=\"Summa Introduce la Evoluci\u00f3n del Cortador L\u00e1ser: El L1810 Gen 2.6\">\n                    <\/a>\n\t\t\t\t\n\t\t\t\t\t\t\t\t\t\t\t\t\t\t\t\t\t\t\t\t\t\t\t\t\t\t\t\t\t\t\t\t\t            <\/div>\n\t\t\n        <div class=\"grid-header-box\">\n\t\t\t                <span class=\"cat\"><a style=\"\" class=\"penci-cat-name penci-cat-8\" href=\"https:\/\/worldimagingnewslatino.com\/es\/category\/finishing\/\" rel=\"category tag\"><span style=\"\">Finishing<\/span><\/a><a style=\"\" class=\"penci-cat-name penci-cat-287\" href=\"https:\/\/worldimagingnewslatino.com\/es\/category\/finishing\/laser-finishing\/\" rel=\"category tag\"><span style=\"\">Laser F<\/span><\/a><\/span>\n\t\t\t\n            <h2 class=\"penci-entry-title entry-title grid-title penci_grid_title_df\"><a href=\"https:\/\/worldimagingnewslatino.com\/es\/summa-introduces-the-next-evolution-laser-cutter-the-l1810-gen-2-6\/\">Summa Introduce la Evoluci\u00f3n del Cortador L\u00e1ser: El L1810 Gen 2.6<\/a>\n            <\/h2>\n\t\t\t\t\t\t\t\t<div class=\"penci-hide-tagupdated\">\n\t\t\t<span class=\"author-italic author vcard\">by \t\t\t\t\t\t\t\t\t\t<a class=\"author-url url fn n\" href=\"https:\/\/worldimagingnewslatino.com\/es\/author\/dan\/\">Staff<\/a>\t\t\t\t\t\t\t\t\t<\/span>\n\t\t\t<time class=\"entry-date published\" datetime=\"2024-10-31T05:46:43-07:00\">10\/31\/2024<\/time>\t\t<\/div>\n\t\t\t\t\t\t                <div class=\"grid-post-box-meta\">\n\t\t\t\t\t\t\t\t\t\t\t\t\t\t\t                        <span class=\"otherl-date\"><time class=\"entry-date published\" datetime=\"2024-10-31T05:46:43-07:00\">10\/31\/2024<\/time><\/span>\n\t\t\t\t\t\t\t\t\t\t\t\t\t\t\t\t\t\t\t\t\t\t\t\t\t\t\t\t\t\t                <\/div>\n\t\t\t        <\/div>\n\n\t\t            <div class=\"item-content entry-content\">\n\t\t\t\t<p>GISTEL | B\u00e9lgica &#8211; Octubre 2024 \u2013 Summa, l\u00edder mundial en tecnolog\u00eda de corte de precisi\u00f3n, se enorgullece en anunciar el lanzamiento de la cortadora l\u00e1ser L1810 Gen 2.6, una &#8230;<\/p>\n            <\/div>\n\t\t\n\t\t\n\t\t    <\/article>\n<\/li>\n<li class=\"grid-style\">\n    <article id=\"post-18508\" class=\"item hentry\">\n\t\t            <div class=\"thumbnail\">\n\t\t\t\t\t\t\t\t                    <a class=\"penci-image-holder penci-lazy\" data-bgset=\"https:\/\/worldimagingnewslatino.com\/wp-content\/uploads\/2024\/01\/mediaone-usa-announces-advanced-matic-helios-plus-textile-laser-cutter-1.webp\" href=\"https:\/\/worldimagingnewslatino.com\/es\/mediaone-usa-announces-advanced-matic-helios-plus-textile-laser-cutter\/\" title=\"MediaOne USA Announces Advanced Matic Helios Plus Textile Laser Cutter\">\n                    <\/a>\n\t\t\t\t\n\t\t\t\t\t\t\t\t\t\t\t\t\t\t\t\t\t\t\t\t\t\t\t\t\t\t\t\t\t\t\t\t\t            <\/div>\n\t\t\n        <div class=\"grid-header-box\">\n\t\t\t                <span class=\"cat\"><a style=\"\" class=\"penci-cat-name penci-cat-8\" href=\"https:\/\/worldimagingnewslatino.com\/es\/category\/finishing\/\" rel=\"category tag\"><span style=\"\">Finishing<\/span><\/a><a style=\"\" class=\"penci-cat-name penci-cat-287\" href=\"https:\/\/worldimagingnewslatino.com\/es\/category\/finishing\/laser-finishing\/\" rel=\"category tag\"><span style=\"\">Laser F<\/span><\/a><\/span>\n\t\t\t\n            <h2 class=\"penci-entry-title entry-title grid-title penci_grid_title_df\"><a href=\"https:\/\/worldimagingnewslatino.com\/es\/mediaone-usa-announces-advanced-matic-helios-plus-textile-laser-cutter\/\">MediaOne USA Announces Advanced Matic Helios Plus Textile Laser Cutter<\/a>\n            <\/h2>\n\t\t\t\t\t\t\t\t<div class=\"penci-hide-tagupdated\">\n\t\t\t<span class=\"author-italic author vcard\">by \t\t\t\t\t\t\t\t\t\t<a class=\"author-url url fn n\" href=\"https:\/\/worldimagingnewslatino.com\/es\/author\/dan\/\">Staff<\/a>\t\t\t\t\t\t\t\t\t<\/span>\n\t\t\t<time class=\"entry-date published\" datetime=\"2024-01-26T13:34:09-08:00\">01\/26\/2024<\/time>\t\t<\/div>\n\t\t\t\t\t\t                <div class=\"grid-post-box-meta\">\n\t\t\t\t\t\t\t\t\t\t\t\t\t\t\t                        <span class=\"otherl-date\"><time class=\"entry-date published\" datetime=\"2024-01-26T13:34:09-08:00\">01\/26\/2024<\/time><\/span>\n\t\t\t\t\t\t\t\t\t\t\t\t\t\t\t\t\t\t\t\t\t\t\t\t\t\t\t\t\t\t                <\/div>\n\t\t\t        <\/div>\n\n\t\t            <div class=\"item-content entry-content\">\n\t\t\t\t<p>GARDEN GROVE, California &#8211; January 2024 &#8211; MediaOne USA proudly introduces the latest innovation in textile cutting technology \u2013 the Matic Helios Plus. Unveiling a cutting-edge solution for large and &#8230;<\/p>\n            <\/div>\n\t\t\n\t\t\n\t\t    <\/article>\n<\/li>\n\n\t\t\t\t\t\t\t\t\t\t\t\t\t\t\t\t\t\t\t\t\t\t\t\t\t\t\t\t<\/ul>\n\t\t\t\t\t\t\t\t\t\t\t\t\t\t\t\t\t\t\t\t\t                        <\/div>\n\n\t\t\t\t\t\t                    <\/div>\n                <\/div>\n\t\t\t            <style>\n                                                                                                                                                                            <\/style>\n\t\t\t\t\t\t\t<\/div>\n\t\t\t\t<\/div>\n\t\t\t\t\t<\/div>\n\t\t\t\t<\/div>\n\t\t\t\t<\/div>\n\t\t","protected":false},"excerpt":{"rendered":"<p>laser FinishingLaser F MediaOne USA Announces Advanced Matic Helios Plus Textile Laser Cutter by Staff 01\/26\/2024 01\/26\/2024 GARDEN GROVE, California &#8211; January 2024 &#8211; MediaOne USA proudly introduces the latest&hellip;<\/p>\n","protected":false},"author":3,"featured_media":0,"parent":0,"menu_order":0,"comment_status":"closed","ping_status":"closed","template":"","meta":{"_lmt_disableupdate":"no","_lmt_disable":"","cybocfi_hide_featured_image":"","footnotes":""},"class_list":["post-19228","page","type-page","status-publish","hentry"],"_links":{"self":[{"href":"https:\/\/worldimagingnewslatino.com\/es\/wp-json\/wp\/v2\/pages\/19228"}],"collection":[{"href":"https:\/\/worldimagingnewslatino.com\/es\/wp-json\/wp\/v2\/pages"}],"about":[{"href":"https:\/\/worldimagingnewslatino.com\/es\/wp-json\/wp\/v2\/types\/page"}],"author":[{"embeddable":true,"href":"https:\/\/worldimagingnewslatino.com\/es\/wp-json\/wp\/v2\/users\/3"}],"replies":[{"embeddable":true,"href":"https:\/\/worldimagingnewslatino.com\/es\/wp-json\/wp\/v2\/comments?post=19228"}],"version-history":[{"count":6,"href":"https:\/\/worldimagingnewslatino.com\/es\/wp-json\/wp\/v2\/pages\/19228\/revisions"}],"predecessor-version":[{"id":260269,"href":"https:\/\/worldimagingnewslatino.com\/es\/wp-json\/wp\/v2\/pages\/19228\/revisions\/260269"}],"wp:attachment":[{"href":"https:\/\/worldimagingnewslatino.com\/es\/wp-json\/wp\/v2\/media?parent=19228"}],"curies":[{"name":"wp","href":"https:\/\/api.w.org\/{rel}","templated":true}]}}