{"id":19218,"date":"2024-02-07T13:21:49","date_gmt":"2024-02-07T21:21:49","guid":{"rendered":"https:\/\/worldimagingnewslatino.com\/?page_id=19218"},"modified":"2024-08-13T14:41:11","modified_gmt":"2024-08-13T21:41:11","slug":"heat-presses","status":"publish","type":"page","link":"https:\/\/worldimagingnewslatino.com\/es\/heat-presses\/","title":{"rendered":"Heat Presses"},"content":{"rendered":"\t\t<div data-elementor-type=\"wp-page\" data-elementor-id=\"19218\" class=\"elementor elementor-19218\" data-elementor-post-type=\"page\">\n\t\t\t\t<div class=\"elementor-element elementor-element-0ddc60f e-flex e-con-boxed e-con e-parent\" data-id=\"0ddc60f\" data-element_type=\"container\" data-e-type=\"container\">\n\t\t\t\t\t<div class=\"e-con-inner\">\n\t\t\t\t<div class=\"elementor-element elementor-element-0d14cb0 elementor-widget elementor-widget-penci-latest-posts\" data-id=\"0d14cb0\" data-element_type=\"widget\" data-e-type=\"widget\" data-widget_type=\"penci-latest-posts.default\">\n\t\t\t\t<div class=\"elementor-widget-container\">\n\t\t\t\t\t                <div id=\"pencilatest_posts_85121\" class=\"penci-latest-posts-sc penci-latest-posts-grid penci-latest-posts-el penci-el-mixed-s1 penci-std-continue-center penci-std-excerpt-center penci-grid-excerpt-left\">\n\t\t\t\t\t\t\t\t\t\t\t                        <div class=\"penci-border-arrow penci-homepage-title penci-home-latest-posts style-7 pcalign-left pciconp-right pcicon-right\">\n                            <h3 class=\"inner-arrow\">\n                                <span>\n\t\t\t\t\t\t\t\t<span>companies<\/span>                                <\/span>\n                            <\/h3>\n\t\t\t\t\t\t\t                        <\/div>\n\t\t\t\t\t                    <div class=\"penci-wrapper-posts-ajax\">\n\n                        <div class=\"penci-wrapper-posts-content pwid-default\">\n\n\t\t\t\t\t\t\t\t\t\t\t\t\t\t\t                                <ul data-cols=\"3\" data-tcols=\"3\" data-mcols=\"2\" data-layout=\"grid\"\n                                    class=\"has-d-cols has-t-cols has-m-cols penci-wrapper-data penci-grid penci-shortcode-render\">\t\t\t\t\t\t\t\t\t\t\t\t\t\t\t\t\t\t\t\t\t\t\t\t\t\t\t\t\t<li class=\"grid-style\">\n    <article id=\"post-264118\" class=\"item hentry\">\n\t\t            <div class=\"thumbnail\">\n\t\t\t\t\t\t\t\t                    <a class=\"penci-image-holder penci-lazy\" data-bgset=\"https:\/\/worldimagingnewslatino.com\/wp-content\/uploads\/2026\/03\/Untitled-400x300-19.png\" href=\"https:\/\/worldimagingnewslatino.com\/es\/microtec-expande-su-presencia-global-con-su-entrada-en-el-mercado-de-los-estados-unidos\/\" title=\"Microtec Expande su Presencia Global con su Entrada en el Mercado de los Estados Unidos\">\n                    <\/a>\n\t\t\t\t\n\t\t\t\t\t\t\t\t\t\t\t\t\t\t\t\t\t\t\t\t\t\t\t\t\t\t\t\t\t\t\t\t\t            <\/div>\n\t\t\n        <div class=\"grid-header-box\">\n\t\t\t                <span class=\"cat\"><a style=\"\" class=\"penci-cat-name penci-cat-42\" href=\"https:\/\/worldimagingnewslatino.com\/es\/category\/finishing\/heat-presses\/\" rel=\"category tag\"><span style=\"\">Heat Presses<\/span><\/a><\/span>\n\t\t\t\n            <h2 class=\"penci-entry-title entry-title grid-title penci_grid_title_df\"><a href=\"https:\/\/worldimagingnewslatino.com\/es\/microtec-expande-su-presencia-global-con-su-entrada-en-el-mercado-de-los-estados-unidos\/\">Microtec Expande su Presencia Global con su Entrada en el Mercado de los Estados Unidos<\/a>\n            <\/h2>\n\t\t\t\t\t\t\t\t<div class=\"penci-hide-tagupdated\">\n\t\t\t<span class=\"author-italic author vcard\">by \t\t\t\t\t\t\t\t\t\t<a class=\"author-url url fn n\" href=\"https:\/\/worldimagingnewslatino.com\/es\/author\/mj\/\">Staff 1<\/a>\t\t\t\t\t\t\t\t\t<\/span>\n\t\t\t<time class=\"entry-date published\" datetime=\"2026-03-16T16:41:01-07:00\">03\/16\/2026<\/time>\t\t<\/div>\n\t\t\t\t\t\t                <div class=\"grid-post-box-meta\">\n\t\t\t\t\t\t\t\t\t\t\t\t\t\t\t                        <span class=\"otherl-date\"><time class=\"entry-date published\" datetime=\"2026-03-16T16:41:01-07:00\">03\/16\/2026<\/time><\/span>\n\t\t\t\t\t\t\t\t\t\t\t\t\t\t\t\t\t\t\t\t\t\t\t\t\t\t\t\t\t\t                <\/div>\n\t\t\t        <\/div>\n\n\t\t            <div class=\"item-content entry-content\">\n\t\t\t\t<p>Microtec est\u00e1 acelerando su expansi\u00f3n global con el lanzamiento de Microtec USA, estableciendo una presencia dedicada en los Estados Unidos y en toda Am\u00e9rica. ORANGE | California \u2013 Marzo 2026 &#8230;<\/p>\n            <\/div>\n\t\t\n\t\t\n\t\t    <\/article>\n<\/li>\n<li class=\"grid-style\">\n    <article id=\"post-263946\" class=\"item hentry\">\n\t\t            <div class=\"thumbnail\">\n\t\t\t\t\t\t\t\t                    <a class=\"penci-image-holder penci-lazy\" data-bgset=\"https:\/\/worldimagingnewslatino.com\/wp-content\/uploads\/2026\/02\/Microtec-X8-1400x795-1-scaled-1-585x390.jpg\" href=\"https:\/\/worldimagingnewslatino.com\/es\/microtec-anuncia-la-disponibilidad-de-la-prensa-termica-automatica-de-carrusel-dtf-x8\/\" title=\"Microtec Anuncia la Disponibilidad de la Prensa T\u00e9rmica Autom\u00e1tica de Carrusel DTF X8\">\n                    <\/a>\n\t\t\t\t\n\t\t\t\t\t\t\t\t\t\t\t\t\t\t\t\t\t\t\t\t\t\t\t\t\t\t\t\t\t\t\t\t\t            <\/div>\n\t\t\n        <div class=\"grid-header-box\">\n\t\t\t                <span class=\"cat\"><a style=\"\" class=\"penci-cat-name penci-cat-42\" href=\"https:\/\/worldimagingnewslatino.com\/es\/category\/finishing\/heat-presses\/\" rel=\"category tag\"><span style=\"\">Heat Presses<\/span><\/a><\/span>\n\t\t\t\n            <h2 class=\"penci-entry-title entry-title grid-title penci_grid_title_df\"><a href=\"https:\/\/worldimagingnewslatino.com\/es\/microtec-anuncia-la-disponibilidad-de-la-prensa-termica-automatica-de-carrusel-dtf-x8\/\">Microtec Anuncia la Disponibilidad de la Prensa T\u00e9rmica Autom\u00e1tica de Carrusel DTF X8<\/a>\n            <\/h2>\n\t\t\t\t\t\t\t\t<div class=\"penci-hide-tagupdated\">\n\t\t\t<span class=\"author-italic author vcard\">by \t\t\t\t\t\t\t\t\t\t<a class=\"author-url url fn n\" href=\"https:\/\/worldimagingnewslatino.com\/es\/author\/mj\/\">Staff 1<\/a>\t\t\t\t\t\t\t\t\t<\/span>\n\t\t\t<time class=\"entry-date published\" datetime=\"2026-02-01T16:06:13-08:00\">02\/01\/2026<\/time>\t\t<\/div>\n\t\t\t\t\t\t                <div class=\"grid-post-box-meta\">\n\t\t\t\t\t\t\t\t\t\t\t\t\t\t\t                        <span class=\"otherl-date\"><time class=\"entry-date published\" datetime=\"2026-02-01T16:06:13-08:00\">02\/01\/2026<\/time><\/span>\n\t\t\t\t\t\t\t\t\t\t\t\t\t\t\t\t\t\t\t\t\t\t\t\t\t\t\t\t\t\t                <\/div>\n\t\t\t        <\/div>\n\n\t\t            <div class=\"item-content entry-content\">\n\t\t\t\t<p>Microtec lleva la automatizaci\u00f3n de nivel industrial a los flujos de trabajo DTF con el lanzamiento de su sistema carrusel automatizado X8 para DTF. ANAHEIM | California \u2013 Enero de &#8230;<\/p>\n            <\/div>\n\t\t\n\t\t\n\t\t    <\/article>\n<\/li>\n<li class=\"grid-style\">\n    <article id=\"post-263338\" class=\"item hentry\">\n\t\t            <div class=\"thumbnail\">\n\t\t\t\t\t\t\t\t                    <a class=\"penci-image-holder penci-lazy\" data-bgset=\"https:\/\/worldimagingnewslatino.com\/wp-content\/uploads\/2025\/08\/admin-ajax-43.png\" href=\"https:\/\/worldimagingnewslatino.com\/es\/practix-presenta-prensa-termica-seis-estaciones-ok-256-produccion-alta-eficiencia\/\" title=\"Practix presenta la prensa t\u00e9rmica de seis estaciones OK-256 para una producci\u00f3n de alta eficiencia\">\n                    <\/a>\n\t\t\t\t\n\t\t\t\t\t\t\t\t\t\t\t\t\t\t\t\t\t\t\t\t\t\t\t\t\t\t\t\t\t\t\t\t\t            <\/div>\n\t\t\n        <div class=\"grid-header-box\">\n\t\t\t                <span class=\"cat\"><a style=\"\" class=\"penci-cat-name penci-cat-42\" href=\"https:\/\/worldimagingnewslatino.com\/es\/category\/finishing\/heat-presses\/\" rel=\"category tag\"><span style=\"\">Heat Presses<\/span><\/a><\/span>\n\t\t\t\n            <h2 class=\"penci-entry-title entry-title grid-title penci_grid_title_df\"><a href=\"https:\/\/worldimagingnewslatino.com\/es\/practix-presenta-prensa-termica-seis-estaciones-ok-256-produccion-alta-eficiencia\/\">Practix presenta la prensa t\u00e9rmica de seis estaciones OK-256 para una producci\u00f3n de alta eficiencia<\/a>\n            <\/h2>\n\t\t\t\t\t\t\t\t<div class=\"penci-hide-tagupdated\">\n\t\t\t<span class=\"author-italic author vcard\">by \t\t\t\t\t\t\t\t\t\t<a class=\"author-url url fn n\" href=\"https:\/\/worldimagingnewslatino.com\/es\/author\/mj\/\">Staff 1<\/a>\t\t\t\t\t\t\t\t\t<\/span>\n\t\t\t<time class=\"entry-date published\" datetime=\"2025-08-27T06:24:14-07:00\">08\/27\/2025<\/time>\t\t<\/div>\n\t\t\t\t\t\t                <div class=\"grid-post-box-meta\">\n\t\t\t\t\t\t\t\t\t\t\t\t\t\t\t                        <span class=\"otherl-date\"><time class=\"entry-date published\" datetime=\"2025-08-27T06:24:14-07:00\">08\/27\/2025<\/time><\/span>\n\t\t\t\t\t\t\t\t\t\t\t\t\t\t\t\t\t\t\t\t\t\t\t\t\t\t\t\t\t\t                <\/div>\n\t\t\t        <\/div>\n\n\t\t            <div class=\"item-content entry-content\">\n\t\t\t\t<p>ATLANTA | Georgia &#8211; Mayo 2025 \u2013 Practix Manufacturing LLC, l\u00edder en tecnolog\u00eda de prensas t\u00e9rmicas industriales, anuncia con orgullo el lanzamiento de su m\u00e1s reciente innovaci\u00f3n: la OK-256 Carousel &#8230;<\/p>\n            <\/div>\n\t\t\n\t\t\n\t\t    <\/article>\n<\/li>\n<li class=\"grid-style\">\n    <article id=\"post-263113\" class=\"item hentry\">\n\t\t            <div class=\"thumbnail\">\n\t\t\t\t\t\t\t\t                    <a class=\"penci-image-holder penci-lazy\" data-bgset=\"https:\/\/worldimagingnewslatino.com\/wp-content\/uploads\/2025\/07\/admin-ajax-6.png\" href=\"https:\/\/worldimagingnewslatino.com\/es\/heat-press-nation-presenta-tres-nuevas-prensas-heat-truespec-expandiento-su-linea-premium-para-talleres-de-impresion-profesionales\/\" title=\"Heat Press Nation presenta tres nuevas prensas t\u00e9rmicas TrueSpec y expande su l\u00ednea premium para talleres de impresi\u00f3n profesionales\">\n                    <\/a>\n\t\t\t\t\n\t\t\t\t\t\t\t\t\t\t\t\t\t\t\t\t\t\t\t\t\t\t\t\t\t\t\t\t\t\t\t\t\t            <\/div>\n\t\t\n        <div class=\"grid-header-box\">\n\t\t\t                <span class=\"cat\"><a style=\"\" class=\"penci-cat-name penci-cat-807\" href=\"https:\/\/worldimagingnewslatino.com\/es\/category\/featured-news\/\" rel=\"category tag\"><span style=\"\">Featured News<\/span><\/a><a style=\"\" class=\"penci-cat-name penci-cat-42\" href=\"https:\/\/worldimagingnewslatino.com\/es\/category\/finishing\/heat-presses\/\" rel=\"category tag\"><span style=\"\">Heat Presses<\/span><\/a><\/span>\n\t\t\t\n            <h2 class=\"penci-entry-title entry-title grid-title penci_grid_title_df\"><a href=\"https:\/\/worldimagingnewslatino.com\/es\/heat-press-nation-presenta-tres-nuevas-prensas-heat-truespec-expandiento-su-linea-premium-para-talleres-de-impresion-profesionales\/\">Heat Press Nation presenta tres nuevas prensas t\u00e9rmicas TrueSpec y expande su l\u00ednea premium para talleres de impresi\u00f3n profesionales<\/a>\n            <\/h2>\n\t\t\t\t\t\t\t\t<div class=\"penci-hide-tagupdated\">\n\t\t\t<span class=\"author-italic author vcard\">by \t\t\t\t\t\t\t\t\t\t<a class=\"author-url url fn n\" href=\"https:\/\/worldimagingnewslatino.com\/es\/author\/mj\/\">Staff 1<\/a>\t\t\t\t\t\t\t\t\t<\/span>\n\t\t\t<time class=\"entry-date published\" datetime=\"2025-07-27T14:11:52-07:00\">07\/27\/2025<\/time>\t\t<\/div>\n\t\t\t\t\t\t                <div class=\"grid-post-box-meta\">\n\t\t\t\t\t\t\t\t\t\t\t\t\t\t\t                        <span class=\"otherl-date\"><time class=\"entry-date published\" datetime=\"2025-07-27T14:11:52-07:00\">07\/27\/2025<\/time><\/span>\n\t\t\t\t\t\t\t\t\t\t\t\t\t\t\t\t\t\t\t\t\t\t\t\t\t\t\t\t\t\t                <\/div>\n\t\t\t        <\/div>\n\n\t\t            <div class=\"item-content entry-content\">\n\t\t\t\t<p>ChatGPT sai FULLERTON | California \u2013 Julio de 2025 \u2013 Heat Press Nation ha anunciado una importante expansi\u00f3n de su l\u00ednea TrueSpec con el lanzamiento de tres nuevos modelos: TrueSpec &#8230;<\/p>\n            <\/div>\n\t\t\n\t\t\n\t\t    <\/article>\n<\/li>\n<li class=\"grid-style\">\n    <article id=\"post-262831\" class=\"item hentry\">\n\t\t            <div class=\"thumbnail\">\n\t\t\t\t\t\t\t\t                    <a class=\"penci-image-holder penci-lazy\" data-bgset=\"https:\/\/worldimagingnewslatino.com\/wp-content\/uploads\/2025\/02\/Acosgraf-300x225-1.png\" href=\"https:\/\/worldimagingnewslatino.com\/es\/acosgraf-presenta-columbia-transfer-6-3-plancha-termica-rotativa\/\" title=\"Acosgraf Presenta la Columbia Transfer 6\/3: Innovaci\u00f3n en Prensas de Calor Rotativas\">\n                    <\/a>\n\t\t\t\t\n\t\t\t\t\t\t\t\t\t\t\t\t\t\t\t\t\t\t\t\t\t\t\t\t\t\t\t\t\t\t\t\t\t            <\/div>\n\t\t\n        <div class=\"grid-header-box\">\n\t\t\t                <span class=\"cat\"><a style=\"\" class=\"penci-cat-name penci-cat-42\" href=\"https:\/\/worldimagingnewslatino.com\/es\/category\/finishing\/heat-presses\/\" rel=\"category tag\"><span style=\"\">Heat Presses<\/span><\/a><\/span>\n\t\t\t\n            <h2 class=\"penci-entry-title entry-title grid-title penci_grid_title_df\"><a href=\"https:\/\/worldimagingnewslatino.com\/es\/acosgraf-presenta-columbia-transfer-6-3-plancha-termica-rotativa\/\">Acosgraf Presenta la Columbia Transfer 6\/3: Innovaci\u00f3n en Prensas de Calor Rotativas<\/a>\n            <\/h2>\n\t\t\t\t\t\t\t\t<div class=\"penci-hide-tagupdated\">\n\t\t\t<span class=\"author-italic author vcard\">by \t\t\t\t\t\t\t\t\t\t<a class=\"author-url url fn n\" href=\"https:\/\/worldimagingnewslatino.com\/es\/author\/mj\/\">Staff 1<\/a>\t\t\t\t\t\t\t\t\t<\/span>\n\t\t\t<time class=\"entry-date published\" datetime=\"2025-02-21T18:52:26-08:00\">02\/21\/2025<\/time>\t\t<\/div>\n\t\t\t\t\t\t                <div class=\"grid-post-box-meta\">\n\t\t\t\t\t\t\t\t\t\t\t\t\t\t\t                        <span class=\"otherl-date\"><time class=\"entry-date published\" datetime=\"2025-02-21T18:52:26-08:00\">02\/21\/2025<\/time><\/span>\n\t\t\t\t\t\t\t\t\t\t\t\t\t\t\t\t\t\t\t\t\t\t\t\t\t\t\t\t\t\t                <\/div>\n\t\t\t        <\/div>\n\n\t\t            <div class=\"item-content entry-content\">\n\t\t\t\t<p>CANELAS | Portugal &#8211; Febrero 2025 &#8211; Acosgraf, fabricante l\u00edder de equipos industriales de prensado t\u00e9rmico, anuncia el lanzamiento de su m\u00e1s reciente innovaci\u00f3n: la prensa de calor rotativa Columbia &#8230;<\/p>\n            <\/div>\n\t\t\n\t\t\n\t\t    <\/article>\n<\/li>\n<li class=\"grid-style\">\n    <article id=\"post-261609\" class=\"item hentry\">\n\t\t            <div class=\"thumbnail\">\n\t\t\t\t\t\t\t\t                    <a class=\"penci-image-holder penci-lazy\" data-bgset=\"https:\/\/worldimagingnewslatino.com\/wp-content\/uploads\/2024\/10\/Custom-dimensions-600x400-px16-585x390.png\" href=\"https:\/\/worldimagingnewslatino.com\/es\/new-120v-hotronix-dual-air-fusion-iq-creates-opportunity-for-more-decorators\/\" title=\"La Nueva Hotronix\u00ae Dual Air Fusion IQ\u00ae de 120v Ampl\u00eda las Oportunidades para m\u00e1s Decoradores\">\n                    <\/a>\n\t\t\t\t\n\t\t\t\t\t\t\t\t\t\t\t\t\t\t\t\t\t\t\t\t\t\t\t\t\t\t\t\t\t\t\t\t\t            <\/div>\n\t\t\n        <div class=\"grid-header-box\">\n\t\t\t                <span class=\"cat\"><a style=\"\" class=\"penci-cat-name penci-cat-42\" href=\"https:\/\/worldimagingnewslatino.com\/es\/category\/finishing\/heat-presses\/\" rel=\"category tag\"><span style=\"\">Heat Presses<\/span><\/a><\/span>\n\t\t\t\n            <h2 class=\"penci-entry-title entry-title grid-title penci_grid_title_df\"><a href=\"https:\/\/worldimagingnewslatino.com\/es\/new-120v-hotronix-dual-air-fusion-iq-creates-opportunity-for-more-decorators\/\">La Nueva Hotronix\u00ae Dual Air Fusion IQ\u00ae de 120v Ampl\u00eda las Oportunidades para m\u00e1s Decoradores<\/a>\n            <\/h2>\n\t\t\t\t\t\t\t\t<div class=\"penci-hide-tagupdated\">\n\t\t\t<span class=\"author-italic author vcard\">by \t\t\t\t\t\t\t\t\t\t<a class=\"author-url url fn n\" href=\"https:\/\/worldimagingnewslatino.com\/es\/author\/dan\/\">Staff<\/a>\t\t\t\t\t\t\t\t\t<\/span>\n\t\t\t<time class=\"entry-date published\" datetime=\"2024-10-17T06:19:43-07:00\">10\/17\/2024<\/time>\t\t<\/div>\n\t\t\t\t\t\t                <div class=\"grid-post-box-meta\">\n\t\t\t\t\t\t\t\t\t\t\t\t\t\t\t                        <span class=\"otherl-date\"><time class=\"entry-date published\" datetime=\"2024-10-17T06:19:43-07:00\">10\/17\/2024<\/time><\/span>\n\t\t\t\t\t\t\t\t\t\t\t\t\t\t\t\t\t\t\t\t\t\t\t\t\t\t\t\t\t\t                <\/div>\n\t\t\t        <\/div>\n\n\t\t            <div class=\"item-content entry-content\">\n\t\t\t\t<p>CARMICHAELS | Pensilvania &#8211; Octubre de 2024 \u2013 STAHLS\u2019 Hotronix\u00ae se complace en anunciar el lanzamiento del modelo de 120v de la innovadora plancha t\u00e9rmica Dual Air Fusion IQ\u00ae, que &#8230;<\/p>\n            <\/div>\n\t\t\n\t\t\n\t\t    <\/article>\n<\/li>\n\n\t\t\t\t\t\t\t\t\t\t\t\t\t\t\t\t\t\t\t\t\t\t\t\t\t\t\t\t<\/ul>\n\t\t\t\t\t\t\t\t\t\t\t\t\t\t<div class=\"penci-pagination align-left\"><ul class='page-numbers'>\n\t<li><span aria-current=\"page\" class=\"page-numbers current\">1<\/span><\/li>\n\t<li><a class=\"page-numbers\" href=\"https:\/\/worldimagingnewslatino.com\/es\/wp-json\/wp\/v2\/pages\/19218\/page\/2\/\">2<\/a><\/li>\n\t<li><a class=\"page-numbers\" href=\"https:\/\/worldimagingnewslatino.com\/es\/wp-json\/wp\/v2\/pages\/19218\/page\/3\/\">3<\/a><\/li>\n\t<li><a class=\"next page-numbers\" href=\"https:\/\/worldimagingnewslatino.com\/es\/wp-json\/wp\/v2\/pages\/19218\/page\/2\/\"><i class=\"penci-faicon fa fa-angle-right\" ><\/i><\/a><\/li>\n<\/ul>\n<\/div>\t\t\t\t\t\t\t                        <\/div>\n\n\t\t\t\t\t\t                    <\/div>\n                <\/div>\n\t\t\t            <style>\n                                                                                                                                                                            <\/style>\n\t\t\t\t\t\t\t<\/div>\n\t\t\t\t<\/div>\n\t\t\t\t\t<\/div>\n\t\t\t\t<\/div>\n\t\t\t\t<\/div>\n\t\t","protected":false},"excerpt":{"rendered":"<p>companies Heat Presses Practix USA Unveils Advanced OK-375 16\u2033 x 20\u2033 Embossing Two-Station Shuttle Press by Staff 08\/07\/2024 08\/07\/2024 ACWORTH | Georgia &#8211; August 2024 &#8211; Practix Mfg USA, a&hellip;<\/p>\n","protected":false},"author":3,"featured_media":0,"parent":0,"menu_order":0,"comment_status":"closed","ping_status":"closed","template":"","meta":{"_lmt_disableupdate":"no","_lmt_disable":"","cybocfi_hide_featured_image":"","footnotes":""},"class_list":["post-19218","page","type-page","status-publish","hentry"],"_links":{"self":[{"href":"https:\/\/worldimagingnewslatino.com\/es\/wp-json\/wp\/v2\/pages\/19218"}],"collection":[{"href":"https:\/\/worldimagingnewslatino.com\/es\/wp-json\/wp\/v2\/pages"}],"about":[{"href":"https:\/\/worldimagingnewslatino.com\/es\/wp-json\/wp\/v2\/types\/page"}],"author":[{"embeddable":true,"href":"https:\/\/worldimagingnewslatino.com\/es\/wp-json\/wp\/v2\/users\/3"}],"replies":[{"embeddable":true,"href":"https:\/\/worldimagingnewslatino.com\/es\/wp-json\/wp\/v2\/comments?post=19218"}],"version-history":[{"count":6,"href":"https:\/\/worldimagingnewslatino.com\/es\/wp-json\/wp\/v2\/pages\/19218\/revisions"}],"predecessor-version":[{"id":260259,"href":"https:\/\/worldimagingnewslatino.com\/es\/wp-json\/wp\/v2\/pages\/19218\/revisions\/260259"}],"wp:attachment":[{"href":"https:\/\/worldimagingnewslatino.com\/es\/wp-json\/wp\/v2\/media?parent=19218"}],"curies":[{"name":"wp","href":"https:\/\/api.w.org\/{rel}","templated":true}]}}