{"id":19198,"date":"2024-02-07T13:14:01","date_gmt":"2024-02-07T21:14:01","guid":{"rendered":"https:\/\/worldimagingnewslatino.com\/?page_id=19198"},"modified":"2024-08-13T14:35:47","modified_gmt":"2024-08-13T21:35:47","slug":"cutters","status":"publish","type":"page","link":"https:\/\/worldimagingnewslatino.com\/es\/cutters\/","title":{"rendered":"Cutters"},"content":{"rendered":"\t\t<div data-elementor-type=\"wp-page\" data-elementor-id=\"19198\" class=\"elementor elementor-19198\" data-elementor-post-type=\"page\">\n\t\t\t\t<div class=\"elementor-element elementor-element-36fdd1d e-flex e-con-boxed e-con e-parent\" data-id=\"36fdd1d\" data-element_type=\"container\" data-e-type=\"container\">\n\t\t\t\t\t<div class=\"e-con-inner\">\n\t\t\t\t<div class=\"elementor-element elementor-element-754414d elementor-widget elementor-widget-penci-latest-posts\" data-id=\"754414d\" data-element_type=\"widget\" data-e-type=\"widget\" data-widget_type=\"penci-latest-posts.default\">\n\t\t\t\t<div class=\"elementor-widget-container\">\n\t\t\t\t\t                <div id=\"pencilatest_posts_89931\" class=\"penci-latest-posts-sc penci-latest-posts-grid penci-latest-posts-el penci-el-mixed-s1 penci-latest-posts-center penci-std-continue-center penci-std-excerpt-center penci-grid-excerpt-left\">\n\t\t\t\t\t\t\t\t\t\t\t                        <div class=\"penci-border-arrow penci-homepage-title penci-home-latest-posts style-7 pcalign-left pciconp-right pcicon-right\">\n                            <h3 class=\"inner-arrow\">\n                                <span>\n\t\t\t\t\t\t\t\t<span>cutters<\/span>                                <\/span>\n                            <\/h3>\n\t\t\t\t\t\t\t                        <\/div>\n\t\t\t\t\t                    <div class=\"penci-wrapper-posts-ajax\">\n\n                        <div class=\"penci-wrapper-posts-content pwid-default\">\n\n\t\t\t\t\t\t\t\t\t\t\t\t\t\t\t                                <ul data-cols=\"3\" data-tcols=\"3\" data-mcols=\"2\" data-layout=\"grid\"\n                                    class=\"has-d-cols has-t-cols has-m-cols penci-wrapper-data penci-grid penci-shortcode-render\">\t\t\t\t\t\t\t\t\t\t\t\t\t\t\t\t\t\t\t\t\t\t\t\t\t\t\t\t\t<li class=\"grid-style\">\n    <article id=\"post-264178\" class=\"item hentry\">\n\t\t            <div class=\"thumbnail\">\n\t\t\t\t\t\t\t\t                    <a class=\"penci-image-holder penci-lazy\" data-bgset=\"https:\/\/worldimagingnewslatino.com\/wp-content\/uploads\/2026\/03\/Untitled-400x300-33.png\" href=\"https:\/\/worldimagingnewslatino.com\/es\/cwt-worktools-lanza-cortadora-de-espuma-y-se-expande-hacia-la-produccion-de-senalizacion-dimensional\/\" title=\"CWT Worktools Lanza Cortadora de Espuma y Se Expande hacia la Producci\u00f3n de Se\u00f1alizaci\u00f3n Dimensional\">\n                    <\/a>\n\t\t\t\t\n\t\t\t\t\t\t\t\t\t\t\t\t\t\t\t\t\t\t\t\t\t\t\t\t\t\t\t\t\t\t\t\t\t            <\/div>\n\t\t\n        <div class=\"grid-header-box\">\n\t\t\t                <span class=\"cat\"><a style=\"\" class=\"penci-cat-name penci-cat-38\" href=\"https:\/\/worldimagingnewslatino.com\/es\/category\/finishing\/cutters\/\" rel=\"category tag\"><span style=\"\">Cutters<\/span><\/a><\/span>\n\t\t\t\n            <h2 class=\"penci-entry-title entry-title grid-title penci_grid_title_df\"><a href=\"https:\/\/worldimagingnewslatino.com\/es\/cwt-worktools-lanza-cortadora-de-espuma-y-se-expande-hacia-la-produccion-de-senalizacion-dimensional\/\">CWT Worktools Lanza Cortadora de Espuma y Se Expande hacia la Producci\u00f3n de Se\u00f1alizaci\u00f3n Dimensional<\/a>\n            <\/h2>\n\t\t\t\t\t\t\t\t<div class=\"penci-hide-tagupdated\">\n\t\t\t<span class=\"author-italic author vcard\">by \t\t\t\t\t\t\t\t\t\t<a class=\"author-url url fn n\" href=\"https:\/\/worldimagingnewslatino.com\/es\/author\/mj\/\">Staff 1<\/a>\t\t\t\t\t\t\t\t\t<\/span>\n\t\t\t<time class=\"entry-date published\" datetime=\"2026-03-26T14:29:01-07:00\">03\/26\/2026<\/time>\t\t<\/div>\n\t\t\t\t\t\t                <div class=\"grid-post-box-meta\">\n\t\t\t\t\t\t\t\t\t\t\t\t\t\t\t                        <span class=\"otherl-date\"><time class=\"entry-date published\" datetime=\"2026-03-26T14:29:01-07:00\">03\/26\/2026<\/time><\/span>\n\t\t\t\t\t\t\t\t\t\t\t\t\t\t\t\t\t\t\t\t\t\t\t\t\t\t\t\t\t\t                <\/div>\n\t\t\t        <\/div>\n\n\t\t            <div class=\"item-content entry-content\">\n\t\t\t\t<p>KARLSTAD | Suecia \u2014 Marzo 2026 \u2014 CWT Worktools anuncia el lanzamiento de la CWT Foam Cutter, introduciendo una nueva categor\u00eda de producto y ampliando el portafolio de la empresa &#8230;<\/p>\n            <\/div>\n\t\t\n\t\t\n\t\t    <\/article>\n<\/li>\n<li class=\"grid-style\">\n    <article id=\"post-263455\" class=\"item hentry\">\n\t\t            <div class=\"thumbnail\">\n\t\t\t\t\t\t\t\t                    <a class=\"penci-image-holder penci-lazy\" data-bgset=\"https:\/\/worldimagingnewslatino.com\/wp-content\/uploads\/2025\/09\/admin-ajax-50.png\" href=\"https:\/\/worldimagingnewslatino.com\/es\/neolt-factory-presenta-cortadora-xy-3-3-metros-fespa-2025-nuevo-estandar-acabado-gran-formato\/\" title=\"Neolt Factory presenta su cortadora XY de 3.3 metros en FESPA 2025 \u2013 Un nuevo est\u00e1ndar en acabado de gran formato.\">\n                    <\/a>\n\t\t\t\t\n\t\t\t\t\t\t\t\t\t\t\t\t\t\t\t\t\t\t\t\t\t\t\t\t\t\t\t\t\t\t\t\t\t            <\/div>\n\t\t\n        <div class=\"grid-header-box\">\n\t\t\t                <span class=\"cat\"><a style=\"\" class=\"penci-cat-name penci-cat-38\" href=\"https:\/\/worldimagingnewslatino.com\/es\/category\/finishing\/cutters\/\" rel=\"category tag\"><span style=\"\">Cutters<\/span><\/a><a style=\"\" class=\"penci-cat-name penci-cat-807\" href=\"https:\/\/worldimagingnewslatino.com\/es\/category\/featured-news\/\" rel=\"category tag\"><span style=\"\">Featured News<\/span><\/a><\/span>\n\t\t\t\n            <h2 class=\"penci-entry-title entry-title grid-title penci_grid_title_df\"><a href=\"https:\/\/worldimagingnewslatino.com\/es\/neolt-factory-presenta-cortadora-xy-3-3-metros-fespa-2025-nuevo-estandar-acabado-gran-formato\/\">Neolt Factory presenta su cortadora XY de 3.3 metros en FESPA 2025 \u2013 Un nuevo est\u00e1ndar en acabado de gran formato.<\/a>\n            <\/h2>\n\t\t\t\t\t\t\t\t<div class=\"penci-hide-tagupdated\">\n\t\t\t<span class=\"author-italic author vcard\">by \t\t\t\t\t\t\t\t\t\t<a class=\"author-url url fn n\" href=\"https:\/\/worldimagingnewslatino.com\/es\/author\/mj\/\">Staff 1<\/a>\t\t\t\t\t\t\t\t\t<\/span>\n\t\t\t<time class=\"entry-date published\" datetime=\"2025-09-20T09:00:08-07:00\">09\/20\/2025<\/time>\t\t<\/div>\n\t\t\t\t\t\t                <div class=\"grid-post-box-meta\">\n\t\t\t\t\t\t\t\t\t\t\t\t\t\t\t                        <span class=\"otherl-date\"><time class=\"entry-date published\" datetime=\"2025-09-20T09:00:08-07:00\">09\/20\/2025<\/time><\/span>\n\t\t\t\t\t\t\t\t\t\t\t\t\t\t\t\t\t\t\t\t\t\t\t\t\t\t\t\t\t\t                <\/div>\n\t\t\t        <\/div>\n\n\t\t            <div class=\"item-content entry-content\">\n\t\t\t\t<p>BERGAMO | Italia \u2013 Mayo 2025 \u2013 Neolt Factory, fabricante l\u00edder de equipos profesionales de acabado para las industrias gr\u00e1ficas y de impresi\u00f3n, present\u00f3 con orgullo el estreno mundial de &#8230;<\/p>\n            <\/div>\n\t\t\n\t\t\n\t\t    <\/article>\n<\/li>\n<li class=\"grid-style\">\n    <article id=\"post-263341\" class=\"item hentry\">\n\t\t            <div class=\"thumbnail\">\n\t\t\t\t\t\t\t\t                    <a class=\"penci-image-holder penci-lazy\" data-bgset=\"https:\/\/worldimagingnewslatino.com\/wp-content\/uploads\/2025\/08\/admin-ajax-2-585x303.jpeg\" href=\"https:\/\/worldimagingnewslatino.com\/es\/summa-lanza-cortadora-plana-digital-f1625-160x250cm-fespa-2025\/\" title=\"Summa lanza la cortadora plana digital F1625 de 160&#215;250 cm en FESPA 2025\">\n                    <\/a>\n\t\t\t\t\n\t\t\t\t\t\t\t\t\t\t\t\t\t\t\t\t\t\t\t\t\t\t\t\t\t\t\t\t\t\t\t\t\t            <\/div>\n\t\t\n        <div class=\"grid-header-box\">\n\t\t\t                <span class=\"cat\"><a style=\"\" class=\"penci-cat-name penci-cat-38\" href=\"https:\/\/worldimagingnewslatino.com\/es\/category\/finishing\/cutters\/\" rel=\"category tag\"><span style=\"\">Cutters<\/span><\/a><\/span>\n\t\t\t\n            <h2 class=\"penci-entry-title entry-title grid-title penci_grid_title_df\"><a href=\"https:\/\/worldimagingnewslatino.com\/es\/summa-lanza-cortadora-plana-digital-f1625-160x250cm-fespa-2025\/\">Summa lanza la cortadora plana digital F1625 de 160&#215;250 cm en FESPA 2025<\/a>\n            <\/h2>\n\t\t\t\t\t\t\t\t<div class=\"penci-hide-tagupdated\">\n\t\t\t<span class=\"author-italic author vcard\">by \t\t\t\t\t\t\t\t\t\t<a class=\"author-url url fn n\" href=\"https:\/\/worldimagingnewslatino.com\/es\/author\/mj\/\">Staff 1<\/a>\t\t\t\t\t\t\t\t\t<\/span>\n\t\t\t<time class=\"entry-date published\" datetime=\"2025-08-27T06:45:19-07:00\">08\/27\/2025<\/time>\t\t<\/div>\n\t\t\t\t\t\t                <div class=\"grid-post-box-meta\">\n\t\t\t\t\t\t\t\t\t\t\t\t\t\t\t                        <span class=\"otherl-date\"><time class=\"entry-date published\" datetime=\"2025-08-27T06:45:19-07:00\">08\/27\/2025<\/time><\/span>\n\t\t\t\t\t\t\t\t\t\t\t\t\t\t\t\t\t\t\t\t\t\t\t\t\t\t\t\t\t\t                <\/div>\n\t\t\t        <\/div>\n\n\t\t            <div class=\"item-content entry-content\">\n\t\t\t\t<p>El innovador en soluciones de corte digital Summa anunci\u00f3 el lanzamiento oficial de su m\u00e1s reciente mesa de corte plana, la F1625, durante FESPA 2025 en Berl\u00edn. Dise\u00f1ada espec\u00edficamente para &#8230;<\/p>\n            <\/div>\n\t\t\n\t\t\n\t\t    <\/article>\n<\/li>\n<li class=\"grid-style\">\n    <article id=\"post-262989\" class=\"item hentry\">\n\t\t            <div class=\"thumbnail\">\n\t\t\t\t\t\t\t\t                    <a class=\"penci-image-holder penci-lazy\" data-bgset=\"https:\/\/worldimagingnewslatino.com\/wp-content\/uploads\/2025\/06\/Zund-G3-with-PortaBase-175-Robot-400x267-1.png\" href=\"https:\/\/worldimagingnewslatino.com\/es\/los-equipos-de-confianza-de-zund-en-fespa-berlin-2025\/\" title=\"Los equipos de confianza de Z\u00fcnd en FESPA Berl\u00edn 2025\">\n                    <\/a>\n\t\t\t\t\n\t\t\t\t\t\t\t\t\t\t\t\t\t\t\t\t\t\t\t\t\t\t\t\t\t\t\t\t\t\t\t\t\t            <\/div>\n\t\t\n        <div class=\"grid-header-box\">\n\t\t\t                <span class=\"cat\"><a style=\"\" class=\"penci-cat-name penci-cat-38\" href=\"https:\/\/worldimagingnewslatino.com\/es\/category\/finishing\/cutters\/\" rel=\"category tag\"><span style=\"\">Cutters<\/span><\/a><\/span>\n\t\t\t\n            <h2 class=\"penci-entry-title entry-title grid-title penci_grid_title_df\"><a href=\"https:\/\/worldimagingnewslatino.com\/es\/los-equipos-de-confianza-de-zund-en-fespa-berlin-2025\/\">Los equipos de confianza de Z\u00fcnd en FESPA Berl\u00edn 2025<\/a>\n            <\/h2>\n\t\t\t\t\t\t\t\t<div class=\"penci-hide-tagupdated\">\n\t\t\t<span class=\"author-italic author vcard\">by \t\t\t\t\t\t\t\t\t\t<a class=\"author-url url fn n\" href=\"https:\/\/worldimagingnewslatino.com\/es\/author\/mj\/\">Staff 1<\/a>\t\t\t\t\t\t\t\t\t<\/span>\n\t\t\t<time class=\"entry-date published\" datetime=\"2025-06-27T10:35:39-07:00\">06\/27\/2025<\/time>\t\t<\/div>\n\t\t\t\t\t\t                <div class=\"grid-post-box-meta\">\n\t\t\t\t\t\t\t\t\t\t\t\t\t\t\t                        <span class=\"otherl-date\"><time class=\"entry-date published\" datetime=\"2025-06-27T10:35:39-07:00\">06\/27\/2025<\/time><\/span>\n\t\t\t\t\t\t\t\t\t\t\t\t\t\t\t\t\t\t\t\t\t\t\t\t\t\t\t\t\t\t                <\/div>\n\t\t\t        <\/div>\n\n\t\t            <div class=\"item-content entry-content\">\n\t\t\t\t<p>Z\u00fcnd exhibe en FESPA 2025 su avanzada tecnolog\u00eda de corte automatizado en el stand B30 del Hall 27 ALTST\u00c4TTEN | Suiza \u2013 Marzo de 2025 \u2013 En el stand B30 &#8230;<\/p>\n            <\/div>\n\t\t\n\t\t\n\t\t    <\/article>\n<\/li>\n<li class=\"grid-style\">\n    <article id=\"post-262861\" class=\"item hentry\">\n\t\t            <div class=\"thumbnail\">\n\t\t\t\t\t\t\t\t                    <a class=\"penci-image-holder penci-lazy\" data-bgset=\"https:\/\/worldimagingnewslatino.com\/wp-content\/uploads\/2025\/03\/EasyCut-Studio-300x200-1.png\" href=\"https:\/\/worldimagingnewslatino.com\/es\/easycut-studio-ahora-compatible-con-siser-romeo-siser-juliet-y-loklik-vinyl-cutters\/\" title=\"EasyCut Studio ahora compatible con Siser Romeo, Siser Juliet y LOKLiK Vinyl Cutters\">\n                    <\/a>\n\t\t\t\t\n\t\t\t\t\t\t\t\t\t\t\t\t\t\t\t\t\t\t\t\t\t\t\t\t\t\t\t\t\t\t\t\t\t            <\/div>\n\t\t\n        <div class=\"grid-header-box\">\n\t\t\t                <span class=\"cat\"><a style=\"\" class=\"penci-cat-name penci-cat-38\" href=\"https:\/\/worldimagingnewslatino.com\/es\/category\/finishing\/cutters\/\" rel=\"category tag\"><span style=\"\">Cutters<\/span><\/a><a style=\"\" class=\"penci-cat-name penci-cat-33\" href=\"https:\/\/worldimagingnewslatino.com\/es\/category\/software\/cutting\/\" rel=\"category tag\"><span style=\"\">Cutting<\/span><\/a><\/span>\n\t\t\t\n            <h2 class=\"penci-entry-title entry-title grid-title penci_grid_title_df\"><a href=\"https:\/\/worldimagingnewslatino.com\/es\/easycut-studio-ahora-compatible-con-siser-romeo-siser-juliet-y-loklik-vinyl-cutters\/\">EasyCut Studio ahora compatible con Siser Romeo, Siser Juliet y LOKLiK Vinyl Cutters<\/a>\n            <\/h2>\n\t\t\t\t\t\t\t\t<div class=\"penci-hide-tagupdated\">\n\t\t\t<span class=\"author-italic author vcard\">by \t\t\t\t\t\t\t\t\t\t<a class=\"author-url url fn n\" href=\"https:\/\/worldimagingnewslatino.com\/es\/author\/mj\/\">Staff 1<\/a>\t\t\t\t\t\t\t\t\t<\/span>\n\t\t\t<time class=\"entry-date published\" datetime=\"2025-03-12T08:09:31-07:00\">03\/12\/2025<\/time>\t\t<\/div>\n\t\t\t\t\t\t                <div class=\"grid-post-box-meta\">\n\t\t\t\t\t\t\t\t\t\t\t\t\t\t\t                        <span class=\"otherl-date\"><time class=\"entry-date published\" datetime=\"2025-03-12T08:09:31-07:00\">03\/12\/2025<\/time><\/span>\n\t\t\t\t\t\t\t\t\t\t\t\t\t\t\t\t\t\t\t\t\t\t\t\t\t\t\t\t\t\t                <\/div>\n\t\t\t        <\/div>\n\n\t\t            <div class=\"item-content entry-content\">\n\t\t\t\t<p>Lleva tus ideas al siguiente nivel con Easy Cut Studio LOS \u00c1NGELES | California &#8211; Febrero 2025 &#8211; EasyCut, desarrollador del software de corte de vinilo m\u00e1s utilizado en el &#8230;<\/p>\n            <\/div>\n\t\t\n\t\t\n\t\t    <\/article>\n<\/li>\n<li class=\"grid-style\">\n    <article id=\"post-262800\" class=\"item hentry\">\n\t\t            <div class=\"thumbnail\">\n\t\t\t\t\t\t\t\t                    <a class=\"penci-image-holder penci-lazy\" data-bgset=\"https:\/\/worldimagingnewslatino.com\/wp-content\/uploads\/2025\/02\/Matic-300x200-1.png\" href=\"https:\/\/worldimagingnewslatino.com\/es\/kavalan-y-matic-establecen-un-nuevo-estandar-de-sostenibilidad-en-el-acabado-textil\/\" title=\"Kavalan y Matic Establecen un Nuevo Est\u00e1ndar de Sostenibilidad en el Acabado Textil\">\n                    <\/a>\n\t\t\t\t\n\t\t\t\t\t\t\t\t\t\t\t\t\t\t\t\t\t\t\t\t\t\t\t\t\t\t\t\t\t\t\t\t\t            <\/div>\n\t\t\n        <div class=\"grid-header-box\">\n\t\t\t                <span class=\"cat\"><a style=\"\" class=\"penci-cat-name penci-cat-38\" href=\"https:\/\/worldimagingnewslatino.com\/es\/category\/finishing\/cutters\/\" rel=\"category tag\"><span style=\"\">Cutters<\/span><\/a><a style=\"\" class=\"penci-cat-name penci-cat-26\" href=\"https:\/\/worldimagingnewslatino.com\/es\/category\/consumables\/fabrics\/\" rel=\"category tag\"><span style=\"\">Fabrics<\/span><\/a><\/span>\n\t\t\t\n            <h2 class=\"penci-entry-title entry-title grid-title penci_grid_title_df\"><a href=\"https:\/\/worldimagingnewslatino.com\/es\/kavalan-y-matic-establecen-un-nuevo-estandar-de-sostenibilidad-en-el-acabado-textil\/\">Kavalan y Matic Establecen un Nuevo Est\u00e1ndar de Sostenibilidad en el Acabado Textil<\/a>\n            <\/h2>\n\t\t\t\t\t\t\t\t<div class=\"penci-hide-tagupdated\">\n\t\t\t<span class=\"author-italic author vcard\">by \t\t\t\t\t\t\t\t\t\t<a class=\"author-url url fn n\" href=\"https:\/\/worldimagingnewslatino.com\/es\/author\/mj\/\">Staff 1<\/a>\t\t\t\t\t\t\t\t\t<\/span>\n\t\t\t<time class=\"entry-date published\" datetime=\"2025-02-21T17:00:03-08:00\">02\/21\/2025<\/time>\t\t<\/div>\n\t\t\t\t\t\t                <div class=\"grid-post-box-meta\">\n\t\t\t\t\t\t\t\t\t\t\t\t\t\t\t                        <span class=\"otherl-date\"><time class=\"entry-date published\" datetime=\"2025-02-21T17:00:03-08:00\">02\/21\/2025<\/time><\/span>\n\t\t\t\t\t\t\t\t\t\t\t\t\t\t\t\t\t\t\t\t\t\t\t\t\t\t\t\t\t\t                <\/div>\n\t\t\t        <\/div>\n\n\t\t            <div class=\"item-content entry-content\">\n\t\t\t\t<p>Kavalan, fabricante de materiales de gran formato, ha anunciado su alianza estrat\u00e9gica con Matic, l\u00edder en soluciones de corte, soldadura y costura para la industria textil. Ambas empresas destacan la &#8230;<\/p>\n            <\/div>\n\t\t\n\t\t\n\t\t    <\/article>\n<\/li>\n\n\t\t\t\t\t\t\t\t\t\t\t\t\t\t\t\t\t\t\t\t\t\t\t\t\t\t\t\t<\/ul>\n\t\t\t\t\t\t\t\t\t\t\t\t\t\t<div class=\"penci-pagination align-left\"><ul class='page-numbers'>\n\t<li><span aria-current=\"page\" class=\"page-numbers current\">1<\/span><\/li>\n\t<li><a class=\"page-numbers\" href=\"https:\/\/worldimagingnewslatino.com\/es\/wp-json\/wp\/v2\/pages\/19198\/page\/2\/\">2<\/a><\/li>\n\t<li><a class=\"page-numbers\" href=\"https:\/\/worldimagingnewslatino.com\/es\/wp-json\/wp\/v2\/pages\/19198\/page\/3\/\">3<\/a><\/li>\n\t<li><a class=\"page-numbers\" href=\"https:\/\/worldimagingnewslatino.com\/es\/wp-json\/wp\/v2\/pages\/19198\/page\/4\/\">4<\/a><\/li>\n\t<li><a class=\"next page-numbers\" href=\"https:\/\/worldimagingnewslatino.com\/es\/wp-json\/wp\/v2\/pages\/19198\/page\/2\/\"><i class=\"penci-faicon fa fa-angle-right\" ><\/i><\/a><\/li>\n<\/ul>\n<\/div>\t\t\t\t\t\t\t                        <\/div>\n\n\t\t\t\t\t\t                    <\/div>\n                <\/div>\n\t\t\t            <style>\n                                                                                                                                                                            <\/style>\n\t\t\t\t\t\t\t<\/div>\n\t\t\t\t<\/div>\n\t\t\t\t\t<\/div>\n\t\t\t\t<\/div>\n\t\t\t\t<\/div>\n\t\t","protected":false},"excerpt":{"rendered":"<p>cutters CuttersFinishing Neolt Factory XY DTF Cutter Selected for Two Pinnacle Awards at PRINTING United Alliance 2024 by Staff 06\/27\/2024 06\/27\/2024 Prestigious Awards: The XY DTF Cutter has won the&hellip;<\/p>\n","protected":false},"author":3,"featured_media":0,"parent":0,"menu_order":0,"comment_status":"closed","ping_status":"closed","template":"","meta":{"_lmt_disableupdate":"no","_lmt_disable":"","cybocfi_hide_featured_image":"","footnotes":""},"class_list":["post-19198","page","type-page","status-publish","hentry"],"_links":{"self":[{"href":"https:\/\/worldimagingnewslatino.com\/es\/wp-json\/wp\/v2\/pages\/19198"}],"collection":[{"href":"https:\/\/worldimagingnewslatino.com\/es\/wp-json\/wp\/v2\/pages"}],"about":[{"href":"https:\/\/worldimagingnewslatino.com\/es\/wp-json\/wp\/v2\/types\/page"}],"author":[{"embeddable":true,"href":"https:\/\/worldimagingnewslatino.com\/es\/wp-json\/wp\/v2\/users\/3"}],"replies":[{"embeddable":true,"href":"https:\/\/worldimagingnewslatino.com\/es\/wp-json\/wp\/v2\/comments?post=19198"}],"version-history":[{"count":13,"href":"https:\/\/worldimagingnewslatino.com\/es\/wp-json\/wp\/v2\/pages\/19198\/revisions"}],"predecessor-version":[{"id":260250,"href":"https:\/\/worldimagingnewslatino.com\/es\/wp-json\/wp\/v2\/pages\/19198\/revisions\/260250"}],"wp:attachment":[{"href":"https:\/\/worldimagingnewslatino.com\/es\/wp-json\/wp\/v2\/media?parent=19198"}],"curies":[{"name":"wp","href":"https:\/\/api.w.org\/{rel}","templated":true}]}}