{"id":18855,"date":"2024-02-01T12:29:52","date_gmt":"2024-02-01T20:29:52","guid":{"rendered":"https:\/\/worldimagingnewslatino.com\/?page_id=18855"},"modified":"2024-08-13T16:45:43","modified_gmt":"2024-08-13T23:45:43","slug":"uv","status":"publish","type":"page","link":"https:\/\/worldimagingnewslatino.com\/es\/uv\/","title":{"rendered":"UV"},"content":{"rendered":"\t\t<div data-elementor-type=\"wp-page\" data-elementor-id=\"18855\" class=\"elementor elementor-18855\" data-elementor-post-type=\"page\">\n\t\t\t\t<div class=\"elementor-element elementor-element-8527c5e e-flex e-con-boxed e-con e-parent\" data-id=\"8527c5e\" data-element_type=\"container\" data-e-type=\"container\">\n\t\t\t\t\t<div class=\"e-con-inner\">\n\t\t\t\t<div class=\"elementor-element elementor-element-5d22b43 elementor-widget elementor-widget-penci-latest-posts\" data-id=\"5d22b43\" data-element_type=\"widget\" data-e-type=\"widget\" data-widget_type=\"penci-latest-posts.default\">\n\t\t\t\t<div class=\"elementor-widget-container\">\n\t\t\t\t\t                <div id=\"pencilatest_posts_94212\" class=\"penci-latest-posts-sc penci-latest-posts-grid penci-latest-posts-el penci-el-mixed-s1 penci-std-continue-center penci-std-excerpt-center penci-grid-excerpt-left\">\n\t\t\t\t\t\t\t\t\t\t\t                        <div class=\"penci-border-arrow penci-homepage-title penci-home-latest-posts style-7 pcalign-left pciconp-right pcicon-right\">\n                            <h3 class=\"inner-arrow\">\n                                <span>\n\t\t\t\t\t\t\t\t<span>UV<\/span>                                <\/span>\n                            <\/h3>\n\t\t\t\t\t\t\t                        <\/div>\n\t\t\t\t\t                    <div class=\"penci-wrapper-posts-ajax\">\n\n                        <div class=\"penci-wrapper-posts-content pwid-default\">\n\n\t\t\t\t\t\t\t\t\t\t\t\t\t\t\t                                <ul data-cols=\"3\" data-tcols=\"3\" data-mcols=\"2\" data-layout=\"grid\"\n                                    class=\"has-d-cols has-t-cols has-m-cols penci-wrapper-data penci-grid penci-shortcode-render\">\t\t\t\t\t\t\t\t\t\t\t\t\t\t\t\t\t\t\t\t\t\t\t\t\t\t\t\t\t<li class=\"grid-style\">\n    <article id=\"post-264301\" class=\"item hentry\">\n\t\t            <div class=\"thumbnail\">\n\t\t\t\t\t\t\t\t                    <a class=\"penci-image-holder penci-lazy\" data-bgset=\"https:\/\/worldimagingnewslatino.com\/wp-content\/uploads\/2026\/04\/FC_BrailleMonster_poster_sml-234x390.jpg\" href=\"https:\/\/worldimagingnewslatino.com\/es\/fluid-color-lanza-la-rf105-braille-monster-para-impresion-braille-y-tactil-a-todo-color-y-alta-velocidad\/\" title=\"Fluid Color Lanza la RF105 \u201cBraille Monster\u201d para Impresi\u00f3n Braille y T\u00e1ctil a Todo Color y Alta Velocidad\">\n                    <\/a>\n\t\t\t\t\n\t\t\t\t\t\t\t\t\t\t\t\t\t\t\t\t\t\t\t\t\t\t\t\t\t\t\t\t\t\t\t\t\t            <\/div>\n\t\t\n        <div class=\"grid-header-box\">\n\t\t\t                <span class=\"cat\"><a style=\"\" class=\"penci-cat-name penci-cat-229\" href=\"https:\/\/worldimagingnewslatino.com\/es\/category\/printers\/uv-printers\/\" rel=\"category tag\"><span style=\"\">UV Printer<\/span><\/a><\/span>\n\t\t\t\n            <h2 class=\"penci-entry-title entry-title grid-title penci_grid_title_df\"><a href=\"https:\/\/worldimagingnewslatino.com\/es\/fluid-color-lanza-la-rf105-braille-monster-para-impresion-braille-y-tactil-a-todo-color-y-alta-velocidad\/\">Fluid Color Lanza la RF105 \u201cBraille Monster\u201d para Impresi\u00f3n Braille y T\u00e1ctil a Todo Color y Alta Velocidad<\/a>\n            <\/h2>\n\t\t\t\t\t\t\t\t<div class=\"penci-hide-tagupdated\">\n\t\t\t<span class=\"author-italic author vcard\">by \t\t\t\t\t\t\t\t\t\t<a class=\"author-url url fn n\" href=\"https:\/\/worldimagingnewslatino.com\/es\/author\/mj\/\">Staff 1<\/a>\t\t\t\t\t\t\t\t\t<\/span>\n\t\t\t<time class=\"entry-date published\" datetime=\"2026-04-14T15:26:28-07:00\">04\/14\/2026<\/time>\t\t<\/div>\n\t\t\t\t\t\t                <div class=\"grid-post-box-meta\">\n\t\t\t\t\t\t\t\t\t\t\t\t\t\t\t                        <span class=\"otherl-date\"><time class=\"entry-date published\" datetime=\"2026-04-14T15:26:28-07:00\">04\/14\/2026<\/time><\/span>\n\t\t\t\t\t\t\t\t\t\t\t\t\t\t\t\t\t\t\t\t\t\t\t\t\t\t\t\t\t\t                <\/div>\n\t\t\t        <\/div>\n\n\t\t            <div class=\"item-content entry-content\">\n\t\t\t\t<p>Produce Braille Conforme a Normativa con Gr\u00e1ficos a Todo Color en una Hoja Completa de 4&#8242; x 8&#8242; en Tan Solo 30 Minutos HEBRON | Kentucky \u2014 Abril 2026 \u2014 &#8230;<\/p>\n            <\/div>\n\t\t\n\t\t\n\t\t    <\/article>\n<\/li>\n<li class=\"grid-style\">\n    <article id=\"post-264206\" class=\"item hentry\">\n\t\t            <div class=\"thumbnail\">\n\t\t\t\t\t\t\t\t                    <a class=\"penci-image-holder penci-lazy\" data-bgset=\"https:\/\/worldimagingnewslatino.com\/wp-content\/uploads\/2026\/04\/Untitled-400x300-43.png\" href=\"https:\/\/worldimagingnewslatino.com\/es\/mimaki-lanza-la-serie-ujv200-de-impresoras-uv-led-ampliando-la-produccion-de-alta-calidad-con-una-operacion-simplificada\/\" title=\"Mimaki Lanza la Serie UJV200 de Impresoras UV-LED, Ampliando la Producci\u00f3n de Alta Calidad con una Operaci\u00f3n Simplificada\">\n                    <\/a>\n\t\t\t\t\n\t\t\t\t\t\t\t\t\t\t\t\t\t\t\t\t\t\t\t\t\t\t\t\t\t\t\t\t\t\t\t\t\t            <\/div>\n\t\t\n        <div class=\"grid-header-box\">\n\t\t\t                <span class=\"cat\"><a style=\"\" class=\"penci-cat-name penci-cat-229\" href=\"https:\/\/worldimagingnewslatino.com\/es\/category\/printers\/uv-printers\/\" rel=\"category tag\"><span style=\"\">UV Printer<\/span><\/a><\/span>\n\t\t\t\n            <h2 class=\"penci-entry-title entry-title grid-title penci_grid_title_df\"><a href=\"https:\/\/worldimagingnewslatino.com\/es\/mimaki-lanza-la-serie-ujv200-de-impresoras-uv-led-ampliando-la-produccion-de-alta-calidad-con-una-operacion-simplificada\/\">Mimaki Lanza la Serie UJV200 de Impresoras UV-LED, Ampliando la Producci\u00f3n de Alta Calidad con una Operaci\u00f3n Simplificada<\/a>\n            <\/h2>\n\t\t\t\t\t\t\t\t<div class=\"penci-hide-tagupdated\">\n\t\t\t<span class=\"author-italic author vcard\">by \t\t\t\t\t\t\t\t\t\t<a class=\"author-url url fn n\" href=\"https:\/\/worldimagingnewslatino.com\/es\/author\/mj\/\">Staff 1<\/a>\t\t\t\t\t\t\t\t\t<\/span>\n\t\t\t<time class=\"entry-date published\" datetime=\"2026-04-02T11:39:04-07:00\">04\/02\/2026<\/time>\t\t<\/div>\n\t\t\t\t\t\t                <div class=\"grid-post-box-meta\">\n\t\t\t\t\t\t\t\t\t\t\t\t\t\t\t                        <span class=\"otherl-date\"><time class=\"entry-date published\" datetime=\"2026-04-02T11:39:04-07:00\">04\/02\/2026<\/time><\/span>\n\t\t\t\t\t\t\t\t\t\t\t\t\t\t\t\t\t\t\t\t\t\t\t\t\t\t\t\t\t\t                <\/div>\n\t\t\t        <\/div>\n\n\t\t            <div class=\"item-content entry-content\">\n\t\t\t\t<p>FLOWERY BRANCH | Georgia \u2014 Abril 2026 \u2014 Mimaki Engineering Co., Ltd. anuncia el lanzamiento de las impresoras UV-LED UJV200-160 y UJV200-130, ampliando su Serie 200 de sistemas de gran &#8230;<\/p>\n            <\/div>\n\t\t\n\t\t\n\t\t    <\/article>\n<\/li>\n<li class=\"grid-style\">\n    <article id=\"post-264036\" class=\"item hentry\">\n\t\t            <div class=\"thumbnail\">\n\t\t\t\t\t\t\t\t                    <a class=\"penci-image-holder penci-lazy\" data-bgset=\"https:\/\/worldimagingnewslatino.com\/wp-content\/uploads\/2026\/03\/Untitled-400x300-13.png\" href=\"https:\/\/worldimagingnewslatino.com\/es\/mimaki-engineering-co-ltd-lanza-la-nueva-mimaki-uj330h-160-hybrid-uv%e2%80%91led-inkjet-printer\/\" title=\"Mimaki Engineering Co., Ltd. Lanza la Nueva Mimaki UJ330H-160 Hybrid UV\u2011LED Inkjet Printer\">\n                    <\/a>\n\t\t\t\t\n\t\t\t\t\t\t\t\t\t\t\t\t\t\t\t\t\t\t\t\t\t\t\t\t\t\t\t\t\t\t\t\t\t            <\/div>\n\t\t\n        <div class=\"grid-header-box\">\n\t\t\t                <span class=\"cat\"><a style=\"\" class=\"penci-cat-name penci-cat-807\" href=\"https:\/\/worldimagingnewslatino.com\/es\/category\/featured-news\/\" rel=\"category tag\"><span style=\"\">Featured News<\/span><\/a><a style=\"\" class=\"penci-cat-name penci-cat-229\" href=\"https:\/\/worldimagingnewslatino.com\/es\/category\/printers\/uv-printers\/\" rel=\"category tag\"><span style=\"\">UV Printer<\/span><\/a><\/span>\n\t\t\t\n            <h2 class=\"penci-entry-title entry-title grid-title penci_grid_title_df\"><a href=\"https:\/\/worldimagingnewslatino.com\/es\/mimaki-engineering-co-ltd-lanza-la-nueva-mimaki-uj330h-160-hybrid-uv%e2%80%91led-inkjet-printer\/\">Mimaki Engineering Co., Ltd. Lanza la Nueva Mimaki UJ330H-160 Hybrid UV\u2011LED Inkjet Printer<\/a>\n            <\/h2>\n\t\t\t\t\t\t\t\t<div class=\"penci-hide-tagupdated\">\n\t\t\t<span class=\"author-italic author vcard\">by \t\t\t\t\t\t\t\t\t\t<a class=\"author-url url fn n\" href=\"https:\/\/worldimagingnewslatino.com\/es\/author\/mj\/\">Staff 1<\/a>\t\t\t\t\t\t\t\t\t<\/span>\n\t\t\t<time class=\"entry-date published\" datetime=\"2026-03-04T16:09:44-08:00\">03\/04\/2026<\/time>\t\t<\/div>\n\t\t\t\t\t\t                <div class=\"grid-post-box-meta\">\n\t\t\t\t\t\t\t\t\t\t\t\t\t\t\t                        <span class=\"otherl-date\"><time class=\"entry-date published\" datetime=\"2026-03-04T16:09:44-08:00\">03\/04\/2026<\/time><\/span>\n\t\t\t\t\t\t\t\t\t\t\t\t\t\t\t\t\t\t\t\t\t\t\t\t\t\t\t\t\t\t                <\/div>\n\t\t\t        <\/div>\n\n\t\t            <div class=\"item-content entry-content\">\n\t\t\t\t<p>FLOWERY BRANCH, GA \u2014 3 de marzo de 2026 \u2014 Mimaki Engineering Co., Ltd. anunci\u00f3 hoy el lanzamiento de la UJ330H-160 Hybrid UV-LED Inkjet Printer, la m\u00e1s reciente incorporaci\u00f3n a &#8230;<\/p>\n            <\/div>\n\t\t\n\t\t\n\t\t    <\/article>\n<\/li>\n<li class=\"grid-style\">\n    <article id=\"post-263899\" class=\"item hentry\">\n\t\t            <div class=\"thumbnail\">\n\t\t\t\t\t\t\t\t                    <a class=\"penci-image-holder penci-lazy\" data-bgset=\"https:\/\/worldimagingnewslatino.com\/wp-content\/uploads\/2026\/01\/admin-ajax-62-585x390.png\" href=\"https:\/\/worldimagingnewslatino.com\/es\/swissqprint-presenta-dos-nuevas-impresoras-planas\/\" title=\"swissQprint presenta dos nuevas impresoras planas\">\n                    <\/a>\n\t\t\t\t\n\t\t\t\t\t\t\t\t\t\t\t\t\t\t\t\t\t\t\t\t\t\t\t\t\t\t\t\t\t\t\t\t\t            <\/div>\n\t\t\n        <div class=\"grid-header-box\">\n\t\t\t                <span class=\"cat\"><a style=\"\" class=\"penci-cat-name penci-cat-807\" href=\"https:\/\/worldimagingnewslatino.com\/es\/category\/featured-news\/\" rel=\"category tag\"><span style=\"\">Featured News<\/span><\/a><a style=\"\" class=\"penci-cat-name penci-cat-229\" href=\"https:\/\/worldimagingnewslatino.com\/es\/category\/printers\/uv-printers\/\" rel=\"category tag\"><span style=\"\">UV Printer<\/span><\/a><\/span>\n\t\t\t\n            <h2 class=\"penci-entry-title entry-title grid-title penci_grid_title_df\"><a href=\"https:\/\/worldimagingnewslatino.com\/es\/swissqprint-presenta-dos-nuevas-impresoras-planas\/\">swissQprint presenta dos nuevas impresoras planas<\/a>\n            <\/h2>\n\t\t\t\t\t\t\t\t<div class=\"penci-hide-tagupdated\">\n\t\t\t<span class=\"author-italic author vcard\">by \t\t\t\t\t\t\t\t\t\t<a class=\"author-url url fn n\" href=\"https:\/\/worldimagingnewslatino.com\/es\/author\/mj\/\">Staff 1<\/a>\t\t\t\t\t\t\t\t\t<\/span>\n\t\t\t<time class=\"entry-date published\" datetime=\"2026-01-14T15:30:41-08:00\">01\/14\/2026<\/time>\t\t<\/div>\n\t\t\t\t\t\t                <div class=\"grid-post-box-meta\">\n\t\t\t\t\t\t\t\t\t\t\t\t\t\t\t                        <span class=\"otherl-date\"><time class=\"entry-date published\" datetime=\"2026-01-14T15:30:41-08:00\">01\/14\/2026<\/time><\/span>\n\t\t\t\t\t\t\t\t\t\t\t\t\t\t\t\t\t\t\t\t\t\t\t\t\t\t\t\t\t\t                <\/div>\n\t\t\t        <\/div>\n\n\t\t            <div class=\"item-content entry-content\">\n\t\t\t\t<p>Las impresoras planas Topi 5 y Oryx 5 son ideales para gestionar vol\u00famenes de impresi\u00f3n peque\u00f1os y medianos con una calidad y versatilidad sin concesiones. KRIESSERN | Suiza \u2013 septiembre &#8230;<\/p>\n            <\/div>\n\t\t\n\t\t\n\t\t    <\/article>\n<\/li>\n<li class=\"grid-style\">\n    <article id=\"post-263834\" class=\"item hentry\">\n\t\t            <div class=\"thumbnail\">\n\t\t\t\t\t\t\t\t                    <a class=\"penci-image-holder penci-lazy\" data-bgset=\"https:\/\/worldimagingnewslatino.com\/wp-content\/uploads\/2025\/12\/admin-ajax-46.png\" href=\"https:\/\/worldimagingnewslatino.com\/es\/roland-dga-anuncia-lanzamiento-dos-nuevos-dispositivos-escritorio-versastudio\/\" title=\"Roland DGA anuncia el lanzamiento de dos nuevos dispositivos de escritorio VersaSTUDIO\">\n                    <\/a>\n\t\t\t\t\n\t\t\t\t\t\t\t\t\t\t\t\t\t\t\t\t\t\t\t\t\t\t\t\t\t\t\t\t\t\t\t\t\t            <\/div>\n\t\t\n        <div class=\"grid-header-box\">\n\t\t\t                <span class=\"cat\"><a style=\"\" class=\"penci-cat-name penci-cat-807\" href=\"https:\/\/worldimagingnewslatino.com\/es\/category\/featured-news\/\" rel=\"category tag\"><span style=\"\">Featured News<\/span><\/a><a style=\"\" class=\"penci-cat-name penci-cat-15\" href=\"https:\/\/worldimagingnewslatino.com\/es\/category\/printers\/eco-solvent\/\" rel=\"category tag\"><span style=\"\">DTF<\/span><\/a><a style=\"\" class=\"penci-cat-name penci-cat-229\" href=\"https:\/\/worldimagingnewslatino.com\/es\/category\/printers\/uv-printers\/\" rel=\"category tag\"><span style=\"\">UV Printer<\/span><\/a><\/span>\n\t\t\t\n            <h2 class=\"penci-entry-title entry-title grid-title penci_grid_title_df\"><a href=\"https:\/\/worldimagingnewslatino.com\/es\/roland-dga-anuncia-lanzamiento-dos-nuevos-dispositivos-escritorio-versastudio\/\">Roland DGA anuncia el lanzamiento de dos nuevos dispositivos de escritorio VersaSTUDIO<\/a>\n            <\/h2>\n\t\t\t\t\t\t\t\t<div class=\"penci-hide-tagupdated\">\n\t\t\t<span class=\"author-italic author vcard\">by \t\t\t\t\t\t\t\t\t\t<a class=\"author-url url fn n\" href=\"https:\/\/worldimagingnewslatino.com\/es\/author\/mj\/\">Staff 1<\/a>\t\t\t\t\t\t\t\t\t<\/span>\n\t\t\t<time class=\"entry-date published\" datetime=\"2025-12-30T09:49:50-08:00\">12\/30\/2025<\/time>\t\t<\/div>\n\t\t\t\t\t\t                <div class=\"grid-post-box-meta\">\n\t\t\t\t\t\t\t\t\t\t\t\t\t\t\t                        <span class=\"otherl-date\"><time class=\"entry-date published\" datetime=\"2025-12-30T09:49:50-08:00\">12\/30\/2025<\/time><\/span>\n\t\t\t\t\t\t\t\t\t\t\t\t\t\t\t\t\t\t\t\t\t\t\t\t\t\t\t\t\t\t                <\/div>\n\t\t\t        <\/div>\n\n\t\t            <div class=\"item-content entry-content\">\n\t\t\t\t<p>Nuevas impresoras\/cortadoras BN2-30 y la impresora UV de cama plana BD-12 aumentan la creatividad y la rentabilidad de los usuarios IRVINE | California &#8211; Junio de 2025 &#8211; Roland DGA, &#8230;<\/p>\n            <\/div>\n\t\t\n\t\t\n\t\t    <\/article>\n<\/li>\n<li class=\"grid-style\">\n    <article id=\"post-263825\" class=\"item hentry\">\n\t\t            <div class=\"thumbnail\">\n\t\t\t\t\t\t\t\t                    <a class=\"penci-image-holder penci-lazy\" data-bgset=\"https:\/\/worldimagingnewslatino.com\/wp-content\/uploads\/2025\/12\/admin-ajax-43.png\" href=\"https:\/\/worldimagingnewslatino.com\/es\/direct-color-systems-presenta-uv-32mp-impresora-uv-led-cama-plana-proxima-generacion\/\" title=\"Direct Color Systems presenta la UV-32MP: impresora UV LED de cama plana de pr\u00f3xima generaci\u00f3n\">\n                    <\/a>\n\t\t\t\t\n\t\t\t\t\t\t\t\t\t\t\t\t\t\t\t\t\t\t\t\t\t\t\t\t\t\t\t\t\t\t\t\t\t            <\/div>\n\t\t\n        <div class=\"grid-header-box\">\n\t\t\t                <span class=\"cat\"><a style=\"\" class=\"penci-cat-name penci-cat-229\" href=\"https:\/\/worldimagingnewslatino.com\/es\/category\/printers\/uv-printers\/\" rel=\"category tag\"><span style=\"\">UV Printer<\/span><\/a><\/span>\n\t\t\t\n            <h2 class=\"penci-entry-title entry-title grid-title penci_grid_title_df\"><a href=\"https:\/\/worldimagingnewslatino.com\/es\/direct-color-systems-presenta-uv-32mp-impresora-uv-led-cama-plana-proxima-generacion\/\">Direct Color Systems presenta la UV-32MP: impresora UV LED de cama plana de pr\u00f3xima generaci\u00f3n<\/a>\n            <\/h2>\n\t\t\t\t\t\t\t\t<div class=\"penci-hide-tagupdated\">\n\t\t\t<span class=\"author-italic author vcard\">by \t\t\t\t\t\t\t\t\t\t<a class=\"author-url url fn n\" href=\"https:\/\/worldimagingnewslatino.com\/es\/author\/mj\/\">Staff 1<\/a>\t\t\t\t\t\t\t\t\t<\/span>\n\t\t\t<time class=\"entry-date published\" datetime=\"2025-12-30T09:04:22-08:00\">12\/30\/2025<\/time>\t\t<\/div>\n\t\t\t\t\t\t                <div class=\"grid-post-box-meta\">\n\t\t\t\t\t\t\t\t\t\t\t\t\t\t\t                        <span class=\"otherl-date\"><time class=\"entry-date published\" datetime=\"2025-12-30T09:04:22-08:00\">12\/30\/2025<\/time><\/span>\n\t\t\t\t\t\t\t\t\t\t\t\t\t\t\t\t\t\t\t\t\t\t\t\t\t\t\t\t\t\t                <\/div>\n\t\t\t        <\/div>\n\n\t\t            <div class=\"item-content entry-content\">\n\t\t\t\t<p>ROCKY HILL | Connecticut &#8211; Mayo de 2025 &#8211; Direct Color Systems (DCS) present\u00f3 con orgullo su m\u00e1s reciente innovaci\u00f3n en FESPA 2025: la UV-32MP, una potente incorporaci\u00f3n a su &#8230;<\/p>\n            <\/div>\n\t\t\n\t\t\n\t\t    <\/article>\n<\/li>\n\n\t\t\t\t\t\t\t\t\t\t\t\t\t\t\t\t\t\t\t\t\t\t\t\t\t\t\t\t<\/ul>\n\t\t\t\t\t\t\t\t\t\t\t\t\t\t<div class=\"penci-pagination align-left\"><ul class='page-numbers'>\n\t<li><span aria-current=\"page\" class=\"page-numbers current\">1<\/span><\/li>\n\t<li><a class=\"page-numbers\" href=\"https:\/\/worldimagingnewslatino.com\/es\/wp-json\/wp\/v2\/pages\/18855\/page\/2\/\">2<\/a><\/li>\n\t<li><a class=\"page-numbers\" href=\"https:\/\/worldimagingnewslatino.com\/es\/wp-json\/wp\/v2\/pages\/18855\/page\/3\/\">3<\/a><\/li>\n\t<li><span class=\"page-numbers dots\">&hellip;<\/span><\/li>\n\t<li><a class=\"page-numbers\" href=\"https:\/\/worldimagingnewslatino.com\/es\/wp-json\/wp\/v2\/pages\/18855\/page\/11\/\">11<\/a><\/li>\n\t<li><a class=\"next page-numbers\" href=\"https:\/\/worldimagingnewslatino.com\/es\/wp-json\/wp\/v2\/pages\/18855\/page\/2\/\"><i class=\"penci-faicon fa fa-angle-right\" ><\/i><\/a><\/li>\n<\/ul>\n<\/div>\t\t\t\t\t\t\t                        <\/div>\n\n\t\t\t\t\t\t                    <\/div>\n                <\/div>\n\t\t\t            <style>\n                                                                                                                                                                            <\/style>\n\t\t\t\t\t\t\t<\/div>\n\t\t\t\t<\/div>\n\t\t\t\t\t<\/div>\n\t\t\t\t<\/div>\n\t\t\t\t<\/div>\n\t\t","protected":false},"excerpt":{"rendered":"<p>UV Featured NewsUV Printer EFI Announces New Wide Format Pro+ Series Printers and ProGraphics+ Series Inks by Staff 08\/08\/2024 08\/08\/2024 LONDONDERRY | New Hampshire \u2013 August 2024 \u2013\u00a0Electronics For Imaging,&hellip;<\/p>\n","protected":false},"author":3,"featured_media":0,"parent":0,"menu_order":0,"comment_status":"closed","ping_status":"closed","template":"","meta":{"_lmt_disableupdate":"no","_lmt_disable":"","cybocfi_hide_featured_image":"","footnotes":""},"class_list":["post-18855","page","type-page","status-publish","hentry"],"_links":{"self":[{"href":"https:\/\/worldimagingnewslatino.com\/es\/wp-json\/wp\/v2\/pages\/18855"}],"collection":[{"href":"https:\/\/worldimagingnewslatino.com\/es\/wp-json\/wp\/v2\/pages"}],"about":[{"href":"https:\/\/worldimagingnewslatino.com\/es\/wp-json\/wp\/v2\/types\/page"}],"author":[{"embeddable":true,"href":"https:\/\/worldimagingnewslatino.com\/es\/wp-json\/wp\/v2\/users\/3"}],"replies":[{"embeddable":true,"href":"https:\/\/worldimagingnewslatino.com\/es\/wp-json\/wp\/v2\/comments?post=18855"}],"version-history":[{"count":7,"href":"https:\/\/worldimagingnewslatino.com\/es\/wp-json\/wp\/v2\/pages\/18855\/revisions"}],"predecessor-version":[{"id":260367,"href":"https:\/\/worldimagingnewslatino.com\/es\/wp-json\/wp\/v2\/pages\/18855\/revisions\/260367"}],"wp:attachment":[{"href":"https:\/\/worldimagingnewslatino.com\/es\/wp-json\/wp\/v2\/media?parent=18855"}],"curies":[{"name":"wp","href":"https:\/\/api.w.org\/{rel}","templated":true}]}}